{"id":16176,"date":"2020-11-24T14:40:33","date_gmt":"2020-11-24T13:40:33","guid":{"rendered":"https:\/\/tendotools.com\/?post_type=product&#038;p=16176"},"modified":"2020-11-24T14:47:01","modified_gmt":"2020-11-24T13:47:01","slug":"set-adaptor-for-router-bits-concentric-chuck-m16-o6-12mm","status":"publish","type":"product","link":"https:\/\/tendotools.com\/en\/product\/set-adaptor-for-router-bits-concentric-chuck-m16-o6-12mm\/","title":{"rendered":"Set adaptor for router bits \u2013 concentric chuck M16 &#8211; \u00d86-12mm"},"content":{"rendered":"<div class=\"woocommerce-product-details__short-description\">\n<p>This set offers you a ready-to-use solution to mount router bits with shank \u00d86mm, \u00d88mm or \u00d812mm on your spindle moulder machine. Thanks to the M16 shaft, the concentric chuck can be quickly and easily fitted to the spindle of your milling machine. Combine with one of the three spring collets to obtain the correct diameter to fit your router bit.<\/p>\n<\/div>\n","protected":false},"excerpt":{"rendered":"<div class=\"woocommerce-product-details__short-description\">\n<p>This set offers you a ready-to-use solution to mount router bits with shank \u00d86mm, \u00d88mm or \u00d812mm on your spindle moulder machine. Thanks to the M16 shaft, the concentric chuck can be quickly and easily fitted to the spindle of your milling machine. Combine with one of the three spring collets to obtain the correct diameter to fit your router bit.<\/p>\n<\/div>\n","protected":false},"featured_media":16167,"comment_status":"open","ping_status":"closed","template":"","meta":{"_acf_changed":false,"_crsspst_to_pihertendotoolscom":false,"_crsspst_to_piherbe":false,"inline_featured_image":false},"pwb-brand":[3413],"product_brand":[],"product_cat":[3435],"product_tag":[],"class_list":{"0":"post-16176","1":"product","2":"type-product","3":"status-publish","4":"has-post-thumbnail","6":"pwb-brand-sistemi-klein-en","7":"product_cat-milling-accessories","8":"product_shipping_class-regular-disambiguation","10":"first","11":"instock","12":"taxable","13":"shipping-taxable","14":"purchasable","15":"product-type-simple"},"group_of_quantity":0,"min_quantity":0,"max_quantity":"","exclude_order_quantity_value_rules":"no","exclude_category_quantity_rules":"no","combine_variations":"no","acf":{"composite_product":null,"belangrijkste_eigenschappen":"<ul>\n \t<li>For spindle moulder machines<\/li>\n \t<li>Shank M16<\/li>\n<\/ul>","standaard_uitrusting":"Set includes: concentric chuck M16, spring collet \u00d86mm, spring collet \u00d88mm (KL-T117080N), spring collet \u00d812mm (KL-T117120N)","downloads":null,"out_of_stock_message":"","video":""},"yoast_head":"<!-- This site is optimized with the Yoast SEO plugin v26.8 - https:\/\/yoast.com\/product\/yoast-seo-wordpress\/ -->\n<title>Set adaptor for router bits \u2013 concentric chuck M16 - \u00d86-12mm - Tendotools<\/title>\n<meta name=\"description\" content=\"This set offers you a ready-to-use solution to mount router bits with shank \u00d86mm, \u00d88mm or \u00d812mm on your spindle moulder machine.\" \/>\n<meta name=\"robots\" content=\"index, follow, max-snippet:-1, max-image-preview:large, max-video-preview:-1\" \/>\n<link rel=\"canonical\" href=\"https:\/\/tendotools.com\/en\/product\/set-adaptor-for-router-bits-concentric-chuck-m16-o6-12mm\/\" \/>\n<meta property=\"og:locale\" content=\"en_US\" \/>\n<meta property=\"og:type\" content=\"article\" \/>\n<meta property=\"og:title\" content=\"Set adaptor for router bits \u2013 concentric chuck M16 - \u00d86-12mm - Tendotools\" \/>\n<meta property=\"og:description\" content=\"This set offers you a ready-to-use solution to mount router bits with shank \u00d86mm, \u00d88mm or \u00d812mm on your spindle moulder machine.\" \/>\n<meta property=\"og:url\" content=\"https:\/\/tendotools.com\/en\/product\/set-adaptor-for-router-bits-concentric-chuck-m16-o6-12mm\/\" \/>\n<meta property=\"og:site_name\" content=\"Tendotools\" \/>\n<meta property=\"article:modified_time\" content=\"2020-11-24T13:47:01+00:00\" \/>\n<meta property=\"og:image\" content=\"https:\/\/tendotools.com\/wp-content\/uploads\/2020\/11\/Set-spantang-6-12mm.jpg\" \/>\n\t<meta property=\"og:image:width\" content=\"800\" \/>\n\t<meta property=\"og:image:height\" content=\"800\" \/>\n\t<meta property=\"og:image:type\" content=\"image\/jpeg\" \/>\n<meta name=\"twitter:card\" content=\"summary_large_image\" \/>\n<script type=\"application\/ld+json\" class=\"yoast-schema-graph\">{\"@context\":\"https:\/\/schema.org\",\"@graph\":[{\"@type\":\"WebPage\",\"@id\":\"https:\/\/tendotools.com\/en\/product\/set-adaptor-for-router-bits-concentric-chuck-m16-o6-12mm\/\",\"url\":\"https:\/\/tendotools.com\/en\/product\/set-adaptor-for-router-bits-concentric-chuck-m16-o6-12mm\/\",\"name\":\"Set adaptor for router bits \u2013 concentric chuck M16 - \u00d86-12mm - Tendotools\",\"isPartOf\":{\"@id\":\"https:\/\/tendotools.com\/en\/#website\"},\"primaryImageOfPage\":{\"@id\":\"https:\/\/tendotools.com\/en\/product\/set-adaptor-for-router-bits-concentric-chuck-m16-o6-12mm\/#primaryimage\"},\"image\":{\"@id\":\"https:\/\/tendotools.com\/en\/product\/set-adaptor-for-router-bits-concentric-chuck-m16-o6-12mm\/#primaryimage\"},\"thumbnailUrl\":\"https:\/\/tendotools.com\/wp-content\/uploads\/2020\/11\/Set-spantang-6-12mm.jpg\",\"datePublished\":\"2020-11-24T13:40:33+00:00\",\"dateModified\":\"2020-11-24T13:47:01+00:00\",\"description\":\"This set offers you a ready-to-use solution to mount router bits with shank \u00d86mm, \u00d88mm or \u00d812mm on your spindle moulder machine.\",\"breadcrumb\":{\"@id\":\"https:\/\/tendotools.com\/en\/product\/set-adaptor-for-router-bits-concentric-chuck-m16-o6-12mm\/#breadcrumb\"},\"inLanguage\":\"en-US\",\"potentialAction\":[{\"@type\":\"ReadAction\",\"target\":[\"https:\/\/tendotools.com\/en\/product\/set-adaptor-for-router-bits-concentric-chuck-m16-o6-12mm\/\"]}]},{\"@type\":\"ImageObject\",\"inLanguage\":\"en-US\",\"@id\":\"https:\/\/tendotools.com\/en\/product\/set-adaptor-for-router-bits-concentric-chuck-m16-o6-12mm\/#primaryimage\",\"url\":\"https:\/\/tendotools.com\/wp-content\/uploads\/2020\/11\/Set-spantang-6-12mm.jpg\",\"contentUrl\":\"https:\/\/tendotools.com\/wp-content\/uploads\/2020\/11\/Set-spantang-6-12mm.jpg\",\"width\":800,\"height\":800},{\"@type\":\"BreadcrumbList\",\"@id\":\"https:\/\/tendotools.com\/en\/product\/set-adaptor-for-router-bits-concentric-chuck-m16-o6-12mm\/#breadcrumb\",\"itemListElement\":[{\"@type\":\"ListItem\",\"position\":1,\"name\":\"Home\",\"item\":\"https:\/\/tendotools.com\/en\/\"},{\"@type\":\"ListItem\",\"position\":2,\"name\":\"Shop\",\"item\":\"https:\/\/tendotools.com\/en\/shop\/\"},{\"@type\":\"ListItem\",\"position\":3,\"name\":\"Set adaptor for router bits \u2013 concentric chuck M16 &#8211; \u00d86-12mm\"}]},{\"@type\":\"WebSite\",\"@id\":\"https:\/\/tendotools.com\/en\/#website\",\"url\":\"https:\/\/tendotools.com\/en\/\",\"name\":\"Tendotools\",\"description\":\"\",\"publisher\":{\"@id\":\"https:\/\/tendotools.com\/en\/#organization\"},\"potentialAction\":[{\"@type\":\"SearchAction\",\"target\":{\"@type\":\"EntryPoint\",\"urlTemplate\":\"https:\/\/tendotools.com\/en\/?s={search_term_string}\"},\"query-input\":{\"@type\":\"PropertyValueSpecification\",\"valueRequired\":true,\"valueName\":\"search_term_string\"}}],\"inLanguage\":\"en-US\"},{\"@type\":\"Organization\",\"@id\":\"https:\/\/tendotools.com\/en\/#organization\",\"name\":\"Tendotools\",\"url\":\"https:\/\/tendotools.com\/en\/\",\"logo\":{\"@type\":\"ImageObject\",\"inLanguage\":\"en-US\",\"@id\":\"https:\/\/tendotools.com\/en\/#\/schema\/logo\/image\/\",\"url\":\"https:\/\/tendotools.com\/wp-content\/uploads\/2019\/09\/logo-wit.png\",\"contentUrl\":\"https:\/\/tendotools.com\/wp-content\/uploads\/2019\/09\/logo-wit.png\",\"width\":350,\"height\":84,\"caption\":\"Tendotools\"},\"image\":{\"@id\":\"https:\/\/tendotools.com\/en\/#\/schema\/logo\/image\/\"}}]}<\/script>\n<!-- \/ Yoast SEO plugin. -->","yoast_head_json":{"title":"Set adaptor for router bits \u2013 concentric chuck M16 - \u00d86-12mm - Tendotools","description":"This set offers you a ready-to-use solution to mount router bits with shank \u00d86mm, \u00d88mm or \u00d812mm on your spindle moulder machine.","robots":{"index":"index","follow":"follow","max-snippet":"max-snippet:-1","max-image-preview":"max-image-preview:large","max-video-preview":"max-video-preview:-1"},"canonical":"https:\/\/tendotools.com\/en\/product\/set-adaptor-for-router-bits-concentric-chuck-m16-o6-12mm\/","og_locale":"en_US","og_type":"article","og_title":"Set adaptor for router bits \u2013 concentric chuck M16 - \u00d86-12mm - Tendotools","og_description":"This set offers you a ready-to-use solution to mount router bits with shank \u00d86mm, \u00d88mm or \u00d812mm on your spindle moulder machine.","og_url":"https:\/\/tendotools.com\/en\/product\/set-adaptor-for-router-bits-concentric-chuck-m16-o6-12mm\/","og_site_name":"Tendotools","article_modified_time":"2020-11-24T13:47:01+00:00","og_image":[{"width":800,"height":800,"url":"https:\/\/tendotools.com\/wp-content\/uploads\/2020\/11\/Set-spantang-6-12mm.jpg","type":"image\/jpeg"}],"twitter_card":"summary_large_image","schema":{"@context":"https:\/\/schema.org","@graph":[{"@type":"WebPage","@id":"https:\/\/tendotools.com\/en\/product\/set-adaptor-for-router-bits-concentric-chuck-m16-o6-12mm\/","url":"https:\/\/tendotools.com\/en\/product\/set-adaptor-for-router-bits-concentric-chuck-m16-o6-12mm\/","name":"Set adaptor for router bits \u2013 concentric chuck M16 - \u00d86-12mm - Tendotools","isPartOf":{"@id":"https:\/\/tendotools.com\/en\/#website"},"primaryImageOfPage":{"@id":"https:\/\/tendotools.com\/en\/product\/set-adaptor-for-router-bits-concentric-chuck-m16-o6-12mm\/#primaryimage"},"image":{"@id":"https:\/\/tendotools.com\/en\/product\/set-adaptor-for-router-bits-concentric-chuck-m16-o6-12mm\/#primaryimage"},"thumbnailUrl":"https:\/\/tendotools.com\/wp-content\/uploads\/2020\/11\/Set-spantang-6-12mm.jpg","datePublished":"2020-11-24T13:40:33+00:00","dateModified":"2020-11-24T13:47:01+00:00","description":"This set offers you a ready-to-use solution to mount router bits with shank \u00d86mm, \u00d88mm or \u00d812mm on your spindle moulder machine.","breadcrumb":{"@id":"https:\/\/tendotools.com\/en\/product\/set-adaptor-for-router-bits-concentric-chuck-m16-o6-12mm\/#breadcrumb"},"inLanguage":"en-US","potentialAction":[{"@type":"ReadAction","target":["https:\/\/tendotools.com\/en\/product\/set-adaptor-for-router-bits-concentric-chuck-m16-o6-12mm\/"]}]},{"@type":"ImageObject","inLanguage":"en-US","@id":"https:\/\/tendotools.com\/en\/product\/set-adaptor-for-router-bits-concentric-chuck-m16-o6-12mm\/#primaryimage","url":"https:\/\/tendotools.com\/wp-content\/uploads\/2020\/11\/Set-spantang-6-12mm.jpg","contentUrl":"https:\/\/tendotools.com\/wp-content\/uploads\/2020\/11\/Set-spantang-6-12mm.jpg","width":800,"height":800},{"@type":"BreadcrumbList","@id":"https:\/\/tendotools.com\/en\/product\/set-adaptor-for-router-bits-concentric-chuck-m16-o6-12mm\/#breadcrumb","itemListElement":[{"@type":"ListItem","position":1,"name":"Home","item":"https:\/\/tendotools.com\/en\/"},{"@type":"ListItem","position":2,"name":"Shop","item":"https:\/\/tendotools.com\/en\/shop\/"},{"@type":"ListItem","position":3,"name":"Set adaptor for router bits \u2013 concentric chuck M16 &#8211; \u00d86-12mm"}]},{"@type":"WebSite","@id":"https:\/\/tendotools.com\/en\/#website","url":"https:\/\/tendotools.com\/en\/","name":"Tendotools","description":"","publisher":{"@id":"https:\/\/tendotools.com\/en\/#organization"},"potentialAction":[{"@type":"SearchAction","target":{"@type":"EntryPoint","urlTemplate":"https:\/\/tendotools.com\/en\/?s={search_term_string}"},"query-input":{"@type":"PropertyValueSpecification","valueRequired":true,"valueName":"search_term_string"}}],"inLanguage":"en-US"},{"@type":"Organization","@id":"https:\/\/tendotools.com\/en\/#organization","name":"Tendotools","url":"https:\/\/tendotools.com\/en\/","logo":{"@type":"ImageObject","inLanguage":"en-US","@id":"https:\/\/tendotools.com\/en\/#\/schema\/logo\/image\/","url":"https:\/\/tendotools.com\/wp-content\/uploads\/2019\/09\/logo-wit.png","contentUrl":"https:\/\/tendotools.com\/wp-content\/uploads\/2019\/09\/logo-wit.png","width":350,"height":84,"caption":"Tendotools"},"image":{"@id":"https:\/\/tendotools.com\/en\/#\/schema\/logo\/image\/"}}]}},"brands":[{"id":3413,"name":"Sistemi Klein","slug":"sistemi-klein-en"}],"_links":{"self":[{"href":"https:\/\/tendotools.com\/en\/wp-json\/wp\/v2\/product\/16176","targetHints":{"allow":["GET"]}}],"collection":[{"href":"https:\/\/tendotools.com\/en\/wp-json\/wp\/v2\/product"}],"about":[{"href":"https:\/\/tendotools.com\/en\/wp-json\/wp\/v2\/types\/product"}],"replies":[{"embeddable":true,"href":"https:\/\/tendotools.com\/en\/wp-json\/wp\/v2\/comments?post=16176"}],"wp:featuredmedia":[{"embeddable":true,"href":"https:\/\/tendotools.com\/en\/wp-json\/wp\/v2\/media\/16167"}],"wp:attachment":[{"href":"https:\/\/tendotools.com\/en\/wp-json\/wp\/v2\/media?parent=16176"}],"wp:term":[{"taxonomy":"pwb-brand","embeddable":true,"href":"https:\/\/tendotools.com\/en\/wp-json\/wp\/v2\/pwb-brand?post=16176"},{"taxonomy":"product_brand","embeddable":true,"href":"https:\/\/tendotools.com\/en\/wp-json\/wp\/v2\/product_brand?post=16176"},{"taxonomy":"product_cat","embeddable":true,"href":"https:\/\/tendotools.com\/en\/wp-json\/wp\/v2\/product_cat?post=16176"},{"taxonomy":"product_tag","embeddable":true,"href":"https:\/\/tendotools.com\/en\/wp-json\/wp\/v2\/product_tag?post=16176"}],"curies":[{"name":"wp","href":"https:\/\/api.w.org\/{rel}","templated":true}]}}