{"id":10084,"date":"2020-10-02T11:31:13","date_gmt":"2020-10-02T09:31:13","guid":{"rendered":"https:\/\/tendotools.com\/?post_type=product&#038;p=10084"},"modified":"2020-10-02T11:32:46","modified_gmt":"2020-10-02T09:32:46","slug":"meches-a-faconner-a-queue-cylindrique-o19mm","status":"publish","type":"product","link":"https:\/\/tendotools.com\/fr\/produit\/meches-a-faconner-a-queue-cylindrique-o19mm\/","title":{"rendered":"M\u00e8ches \u00e0 fa\u00e7onner \u00e0 queue cylindrique \u00d819mm"},"content":{"rendered":"<p>Foret forstner avec queue cylindrique pour percer des charni\u00e8res invisibles dans le plupart des bois ou panneaux. Cette m\u00e8che charni\u00e8re de haute qualit\u00e9 avec pointe de centrage, deux faces de d\u00e9coupage en widia et deux guides en widia vous assure une finition parfait de tous vos trous. Rotation \u00e0 droite uniquement.<\/p>\n","protected":false},"excerpt":{"rendered":"<p>Foret forstner avec queue cylindrique pour percer des charni\u00e8res invisibles dans le plupart des bois ou panneaux. Cette m\u00e8che charni\u00e8re de haute qualit\u00e9 avec pointe de centrage, deux faces de d\u00e9coupage en widia et deux guides en widia vous assure une finition parfait de tous vos trous. Rotation \u00e0 droite uniquement.<\/p>\n","protected":false},"featured_media":9928,"comment_status":"open","ping_status":"closed","template":"","meta":{"_acf_changed":false,"_crsspst_to_pihertendotoolscom":false,"_crsspst_to_piherbe":false,"inline_featured_image":false},"pwb-brand":[3414],"product_brand":[],"product_cat":[1834],"product_tag":[],"class_list":{"0":"post-10084","1":"product","2":"type-product","3":"status-publish","4":"has-post-thumbnail","6":"pwb-brand-sistemi-klein-fr","7":"product_cat-meches-a-faconner","8":"product_shipping_class-regulier-desambiguation","10":"first","11":"instock","12":"taxable","13":"shipping-taxable","14":"purchasable","15":"product-type-simple"},"group_of_quantity":0,"min_quantity":0,"max_quantity":"","exclude_order_quantity_value_rules":"no","exclude_category_quantity_rules":"no","combine_variations":"no","acf":{"composite_product":null,"belangrijkste_eigenschappen":"<ul>\n \t<li>Faces de d\u00e9coupage en widia et guides en widia<\/li>\n \t<li>Pour tous les types de bois ou panneaux<\/li>\n<\/ul>","standaard_uitrusting":"Par pi\u00e8ce","downloads":null,"out_of_stock_message":"","video":""},"yoast_head":"<!-- This site is optimized with the Yoast SEO plugin v26.8 - https:\/\/yoast.com\/product\/yoast-seo-wordpress\/ -->\n<title>M\u00e8ches \u00e0 fa\u00e7onner \u00e0 queue cylindrique \u00d819mm - Tendotools<\/title>\n<meta name=\"description\" content=\"Foret forstner avec queue cylindrique pour percer des charni\u00e8res invisibles dans le plupart des bois ou panneaux.\" \/>\n<meta name=\"robots\" content=\"index, follow, max-snippet:-1, max-image-preview:large, max-video-preview:-1\" \/>\n<link rel=\"canonical\" href=\"https:\/\/tendotools.com\/fr\/produit\/meches-a-faconner-a-queue-cylindrique-o19mm\/\" \/>\n<meta property=\"og:locale\" content=\"fr_FR\" \/>\n<meta property=\"og:type\" content=\"article\" \/>\n<meta property=\"og:title\" content=\"M\u00e8ches \u00e0 fa\u00e7onner \u00e0 queue cylindrique \u00d819mm - Tendotools\" \/>\n<meta property=\"og:description\" content=\"Foret forstner avec queue cylindrique pour percer des charni\u00e8res invisibles dans le plupart des bois ou panneaux.\" \/>\n<meta property=\"og:url\" content=\"https:\/\/tendotools.com\/fr\/produit\/meches-a-faconner-a-queue-cylindrique-o19mm\/\" \/>\n<meta property=\"og:site_name\" content=\"Tendotools\" \/>\n<meta property=\"article:modified_time\" content=\"2020-10-02T09:32:46+00:00\" \/>\n<meta property=\"og:image\" content=\"https:\/\/tendotools.com\/wp-content\/uploads\/2020\/10\/Scharnierboor-R111.jpg\" \/>\n\t<meta property=\"og:image:width\" content=\"800\" \/>\n\t<meta property=\"og:image:height\" content=\"800\" \/>\n\t<meta property=\"og:image:type\" content=\"image\/jpeg\" \/>\n<meta name=\"twitter:card\" content=\"summary_large_image\" \/>\n<script type=\"application\/ld+json\" class=\"yoast-schema-graph\">{\"@context\":\"https:\/\/schema.org\",\"@graph\":[{\"@type\":\"WebPage\",\"@id\":\"https:\/\/tendotools.com\/fr\/produit\/meches-a-faconner-a-queue-cylindrique-o19mm\/\",\"url\":\"https:\/\/tendotools.com\/fr\/produit\/meches-a-faconner-a-queue-cylindrique-o19mm\/\",\"name\":\"M\u00e8ches \u00e0 fa\u00e7onner \u00e0 queue cylindrique \u00d819mm - Tendotools\",\"isPartOf\":{\"@id\":\"https:\/\/tendotools.com\/fr\/#website\"},\"primaryImageOfPage\":{\"@id\":\"https:\/\/tendotools.com\/fr\/produit\/meches-a-faconner-a-queue-cylindrique-o19mm\/#primaryimage\"},\"image\":{\"@id\":\"https:\/\/tendotools.com\/fr\/produit\/meches-a-faconner-a-queue-cylindrique-o19mm\/#primaryimage\"},\"thumbnailUrl\":\"https:\/\/tendotools.com\/wp-content\/uploads\/2020\/10\/Scharnierboor-R111.jpg\",\"datePublished\":\"2020-10-02T09:31:13+00:00\",\"dateModified\":\"2020-10-02T09:32:46+00:00\",\"description\":\"Foret forstner avec queue cylindrique pour percer des charni\u00e8res invisibles dans le plupart des bois ou panneaux.\",\"breadcrumb\":{\"@id\":\"https:\/\/tendotools.com\/fr\/produit\/meches-a-faconner-a-queue-cylindrique-o19mm\/#breadcrumb\"},\"inLanguage\":\"fr-FR\",\"potentialAction\":[{\"@type\":\"ReadAction\",\"target\":[\"https:\/\/tendotools.com\/fr\/produit\/meches-a-faconner-a-queue-cylindrique-o19mm\/\"]}]},{\"@type\":\"ImageObject\",\"inLanguage\":\"fr-FR\",\"@id\":\"https:\/\/tendotools.com\/fr\/produit\/meches-a-faconner-a-queue-cylindrique-o19mm\/#primaryimage\",\"url\":\"https:\/\/tendotools.com\/wp-content\/uploads\/2020\/10\/Scharnierboor-R111.jpg\",\"contentUrl\":\"https:\/\/tendotools.com\/wp-content\/uploads\/2020\/10\/Scharnierboor-R111.jpg\",\"width\":800,\"height\":800},{\"@type\":\"BreadcrumbList\",\"@id\":\"https:\/\/tendotools.com\/fr\/produit\/meches-a-faconner-a-queue-cylindrique-o19mm\/#breadcrumb\",\"itemListElement\":[{\"@type\":\"ListItem\",\"position\":1,\"name\":\"Home\",\"item\":\"https:\/\/tendotools.com\/fr\/\"},{\"@type\":\"ListItem\",\"position\":2,\"name\":\"Shop\",\"item\":\"https:\/\/tendotools.com\/fr\/boutique\/\"},{\"@type\":\"ListItem\",\"position\":3,\"name\":\"M\u00e8ches \u00e0 fa\u00e7onner \u00e0 queue cylindrique \u00d819mm\"}]},{\"@type\":\"WebSite\",\"@id\":\"https:\/\/tendotools.com\/fr\/#website\",\"url\":\"https:\/\/tendotools.com\/fr\/\",\"name\":\"Tendotools\",\"description\":\"\",\"publisher\":{\"@id\":\"https:\/\/tendotools.com\/fr\/#organization\"},\"potentialAction\":[{\"@type\":\"SearchAction\",\"target\":{\"@type\":\"EntryPoint\",\"urlTemplate\":\"https:\/\/tendotools.com\/fr\/?s={search_term_string}\"},\"query-input\":{\"@type\":\"PropertyValueSpecification\",\"valueRequired\":true,\"valueName\":\"search_term_string\"}}],\"inLanguage\":\"fr-FR\"},{\"@type\":\"Organization\",\"@id\":\"https:\/\/tendotools.com\/fr\/#organization\",\"name\":\"Tendotools\",\"url\":\"https:\/\/tendotools.com\/fr\/\",\"logo\":{\"@type\":\"ImageObject\",\"inLanguage\":\"fr-FR\",\"@id\":\"https:\/\/tendotools.com\/fr\/#\/schema\/logo\/image\/\",\"url\":\"https:\/\/tendotools.com\/wp-content\/uploads\/2019\/09\/logo-wit.png\",\"contentUrl\":\"https:\/\/tendotools.com\/wp-content\/uploads\/2019\/09\/logo-wit.png\",\"width\":350,\"height\":84,\"caption\":\"Tendotools\"},\"image\":{\"@id\":\"https:\/\/tendotools.com\/fr\/#\/schema\/logo\/image\/\"}}]}<\/script>\n<!-- \/ Yoast SEO plugin. -->","yoast_head_json":{"title":"M\u00e8ches \u00e0 fa\u00e7onner \u00e0 queue cylindrique \u00d819mm - Tendotools","description":"Foret forstner avec queue cylindrique pour percer des charni\u00e8res invisibles dans le plupart des bois ou panneaux.","robots":{"index":"index","follow":"follow","max-snippet":"max-snippet:-1","max-image-preview":"max-image-preview:large","max-video-preview":"max-video-preview:-1"},"canonical":"https:\/\/tendotools.com\/fr\/produit\/meches-a-faconner-a-queue-cylindrique-o19mm\/","og_locale":"fr_FR","og_type":"article","og_title":"M\u00e8ches \u00e0 fa\u00e7onner \u00e0 queue cylindrique \u00d819mm - Tendotools","og_description":"Foret forstner avec queue cylindrique pour percer des charni\u00e8res invisibles dans le plupart des bois ou panneaux.","og_url":"https:\/\/tendotools.com\/fr\/produit\/meches-a-faconner-a-queue-cylindrique-o19mm\/","og_site_name":"Tendotools","article_modified_time":"2020-10-02T09:32:46+00:00","og_image":[{"width":800,"height":800,"url":"https:\/\/tendotools.com\/wp-content\/uploads\/2020\/10\/Scharnierboor-R111.jpg","type":"image\/jpeg"}],"twitter_card":"summary_large_image","schema":{"@context":"https:\/\/schema.org","@graph":[{"@type":"WebPage","@id":"https:\/\/tendotools.com\/fr\/produit\/meches-a-faconner-a-queue-cylindrique-o19mm\/","url":"https:\/\/tendotools.com\/fr\/produit\/meches-a-faconner-a-queue-cylindrique-o19mm\/","name":"M\u00e8ches \u00e0 fa\u00e7onner \u00e0 queue cylindrique \u00d819mm - Tendotools","isPartOf":{"@id":"https:\/\/tendotools.com\/fr\/#website"},"primaryImageOfPage":{"@id":"https:\/\/tendotools.com\/fr\/produit\/meches-a-faconner-a-queue-cylindrique-o19mm\/#primaryimage"},"image":{"@id":"https:\/\/tendotools.com\/fr\/produit\/meches-a-faconner-a-queue-cylindrique-o19mm\/#primaryimage"},"thumbnailUrl":"https:\/\/tendotools.com\/wp-content\/uploads\/2020\/10\/Scharnierboor-R111.jpg","datePublished":"2020-10-02T09:31:13+00:00","dateModified":"2020-10-02T09:32:46+00:00","description":"Foret forstner avec queue cylindrique pour percer des charni\u00e8res invisibles dans le plupart des bois ou panneaux.","breadcrumb":{"@id":"https:\/\/tendotools.com\/fr\/produit\/meches-a-faconner-a-queue-cylindrique-o19mm\/#breadcrumb"},"inLanguage":"fr-FR","potentialAction":[{"@type":"ReadAction","target":["https:\/\/tendotools.com\/fr\/produit\/meches-a-faconner-a-queue-cylindrique-o19mm\/"]}]},{"@type":"ImageObject","inLanguage":"fr-FR","@id":"https:\/\/tendotools.com\/fr\/produit\/meches-a-faconner-a-queue-cylindrique-o19mm\/#primaryimage","url":"https:\/\/tendotools.com\/wp-content\/uploads\/2020\/10\/Scharnierboor-R111.jpg","contentUrl":"https:\/\/tendotools.com\/wp-content\/uploads\/2020\/10\/Scharnierboor-R111.jpg","width":800,"height":800},{"@type":"BreadcrumbList","@id":"https:\/\/tendotools.com\/fr\/produit\/meches-a-faconner-a-queue-cylindrique-o19mm\/#breadcrumb","itemListElement":[{"@type":"ListItem","position":1,"name":"Home","item":"https:\/\/tendotools.com\/fr\/"},{"@type":"ListItem","position":2,"name":"Shop","item":"https:\/\/tendotools.com\/fr\/boutique\/"},{"@type":"ListItem","position":3,"name":"M\u00e8ches \u00e0 fa\u00e7onner \u00e0 queue cylindrique \u00d819mm"}]},{"@type":"WebSite","@id":"https:\/\/tendotools.com\/fr\/#website","url":"https:\/\/tendotools.com\/fr\/","name":"Tendotools","description":"","publisher":{"@id":"https:\/\/tendotools.com\/fr\/#organization"},"potentialAction":[{"@type":"SearchAction","target":{"@type":"EntryPoint","urlTemplate":"https:\/\/tendotools.com\/fr\/?s={search_term_string}"},"query-input":{"@type":"PropertyValueSpecification","valueRequired":true,"valueName":"search_term_string"}}],"inLanguage":"fr-FR"},{"@type":"Organization","@id":"https:\/\/tendotools.com\/fr\/#organization","name":"Tendotools","url":"https:\/\/tendotools.com\/fr\/","logo":{"@type":"ImageObject","inLanguage":"fr-FR","@id":"https:\/\/tendotools.com\/fr\/#\/schema\/logo\/image\/","url":"https:\/\/tendotools.com\/wp-content\/uploads\/2019\/09\/logo-wit.png","contentUrl":"https:\/\/tendotools.com\/wp-content\/uploads\/2019\/09\/logo-wit.png","width":350,"height":84,"caption":"Tendotools"},"image":{"@id":"https:\/\/tendotools.com\/fr\/#\/schema\/logo\/image\/"}}]}},"brands":[{"id":3414,"name":"Sistemi Klein","slug":"sistemi-klein-fr"}],"_links":{"self":[{"href":"https:\/\/tendotools.com\/fr\/wp-json\/wp\/v2\/product\/10084","targetHints":{"allow":["GET"]}}],"collection":[{"href":"https:\/\/tendotools.com\/fr\/wp-json\/wp\/v2\/product"}],"about":[{"href":"https:\/\/tendotools.com\/fr\/wp-json\/wp\/v2\/types\/product"}],"replies":[{"embeddable":true,"href":"https:\/\/tendotools.com\/fr\/wp-json\/wp\/v2\/comments?post=10084"}],"wp:featuredmedia":[{"embeddable":true,"href":"https:\/\/tendotools.com\/fr\/wp-json\/wp\/v2\/media\/9928"}],"wp:attachment":[{"href":"https:\/\/tendotools.com\/fr\/wp-json\/wp\/v2\/media?parent=10084"}],"wp:term":[{"taxonomy":"pwb-brand","embeddable":true,"href":"https:\/\/tendotools.com\/fr\/wp-json\/wp\/v2\/pwb-brand?post=10084"},{"taxonomy":"product_brand","embeddable":true,"href":"https:\/\/tendotools.com\/fr\/wp-json\/wp\/v2\/product_brand?post=10084"},{"taxonomy":"product_cat","embeddable":true,"href":"https:\/\/tendotools.com\/fr\/wp-json\/wp\/v2\/product_cat?post=10084"},{"taxonomy":"product_tag","embeddable":true,"href":"https:\/\/tendotools.com\/fr\/wp-json\/wp\/v2\/product_tag?post=10084"}],"curies":[{"name":"wp","href":"https:\/\/api.w.org\/{rel}","templated":true}]}}