{"id":13360,"date":"2020-11-03T13:38:49","date_gmt":"2020-11-03T12:38:49","guid":{"rendered":"https:\/\/tendotools.com\/?post_type=product&#038;p=13360"},"modified":"2020-11-04T11:40:51","modified_gmt":"2020-11-04T10:40:51","slug":"fraise-pour-moulure-convex-r18-z2-queue-8mm-o202mm","status":"publish","type":"product","link":"https:\/\/tendotools.com\/fr\/produit\/fraise-pour-moulure-convex-r18-z2-queue-8mm-o202mm\/","title":{"rendered":"Fraise pour moulure convex R18 (Z=2) queue 8mm &#8211; \u00d820,2mm"},"content":{"rendered":"<p>La fraise creuse permet de fraiser rapidement et facilement des ar\u00eates ou des profils convexes sur les appuis de fen\u00eatre, les bords de table, les planches et de fabriquer des moulures. Gr\u00e2ce \u00e0 ses tranchants en carbure de haute qualit\u00e9 (widia), cette fraise peut \u00eatre utilis\u00e9e sur la plupart des types de bois. Passez plusieurs fois lorsque vous enlevez de grandes quantit\u00e9s de mati\u00e8re.<\/p>\n","protected":false},"excerpt":{"rendered":"<p>La fraise creuse permet de fraiser rapidement et facilement des ar\u00eates ou des profils convexes sur les appuis de fen\u00eatre, les bords de table, les planches et de fabriquer des moulures. Gr\u00e2ce \u00e0 ses tranchants en carbure de haute qualit\u00e9 (widia), cette fraise peut \u00eatre utilis\u00e9e sur la plupart des types de bois. Passez plusieurs fois lorsque vous enlevez de grandes quantit\u00e9s de mati\u00e8re.<\/p>\n","protected":false},"featured_media":13366,"comment_status":"open","ping_status":"closed","template":"","meta":{"_acf_changed":false,"_crsspst_to_pihertendotoolscom":false,"_crsspst_to_piherbe":false,"inline_featured_image":false},"pwb-brand":[3414],"product_brand":[],"product_cat":[2464],"product_tag":[],"class_list":{"0":"post-13360","1":"product","2":"type-product","3":"status-publish","4":"has-post-thumbnail","6":"pwb-brand-sistemi-klein-fr","7":"product_cat-fraises-pour-quart-de-ronde","8":"product_shipping_class-regulier-desambiguation","10":"first","11":"instock","12":"taxable","13":"shipping-taxable","14":"purchasable","15":"product-type-simple"},"group_of_quantity":0,"min_quantity":0,"max_quantity":"","exclude_order_quantity_value_rules":"no","exclude_category_quantity_rules":"no","combine_variations":"no","acf":{"composite_product":null,"belangrijkste_eigenschappen":"<ul>\n \t<li>Faces de coupe en carbide<\/li>\n \t<li>Pour bois tendre ou dur<\/li>\n \t<li>Pour les profils convexes<\/li>\n \t<li>Pour des d\u00e9fonceuses ou des machines CNC\n<section class=\"related products\"><\/section><section class=\"related products\"><\/section><\/li>\n<\/ul>","standaard_uitrusting":"Par pi\u00e8ce","downloads":null,"out_of_stock_message":"","video":""},"yoast_head":"<!-- This site is optimized with the Yoast SEO plugin v26.8 - https:\/\/yoast.com\/product\/yoast-seo-wordpress\/ -->\n<title>Fraise pour moulure convex R18 (Z=2) queue 8mm - \u00d820,2mm - Tendotools<\/title>\n<meta name=\"description\" content=\"La fraise creuse permet de fraiser rapidement et facilement des ar\u00eates ou des profils convexes sur les appuis de fen\u00eatre, les bords de table, les planches et de fabriquer des moulures.\" \/>\n<meta name=\"robots\" content=\"index, follow, max-snippet:-1, max-image-preview:large, max-video-preview:-1\" \/>\n<link rel=\"canonical\" href=\"https:\/\/tendotools.com\/fr\/produit\/fraise-pour-moulure-convex-r18-z2-queue-8mm-o202mm\/\" \/>\n<meta property=\"og:locale\" content=\"fr_FR\" \/>\n<meta property=\"og:type\" content=\"article\" \/>\n<meta property=\"og:title\" content=\"Fraise pour moulure convex R18 (Z=2) queue 8mm - \u00d820,2mm - Tendotools\" \/>\n<meta property=\"og:description\" content=\"La fraise creuse permet de fraiser rapidement et facilement des ar\u00eates ou des profils convexes sur les appuis de fen\u00eatre, les bords de table, les planches et de fabriquer des moulures.\" \/>\n<meta property=\"og:url\" content=\"https:\/\/tendotools.com\/fr\/produit\/fraise-pour-moulure-convex-r18-z2-queue-8mm-o202mm\/\" \/>\n<meta property=\"og:site_name\" content=\"Tendotools\" \/>\n<meta property=\"article:modified_time\" content=\"2020-11-04T10:40:51+00:00\" \/>\n<meta property=\"og:image\" content=\"https:\/\/tendotools.com\/wp-content\/uploads\/2020\/11\/Holle-frees-C154.jpg\" \/>\n\t<meta property=\"og:image:width\" content=\"800\" \/>\n\t<meta property=\"og:image:height\" content=\"800\" \/>\n\t<meta property=\"og:image:type\" content=\"image\/jpeg\" \/>\n<meta name=\"twitter:card\" content=\"summary_large_image\" \/>\n<script type=\"application\/ld+json\" class=\"yoast-schema-graph\">{\"@context\":\"https:\/\/schema.org\",\"@graph\":[{\"@type\":\"WebPage\",\"@id\":\"https:\/\/tendotools.com\/fr\/produit\/fraise-pour-moulure-convex-r18-z2-queue-8mm-o202mm\/\",\"url\":\"https:\/\/tendotools.com\/fr\/produit\/fraise-pour-moulure-convex-r18-z2-queue-8mm-o202mm\/\",\"name\":\"Fraise pour moulure convex R18 (Z=2) queue 8mm - \u00d820,2mm - Tendotools\",\"isPartOf\":{\"@id\":\"https:\/\/tendotools.com\/fr\/#website\"},\"primaryImageOfPage\":{\"@id\":\"https:\/\/tendotools.com\/fr\/produit\/fraise-pour-moulure-convex-r18-z2-queue-8mm-o202mm\/#primaryimage\"},\"image\":{\"@id\":\"https:\/\/tendotools.com\/fr\/produit\/fraise-pour-moulure-convex-r18-z2-queue-8mm-o202mm\/#primaryimage\"},\"thumbnailUrl\":\"https:\/\/tendotools.com\/wp-content\/uploads\/2020\/11\/Holle-frees-C154.jpg\",\"datePublished\":\"2020-11-03T12:38:49+00:00\",\"dateModified\":\"2020-11-04T10:40:51+00:00\",\"description\":\"La fraise creuse permet de fraiser rapidement et facilement des ar\u00eates ou des profils convexes sur les appuis de fen\u00eatre, les bords de table, les planches et de fabriquer des moulures.\",\"breadcrumb\":{\"@id\":\"https:\/\/tendotools.com\/fr\/produit\/fraise-pour-moulure-convex-r18-z2-queue-8mm-o202mm\/#breadcrumb\"},\"inLanguage\":\"fr-FR\",\"potentialAction\":[{\"@type\":\"ReadAction\",\"target\":[\"https:\/\/tendotools.com\/fr\/produit\/fraise-pour-moulure-convex-r18-z2-queue-8mm-o202mm\/\"]}]},{\"@type\":\"ImageObject\",\"inLanguage\":\"fr-FR\",\"@id\":\"https:\/\/tendotools.com\/fr\/produit\/fraise-pour-moulure-convex-r18-z2-queue-8mm-o202mm\/#primaryimage\",\"url\":\"https:\/\/tendotools.com\/wp-content\/uploads\/2020\/11\/Holle-frees-C154.jpg\",\"contentUrl\":\"https:\/\/tendotools.com\/wp-content\/uploads\/2020\/11\/Holle-frees-C154.jpg\",\"width\":800,\"height\":800},{\"@type\":\"BreadcrumbList\",\"@id\":\"https:\/\/tendotools.com\/fr\/produit\/fraise-pour-moulure-convex-r18-z2-queue-8mm-o202mm\/#breadcrumb\",\"itemListElement\":[{\"@type\":\"ListItem\",\"position\":1,\"name\":\"Home\",\"item\":\"https:\/\/tendotools.com\/fr\/\"},{\"@type\":\"ListItem\",\"position\":2,\"name\":\"Shop\",\"item\":\"https:\/\/tendotools.com\/fr\/boutique\/\"},{\"@type\":\"ListItem\",\"position\":3,\"name\":\"Fraise pour moulure convex R18 (Z=2) queue 8mm &#8211; \u00d820,2mm\"}]},{\"@type\":\"WebSite\",\"@id\":\"https:\/\/tendotools.com\/fr\/#website\",\"url\":\"https:\/\/tendotools.com\/fr\/\",\"name\":\"Tendotools\",\"description\":\"\",\"publisher\":{\"@id\":\"https:\/\/tendotools.com\/fr\/#organization\"},\"potentialAction\":[{\"@type\":\"SearchAction\",\"target\":{\"@type\":\"EntryPoint\",\"urlTemplate\":\"https:\/\/tendotools.com\/fr\/?s={search_term_string}\"},\"query-input\":{\"@type\":\"PropertyValueSpecification\",\"valueRequired\":true,\"valueName\":\"search_term_string\"}}],\"inLanguage\":\"fr-FR\"},{\"@type\":\"Organization\",\"@id\":\"https:\/\/tendotools.com\/fr\/#organization\",\"name\":\"Tendotools\",\"url\":\"https:\/\/tendotools.com\/fr\/\",\"logo\":{\"@type\":\"ImageObject\",\"inLanguage\":\"fr-FR\",\"@id\":\"https:\/\/tendotools.com\/fr\/#\/schema\/logo\/image\/\",\"url\":\"https:\/\/tendotools.com\/wp-content\/uploads\/2019\/09\/logo-wit.png\",\"contentUrl\":\"https:\/\/tendotools.com\/wp-content\/uploads\/2019\/09\/logo-wit.png\",\"width\":350,\"height\":84,\"caption\":\"Tendotools\"},\"image\":{\"@id\":\"https:\/\/tendotools.com\/fr\/#\/schema\/logo\/image\/\"}}]}<\/script>\n<!-- \/ Yoast SEO plugin. -->","yoast_head_json":{"title":"Fraise pour moulure convex R18 (Z=2) queue 8mm - \u00d820,2mm - Tendotools","description":"La fraise creuse permet de fraiser rapidement et facilement des ar\u00eates ou des profils convexes sur les appuis de fen\u00eatre, les bords de table, les planches et de fabriquer des moulures.","robots":{"index":"index","follow":"follow","max-snippet":"max-snippet:-1","max-image-preview":"max-image-preview:large","max-video-preview":"max-video-preview:-1"},"canonical":"https:\/\/tendotools.com\/fr\/produit\/fraise-pour-moulure-convex-r18-z2-queue-8mm-o202mm\/","og_locale":"fr_FR","og_type":"article","og_title":"Fraise pour moulure convex R18 (Z=2) queue 8mm - \u00d820,2mm - Tendotools","og_description":"La fraise creuse permet de fraiser rapidement et facilement des ar\u00eates ou des profils convexes sur les appuis de fen\u00eatre, les bords de table, les planches et de fabriquer des moulures.","og_url":"https:\/\/tendotools.com\/fr\/produit\/fraise-pour-moulure-convex-r18-z2-queue-8mm-o202mm\/","og_site_name":"Tendotools","article_modified_time":"2020-11-04T10:40:51+00:00","og_image":[{"width":800,"height":800,"url":"https:\/\/tendotools.com\/wp-content\/uploads\/2020\/11\/Holle-frees-C154.jpg","type":"image\/jpeg"}],"twitter_card":"summary_large_image","schema":{"@context":"https:\/\/schema.org","@graph":[{"@type":"WebPage","@id":"https:\/\/tendotools.com\/fr\/produit\/fraise-pour-moulure-convex-r18-z2-queue-8mm-o202mm\/","url":"https:\/\/tendotools.com\/fr\/produit\/fraise-pour-moulure-convex-r18-z2-queue-8mm-o202mm\/","name":"Fraise pour moulure convex R18 (Z=2) queue 8mm - \u00d820,2mm - Tendotools","isPartOf":{"@id":"https:\/\/tendotools.com\/fr\/#website"},"primaryImageOfPage":{"@id":"https:\/\/tendotools.com\/fr\/produit\/fraise-pour-moulure-convex-r18-z2-queue-8mm-o202mm\/#primaryimage"},"image":{"@id":"https:\/\/tendotools.com\/fr\/produit\/fraise-pour-moulure-convex-r18-z2-queue-8mm-o202mm\/#primaryimage"},"thumbnailUrl":"https:\/\/tendotools.com\/wp-content\/uploads\/2020\/11\/Holle-frees-C154.jpg","datePublished":"2020-11-03T12:38:49+00:00","dateModified":"2020-11-04T10:40:51+00:00","description":"La fraise creuse permet de fraiser rapidement et facilement des ar\u00eates ou des profils convexes sur les appuis de fen\u00eatre, les bords de table, les planches et de fabriquer des moulures.","breadcrumb":{"@id":"https:\/\/tendotools.com\/fr\/produit\/fraise-pour-moulure-convex-r18-z2-queue-8mm-o202mm\/#breadcrumb"},"inLanguage":"fr-FR","potentialAction":[{"@type":"ReadAction","target":["https:\/\/tendotools.com\/fr\/produit\/fraise-pour-moulure-convex-r18-z2-queue-8mm-o202mm\/"]}]},{"@type":"ImageObject","inLanguage":"fr-FR","@id":"https:\/\/tendotools.com\/fr\/produit\/fraise-pour-moulure-convex-r18-z2-queue-8mm-o202mm\/#primaryimage","url":"https:\/\/tendotools.com\/wp-content\/uploads\/2020\/11\/Holle-frees-C154.jpg","contentUrl":"https:\/\/tendotools.com\/wp-content\/uploads\/2020\/11\/Holle-frees-C154.jpg","width":800,"height":800},{"@type":"BreadcrumbList","@id":"https:\/\/tendotools.com\/fr\/produit\/fraise-pour-moulure-convex-r18-z2-queue-8mm-o202mm\/#breadcrumb","itemListElement":[{"@type":"ListItem","position":1,"name":"Home","item":"https:\/\/tendotools.com\/fr\/"},{"@type":"ListItem","position":2,"name":"Shop","item":"https:\/\/tendotools.com\/fr\/boutique\/"},{"@type":"ListItem","position":3,"name":"Fraise pour moulure convex R18 (Z=2) queue 8mm &#8211; \u00d820,2mm"}]},{"@type":"WebSite","@id":"https:\/\/tendotools.com\/fr\/#website","url":"https:\/\/tendotools.com\/fr\/","name":"Tendotools","description":"","publisher":{"@id":"https:\/\/tendotools.com\/fr\/#organization"},"potentialAction":[{"@type":"SearchAction","target":{"@type":"EntryPoint","urlTemplate":"https:\/\/tendotools.com\/fr\/?s={search_term_string}"},"query-input":{"@type":"PropertyValueSpecification","valueRequired":true,"valueName":"search_term_string"}}],"inLanguage":"fr-FR"},{"@type":"Organization","@id":"https:\/\/tendotools.com\/fr\/#organization","name":"Tendotools","url":"https:\/\/tendotools.com\/fr\/","logo":{"@type":"ImageObject","inLanguage":"fr-FR","@id":"https:\/\/tendotools.com\/fr\/#\/schema\/logo\/image\/","url":"https:\/\/tendotools.com\/wp-content\/uploads\/2019\/09\/logo-wit.png","contentUrl":"https:\/\/tendotools.com\/wp-content\/uploads\/2019\/09\/logo-wit.png","width":350,"height":84,"caption":"Tendotools"},"image":{"@id":"https:\/\/tendotools.com\/fr\/#\/schema\/logo\/image\/"}}]}},"brands":[{"id":3414,"name":"Sistemi Klein","slug":"sistemi-klein-fr"}],"_links":{"self":[{"href":"https:\/\/tendotools.com\/fr\/wp-json\/wp\/v2\/product\/13360","targetHints":{"allow":["GET"]}}],"collection":[{"href":"https:\/\/tendotools.com\/fr\/wp-json\/wp\/v2\/product"}],"about":[{"href":"https:\/\/tendotools.com\/fr\/wp-json\/wp\/v2\/types\/product"}],"replies":[{"embeddable":true,"href":"https:\/\/tendotools.com\/fr\/wp-json\/wp\/v2\/comments?post=13360"}],"wp:featuredmedia":[{"embeddable":true,"href":"https:\/\/tendotools.com\/fr\/wp-json\/wp\/v2\/media\/13366"}],"wp:attachment":[{"href":"https:\/\/tendotools.com\/fr\/wp-json\/wp\/v2\/media?parent=13360"}],"wp:term":[{"taxonomy":"pwb-brand","embeddable":true,"href":"https:\/\/tendotools.com\/fr\/wp-json\/wp\/v2\/pwb-brand?post=13360"},{"taxonomy":"product_brand","embeddable":true,"href":"https:\/\/tendotools.com\/fr\/wp-json\/wp\/v2\/product_brand?post=13360"},{"taxonomy":"product_cat","embeddable":true,"href":"https:\/\/tendotools.com\/fr\/wp-json\/wp\/v2\/product_cat?post=13360"},{"taxonomy":"product_tag","embeddable":true,"href":"https:\/\/tendotools.com\/fr\/wp-json\/wp\/v2\/product_tag?post=13360"}],"curies":[{"name":"wp","href":"https:\/\/api.w.org\/{rel}","templated":true}]}}