{"id":14640,"date":"2020-11-12T11:14:48","date_gmt":"2020-11-12T10:14:48","guid":{"rendered":"https:\/\/tendotools.com\/product\/porte-outils-a-inclinaison-variable-0-70-z2-alesage-30mm-o160mm\/"},"modified":"2020-11-12T11:14:48","modified_gmt":"2020-11-12T10:14:48","slug":"porte-outils-a-inclinaison-variable-0-70-z2-alesage-30mm-o160mm","status":"publish","type":"product","link":"https:\/\/tendotools.com\/fr\/produit\/porte-outils-a-inclinaison-variable-0-70-z2-alesage-30mm-o160mm\/","title":{"rendered":"Porte outils \u00e0 inclinaison variable 0\u00b0-70\u00b0 (Z=2) al\u00e9sage 30mm &#8211; \u00d8160mm"},"content":{"rendered":"<p>Cette fraise \u00e0 chanfrein r\u00e9glable avec des plaquettes en carbure de tungst\u00e8ne de haute qualit\u00e9 vous offre une grande flexibilit\u00e9 pour r\u00e9aliser des chanfreins. La fraise est r\u00e9glable des deux c\u00f4t\u00e9s entre 0\u00b0 et 70\u00b0 par incr\u00e9ments de 1\u00b0. Utilisez la fraise \u00e0 la fois pour chanfreiner le bois et les planches. Gr\u00e2ce aux lames en carbure de tungst\u00e8ne, cette fraise \u00e0 rainurer coupe sans effort les planches massives, les bois durs et tendres, le MDF ou les planches lamin\u00e9es.<\/p>\n<p>La hauteur maximale de fraisage \u00e0 0\u00b0 est de 48 mm, \u00e0 70\u00b0 elle est de 15 mm.<\/p>\n","protected":false},"excerpt":{"rendered":"<p>Cette fraise \u00e0 chanfrein r\u00e9glable avec des plaquettes en carbure de tungst\u00e8ne de haute qualit\u00e9 vous offre une grande flexibilit\u00e9 pour r\u00e9aliser des chanfreins. La fraise est r\u00e9glable des deux c\u00f4t\u00e9s entre 0\u00b0 et 70\u00b0 par incr\u00e9ments de 1\u00b0. Utilisez la fraise \u00e0 la fois pour chanfreiner le bois et les planches. Gr\u00e2ce aux lames en carbure de tungst\u00e8ne, cette fraise \u00e0 rainurer coupe sans effort les planches massives, les bois durs et tendres, le MDF ou les planches lamin\u00e9es.<\/p>\n<p>La hauteur maximale de fraisage \u00e0 0\u00b0 est de 48 mm, \u00e0 70\u00b0 elle est de 15 mm.<\/p>\n","protected":false},"featured_media":14629,"comment_status":"open","ping_status":"closed","template":"","meta":{"_acf_changed":false,"_crsspst_to_pihertendotoolscom":false,"_crsspst_to_piherbe":false,"inline_featured_image":false},"pwb-brand":[3426],"product_brand":[],"product_cat":[410],"product_tag":[],"class_list":{"0":"post-14640","1":"product","2":"type-product","3":"status-publish","4":"has-post-thumbnail","6":"pwb-brand-stark-fr","7":"product_cat-porte-outils-30mm","8":"product_shipping_class-regulier-desambiguation","10":"first","11":"instock","12":"taxable","13":"shipping-taxable","14":"purchasable","15":"product-type-simple"},"group_of_quantity":0,"min_quantity":0,"max_quantity":"","exclude_order_quantity_value_rules":"no","exclude_category_quantity_rules":"no","combine_variations":"no","acf":{"composite_product":null,"belangrijkste_eigenschappen":"<ul>\n \t<li>Pour les machines \u00e0 fraiser<\/li>\n \t<li>Fraise \u00e0 chanfreiner<\/li>\n \t<li>R\u00e9glable entre 0\u00b0 et 70\u00b0<\/li>\n \t<li>Incr\u00e9ments de 1\u00b0<\/li>\n \t<li>Pour les panneaux, les panneaux stratifi\u00e9s ou le MDF<\/li>\n \t<li>Pour le coupe des bois durs et tendres<\/li>\n<\/ul>","standaard_uitrusting":"Par pi\u00e8ce","downloads":null,"out_of_stock_message":"","video":""},"yoast_head":"<!-- This site is optimized with the Yoast SEO plugin v26.8 - https:\/\/yoast.com\/product\/yoast-seo-wordpress\/ -->\n<title>Porte outils \u00e0 inclinaison variable 0\u00b0-70\u00b0 (Z=2) al\u00e9sage 30mm - \u00d8160mm - Tendotools<\/title>\n<meta name=\"description\" content=\"Cette fraise \u00e0 chanfrein r\u00e9glable avec des plaquettes en carbure de tungst\u00e8ne de haute qualit\u00e9 vous offre une grande flexibilit\u00e9 pour r\u00e9aliser des chanfreins.\" \/>\n<meta name=\"robots\" content=\"index, follow, max-snippet:-1, max-image-preview:large, max-video-preview:-1\" \/>\n<link rel=\"canonical\" href=\"https:\/\/tendotools.com\/fr\/produit\/porte-outils-a-inclinaison-variable-0-70-z2-alesage-30mm-o160mm\/\" \/>\n<meta property=\"og:locale\" content=\"fr_FR\" \/>\n<meta property=\"og:type\" content=\"article\" \/>\n<meta property=\"og:title\" content=\"Porte outils \u00e0 inclinaison variable 0\u00b0-70\u00b0 (Z=2) al\u00e9sage 30mm - \u00d8160mm - Tendotools\" \/>\n<meta property=\"og:description\" content=\"Cette fraise \u00e0 chanfrein r\u00e9glable avec des plaquettes en carbure de tungst\u00e8ne de haute qualit\u00e9 vous offre une grande flexibilit\u00e9 pour r\u00e9aliser des chanfreins.\" \/>\n<meta property=\"og:url\" content=\"https:\/\/tendotools.com\/fr\/produit\/porte-outils-a-inclinaison-variable-0-70-z2-alesage-30mm-o160mm\/\" \/>\n<meta property=\"og:site_name\" content=\"Tendotools\" \/>\n<meta property=\"og:image\" content=\"https:\/\/tendotools.com\/wp-content\/uploads\/2020\/11\/TH17TM.jpg\" \/>\n\t<meta property=\"og:image:width\" content=\"800\" \/>\n\t<meta property=\"og:image:height\" content=\"800\" \/>\n\t<meta property=\"og:image:type\" content=\"image\/jpeg\" \/>\n<meta name=\"twitter:card\" content=\"summary_large_image\" \/>\n<script type=\"application\/ld+json\" class=\"yoast-schema-graph\">{\"@context\":\"https:\/\/schema.org\",\"@graph\":[{\"@type\":\"WebPage\",\"@id\":\"https:\/\/tendotools.com\/fr\/produit\/porte-outils-a-inclinaison-variable-0-70-z2-alesage-30mm-o160mm\/\",\"url\":\"https:\/\/tendotools.com\/fr\/produit\/porte-outils-a-inclinaison-variable-0-70-z2-alesage-30mm-o160mm\/\",\"name\":\"Porte outils \u00e0 inclinaison variable 0\u00b0-70\u00b0 (Z=2) al\u00e9sage 30mm - \u00d8160mm - Tendotools\",\"isPartOf\":{\"@id\":\"https:\/\/tendotools.com\/fr\/#website\"},\"primaryImageOfPage\":{\"@id\":\"https:\/\/tendotools.com\/fr\/produit\/porte-outils-a-inclinaison-variable-0-70-z2-alesage-30mm-o160mm\/#primaryimage\"},\"image\":{\"@id\":\"https:\/\/tendotools.com\/fr\/produit\/porte-outils-a-inclinaison-variable-0-70-z2-alesage-30mm-o160mm\/#primaryimage\"},\"thumbnailUrl\":\"https:\/\/tendotools.com\/wp-content\/uploads\/2020\/11\/TH17TM.jpg\",\"datePublished\":\"2020-11-12T10:14:48+00:00\",\"description\":\"Cette fraise \u00e0 chanfrein r\u00e9glable avec des plaquettes en carbure de tungst\u00e8ne de haute qualit\u00e9 vous offre une grande flexibilit\u00e9 pour r\u00e9aliser des chanfreins.\",\"breadcrumb\":{\"@id\":\"https:\/\/tendotools.com\/fr\/produit\/porte-outils-a-inclinaison-variable-0-70-z2-alesage-30mm-o160mm\/#breadcrumb\"},\"inLanguage\":\"fr-FR\",\"potentialAction\":[{\"@type\":\"ReadAction\",\"target\":[\"https:\/\/tendotools.com\/fr\/produit\/porte-outils-a-inclinaison-variable-0-70-z2-alesage-30mm-o160mm\/\"]}]},{\"@type\":\"ImageObject\",\"inLanguage\":\"fr-FR\",\"@id\":\"https:\/\/tendotools.com\/fr\/produit\/porte-outils-a-inclinaison-variable-0-70-z2-alesage-30mm-o160mm\/#primaryimage\",\"url\":\"https:\/\/tendotools.com\/wp-content\/uploads\/2020\/11\/TH17TM.jpg\",\"contentUrl\":\"https:\/\/tendotools.com\/wp-content\/uploads\/2020\/11\/TH17TM.jpg\",\"width\":800,\"height\":800},{\"@type\":\"BreadcrumbList\",\"@id\":\"https:\/\/tendotools.com\/fr\/produit\/porte-outils-a-inclinaison-variable-0-70-z2-alesage-30mm-o160mm\/#breadcrumb\",\"itemListElement\":[{\"@type\":\"ListItem\",\"position\":1,\"name\":\"Home\",\"item\":\"https:\/\/tendotools.com\/fr\/\"},{\"@type\":\"ListItem\",\"position\":2,\"name\":\"Shop\",\"item\":\"https:\/\/tendotools.com\/fr\/boutique\/\"},{\"@type\":\"ListItem\",\"position\":3,\"name\":\"Porte outils \u00e0 inclinaison variable 0\u00b0-70\u00b0 (Z=2) al\u00e9sage 30mm &#8211; \u00d8160mm\"}]},{\"@type\":\"WebSite\",\"@id\":\"https:\/\/tendotools.com\/fr\/#website\",\"url\":\"https:\/\/tendotools.com\/fr\/\",\"name\":\"Tendotools\",\"description\":\"\",\"publisher\":{\"@id\":\"https:\/\/tendotools.com\/fr\/#organization\"},\"potentialAction\":[{\"@type\":\"SearchAction\",\"target\":{\"@type\":\"EntryPoint\",\"urlTemplate\":\"https:\/\/tendotools.com\/fr\/?s={search_term_string}\"},\"query-input\":{\"@type\":\"PropertyValueSpecification\",\"valueRequired\":true,\"valueName\":\"search_term_string\"}}],\"inLanguage\":\"fr-FR\"},{\"@type\":\"Organization\",\"@id\":\"https:\/\/tendotools.com\/fr\/#organization\",\"name\":\"Tendotools\",\"url\":\"https:\/\/tendotools.com\/fr\/\",\"logo\":{\"@type\":\"ImageObject\",\"inLanguage\":\"fr-FR\",\"@id\":\"https:\/\/tendotools.com\/fr\/#\/schema\/logo\/image\/\",\"url\":\"https:\/\/tendotools.com\/wp-content\/uploads\/2019\/09\/logo-wit.png\",\"contentUrl\":\"https:\/\/tendotools.com\/wp-content\/uploads\/2019\/09\/logo-wit.png\",\"width\":350,\"height\":84,\"caption\":\"Tendotools\"},\"image\":{\"@id\":\"https:\/\/tendotools.com\/fr\/#\/schema\/logo\/image\/\"}}]}<\/script>\n<!-- \/ Yoast SEO plugin. -->","yoast_head_json":{"title":"Porte outils \u00e0 inclinaison variable 0\u00b0-70\u00b0 (Z=2) al\u00e9sage 30mm - \u00d8160mm - Tendotools","description":"Cette fraise \u00e0 chanfrein r\u00e9glable avec des plaquettes en carbure de tungst\u00e8ne de haute qualit\u00e9 vous offre une grande flexibilit\u00e9 pour r\u00e9aliser des chanfreins.","robots":{"index":"index","follow":"follow","max-snippet":"max-snippet:-1","max-image-preview":"max-image-preview:large","max-video-preview":"max-video-preview:-1"},"canonical":"https:\/\/tendotools.com\/fr\/produit\/porte-outils-a-inclinaison-variable-0-70-z2-alesage-30mm-o160mm\/","og_locale":"fr_FR","og_type":"article","og_title":"Porte outils \u00e0 inclinaison variable 0\u00b0-70\u00b0 (Z=2) al\u00e9sage 30mm - \u00d8160mm - Tendotools","og_description":"Cette fraise \u00e0 chanfrein r\u00e9glable avec des plaquettes en carbure de tungst\u00e8ne de haute qualit\u00e9 vous offre une grande flexibilit\u00e9 pour r\u00e9aliser des chanfreins.","og_url":"https:\/\/tendotools.com\/fr\/produit\/porte-outils-a-inclinaison-variable-0-70-z2-alesage-30mm-o160mm\/","og_site_name":"Tendotools","og_image":[{"width":800,"height":800,"url":"https:\/\/tendotools.com\/wp-content\/uploads\/2020\/11\/TH17TM.jpg","type":"image\/jpeg"}],"twitter_card":"summary_large_image","schema":{"@context":"https:\/\/schema.org","@graph":[{"@type":"WebPage","@id":"https:\/\/tendotools.com\/fr\/produit\/porte-outils-a-inclinaison-variable-0-70-z2-alesage-30mm-o160mm\/","url":"https:\/\/tendotools.com\/fr\/produit\/porte-outils-a-inclinaison-variable-0-70-z2-alesage-30mm-o160mm\/","name":"Porte outils \u00e0 inclinaison variable 0\u00b0-70\u00b0 (Z=2) al\u00e9sage 30mm - \u00d8160mm - Tendotools","isPartOf":{"@id":"https:\/\/tendotools.com\/fr\/#website"},"primaryImageOfPage":{"@id":"https:\/\/tendotools.com\/fr\/produit\/porte-outils-a-inclinaison-variable-0-70-z2-alesage-30mm-o160mm\/#primaryimage"},"image":{"@id":"https:\/\/tendotools.com\/fr\/produit\/porte-outils-a-inclinaison-variable-0-70-z2-alesage-30mm-o160mm\/#primaryimage"},"thumbnailUrl":"https:\/\/tendotools.com\/wp-content\/uploads\/2020\/11\/TH17TM.jpg","datePublished":"2020-11-12T10:14:48+00:00","description":"Cette fraise \u00e0 chanfrein r\u00e9glable avec des plaquettes en carbure de tungst\u00e8ne de haute qualit\u00e9 vous offre une grande flexibilit\u00e9 pour r\u00e9aliser des chanfreins.","breadcrumb":{"@id":"https:\/\/tendotools.com\/fr\/produit\/porte-outils-a-inclinaison-variable-0-70-z2-alesage-30mm-o160mm\/#breadcrumb"},"inLanguage":"fr-FR","potentialAction":[{"@type":"ReadAction","target":["https:\/\/tendotools.com\/fr\/produit\/porte-outils-a-inclinaison-variable-0-70-z2-alesage-30mm-o160mm\/"]}]},{"@type":"ImageObject","inLanguage":"fr-FR","@id":"https:\/\/tendotools.com\/fr\/produit\/porte-outils-a-inclinaison-variable-0-70-z2-alesage-30mm-o160mm\/#primaryimage","url":"https:\/\/tendotools.com\/wp-content\/uploads\/2020\/11\/TH17TM.jpg","contentUrl":"https:\/\/tendotools.com\/wp-content\/uploads\/2020\/11\/TH17TM.jpg","width":800,"height":800},{"@type":"BreadcrumbList","@id":"https:\/\/tendotools.com\/fr\/produit\/porte-outils-a-inclinaison-variable-0-70-z2-alesage-30mm-o160mm\/#breadcrumb","itemListElement":[{"@type":"ListItem","position":1,"name":"Home","item":"https:\/\/tendotools.com\/fr\/"},{"@type":"ListItem","position":2,"name":"Shop","item":"https:\/\/tendotools.com\/fr\/boutique\/"},{"@type":"ListItem","position":3,"name":"Porte outils \u00e0 inclinaison variable 0\u00b0-70\u00b0 (Z=2) al\u00e9sage 30mm &#8211; \u00d8160mm"}]},{"@type":"WebSite","@id":"https:\/\/tendotools.com\/fr\/#website","url":"https:\/\/tendotools.com\/fr\/","name":"Tendotools","description":"","publisher":{"@id":"https:\/\/tendotools.com\/fr\/#organization"},"potentialAction":[{"@type":"SearchAction","target":{"@type":"EntryPoint","urlTemplate":"https:\/\/tendotools.com\/fr\/?s={search_term_string}"},"query-input":{"@type":"PropertyValueSpecification","valueRequired":true,"valueName":"search_term_string"}}],"inLanguage":"fr-FR"},{"@type":"Organization","@id":"https:\/\/tendotools.com\/fr\/#organization","name":"Tendotools","url":"https:\/\/tendotools.com\/fr\/","logo":{"@type":"ImageObject","inLanguage":"fr-FR","@id":"https:\/\/tendotools.com\/fr\/#\/schema\/logo\/image\/","url":"https:\/\/tendotools.com\/wp-content\/uploads\/2019\/09\/logo-wit.png","contentUrl":"https:\/\/tendotools.com\/wp-content\/uploads\/2019\/09\/logo-wit.png","width":350,"height":84,"caption":"Tendotools"},"image":{"@id":"https:\/\/tendotools.com\/fr\/#\/schema\/logo\/image\/"}}]}},"brands":[{"id":3426,"name":"Stark","slug":"stark-fr"}],"_links":{"self":[{"href":"https:\/\/tendotools.com\/fr\/wp-json\/wp\/v2\/product\/14640","targetHints":{"allow":["GET"]}}],"collection":[{"href":"https:\/\/tendotools.com\/fr\/wp-json\/wp\/v2\/product"}],"about":[{"href":"https:\/\/tendotools.com\/fr\/wp-json\/wp\/v2\/types\/product"}],"replies":[{"embeddable":true,"href":"https:\/\/tendotools.com\/fr\/wp-json\/wp\/v2\/comments?post=14640"}],"wp:featuredmedia":[{"embeddable":true,"href":"https:\/\/tendotools.com\/fr\/wp-json\/wp\/v2\/media\/14629"}],"wp:attachment":[{"href":"https:\/\/tendotools.com\/fr\/wp-json\/wp\/v2\/media?parent=14640"}],"wp:term":[{"taxonomy":"pwb-brand","embeddable":true,"href":"https:\/\/tendotools.com\/fr\/wp-json\/wp\/v2\/pwb-brand?post=14640"},{"taxonomy":"product_brand","embeddable":true,"href":"https:\/\/tendotools.com\/fr\/wp-json\/wp\/v2\/product_brand?post=14640"},{"taxonomy":"product_cat","embeddable":true,"href":"https:\/\/tendotools.com\/fr\/wp-json\/wp\/v2\/product_cat?post=14640"},{"taxonomy":"product_tag","embeddable":true,"href":"https:\/\/tendotools.com\/fr\/wp-json\/wp\/v2\/product_tag?post=14640"}],"curies":[{"name":"wp","href":"https:\/\/api.w.org\/{rel}","templated":true}]}}