{"id":15232,"date":"2020-11-17T09:35:22","date_gmt":"2020-11-17T08:35:22","guid":{"rendered":"https:\/\/tendotools.com\/product\/air-flux-dusty-af-750mdc-aspirateur-pour-metal-230v-1cv\/"},"modified":"2025-01-08T14:59:37","modified_gmt":"2025-01-08T13:59:37","slug":"air-flux-dusty-af-1100mdc-aspirateur-pour-metail-230v-1cv","status":"publish","type":"product","link":"https:\/\/tendotools.com\/fr\/produit\/air-flux-dusty-af-1100mdc-aspirateur-pour-metail-230v-1cv\/","title":{"rendered":"Flux d\u2019air poussi\u00e9reux AF-1100MDC Extraction de poussi\u00e8re pour m\u00e9tal &#8211; 230V 1PK"},"content":{"rendered":"<p>L\u2019Air Flux\u00ae Dusty AF-1100MDC est un aspirateur m\u00e9tallique compact et vertical dot\u00e9 d\u2019un puissant moteur \u00e0 induction de 230V et 1HP. Le ch\u00e2ssis en acier en combinaison avec un lame de rotor de 280mm vous assurent une collecte efficace des poussi\u00e8res m\u00e9talliques. La poussi\u00e8re est collect\u00e9 dans un f\u00fbt de 30L. Le Dusty AF-1100MDC est \u00e9quip\u00e9 de deux entr\u00e9es de port de poussi\u00e8re de 100 mm.<\/p>\n<p>Convient pour les ponceuses \u00e0 m\u00e9taux, les ponceuses \u00e0 pied, les machines \u00e0 chanfreiner et autres machines \u00e0 travailler les m\u00e9taux.<\/p>\n","protected":false},"excerpt":{"rendered":"<p>L\u2019Air Flux\u00ae Dusty AF-1100MDC est un aspirateur m\u00e9tallique compact et vertical dot\u00e9 d\u2019un puissant moteur \u00e0 induction de 230V et 1HP. Le ch\u00e2ssis en acier en combinaison avec un lame de rotor de 280mm vous assurent une collecte efficace des poussi\u00e8res m\u00e9talliques. La poussi\u00e8re est collect\u00e9 dans un f\u00fbt de 30L. Le Dusty AF-1100MDC est \u00e9quip\u00e9 de deux entr\u00e9es de port de poussi\u00e8re de 100 mm.<\/p>\n<p>Convient pour les ponceuses \u00e0 m\u00e9taux, les ponceuses \u00e0 pied, les machines \u00e0 chanfreiner et autres machines \u00e0 travailler les m\u00e9taux.<\/p>\n","protected":false},"featured_media":15224,"comment_status":"open","ping_status":"closed","template":"","meta":{"_acf_changed":false,"_crsspst_to_pihertendotoolscom":false,"_crsspst_to_piherbe":false,"inline_featured_image":false},"pwb-brand":[3418],"product_brand":[],"product_cat":[419],"product_tag":[],"class_list":{"0":"post-15232","1":"product","2":"type-product","3":"status-publish","4":"has-post-thumbnail","6":"pwb-brand-air-flux-fr","7":"product_cat-installation-daspiration","8":"product_shipping_class-regulier-desambiguation","10":"first","11":"instock","12":"taxable","13":"shipping-taxable","14":"purchasable","15":"product-type-simple"},"group_of_quantity":0,"min_quantity":0,"max_quantity":"","exclude_order_quantity_value_rules":"no","exclude_category_quantity_rules":"no","combine_variations":"no","acf":{"composite_product":"","belangrijkste_eigenschappen":"<ul>\n \t<li>Moteur \u00e0 induction puissante avec protection ALU<\/li>\n \t<li>Interrupteur de s\u00e9curit\u00e9 magnetique<\/li>\n \t<li>Grand tiroir (30L)<\/li>\n \t<li>Deux portes pour se connecter avec plusieurs machines<\/li>\n \t<li>Construction verticale et compacte<\/li>\n \t<li>H\u00e9lice en acier<\/li>\n \t<li>Construction solide<\/li>\n<\/ul>","standaard_uitrusting":"par pi\u00e8ce","downloads":null,"out_of_stock_message":"","video":""},"yoast_head":"<!-- This site is optimized with the Yoast SEO plugin v26.8 - https:\/\/yoast.com\/product\/yoast-seo-wordpress\/ -->\n<title>Flux d\u2019air poussi\u00e9reux AF-1100MDC Extraction de poussi\u00e8re pour m\u00e9tal - 230V 1PK - Tendotools<\/title>\n<meta name=\"description\" content=\"L\u2019Air Flux\u00ae Dusty AF-1100MDC est un aspirateur m\u00e9tallique compact et vertical, adapt\u00e9 aux ponceuses de m\u00e9taux et autres machines m\u00e9talliques.\" \/>\n<meta name=\"robots\" content=\"index, follow, max-snippet:-1, max-image-preview:large, max-video-preview:-1\" \/>\n<link rel=\"canonical\" href=\"https:\/\/tendotools.com\/fr\/produit\/air-flux-dusty-af-1100mdc-aspirateur-pour-metail-230v-1cv\/\" \/>\n<meta property=\"og:locale\" content=\"fr_FR\" \/>\n<meta property=\"og:type\" content=\"article\" \/>\n<meta property=\"og:title\" content=\"Flux d\u2019air poussi\u00e9reux AF-1100MDC Extraction de poussi\u00e8re pour m\u00e9tal - 230V 1PK - Tendotools\" \/>\n<meta property=\"og:description\" content=\"L\u2019Air Flux\u00ae Dusty AF-1100MDC est un aspirateur m\u00e9tallique compact et vertical, adapt\u00e9 aux ponceuses de m\u00e9taux et autres machines m\u00e9talliques.\" \/>\n<meta property=\"og:url\" content=\"https:\/\/tendotools.com\/fr\/produit\/air-flux-dusty-af-1100mdc-aspirateur-pour-metail-230v-1cv\/\" \/>\n<meta property=\"og:site_name\" content=\"Tendotools\" \/>\n<meta property=\"article:modified_time\" content=\"2025-01-08T13:59:37+00:00\" \/>\n<meta property=\"og:image\" content=\"https:\/\/tendotools.com\/wp-content\/uploads\/2020\/11\/AirFluxDusty750MDCAF_1.jpg\" \/>\n\t<meta property=\"og:image:width\" content=\"800\" \/>\n\t<meta property=\"og:image:height\" content=\"800\" \/>\n\t<meta property=\"og:image:type\" content=\"image\/jpeg\" \/>\n<meta name=\"twitter:card\" content=\"summary_large_image\" \/>\n<meta name=\"twitter:label1\" content=\"Dur\u00e9e de lecture estim\u00e9e\" \/>\n\t<meta name=\"twitter:data1\" content=\"1 minute\" \/>\n<script type=\"application\/ld+json\" class=\"yoast-schema-graph\">{\"@context\":\"https:\/\/schema.org\",\"@graph\":[{\"@type\":\"WebPage\",\"@id\":\"https:\/\/tendotools.com\/fr\/produit\/air-flux-dusty-af-1100mdc-aspirateur-pour-metail-230v-1cv\/\",\"url\":\"https:\/\/tendotools.com\/fr\/produit\/air-flux-dusty-af-1100mdc-aspirateur-pour-metail-230v-1cv\/\",\"name\":\"Flux d\u2019air poussi\u00e9reux AF-1100MDC Extraction de poussi\u00e8re pour m\u00e9tal - 230V 1PK - Tendotools\",\"isPartOf\":{\"@id\":\"https:\/\/tendotools.com\/fr\/#website\"},\"primaryImageOfPage\":{\"@id\":\"https:\/\/tendotools.com\/fr\/produit\/air-flux-dusty-af-1100mdc-aspirateur-pour-metail-230v-1cv\/#primaryimage\"},\"image\":{\"@id\":\"https:\/\/tendotools.com\/fr\/produit\/air-flux-dusty-af-1100mdc-aspirateur-pour-metail-230v-1cv\/#primaryimage\"},\"thumbnailUrl\":\"https:\/\/tendotools.com\/wp-content\/uploads\/2020\/11\/AirFluxDusty750MDCAF_1.jpg\",\"datePublished\":\"2020-11-17T08:35:22+00:00\",\"dateModified\":\"2025-01-08T13:59:37+00:00\",\"description\":\"L\u2019Air Flux\u00ae Dusty AF-1100MDC est un aspirateur m\u00e9tallique compact et vertical, adapt\u00e9 aux ponceuses de m\u00e9taux et autres machines m\u00e9talliques.\",\"breadcrumb\":{\"@id\":\"https:\/\/tendotools.com\/fr\/produit\/air-flux-dusty-af-1100mdc-aspirateur-pour-metail-230v-1cv\/#breadcrumb\"},\"inLanguage\":\"fr-FR\",\"potentialAction\":[{\"@type\":\"ReadAction\",\"target\":[\"https:\/\/tendotools.com\/fr\/produit\/air-flux-dusty-af-1100mdc-aspirateur-pour-metail-230v-1cv\/\"]}]},{\"@type\":\"ImageObject\",\"inLanguage\":\"fr-FR\",\"@id\":\"https:\/\/tendotools.com\/fr\/produit\/air-flux-dusty-af-1100mdc-aspirateur-pour-metail-230v-1cv\/#primaryimage\",\"url\":\"https:\/\/tendotools.com\/wp-content\/uploads\/2020\/11\/AirFluxDusty750MDCAF_1.jpg\",\"contentUrl\":\"https:\/\/tendotools.com\/wp-content\/uploads\/2020\/11\/AirFluxDusty750MDCAF_1.jpg\",\"width\":800,\"height\":800},{\"@type\":\"BreadcrumbList\",\"@id\":\"https:\/\/tendotools.com\/fr\/produit\/air-flux-dusty-af-1100mdc-aspirateur-pour-metail-230v-1cv\/#breadcrumb\",\"itemListElement\":[{\"@type\":\"ListItem\",\"position\":1,\"name\":\"Home\",\"item\":\"https:\/\/tendotools.com\/fr\/\"},{\"@type\":\"ListItem\",\"position\":2,\"name\":\"Shop\",\"item\":\"https:\/\/tendotools.com\/fr\/boutique\/\"},{\"@type\":\"ListItem\",\"position\":3,\"name\":\"Flux d\u2019air poussi\u00e9reux AF-1100MDC Extraction de poussi\u00e8re pour m\u00e9tal &#8211; 230V 1PK\"}]},{\"@type\":\"WebSite\",\"@id\":\"https:\/\/tendotools.com\/fr\/#website\",\"url\":\"https:\/\/tendotools.com\/fr\/\",\"name\":\"Tendotools\",\"description\":\"\",\"publisher\":{\"@id\":\"https:\/\/tendotools.com\/fr\/#organization\"},\"potentialAction\":[{\"@type\":\"SearchAction\",\"target\":{\"@type\":\"EntryPoint\",\"urlTemplate\":\"https:\/\/tendotools.com\/fr\/?s={search_term_string}\"},\"query-input\":{\"@type\":\"PropertyValueSpecification\",\"valueRequired\":true,\"valueName\":\"search_term_string\"}}],\"inLanguage\":\"fr-FR\"},{\"@type\":\"Organization\",\"@id\":\"https:\/\/tendotools.com\/fr\/#organization\",\"name\":\"Tendotools\",\"url\":\"https:\/\/tendotools.com\/fr\/\",\"logo\":{\"@type\":\"ImageObject\",\"inLanguage\":\"fr-FR\",\"@id\":\"https:\/\/tendotools.com\/fr\/#\/schema\/logo\/image\/\",\"url\":\"https:\/\/tendotools.com\/wp-content\/uploads\/2019\/09\/logo-wit.png\",\"contentUrl\":\"https:\/\/tendotools.com\/wp-content\/uploads\/2019\/09\/logo-wit.png\",\"width\":350,\"height\":84,\"caption\":\"Tendotools\"},\"image\":{\"@id\":\"https:\/\/tendotools.com\/fr\/#\/schema\/logo\/image\/\"}}]}<\/script>\n<!-- \/ Yoast SEO plugin. -->","yoast_head_json":{"title":"Flux d\u2019air poussi\u00e9reux AF-1100MDC Extraction de poussi\u00e8re pour m\u00e9tal - 230V 1PK - Tendotools","description":"L\u2019Air Flux\u00ae Dusty AF-1100MDC est un aspirateur m\u00e9tallique compact et vertical, adapt\u00e9 aux ponceuses de m\u00e9taux et autres machines m\u00e9talliques.","robots":{"index":"index","follow":"follow","max-snippet":"max-snippet:-1","max-image-preview":"max-image-preview:large","max-video-preview":"max-video-preview:-1"},"canonical":"https:\/\/tendotools.com\/fr\/produit\/air-flux-dusty-af-1100mdc-aspirateur-pour-metail-230v-1cv\/","og_locale":"fr_FR","og_type":"article","og_title":"Flux d\u2019air poussi\u00e9reux AF-1100MDC Extraction de poussi\u00e8re pour m\u00e9tal - 230V 1PK - Tendotools","og_description":"L\u2019Air Flux\u00ae Dusty AF-1100MDC est un aspirateur m\u00e9tallique compact et vertical, adapt\u00e9 aux ponceuses de m\u00e9taux et autres machines m\u00e9talliques.","og_url":"https:\/\/tendotools.com\/fr\/produit\/air-flux-dusty-af-1100mdc-aspirateur-pour-metail-230v-1cv\/","og_site_name":"Tendotools","article_modified_time":"2025-01-08T13:59:37+00:00","og_image":[{"width":800,"height":800,"url":"https:\/\/tendotools.com\/wp-content\/uploads\/2020\/11\/AirFluxDusty750MDCAF_1.jpg","type":"image\/jpeg"}],"twitter_card":"summary_large_image","twitter_misc":{"Dur\u00e9e de lecture estim\u00e9e":"1 minute"},"schema":{"@context":"https:\/\/schema.org","@graph":[{"@type":"WebPage","@id":"https:\/\/tendotools.com\/fr\/produit\/air-flux-dusty-af-1100mdc-aspirateur-pour-metail-230v-1cv\/","url":"https:\/\/tendotools.com\/fr\/produit\/air-flux-dusty-af-1100mdc-aspirateur-pour-metail-230v-1cv\/","name":"Flux d\u2019air poussi\u00e9reux AF-1100MDC Extraction de poussi\u00e8re pour m\u00e9tal - 230V 1PK - Tendotools","isPartOf":{"@id":"https:\/\/tendotools.com\/fr\/#website"},"primaryImageOfPage":{"@id":"https:\/\/tendotools.com\/fr\/produit\/air-flux-dusty-af-1100mdc-aspirateur-pour-metail-230v-1cv\/#primaryimage"},"image":{"@id":"https:\/\/tendotools.com\/fr\/produit\/air-flux-dusty-af-1100mdc-aspirateur-pour-metail-230v-1cv\/#primaryimage"},"thumbnailUrl":"https:\/\/tendotools.com\/wp-content\/uploads\/2020\/11\/AirFluxDusty750MDCAF_1.jpg","datePublished":"2020-11-17T08:35:22+00:00","dateModified":"2025-01-08T13:59:37+00:00","description":"L\u2019Air Flux\u00ae Dusty AF-1100MDC est un aspirateur m\u00e9tallique compact et vertical, adapt\u00e9 aux ponceuses de m\u00e9taux et autres machines m\u00e9talliques.","breadcrumb":{"@id":"https:\/\/tendotools.com\/fr\/produit\/air-flux-dusty-af-1100mdc-aspirateur-pour-metail-230v-1cv\/#breadcrumb"},"inLanguage":"fr-FR","potentialAction":[{"@type":"ReadAction","target":["https:\/\/tendotools.com\/fr\/produit\/air-flux-dusty-af-1100mdc-aspirateur-pour-metail-230v-1cv\/"]}]},{"@type":"ImageObject","inLanguage":"fr-FR","@id":"https:\/\/tendotools.com\/fr\/produit\/air-flux-dusty-af-1100mdc-aspirateur-pour-metail-230v-1cv\/#primaryimage","url":"https:\/\/tendotools.com\/wp-content\/uploads\/2020\/11\/AirFluxDusty750MDCAF_1.jpg","contentUrl":"https:\/\/tendotools.com\/wp-content\/uploads\/2020\/11\/AirFluxDusty750MDCAF_1.jpg","width":800,"height":800},{"@type":"BreadcrumbList","@id":"https:\/\/tendotools.com\/fr\/produit\/air-flux-dusty-af-1100mdc-aspirateur-pour-metail-230v-1cv\/#breadcrumb","itemListElement":[{"@type":"ListItem","position":1,"name":"Home","item":"https:\/\/tendotools.com\/fr\/"},{"@type":"ListItem","position":2,"name":"Shop","item":"https:\/\/tendotools.com\/fr\/boutique\/"},{"@type":"ListItem","position":3,"name":"Flux d\u2019air poussi\u00e9reux AF-1100MDC Extraction de poussi\u00e8re pour m\u00e9tal &#8211; 230V 1PK"}]},{"@type":"WebSite","@id":"https:\/\/tendotools.com\/fr\/#website","url":"https:\/\/tendotools.com\/fr\/","name":"Tendotools","description":"","publisher":{"@id":"https:\/\/tendotools.com\/fr\/#organization"},"potentialAction":[{"@type":"SearchAction","target":{"@type":"EntryPoint","urlTemplate":"https:\/\/tendotools.com\/fr\/?s={search_term_string}"},"query-input":{"@type":"PropertyValueSpecification","valueRequired":true,"valueName":"search_term_string"}}],"inLanguage":"fr-FR"},{"@type":"Organization","@id":"https:\/\/tendotools.com\/fr\/#organization","name":"Tendotools","url":"https:\/\/tendotools.com\/fr\/","logo":{"@type":"ImageObject","inLanguage":"fr-FR","@id":"https:\/\/tendotools.com\/fr\/#\/schema\/logo\/image\/","url":"https:\/\/tendotools.com\/wp-content\/uploads\/2019\/09\/logo-wit.png","contentUrl":"https:\/\/tendotools.com\/wp-content\/uploads\/2019\/09\/logo-wit.png","width":350,"height":84,"caption":"Tendotools"},"image":{"@id":"https:\/\/tendotools.com\/fr\/#\/schema\/logo\/image\/"}}]}},"brands":[{"id":3418,"name":"Air Flux","slug":"air-flux-fr"}],"_links":{"self":[{"href":"https:\/\/tendotools.com\/fr\/wp-json\/wp\/v2\/product\/15232","targetHints":{"allow":["GET"]}}],"collection":[{"href":"https:\/\/tendotools.com\/fr\/wp-json\/wp\/v2\/product"}],"about":[{"href":"https:\/\/tendotools.com\/fr\/wp-json\/wp\/v2\/types\/product"}],"replies":[{"embeddable":true,"href":"https:\/\/tendotools.com\/fr\/wp-json\/wp\/v2\/comments?post=15232"}],"wp:featuredmedia":[{"embeddable":true,"href":"https:\/\/tendotools.com\/fr\/wp-json\/wp\/v2\/media\/15224"}],"wp:attachment":[{"href":"https:\/\/tendotools.com\/fr\/wp-json\/wp\/v2\/media?parent=15232"}],"wp:term":[{"taxonomy":"pwb-brand","embeddable":true,"href":"https:\/\/tendotools.com\/fr\/wp-json\/wp\/v2\/pwb-brand?post=15232"},{"taxonomy":"product_brand","embeddable":true,"href":"https:\/\/tendotools.com\/fr\/wp-json\/wp\/v2\/product_brand?post=15232"},{"taxonomy":"product_cat","embeddable":true,"href":"https:\/\/tendotools.com\/fr\/wp-json\/wp\/v2\/product_cat?post=15232"},{"taxonomy":"product_tag","embeddable":true,"href":"https:\/\/tendotools.com\/fr\/wp-json\/wp\/v2\/product_tag?post=15232"}],"curies":[{"name":"wp","href":"https:\/\/api.w.org\/{rel}","templated":true}]}}