{"id":15371,"date":"2020-11-17T13:56:26","date_gmt":"2020-11-17T12:56:26","guid":{"rendered":"https:\/\/tendotools.com\/?post_type=product&#038;p=15371"},"modified":"2020-11-17T14:01:49","modified_gmt":"2020-11-17T13:01:49","slug":"cartouche-filtrant-510b-af-1%c2%b5m-pour-aspirateur-air-flux-3000af-6000af","status":"publish","type":"product","link":"https:\/\/tendotools.com\/fr\/produit\/cartouche-filtrant-510b-af-1%c2%b5m-pour-aspirateur-air-flux-3000af-6000af\/","title":{"rendered":"Cartouche filtrant 510B-AF 1\u00b5m pour aspirateur Air Flux 3000AF \u2013 6000AF"},"content":{"rendered":"<p>Une mise \u00e0 jour facile pour am\u00e9liorer la filtration de votre aspirateur Air Flux 3000AF ou 6000AF jusqu&#8217;\u00e0 30 fois. Le filtre pliss\u00e9 capture la poussi\u00e8re jusqu&#8217;\u00e0 1\u00b5m, contre 30 microns pour le sac filtrant standard et 5 microns pour le sac filtrant am\u00e9lior\u00e9 fibre. . Le filtre est autonettoyant gr\u00e2ce au levier situ\u00e9 en haut de la cartouche. Il suffit de tourner la poign\u00e9e pour enlever la poussi\u00e8re des plis du filtre et elle tombe dans le fond du sac \u00e0 r\u00e9sidus en PVC fourni.<\/p>\n","protected":false},"excerpt":{"rendered":"<p>Une mise \u00e0 jour facile pour am\u00e9liorer la filtration de votre aspirateur Air Flux 3000AF ou 6000AF jusqu&#8217;\u00e0 30 fois. Le filtre pliss\u00e9 capture la poussi\u00e8re jusqu&#8217;\u00e0 1\u00b5m, contre 30 microns pour le sac filtrant standard et 5 microns pour le sac filtrant am\u00e9lior\u00e9 fibre. . Le filtre est autonettoyant gr\u00e2ce au levier situ\u00e9 en haut de la cartouche. Il suffit de tourner la poign\u00e9e pour enlever la poussi\u00e8re des plis du filtre et elle tombe dans le fond du sac \u00e0 r\u00e9sidus en PVC fourni.<\/p>\n","protected":false},"featured_media":15374,"comment_status":"open","ping_status":"closed","template":"","meta":{"_acf_changed":false,"_crsspst_to_pihertendotoolscom":false,"_crsspst_to_piherbe":false,"inline_featured_image":false},"pwb-brand":[3418],"product_brand":[],"product_cat":[420],"product_tag":[],"class_list":{"0":"post-15371","1":"product","2":"type-product","3":"status-publish","4":"has-post-thumbnail","6":"pwb-brand-air-flux-fr","7":"product_cat-accessoires-fr-3","8":"product_shipping_class-regulier-desambiguation","10":"first","11":"instock","12":"taxable","13":"shipping-taxable","14":"purchasable","15":"product-type-simple"},"group_of_quantity":0,"min_quantity":0,"max_quantity":"","exclude_order_quantity_value_rules":"no","exclude_category_quantity_rules":"no","combine_variations":"no","acf":{"composite_product":null,"belangrijkste_eigenschappen":"<ul>\n \t<li>Cadre en acier avec filtre \u00e0 l'int\u00e9rieur<\/li>\n \t<li>Des joints en caoutchouc pour une bonne \u00e9tanch\u00e9it\u00e9<\/li>\n \t<li>Poign\u00e9e pour enlever la poussi\u00e8re des plis<\/li>\n \t<li>Y compris clip de ceinture et sac de collecte en plastique<\/li>\n \t<li>Pour Air Flux Dusty 3000AF ou Air Flux Dusty 6000AF<\/li>\n<\/ul>","standaard_uitrusting":"Par pi\u00e8ce","downloads":null,"out_of_stock_message":"","video":""},"yoast_head":"<!-- This site is optimized with the Yoast SEO plugin v26.8 - https:\/\/yoast.com\/product\/yoast-seo-wordpress\/ -->\n<title>Cartouche filtrant 510B-AF 1\u00b5m pour aspirateur Air Flux 3000AF \u2013 6000AF - Tendotools<\/title>\n<meta name=\"description\" content=\"Une mise \u00e0 jour facile pour am\u00e9liorer la filtration de votre aspirateur Air Flux 1020AF jusqu&#039;\u00e0 30 fois. Filtrationt jusqu&#039;\u00e0 1\u00b5m.\" \/>\n<meta name=\"robots\" content=\"index, follow, max-snippet:-1, max-image-preview:large, max-video-preview:-1\" \/>\n<link rel=\"canonical\" href=\"https:\/\/tendotools.com\/fr\/produit\/cartouche-filtrant-510b-af-1%c2%b5m-pour-aspirateur-air-flux-3000af-6000af\/\" \/>\n<meta property=\"og:locale\" content=\"fr_FR\" \/>\n<meta property=\"og:type\" content=\"article\" \/>\n<meta property=\"og:title\" content=\"Cartouche filtrant 510B-AF 1\u00b5m pour aspirateur Air Flux 3000AF \u2013 6000AF - Tendotools\" \/>\n<meta property=\"og:description\" content=\"Une mise \u00e0 jour facile pour am\u00e9liorer la filtration de votre aspirateur Air Flux 1020AF jusqu&#039;\u00e0 30 fois. Filtrationt jusqu&#039;\u00e0 1\u00b5m.\" \/>\n<meta property=\"og:url\" content=\"https:\/\/tendotools.com\/fr\/produit\/cartouche-filtrant-510b-af-1%c2%b5m-pour-aspirateur-air-flux-3000af-6000af\/\" \/>\n<meta property=\"og:site_name\" content=\"Tendotools\" \/>\n<meta property=\"article:modified_time\" content=\"2020-11-17T13:01:49+00:00\" \/>\n<meta property=\"og:image\" content=\"https:\/\/tendotools.com\/wp-content\/uploads\/2020\/11\/3DUC1220-1.jpg\" \/>\n\t<meta property=\"og:image:width\" content=\"800\" \/>\n\t<meta property=\"og:image:height\" content=\"800\" \/>\n\t<meta property=\"og:image:type\" content=\"image\/jpeg\" \/>\n<meta name=\"twitter:card\" content=\"summary_large_image\" \/>\n<script type=\"application\/ld+json\" class=\"yoast-schema-graph\">{\"@context\":\"https:\/\/schema.org\",\"@graph\":[{\"@type\":\"WebPage\",\"@id\":\"https:\/\/tendotools.com\/fr\/produit\/cartouche-filtrant-510b-af-1%c2%b5m-pour-aspirateur-air-flux-3000af-6000af\/\",\"url\":\"https:\/\/tendotools.com\/fr\/produit\/cartouche-filtrant-510b-af-1%c2%b5m-pour-aspirateur-air-flux-3000af-6000af\/\",\"name\":\"Cartouche filtrant 510B-AF 1\u00b5m pour aspirateur Air Flux 3000AF \u2013 6000AF - Tendotools\",\"isPartOf\":{\"@id\":\"https:\/\/tendotools.com\/fr\/#website\"},\"primaryImageOfPage\":{\"@id\":\"https:\/\/tendotools.com\/fr\/produit\/cartouche-filtrant-510b-af-1%c2%b5m-pour-aspirateur-air-flux-3000af-6000af\/#primaryimage\"},\"image\":{\"@id\":\"https:\/\/tendotools.com\/fr\/produit\/cartouche-filtrant-510b-af-1%c2%b5m-pour-aspirateur-air-flux-3000af-6000af\/#primaryimage\"},\"thumbnailUrl\":\"https:\/\/tendotools.com\/wp-content\/uploads\/2020\/11\/3DUC1220-1.jpg\",\"datePublished\":\"2020-11-17T12:56:26+00:00\",\"dateModified\":\"2020-11-17T13:01:49+00:00\",\"description\":\"Une mise \u00e0 jour facile pour am\u00e9liorer la filtration de votre aspirateur Air Flux 1020AF jusqu'\u00e0 30 fois. Filtrationt jusqu'\u00e0 1\u00b5m.\",\"breadcrumb\":{\"@id\":\"https:\/\/tendotools.com\/fr\/produit\/cartouche-filtrant-510b-af-1%c2%b5m-pour-aspirateur-air-flux-3000af-6000af\/#breadcrumb\"},\"inLanguage\":\"fr-FR\",\"potentialAction\":[{\"@type\":\"ReadAction\",\"target\":[\"https:\/\/tendotools.com\/fr\/produit\/cartouche-filtrant-510b-af-1%c2%b5m-pour-aspirateur-air-flux-3000af-6000af\/\"]}]},{\"@type\":\"ImageObject\",\"inLanguage\":\"fr-FR\",\"@id\":\"https:\/\/tendotools.com\/fr\/produit\/cartouche-filtrant-510b-af-1%c2%b5m-pour-aspirateur-air-flux-3000af-6000af\/#primaryimage\",\"url\":\"https:\/\/tendotools.com\/wp-content\/uploads\/2020\/11\/3DUC1220-1.jpg\",\"contentUrl\":\"https:\/\/tendotools.com\/wp-content\/uploads\/2020\/11\/3DUC1220-1.jpg\",\"width\":800,\"height\":800},{\"@type\":\"BreadcrumbList\",\"@id\":\"https:\/\/tendotools.com\/fr\/produit\/cartouche-filtrant-510b-af-1%c2%b5m-pour-aspirateur-air-flux-3000af-6000af\/#breadcrumb\",\"itemListElement\":[{\"@type\":\"ListItem\",\"position\":1,\"name\":\"Home\",\"item\":\"https:\/\/tendotools.com\/fr\/\"},{\"@type\":\"ListItem\",\"position\":2,\"name\":\"Shop\",\"item\":\"https:\/\/tendotools.com\/fr\/boutique\/\"},{\"@type\":\"ListItem\",\"position\":3,\"name\":\"Cartouche filtrant 510B-AF 1\u00b5m pour aspirateur Air Flux 3000AF \u2013 6000AF\"}]},{\"@type\":\"WebSite\",\"@id\":\"https:\/\/tendotools.com\/fr\/#website\",\"url\":\"https:\/\/tendotools.com\/fr\/\",\"name\":\"Tendotools\",\"description\":\"\",\"publisher\":{\"@id\":\"https:\/\/tendotools.com\/fr\/#organization\"},\"potentialAction\":[{\"@type\":\"SearchAction\",\"target\":{\"@type\":\"EntryPoint\",\"urlTemplate\":\"https:\/\/tendotools.com\/fr\/?s={search_term_string}\"},\"query-input\":{\"@type\":\"PropertyValueSpecification\",\"valueRequired\":true,\"valueName\":\"search_term_string\"}}],\"inLanguage\":\"fr-FR\"},{\"@type\":\"Organization\",\"@id\":\"https:\/\/tendotools.com\/fr\/#organization\",\"name\":\"Tendotools\",\"url\":\"https:\/\/tendotools.com\/fr\/\",\"logo\":{\"@type\":\"ImageObject\",\"inLanguage\":\"fr-FR\",\"@id\":\"https:\/\/tendotools.com\/fr\/#\/schema\/logo\/image\/\",\"url\":\"https:\/\/tendotools.com\/wp-content\/uploads\/2019\/09\/logo-wit.png\",\"contentUrl\":\"https:\/\/tendotools.com\/wp-content\/uploads\/2019\/09\/logo-wit.png\",\"width\":350,\"height\":84,\"caption\":\"Tendotools\"},\"image\":{\"@id\":\"https:\/\/tendotools.com\/fr\/#\/schema\/logo\/image\/\"}}]}<\/script>\n<!-- \/ Yoast SEO plugin. -->","yoast_head_json":{"title":"Cartouche filtrant 510B-AF 1\u00b5m pour aspirateur Air Flux 3000AF \u2013 6000AF - Tendotools","description":"Une mise \u00e0 jour facile pour am\u00e9liorer la filtration de votre aspirateur Air Flux 1020AF jusqu'\u00e0 30 fois. Filtrationt jusqu'\u00e0 1\u00b5m.","robots":{"index":"index","follow":"follow","max-snippet":"max-snippet:-1","max-image-preview":"max-image-preview:large","max-video-preview":"max-video-preview:-1"},"canonical":"https:\/\/tendotools.com\/fr\/produit\/cartouche-filtrant-510b-af-1%c2%b5m-pour-aspirateur-air-flux-3000af-6000af\/","og_locale":"fr_FR","og_type":"article","og_title":"Cartouche filtrant 510B-AF 1\u00b5m pour aspirateur Air Flux 3000AF \u2013 6000AF - Tendotools","og_description":"Une mise \u00e0 jour facile pour am\u00e9liorer la filtration de votre aspirateur Air Flux 1020AF jusqu'\u00e0 30 fois. Filtrationt jusqu'\u00e0 1\u00b5m.","og_url":"https:\/\/tendotools.com\/fr\/produit\/cartouche-filtrant-510b-af-1%c2%b5m-pour-aspirateur-air-flux-3000af-6000af\/","og_site_name":"Tendotools","article_modified_time":"2020-11-17T13:01:49+00:00","og_image":[{"width":800,"height":800,"url":"https:\/\/tendotools.com\/wp-content\/uploads\/2020\/11\/3DUC1220-1.jpg","type":"image\/jpeg"}],"twitter_card":"summary_large_image","schema":{"@context":"https:\/\/schema.org","@graph":[{"@type":"WebPage","@id":"https:\/\/tendotools.com\/fr\/produit\/cartouche-filtrant-510b-af-1%c2%b5m-pour-aspirateur-air-flux-3000af-6000af\/","url":"https:\/\/tendotools.com\/fr\/produit\/cartouche-filtrant-510b-af-1%c2%b5m-pour-aspirateur-air-flux-3000af-6000af\/","name":"Cartouche filtrant 510B-AF 1\u00b5m pour aspirateur Air Flux 3000AF \u2013 6000AF - Tendotools","isPartOf":{"@id":"https:\/\/tendotools.com\/fr\/#website"},"primaryImageOfPage":{"@id":"https:\/\/tendotools.com\/fr\/produit\/cartouche-filtrant-510b-af-1%c2%b5m-pour-aspirateur-air-flux-3000af-6000af\/#primaryimage"},"image":{"@id":"https:\/\/tendotools.com\/fr\/produit\/cartouche-filtrant-510b-af-1%c2%b5m-pour-aspirateur-air-flux-3000af-6000af\/#primaryimage"},"thumbnailUrl":"https:\/\/tendotools.com\/wp-content\/uploads\/2020\/11\/3DUC1220-1.jpg","datePublished":"2020-11-17T12:56:26+00:00","dateModified":"2020-11-17T13:01:49+00:00","description":"Une mise \u00e0 jour facile pour am\u00e9liorer la filtration de votre aspirateur Air Flux 1020AF jusqu'\u00e0 30 fois. Filtrationt jusqu'\u00e0 1\u00b5m.","breadcrumb":{"@id":"https:\/\/tendotools.com\/fr\/produit\/cartouche-filtrant-510b-af-1%c2%b5m-pour-aspirateur-air-flux-3000af-6000af\/#breadcrumb"},"inLanguage":"fr-FR","potentialAction":[{"@type":"ReadAction","target":["https:\/\/tendotools.com\/fr\/produit\/cartouche-filtrant-510b-af-1%c2%b5m-pour-aspirateur-air-flux-3000af-6000af\/"]}]},{"@type":"ImageObject","inLanguage":"fr-FR","@id":"https:\/\/tendotools.com\/fr\/produit\/cartouche-filtrant-510b-af-1%c2%b5m-pour-aspirateur-air-flux-3000af-6000af\/#primaryimage","url":"https:\/\/tendotools.com\/wp-content\/uploads\/2020\/11\/3DUC1220-1.jpg","contentUrl":"https:\/\/tendotools.com\/wp-content\/uploads\/2020\/11\/3DUC1220-1.jpg","width":800,"height":800},{"@type":"BreadcrumbList","@id":"https:\/\/tendotools.com\/fr\/produit\/cartouche-filtrant-510b-af-1%c2%b5m-pour-aspirateur-air-flux-3000af-6000af\/#breadcrumb","itemListElement":[{"@type":"ListItem","position":1,"name":"Home","item":"https:\/\/tendotools.com\/fr\/"},{"@type":"ListItem","position":2,"name":"Shop","item":"https:\/\/tendotools.com\/fr\/boutique\/"},{"@type":"ListItem","position":3,"name":"Cartouche filtrant 510B-AF 1\u00b5m pour aspirateur Air Flux 3000AF \u2013 6000AF"}]},{"@type":"WebSite","@id":"https:\/\/tendotools.com\/fr\/#website","url":"https:\/\/tendotools.com\/fr\/","name":"Tendotools","description":"","publisher":{"@id":"https:\/\/tendotools.com\/fr\/#organization"},"potentialAction":[{"@type":"SearchAction","target":{"@type":"EntryPoint","urlTemplate":"https:\/\/tendotools.com\/fr\/?s={search_term_string}"},"query-input":{"@type":"PropertyValueSpecification","valueRequired":true,"valueName":"search_term_string"}}],"inLanguage":"fr-FR"},{"@type":"Organization","@id":"https:\/\/tendotools.com\/fr\/#organization","name":"Tendotools","url":"https:\/\/tendotools.com\/fr\/","logo":{"@type":"ImageObject","inLanguage":"fr-FR","@id":"https:\/\/tendotools.com\/fr\/#\/schema\/logo\/image\/","url":"https:\/\/tendotools.com\/wp-content\/uploads\/2019\/09\/logo-wit.png","contentUrl":"https:\/\/tendotools.com\/wp-content\/uploads\/2019\/09\/logo-wit.png","width":350,"height":84,"caption":"Tendotools"},"image":{"@id":"https:\/\/tendotools.com\/fr\/#\/schema\/logo\/image\/"}}]}},"brands":[{"id":3418,"name":"Air Flux","slug":"air-flux-fr"}],"_links":{"self":[{"href":"https:\/\/tendotools.com\/fr\/wp-json\/wp\/v2\/product\/15371","targetHints":{"allow":["GET"]}}],"collection":[{"href":"https:\/\/tendotools.com\/fr\/wp-json\/wp\/v2\/product"}],"about":[{"href":"https:\/\/tendotools.com\/fr\/wp-json\/wp\/v2\/types\/product"}],"replies":[{"embeddable":true,"href":"https:\/\/tendotools.com\/fr\/wp-json\/wp\/v2\/comments?post=15371"}],"wp:featuredmedia":[{"embeddable":true,"href":"https:\/\/tendotools.com\/fr\/wp-json\/wp\/v2\/media\/15374"}],"wp:attachment":[{"href":"https:\/\/tendotools.com\/fr\/wp-json\/wp\/v2\/media?parent=15371"}],"wp:term":[{"taxonomy":"pwb-brand","embeddable":true,"href":"https:\/\/tendotools.com\/fr\/wp-json\/wp\/v2\/pwb-brand?post=15371"},{"taxonomy":"product_brand","embeddable":true,"href":"https:\/\/tendotools.com\/fr\/wp-json\/wp\/v2\/product_brand?post=15371"},{"taxonomy":"product_cat","embeddable":true,"href":"https:\/\/tendotools.com\/fr\/wp-json\/wp\/v2\/product_cat?post=15371"},{"taxonomy":"product_tag","embeddable":true,"href":"https:\/\/tendotools.com\/fr\/wp-json\/wp\/v2\/product_tag?post=15371"}],"curies":[{"name":"wp","href":"https:\/\/api.w.org\/{rel}","templated":true}]}}