{"id":15790,"date":"2020-11-19T15:35:50","date_gmt":"2020-11-19T14:35:50","guid":{"rendered":"https:\/\/tendotools.com\/product\/fraise-a-rainurer-fixe-10mm-z4-alesage-30mm-o120mm\/"},"modified":"2020-11-19T15:35:50","modified_gmt":"2020-11-19T14:35:50","slug":"fraise-a-rainurer-fixe-10mm-alesage-30mm-z4-o120mm","status":"publish","type":"product","link":"https:\/\/tendotools.com\/fr\/produit\/fraise-a-rainurer-fixe-10mm-alesage-30mm-z4-o120mm\/","title":{"rendered":"Fraise \u00e0 rainurer fixe 10mm (Z=4) al\u00e9sage 30mm &#8211; \u00d8120mm"},"content":{"rendered":"<p>Fraise \u00e0 rainurer fixe d&#8217;une \u00e9paisseur de 10 mm avec des lames fixes en carbure (widia) pour r\u00e9aliser des rainures de pr\u00e9cision. Gr\u00e2ce aux lames en carbure de tungst\u00e8ne, cette fraise \u00e0 rainurer coupe sans effort les planches massives, les bois durs et tendres, le MDF ou les planches lamin\u00e9es. Il est recommand\u00e9 de l&#8217;utiliser en combinaison avec la fraise \u00e0 rainurer r\u00e9glable DuPro (Art. 3FR3937120300510).<\/p>\n","protected":false},"excerpt":{"rendered":"<p>Fraise \u00e0 rainurer fixe d&#8217;une \u00e9paisseur de 10 mm avec des lames fixes en carbure (widia) pour r\u00e9aliser des rainures de pr\u00e9cision. Gr\u00e2ce aux lames en carbure de tungst\u00e8ne, cette fraise \u00e0 rainurer coupe sans effort les planches massives, les bois durs et tendres, le MDF ou les planches lamin\u00e9es. Il est recommand\u00e9 de l&#8217;utiliser en combinaison avec la fraise \u00e0 rainurer r\u00e9glable DuPro (Art. 3FR3937120300510).<\/p>\n","protected":false},"featured_media":15787,"comment_status":"open","ping_status":"closed","template":"","meta":{"_acf_changed":false,"_crsspst_to_pihertendotoolscom":false,"_crsspst_to_piherbe":false,"inline_featured_image":false},"pwb-brand":[3422],"product_brand":[],"product_cat":[410],"product_tag":[],"class_list":{"0":"post-15790","1":"product","2":"type-product","3":"status-publish","4":"has-post-thumbnail","6":"pwb-brand-dupro-fr","7":"product_cat-porte-outils-30mm","8":"product_shipping_class-regulier-desambiguation","10":"first","11":"instock","12":"taxable","13":"shipping-taxable","14":"purchasable","15":"product-type-simple"},"group_of_quantity":0,"min_quantity":0,"max_quantity":"","exclude_order_quantity_value_rules":"no","exclude_category_quantity_rules":"no","combine_variations":"no","acf":{"composite_product":null,"belangrijkste_eigenschappen":"<ul>\n \t<li>Pour les machines \u00e0 fraiser<\/li>\n \t<li>Pour fraiser des rainures<\/li>\n \t<li>Pour les panneaux, les panneaux stratifi\u00e9s ou le MDF<\/li>\n \t<li>Pour le coupe des bois durs et tendres<\/li>\n<\/ul>","standaard_uitrusting":"Par pi\u00e8ce","downloads":null,"out_of_stock_message":"","video":""},"yoast_head":"<!-- This site is optimized with the Yoast SEO plugin v26.8 - https:\/\/yoast.com\/product\/yoast-seo-wordpress\/ -->\n<title>Fraise \u00e0 rainurer fixe 10mm (Z=4) al\u00e9sage 30mm - \u00d8120mm - Tendotools<\/title>\n<meta name=\"description\" content=\"Fraise \u00e0 rainurer fixe d&#039;une \u00e9paisseur de 10 mm avec des lames fixes en carbure (widia) pour r\u00e9aliser des rainures de pr\u00e9cision.\" \/>\n<meta name=\"robots\" content=\"index, follow, max-snippet:-1, max-image-preview:large, max-video-preview:-1\" \/>\n<link rel=\"canonical\" href=\"https:\/\/tendotools.com\/fr\/produit\/fraise-a-rainurer-fixe-10mm-alesage-30mm-z4-o120mm\/\" \/>\n<meta property=\"og:locale\" content=\"fr_FR\" \/>\n<meta property=\"og:type\" content=\"article\" \/>\n<meta property=\"og:title\" content=\"Fraise \u00e0 rainurer fixe 10mm (Z=4) al\u00e9sage 30mm - \u00d8120mm - Tendotools\" \/>\n<meta property=\"og:description\" content=\"Fraise \u00e0 rainurer fixe d&#039;une \u00e9paisseur de 10 mm avec des lames fixes en carbure (widia) pour r\u00e9aliser des rainures de pr\u00e9cision.\" \/>\n<meta property=\"og:url\" content=\"https:\/\/tendotools.com\/fr\/produit\/fraise-a-rainurer-fixe-10mm-alesage-30mm-z4-o120mm\/\" \/>\n<meta property=\"og:site_name\" content=\"Tendotools\" \/>\n<meta property=\"og:image\" content=\"https:\/\/tendotools.com\/wp-content\/uploads\/2020\/11\/3FR3937120300010.jpg\" \/>\n\t<meta property=\"og:image:width\" content=\"800\" \/>\n\t<meta property=\"og:image:height\" content=\"800\" \/>\n\t<meta property=\"og:image:type\" content=\"image\/jpeg\" \/>\n<meta name=\"twitter:card\" content=\"summary_large_image\" \/>\n<script type=\"application\/ld+json\" class=\"yoast-schema-graph\">{\"@context\":\"https:\/\/schema.org\",\"@graph\":[{\"@type\":\"WebPage\",\"@id\":\"https:\/\/tendotools.com\/fr\/produit\/fraise-a-rainurer-fixe-10mm-alesage-30mm-z4-o120mm\/\",\"url\":\"https:\/\/tendotools.com\/fr\/produit\/fraise-a-rainurer-fixe-10mm-alesage-30mm-z4-o120mm\/\",\"name\":\"Fraise \u00e0 rainurer fixe 10mm (Z=4) al\u00e9sage 30mm - \u00d8120mm - Tendotools\",\"isPartOf\":{\"@id\":\"https:\/\/tendotools.com\/fr\/#website\"},\"primaryImageOfPage\":{\"@id\":\"https:\/\/tendotools.com\/fr\/produit\/fraise-a-rainurer-fixe-10mm-alesage-30mm-z4-o120mm\/#primaryimage\"},\"image\":{\"@id\":\"https:\/\/tendotools.com\/fr\/produit\/fraise-a-rainurer-fixe-10mm-alesage-30mm-z4-o120mm\/#primaryimage\"},\"thumbnailUrl\":\"https:\/\/tendotools.com\/wp-content\/uploads\/2020\/11\/3FR3937120300010.jpg\",\"datePublished\":\"2020-11-19T14:35:50+00:00\",\"description\":\"Fraise \u00e0 rainurer fixe d'une \u00e9paisseur de 10 mm avec des lames fixes en carbure (widia) pour r\u00e9aliser des rainures de pr\u00e9cision.\",\"breadcrumb\":{\"@id\":\"https:\/\/tendotools.com\/fr\/produit\/fraise-a-rainurer-fixe-10mm-alesage-30mm-z4-o120mm\/#breadcrumb\"},\"inLanguage\":\"fr-FR\",\"potentialAction\":[{\"@type\":\"ReadAction\",\"target\":[\"https:\/\/tendotools.com\/fr\/produit\/fraise-a-rainurer-fixe-10mm-alesage-30mm-z4-o120mm\/\"]}]},{\"@type\":\"ImageObject\",\"inLanguage\":\"fr-FR\",\"@id\":\"https:\/\/tendotools.com\/fr\/produit\/fraise-a-rainurer-fixe-10mm-alesage-30mm-z4-o120mm\/#primaryimage\",\"url\":\"https:\/\/tendotools.com\/wp-content\/uploads\/2020\/11\/3FR3937120300010.jpg\",\"contentUrl\":\"https:\/\/tendotools.com\/wp-content\/uploads\/2020\/11\/3FR3937120300010.jpg\",\"width\":800,\"height\":800},{\"@type\":\"BreadcrumbList\",\"@id\":\"https:\/\/tendotools.com\/fr\/produit\/fraise-a-rainurer-fixe-10mm-alesage-30mm-z4-o120mm\/#breadcrumb\",\"itemListElement\":[{\"@type\":\"ListItem\",\"position\":1,\"name\":\"Home\",\"item\":\"https:\/\/tendotools.com\/fr\/\"},{\"@type\":\"ListItem\",\"position\":2,\"name\":\"Shop\",\"item\":\"https:\/\/tendotools.com\/fr\/boutique\/\"},{\"@type\":\"ListItem\",\"position\":3,\"name\":\"Fraise \u00e0 rainurer fixe 10mm (Z=4) al\u00e9sage 30mm &#8211; \u00d8120mm\"}]},{\"@type\":\"WebSite\",\"@id\":\"https:\/\/tendotools.com\/fr\/#website\",\"url\":\"https:\/\/tendotools.com\/fr\/\",\"name\":\"Tendotools\",\"description\":\"\",\"publisher\":{\"@id\":\"https:\/\/tendotools.com\/fr\/#organization\"},\"potentialAction\":[{\"@type\":\"SearchAction\",\"target\":{\"@type\":\"EntryPoint\",\"urlTemplate\":\"https:\/\/tendotools.com\/fr\/?s={search_term_string}\"},\"query-input\":{\"@type\":\"PropertyValueSpecification\",\"valueRequired\":true,\"valueName\":\"search_term_string\"}}],\"inLanguage\":\"fr-FR\"},{\"@type\":\"Organization\",\"@id\":\"https:\/\/tendotools.com\/fr\/#organization\",\"name\":\"Tendotools\",\"url\":\"https:\/\/tendotools.com\/fr\/\",\"logo\":{\"@type\":\"ImageObject\",\"inLanguage\":\"fr-FR\",\"@id\":\"https:\/\/tendotools.com\/fr\/#\/schema\/logo\/image\/\",\"url\":\"https:\/\/tendotools.com\/wp-content\/uploads\/2019\/09\/logo-wit.png\",\"contentUrl\":\"https:\/\/tendotools.com\/wp-content\/uploads\/2019\/09\/logo-wit.png\",\"width\":350,\"height\":84,\"caption\":\"Tendotools\"},\"image\":{\"@id\":\"https:\/\/tendotools.com\/fr\/#\/schema\/logo\/image\/\"}}]}<\/script>\n<!-- \/ Yoast SEO plugin. -->","yoast_head_json":{"title":"Fraise \u00e0 rainurer fixe 10mm (Z=4) al\u00e9sage 30mm - \u00d8120mm - Tendotools","description":"Fraise \u00e0 rainurer fixe d'une \u00e9paisseur de 10 mm avec des lames fixes en carbure (widia) pour r\u00e9aliser des rainures de pr\u00e9cision.","robots":{"index":"index","follow":"follow","max-snippet":"max-snippet:-1","max-image-preview":"max-image-preview:large","max-video-preview":"max-video-preview:-1"},"canonical":"https:\/\/tendotools.com\/fr\/produit\/fraise-a-rainurer-fixe-10mm-alesage-30mm-z4-o120mm\/","og_locale":"fr_FR","og_type":"article","og_title":"Fraise \u00e0 rainurer fixe 10mm (Z=4) al\u00e9sage 30mm - \u00d8120mm - Tendotools","og_description":"Fraise \u00e0 rainurer fixe d'une \u00e9paisseur de 10 mm avec des lames fixes en carbure (widia) pour r\u00e9aliser des rainures de pr\u00e9cision.","og_url":"https:\/\/tendotools.com\/fr\/produit\/fraise-a-rainurer-fixe-10mm-alesage-30mm-z4-o120mm\/","og_site_name":"Tendotools","og_image":[{"width":800,"height":800,"url":"https:\/\/tendotools.com\/wp-content\/uploads\/2020\/11\/3FR3937120300010.jpg","type":"image\/jpeg"}],"twitter_card":"summary_large_image","schema":{"@context":"https:\/\/schema.org","@graph":[{"@type":"WebPage","@id":"https:\/\/tendotools.com\/fr\/produit\/fraise-a-rainurer-fixe-10mm-alesage-30mm-z4-o120mm\/","url":"https:\/\/tendotools.com\/fr\/produit\/fraise-a-rainurer-fixe-10mm-alesage-30mm-z4-o120mm\/","name":"Fraise \u00e0 rainurer fixe 10mm (Z=4) al\u00e9sage 30mm - \u00d8120mm - Tendotools","isPartOf":{"@id":"https:\/\/tendotools.com\/fr\/#website"},"primaryImageOfPage":{"@id":"https:\/\/tendotools.com\/fr\/produit\/fraise-a-rainurer-fixe-10mm-alesage-30mm-z4-o120mm\/#primaryimage"},"image":{"@id":"https:\/\/tendotools.com\/fr\/produit\/fraise-a-rainurer-fixe-10mm-alesage-30mm-z4-o120mm\/#primaryimage"},"thumbnailUrl":"https:\/\/tendotools.com\/wp-content\/uploads\/2020\/11\/3FR3937120300010.jpg","datePublished":"2020-11-19T14:35:50+00:00","description":"Fraise \u00e0 rainurer fixe d'une \u00e9paisseur de 10 mm avec des lames fixes en carbure (widia) pour r\u00e9aliser des rainures de pr\u00e9cision.","breadcrumb":{"@id":"https:\/\/tendotools.com\/fr\/produit\/fraise-a-rainurer-fixe-10mm-alesage-30mm-z4-o120mm\/#breadcrumb"},"inLanguage":"fr-FR","potentialAction":[{"@type":"ReadAction","target":["https:\/\/tendotools.com\/fr\/produit\/fraise-a-rainurer-fixe-10mm-alesage-30mm-z4-o120mm\/"]}]},{"@type":"ImageObject","inLanguage":"fr-FR","@id":"https:\/\/tendotools.com\/fr\/produit\/fraise-a-rainurer-fixe-10mm-alesage-30mm-z4-o120mm\/#primaryimage","url":"https:\/\/tendotools.com\/wp-content\/uploads\/2020\/11\/3FR3937120300010.jpg","contentUrl":"https:\/\/tendotools.com\/wp-content\/uploads\/2020\/11\/3FR3937120300010.jpg","width":800,"height":800},{"@type":"BreadcrumbList","@id":"https:\/\/tendotools.com\/fr\/produit\/fraise-a-rainurer-fixe-10mm-alesage-30mm-z4-o120mm\/#breadcrumb","itemListElement":[{"@type":"ListItem","position":1,"name":"Home","item":"https:\/\/tendotools.com\/fr\/"},{"@type":"ListItem","position":2,"name":"Shop","item":"https:\/\/tendotools.com\/fr\/boutique\/"},{"@type":"ListItem","position":3,"name":"Fraise \u00e0 rainurer fixe 10mm (Z=4) al\u00e9sage 30mm &#8211; \u00d8120mm"}]},{"@type":"WebSite","@id":"https:\/\/tendotools.com\/fr\/#website","url":"https:\/\/tendotools.com\/fr\/","name":"Tendotools","description":"","publisher":{"@id":"https:\/\/tendotools.com\/fr\/#organization"},"potentialAction":[{"@type":"SearchAction","target":{"@type":"EntryPoint","urlTemplate":"https:\/\/tendotools.com\/fr\/?s={search_term_string}"},"query-input":{"@type":"PropertyValueSpecification","valueRequired":true,"valueName":"search_term_string"}}],"inLanguage":"fr-FR"},{"@type":"Organization","@id":"https:\/\/tendotools.com\/fr\/#organization","name":"Tendotools","url":"https:\/\/tendotools.com\/fr\/","logo":{"@type":"ImageObject","inLanguage":"fr-FR","@id":"https:\/\/tendotools.com\/fr\/#\/schema\/logo\/image\/","url":"https:\/\/tendotools.com\/wp-content\/uploads\/2019\/09\/logo-wit.png","contentUrl":"https:\/\/tendotools.com\/wp-content\/uploads\/2019\/09\/logo-wit.png","width":350,"height":84,"caption":"Tendotools"},"image":{"@id":"https:\/\/tendotools.com\/fr\/#\/schema\/logo\/image\/"}}]}},"brands":[{"id":3422,"name":"DuPro","slug":"dupro-fr"}],"_links":{"self":[{"href":"https:\/\/tendotools.com\/fr\/wp-json\/wp\/v2\/product\/15790","targetHints":{"allow":["GET"]}}],"collection":[{"href":"https:\/\/tendotools.com\/fr\/wp-json\/wp\/v2\/product"}],"about":[{"href":"https:\/\/tendotools.com\/fr\/wp-json\/wp\/v2\/types\/product"}],"replies":[{"embeddable":true,"href":"https:\/\/tendotools.com\/fr\/wp-json\/wp\/v2\/comments?post=15790"}],"wp:featuredmedia":[{"embeddable":true,"href":"https:\/\/tendotools.com\/fr\/wp-json\/wp\/v2\/media\/15787"}],"wp:attachment":[{"href":"https:\/\/tendotools.com\/fr\/wp-json\/wp\/v2\/media?parent=15790"}],"wp:term":[{"taxonomy":"pwb-brand","embeddable":true,"href":"https:\/\/tendotools.com\/fr\/wp-json\/wp\/v2\/pwb-brand?post=15790"},{"taxonomy":"product_brand","embeddable":true,"href":"https:\/\/tendotools.com\/fr\/wp-json\/wp\/v2\/product_brand?post=15790"},{"taxonomy":"product_cat","embeddable":true,"href":"https:\/\/tendotools.com\/fr\/wp-json\/wp\/v2\/product_cat?post=15790"},{"taxonomy":"product_tag","embeddable":true,"href":"https:\/\/tendotools.com\/fr\/wp-json\/wp\/v2\/product_tag?post=15790"}],"curies":[{"name":"wp","href":"https:\/\/api.w.org\/{rel}","templated":true}]}}