{"id":15918,"date":"2020-11-20T10:04:07","date_gmt":"2020-11-20T09:04:07","guid":{"rendered":"https:\/\/tendotools.com\/product\/set-2-pour-assemblage-a-rainure-et-languette-avec-profil-en-v-z3-alesage-30mm-o140mm\/"},"modified":"2020-11-20T10:31:55","modified_gmt":"2020-11-20T09:31:55","slug":"set-2-assemblage-rainure-et-languette-avec-profil-en-v-z3-alesage-30mm-o140mm","status":"publish","type":"product","link":"https:\/\/tendotools.com\/fr\/produit\/set-2-assemblage-rainure-et-languette-avec-profil-en-v-z3-alesage-30mm-o140mm\/","title":{"rendered":"Set (2) pour assemblage \u00e0 rainure et languette avec profil en v (Z=3) al\u00e9sage 30mm &#8211; \u00d8140mm"},"content":{"rendered":"<p>Jeu de deux fraises pour r\u00e9aliser des assemblages \u00e0 rainure et languette avec profil en V. Parfaitement adapt\u00e9 \u00e0 la fabrication de planches de terrasse ou de planches pour volets ou abris de jardin, par exemple. L&#8217;\u00e9paisseur maximale du bois est comprise entre 24 mm et 28 mm. Selon que le bois est plus mince ou plus \u00e9pais, le profil en V sera plus ou moins prononc\u00e9.<\/p>\n","protected":false},"excerpt":{"rendered":"<p>Jeu de deux fraises pour r\u00e9aliser des assemblages \u00e0 rainure et languette avec profil en V. Parfaitement adapt\u00e9 \u00e0 la fabrication de planches de terrasse ou de planches pour volets ou abris de jardin, par exemple. L&#8217;\u00e9paisseur maximale du bois est comprise entre 24 mm et 28 mm. Selon que le bois est plus mince ou plus \u00e9pais, le profil en V sera plus ou moins prononc\u00e9.<\/p>\n","protected":false},"featured_media":15899,"comment_status":"open","ping_status":"closed","template":"","meta":{"_acf_changed":false,"_crsspst_to_pihertendotoolscom":false,"_crsspst_to_piherbe":false,"inline_featured_image":false},"pwb-brand":[3422],"product_brand":[],"product_cat":[410],"product_tag":[],"class_list":{"0":"post-15918","1":"product","2":"type-product","3":"status-publish","4":"has-post-thumbnail","6":"pwb-brand-dupro-fr","7":"product_cat-porte-outils-30mm","8":"product_shipping_class-regulier-desambiguation","10":"first","11":"instock","12":"taxable","13":"shipping-taxable","14":"purchasable","15":"product-type-simple"},"group_of_quantity":0,"min_quantity":0,"max_quantity":"","exclude_order_quantity_value_rules":"no","exclude_category_quantity_rules":"no","combine_variations":"no","acf":{"composite_product":null,"belangrijkste_eigenschappen":"<ul>\n \t<li>Pour les machines \u00e0 fraiser<\/li>\n \t<li>Fraise \u00e0 rainurer<\/li>\n \t<li>Finition avec profil en v<\/li>\n<\/ul>","standaard_uitrusting":"Par pi\u00e8ce","downloads":null,"out_of_stock_message":"","video":""},"yoast_head":"<!-- This site is optimized with the Yoast SEO plugin v26.8 - https:\/\/yoast.com\/product\/yoast-seo-wordpress\/ -->\n<title>Set (2) pour assemblage \u00e0 rainure et languette avec profil en v (Z=3) al\u00e9sage 30mm - \u00d8140mm - Tendotools<\/title>\n<meta name=\"description\" content=\"Jeu de deux fraises pour r\u00e9aliser des assemblages \u00e0 rainure et languette avec profil en V. Parfaitement adapt\u00e9 aux planches de terrasse, aux volets, aux abris de jardin, etc.\" \/>\n<meta name=\"robots\" content=\"index, follow, max-snippet:-1, max-image-preview:large, max-video-preview:-1\" \/>\n<link rel=\"canonical\" href=\"https:\/\/tendotools.com\/fr\/produit\/set-2-assemblage-rainure-et-languette-avec-profil-en-v-z3-alesage-30mm-o140mm\/\" \/>\n<meta property=\"og:locale\" content=\"fr_FR\" \/>\n<meta property=\"og:type\" content=\"article\" \/>\n<meta property=\"og:title\" content=\"Set (2) pour assemblage \u00e0 rainure et languette avec profil en v (Z=3) al\u00e9sage 30mm - \u00d8140mm - Tendotools\" \/>\n<meta property=\"og:description\" content=\"Jeu de deux fraises pour r\u00e9aliser des assemblages \u00e0 rainure et languette avec profil en V. Parfaitement adapt\u00e9 aux planches de terrasse, aux volets, aux abris de jardin, etc.\" \/>\n<meta property=\"og:url\" content=\"https:\/\/tendotools.com\/fr\/produit\/set-2-assemblage-rainure-et-languette-avec-profil-en-v-z3-alesage-30mm-o140mm\/\" \/>\n<meta property=\"og:site_name\" content=\"Tendotools\" \/>\n<meta property=\"article:modified_time\" content=\"2020-11-20T09:31:55+00:00\" \/>\n<meta property=\"og:image\" content=\"https:\/\/tendotools.com\/wp-content\/uploads\/2020\/11\/3FR393271403035.jpg\" \/>\n\t<meta property=\"og:image:width\" content=\"800\" \/>\n\t<meta property=\"og:image:height\" content=\"800\" \/>\n\t<meta property=\"og:image:type\" content=\"image\/jpeg\" \/>\n<meta name=\"twitter:card\" content=\"summary_large_image\" \/>\n<script type=\"application\/ld+json\" class=\"yoast-schema-graph\">{\"@context\":\"https:\/\/schema.org\",\"@graph\":[{\"@type\":\"WebPage\",\"@id\":\"https:\/\/tendotools.com\/fr\/produit\/set-2-assemblage-rainure-et-languette-avec-profil-en-v-z3-alesage-30mm-o140mm\/\",\"url\":\"https:\/\/tendotools.com\/fr\/produit\/set-2-assemblage-rainure-et-languette-avec-profil-en-v-z3-alesage-30mm-o140mm\/\",\"name\":\"Set (2) pour assemblage \u00e0 rainure et languette avec profil en v (Z=3) al\u00e9sage 30mm - \u00d8140mm - Tendotools\",\"isPartOf\":{\"@id\":\"https:\/\/tendotools.com\/fr\/#website\"},\"primaryImageOfPage\":{\"@id\":\"https:\/\/tendotools.com\/fr\/produit\/set-2-assemblage-rainure-et-languette-avec-profil-en-v-z3-alesage-30mm-o140mm\/#primaryimage\"},\"image\":{\"@id\":\"https:\/\/tendotools.com\/fr\/produit\/set-2-assemblage-rainure-et-languette-avec-profil-en-v-z3-alesage-30mm-o140mm\/#primaryimage\"},\"thumbnailUrl\":\"https:\/\/tendotools.com\/wp-content\/uploads\/2020\/11\/3FR393271403035.jpg\",\"datePublished\":\"2020-11-20T09:04:07+00:00\",\"dateModified\":\"2020-11-20T09:31:55+00:00\",\"description\":\"Jeu de deux fraises pour r\u00e9aliser des assemblages \u00e0 rainure et languette avec profil en V. Parfaitement adapt\u00e9 aux planches de terrasse, aux volets, aux abris de jardin, etc.\",\"breadcrumb\":{\"@id\":\"https:\/\/tendotools.com\/fr\/produit\/set-2-assemblage-rainure-et-languette-avec-profil-en-v-z3-alesage-30mm-o140mm\/#breadcrumb\"},\"inLanguage\":\"fr-FR\",\"potentialAction\":[{\"@type\":\"ReadAction\",\"target\":[\"https:\/\/tendotools.com\/fr\/produit\/set-2-assemblage-rainure-et-languette-avec-profil-en-v-z3-alesage-30mm-o140mm\/\"]}]},{\"@type\":\"ImageObject\",\"inLanguage\":\"fr-FR\",\"@id\":\"https:\/\/tendotools.com\/fr\/produit\/set-2-assemblage-rainure-et-languette-avec-profil-en-v-z3-alesage-30mm-o140mm\/#primaryimage\",\"url\":\"https:\/\/tendotools.com\/wp-content\/uploads\/2020\/11\/3FR393271403035.jpg\",\"contentUrl\":\"https:\/\/tendotools.com\/wp-content\/uploads\/2020\/11\/3FR393271403035.jpg\",\"width\":800,\"height\":800},{\"@type\":\"BreadcrumbList\",\"@id\":\"https:\/\/tendotools.com\/fr\/produit\/set-2-assemblage-rainure-et-languette-avec-profil-en-v-z3-alesage-30mm-o140mm\/#breadcrumb\",\"itemListElement\":[{\"@type\":\"ListItem\",\"position\":1,\"name\":\"Home\",\"item\":\"https:\/\/tendotools.com\/fr\/\"},{\"@type\":\"ListItem\",\"position\":2,\"name\":\"Shop\",\"item\":\"https:\/\/tendotools.com\/fr\/boutique\/\"},{\"@type\":\"ListItem\",\"position\":3,\"name\":\"Set (2) pour assemblage \u00e0 rainure et languette avec profil en v (Z=3) al\u00e9sage 30mm &#8211; \u00d8140mm\"}]},{\"@type\":\"WebSite\",\"@id\":\"https:\/\/tendotools.com\/fr\/#website\",\"url\":\"https:\/\/tendotools.com\/fr\/\",\"name\":\"Tendotools\",\"description\":\"\",\"publisher\":{\"@id\":\"https:\/\/tendotools.com\/fr\/#organization\"},\"potentialAction\":[{\"@type\":\"SearchAction\",\"target\":{\"@type\":\"EntryPoint\",\"urlTemplate\":\"https:\/\/tendotools.com\/fr\/?s={search_term_string}\"},\"query-input\":{\"@type\":\"PropertyValueSpecification\",\"valueRequired\":true,\"valueName\":\"search_term_string\"}}],\"inLanguage\":\"fr-FR\"},{\"@type\":\"Organization\",\"@id\":\"https:\/\/tendotools.com\/fr\/#organization\",\"name\":\"Tendotools\",\"url\":\"https:\/\/tendotools.com\/fr\/\",\"logo\":{\"@type\":\"ImageObject\",\"inLanguage\":\"fr-FR\",\"@id\":\"https:\/\/tendotools.com\/fr\/#\/schema\/logo\/image\/\",\"url\":\"https:\/\/tendotools.com\/wp-content\/uploads\/2019\/09\/logo-wit.png\",\"contentUrl\":\"https:\/\/tendotools.com\/wp-content\/uploads\/2019\/09\/logo-wit.png\",\"width\":350,\"height\":84,\"caption\":\"Tendotools\"},\"image\":{\"@id\":\"https:\/\/tendotools.com\/fr\/#\/schema\/logo\/image\/\"}}]}<\/script>\n<!-- \/ Yoast SEO plugin. -->","yoast_head_json":{"title":"Set (2) pour assemblage \u00e0 rainure et languette avec profil en v (Z=3) al\u00e9sage 30mm - \u00d8140mm - Tendotools","description":"Jeu de deux fraises pour r\u00e9aliser des assemblages \u00e0 rainure et languette avec profil en V. Parfaitement adapt\u00e9 aux planches de terrasse, aux volets, aux abris de jardin, etc.","robots":{"index":"index","follow":"follow","max-snippet":"max-snippet:-1","max-image-preview":"max-image-preview:large","max-video-preview":"max-video-preview:-1"},"canonical":"https:\/\/tendotools.com\/fr\/produit\/set-2-assemblage-rainure-et-languette-avec-profil-en-v-z3-alesage-30mm-o140mm\/","og_locale":"fr_FR","og_type":"article","og_title":"Set (2) pour assemblage \u00e0 rainure et languette avec profil en v (Z=3) al\u00e9sage 30mm - \u00d8140mm - Tendotools","og_description":"Jeu de deux fraises pour r\u00e9aliser des assemblages \u00e0 rainure et languette avec profil en V. Parfaitement adapt\u00e9 aux planches de terrasse, aux volets, aux abris de jardin, etc.","og_url":"https:\/\/tendotools.com\/fr\/produit\/set-2-assemblage-rainure-et-languette-avec-profil-en-v-z3-alesage-30mm-o140mm\/","og_site_name":"Tendotools","article_modified_time":"2020-11-20T09:31:55+00:00","og_image":[{"width":800,"height":800,"url":"https:\/\/tendotools.com\/wp-content\/uploads\/2020\/11\/3FR393271403035.jpg","type":"image\/jpeg"}],"twitter_card":"summary_large_image","schema":{"@context":"https:\/\/schema.org","@graph":[{"@type":"WebPage","@id":"https:\/\/tendotools.com\/fr\/produit\/set-2-assemblage-rainure-et-languette-avec-profil-en-v-z3-alesage-30mm-o140mm\/","url":"https:\/\/tendotools.com\/fr\/produit\/set-2-assemblage-rainure-et-languette-avec-profil-en-v-z3-alesage-30mm-o140mm\/","name":"Set (2) pour assemblage \u00e0 rainure et languette avec profil en v (Z=3) al\u00e9sage 30mm - \u00d8140mm - Tendotools","isPartOf":{"@id":"https:\/\/tendotools.com\/fr\/#website"},"primaryImageOfPage":{"@id":"https:\/\/tendotools.com\/fr\/produit\/set-2-assemblage-rainure-et-languette-avec-profil-en-v-z3-alesage-30mm-o140mm\/#primaryimage"},"image":{"@id":"https:\/\/tendotools.com\/fr\/produit\/set-2-assemblage-rainure-et-languette-avec-profil-en-v-z3-alesage-30mm-o140mm\/#primaryimage"},"thumbnailUrl":"https:\/\/tendotools.com\/wp-content\/uploads\/2020\/11\/3FR393271403035.jpg","datePublished":"2020-11-20T09:04:07+00:00","dateModified":"2020-11-20T09:31:55+00:00","description":"Jeu de deux fraises pour r\u00e9aliser des assemblages \u00e0 rainure et languette avec profil en V. Parfaitement adapt\u00e9 aux planches de terrasse, aux volets, aux abris de jardin, etc.","breadcrumb":{"@id":"https:\/\/tendotools.com\/fr\/produit\/set-2-assemblage-rainure-et-languette-avec-profil-en-v-z3-alesage-30mm-o140mm\/#breadcrumb"},"inLanguage":"fr-FR","potentialAction":[{"@type":"ReadAction","target":["https:\/\/tendotools.com\/fr\/produit\/set-2-assemblage-rainure-et-languette-avec-profil-en-v-z3-alesage-30mm-o140mm\/"]}]},{"@type":"ImageObject","inLanguage":"fr-FR","@id":"https:\/\/tendotools.com\/fr\/produit\/set-2-assemblage-rainure-et-languette-avec-profil-en-v-z3-alesage-30mm-o140mm\/#primaryimage","url":"https:\/\/tendotools.com\/wp-content\/uploads\/2020\/11\/3FR393271403035.jpg","contentUrl":"https:\/\/tendotools.com\/wp-content\/uploads\/2020\/11\/3FR393271403035.jpg","width":800,"height":800},{"@type":"BreadcrumbList","@id":"https:\/\/tendotools.com\/fr\/produit\/set-2-assemblage-rainure-et-languette-avec-profil-en-v-z3-alesage-30mm-o140mm\/#breadcrumb","itemListElement":[{"@type":"ListItem","position":1,"name":"Home","item":"https:\/\/tendotools.com\/fr\/"},{"@type":"ListItem","position":2,"name":"Shop","item":"https:\/\/tendotools.com\/fr\/boutique\/"},{"@type":"ListItem","position":3,"name":"Set (2) pour assemblage \u00e0 rainure et languette avec profil en v (Z=3) al\u00e9sage 30mm &#8211; \u00d8140mm"}]},{"@type":"WebSite","@id":"https:\/\/tendotools.com\/fr\/#website","url":"https:\/\/tendotools.com\/fr\/","name":"Tendotools","description":"","publisher":{"@id":"https:\/\/tendotools.com\/fr\/#organization"},"potentialAction":[{"@type":"SearchAction","target":{"@type":"EntryPoint","urlTemplate":"https:\/\/tendotools.com\/fr\/?s={search_term_string}"},"query-input":{"@type":"PropertyValueSpecification","valueRequired":true,"valueName":"search_term_string"}}],"inLanguage":"fr-FR"},{"@type":"Organization","@id":"https:\/\/tendotools.com\/fr\/#organization","name":"Tendotools","url":"https:\/\/tendotools.com\/fr\/","logo":{"@type":"ImageObject","inLanguage":"fr-FR","@id":"https:\/\/tendotools.com\/fr\/#\/schema\/logo\/image\/","url":"https:\/\/tendotools.com\/wp-content\/uploads\/2019\/09\/logo-wit.png","contentUrl":"https:\/\/tendotools.com\/wp-content\/uploads\/2019\/09\/logo-wit.png","width":350,"height":84,"caption":"Tendotools"},"image":{"@id":"https:\/\/tendotools.com\/fr\/#\/schema\/logo\/image\/"}}]}},"brands":[{"id":3422,"name":"DuPro","slug":"dupro-fr"}],"_links":{"self":[{"href":"https:\/\/tendotools.com\/fr\/wp-json\/wp\/v2\/product\/15918","targetHints":{"allow":["GET"]}}],"collection":[{"href":"https:\/\/tendotools.com\/fr\/wp-json\/wp\/v2\/product"}],"about":[{"href":"https:\/\/tendotools.com\/fr\/wp-json\/wp\/v2\/types\/product"}],"replies":[{"embeddable":true,"href":"https:\/\/tendotools.com\/fr\/wp-json\/wp\/v2\/comments?post=15918"}],"wp:featuredmedia":[{"embeddable":true,"href":"https:\/\/tendotools.com\/fr\/wp-json\/wp\/v2\/media\/15899"}],"wp:attachment":[{"href":"https:\/\/tendotools.com\/fr\/wp-json\/wp\/v2\/media?parent=15918"}],"wp:term":[{"taxonomy":"pwb-brand","embeddable":true,"href":"https:\/\/tendotools.com\/fr\/wp-json\/wp\/v2\/pwb-brand?post=15918"},{"taxonomy":"product_brand","embeddable":true,"href":"https:\/\/tendotools.com\/fr\/wp-json\/wp\/v2\/product_brand?post=15918"},{"taxonomy":"product_cat","embeddable":true,"href":"https:\/\/tendotools.com\/fr\/wp-json\/wp\/v2\/product_cat?post=15918"},{"taxonomy":"product_tag","embeddable":true,"href":"https:\/\/tendotools.com\/fr\/wp-json\/wp\/v2\/product_tag?post=15918"}],"curies":[{"name":"wp","href":"https:\/\/api.w.org\/{rel}","templated":true}]}}