{"id":16368,"date":"2020-11-26T09:36:22","date_gmt":"2020-11-26T08:36:22","guid":{"rendered":"https:\/\/tendotools.com\/product\/rabot-a-chanfreiner-electrique-ce89e\/"},"modified":"2020-11-26T09:47:13","modified_gmt":"2020-11-26T08:47:13","slug":"rabot-a-chanfreiner-electrique-ce89e","status":"publish","type":"product","link":"https:\/\/tendotools.com\/fr\/produit\/rabot-a-chanfreiner-electrique-ce89e\/","title":{"rendered":"Rabot \u00e0 chanfreiner \u00e9lectrique CE89E"},"content":{"rendered":"<p>Rabot \u00e0 chanfreiner professionel et puissant de la marque Virutex avec patin \u00e0 profil en V de 90\u00b0. C&#8217;est pourquoi le CE89E est parfaitement adapt\u00e9 pour votre travails de chanfrein. Gr\u00e2ce \u00e0 sa grande puissance, cette rabot peut r\u00e9aliser un chanfrein jusqu&#8217;\u00e0 25mm de large en une seule passe. En standard, l&#8217;appareil est \u00e9quip\u00e9 d&#8217;un jeu de lames r\u00e9versibles en carbure de haute qualit\u00e9 (widia). Apr\u00e8s leur remplacement, les lames n&#8217;ont pas besoin d&#8217;\u00eatre r\u00e9ajust\u00e9es. Evacuation des copeaux du c\u00f4t\u00e9 droit.<\/p>\n<p>Livraison standard dans un \u00e9tui pratique en PVC avec connecteur pour l&#8217;extraction de la poussi\u00e8re. Disponible en option avec un socle pour l&#8217;utilisation du CE89E en position stationnaire.<\/p>\n","protected":false},"excerpt":{"rendered":"<p>Rabot \u00e0 chanfreiner professionel et puissant de la marque Virutex avec patin \u00e0 profil en V de 90\u00b0. C&#8217;est pourquoi le CE89E est parfaitement adapt\u00e9 pour votre travails de chanfrein. Gr\u00e2ce \u00e0 sa grande puissance, cette rabot peut r\u00e9aliser un chanfrein jusqu&#8217;\u00e0 25mm de large en une seule passe. En standard, l&#8217;appareil est \u00e9quip\u00e9 d&#8217;un jeu de lames r\u00e9versibles en carbure de haute qualit\u00e9 (widia). Apr\u00e8s leur remplacement, les lames n&#8217;ont pas besoin d&#8217;\u00eatre r\u00e9ajust\u00e9es. Evacuation des copeaux du c\u00f4t\u00e9 droit.<\/p>\n<p>Livraison standard dans un \u00e9tui pratique en PVC avec connecteur pour l&#8217;extraction de la poussi\u00e8re. Disponible en option avec un socle pour l&#8217;utilisation du CE89E en position stationnaire.<\/p>\n","protected":false},"featured_media":16360,"comment_status":"open","ping_status":"closed","template":"","meta":{"_acf_changed":false,"_crsspst_to_pihertendotoolscom":false,"_crsspst_to_piherbe":false,"inline_featured_image":false},"pwb-brand":[3439],"product_brand":[],"product_cat":[390],"product_tag":[],"class_list":{"0":"post-16368","1":"product","2":"type-product","3":"status-publish","4":"has-post-thumbnail","6":"pwb-brand-virutex-fr","7":"product_cat-raboteuses-speciales","8":"product_shipping_class-regulier-desambiguation","10":"first","11":"instock","12":"taxable","13":"shipping-taxable","14":"purchasable","15":"product-type-simple"},"group_of_quantity":0,"min_quantity":0,"max_quantity":"","exclude_order_quantity_value_rules":"no","exclude_category_quantity_rules":"no","combine_variations":"no","acf":{"composite_product":"","belangrijkste_eigenschappen":"<ul>\n \t<li>Rabot \u00e0 chanfreiner<\/li>\n \t<li>Evacuation des copeaux \u00e0 droite<\/li>\n \t<li>Profil en V \u00e0 90<\/li>\n \t<li>Bords inclin\u00e9s<\/li>\n<\/ul>","standaard_uitrusting":"Etui en PVC avec : 1x rabot \u00e0 chanfreiner CE89E, connector pour aspirateur, jeu de couteaux r\u00e9versibles","downloads":null,"out_of_stock_message":"","video":""},"yoast_head":"<!-- This site is optimized with the Yoast SEO plugin v26.8 - https:\/\/yoast.com\/product\/yoast-seo-wordpress\/ -->\n<title>Rabot \u00e0 chanfreiner \u00e9lectrique CE89E - Tendotools<\/title>\n<meta name=\"description\" content=\"Rabot \u00e0 chanfreiner professionel et puissant de la marque Virutex avec une plaque de base \u00e0 profil en V. Chanfrein jusqu&#039;\u00e0 25mm de large en un seul passage.\" \/>\n<meta name=\"robots\" content=\"index, follow, max-snippet:-1, max-image-preview:large, max-video-preview:-1\" \/>\n<link rel=\"canonical\" href=\"https:\/\/tendotools.com\/fr\/produit\/rabot-a-chanfreiner-electrique-ce89e\/\" \/>\n<meta property=\"og:locale\" content=\"fr_FR\" \/>\n<meta property=\"og:type\" content=\"article\" \/>\n<meta property=\"og:title\" content=\"Rabot \u00e0 chanfreiner \u00e9lectrique CE89E - Tendotools\" \/>\n<meta property=\"og:description\" content=\"Rabot \u00e0 chanfreiner professionel et puissant de la marque Virutex avec une plaque de base \u00e0 profil en V. Chanfrein jusqu&#039;\u00e0 25mm de large en un seul passage.\" \/>\n<meta property=\"og:url\" content=\"https:\/\/tendotools.com\/fr\/produit\/rabot-a-chanfreiner-electrique-ce89e\/\" \/>\n<meta property=\"og:site_name\" content=\"Tendotools\" \/>\n<meta property=\"article:modified_time\" content=\"2020-11-26T08:47:13+00:00\" \/>\n<meta property=\"og:image\" content=\"https:\/\/tendotools.com\/wp-content\/uploads\/2020\/11\/CE89E-1.jpg\" \/>\n\t<meta property=\"og:image:width\" content=\"800\" \/>\n\t<meta property=\"og:image:height\" content=\"800\" \/>\n\t<meta property=\"og:image:type\" content=\"image\/jpeg\" \/>\n<meta name=\"twitter:card\" content=\"summary_large_image\" \/>\n<meta name=\"twitter:label1\" content=\"Dur\u00e9e de lecture estim\u00e9e\" \/>\n\t<meta name=\"twitter:data1\" content=\"1 minute\" \/>\n<script type=\"application\/ld+json\" class=\"yoast-schema-graph\">{\"@context\":\"https:\/\/schema.org\",\"@graph\":[{\"@type\":\"WebPage\",\"@id\":\"https:\/\/tendotools.com\/fr\/produit\/rabot-a-chanfreiner-electrique-ce89e\/\",\"url\":\"https:\/\/tendotools.com\/fr\/produit\/rabot-a-chanfreiner-electrique-ce89e\/\",\"name\":\"Rabot \u00e0 chanfreiner \u00e9lectrique CE89E - Tendotools\",\"isPartOf\":{\"@id\":\"https:\/\/tendotools.com\/fr\/#website\"},\"primaryImageOfPage\":{\"@id\":\"https:\/\/tendotools.com\/fr\/produit\/rabot-a-chanfreiner-electrique-ce89e\/#primaryimage\"},\"image\":{\"@id\":\"https:\/\/tendotools.com\/fr\/produit\/rabot-a-chanfreiner-electrique-ce89e\/#primaryimage\"},\"thumbnailUrl\":\"https:\/\/tendotools.com\/wp-content\/uploads\/2020\/11\/CE89E-1.jpg\",\"datePublished\":\"2020-11-26T08:36:22+00:00\",\"dateModified\":\"2020-11-26T08:47:13+00:00\",\"description\":\"Rabot \u00e0 chanfreiner professionel et puissant de la marque Virutex avec une plaque de base \u00e0 profil en V. Chanfrein jusqu'\u00e0 25mm de large en un seul passage.\",\"breadcrumb\":{\"@id\":\"https:\/\/tendotools.com\/fr\/produit\/rabot-a-chanfreiner-electrique-ce89e\/#breadcrumb\"},\"inLanguage\":\"fr-FR\",\"potentialAction\":[{\"@type\":\"ReadAction\",\"target\":[\"https:\/\/tendotools.com\/fr\/produit\/rabot-a-chanfreiner-electrique-ce89e\/\"]}]},{\"@type\":\"ImageObject\",\"inLanguage\":\"fr-FR\",\"@id\":\"https:\/\/tendotools.com\/fr\/produit\/rabot-a-chanfreiner-electrique-ce89e\/#primaryimage\",\"url\":\"https:\/\/tendotools.com\/wp-content\/uploads\/2020\/11\/CE89E-1.jpg\",\"contentUrl\":\"https:\/\/tendotools.com\/wp-content\/uploads\/2020\/11\/CE89E-1.jpg\",\"width\":800,\"height\":800},{\"@type\":\"BreadcrumbList\",\"@id\":\"https:\/\/tendotools.com\/fr\/produit\/rabot-a-chanfreiner-electrique-ce89e\/#breadcrumb\",\"itemListElement\":[{\"@type\":\"ListItem\",\"position\":1,\"name\":\"Home\",\"item\":\"https:\/\/tendotools.com\/fr\/\"},{\"@type\":\"ListItem\",\"position\":2,\"name\":\"Shop\",\"item\":\"https:\/\/tendotools.com\/fr\/boutique\/\"},{\"@type\":\"ListItem\",\"position\":3,\"name\":\"Rabot \u00e0 chanfreiner \u00e9lectrique CE89E\"}]},{\"@type\":\"WebSite\",\"@id\":\"https:\/\/tendotools.com\/fr\/#website\",\"url\":\"https:\/\/tendotools.com\/fr\/\",\"name\":\"Tendotools\",\"description\":\"\",\"publisher\":{\"@id\":\"https:\/\/tendotools.com\/fr\/#organization\"},\"potentialAction\":[{\"@type\":\"SearchAction\",\"target\":{\"@type\":\"EntryPoint\",\"urlTemplate\":\"https:\/\/tendotools.com\/fr\/?s={search_term_string}\"},\"query-input\":{\"@type\":\"PropertyValueSpecification\",\"valueRequired\":true,\"valueName\":\"search_term_string\"}}],\"inLanguage\":\"fr-FR\"},{\"@type\":\"Organization\",\"@id\":\"https:\/\/tendotools.com\/fr\/#organization\",\"name\":\"Tendotools\",\"url\":\"https:\/\/tendotools.com\/fr\/\",\"logo\":{\"@type\":\"ImageObject\",\"inLanguage\":\"fr-FR\",\"@id\":\"https:\/\/tendotools.com\/fr\/#\/schema\/logo\/image\/\",\"url\":\"https:\/\/tendotools.com\/wp-content\/uploads\/2019\/09\/logo-wit.png\",\"contentUrl\":\"https:\/\/tendotools.com\/wp-content\/uploads\/2019\/09\/logo-wit.png\",\"width\":350,\"height\":84,\"caption\":\"Tendotools\"},\"image\":{\"@id\":\"https:\/\/tendotools.com\/fr\/#\/schema\/logo\/image\/\"}}]}<\/script>\n<!-- \/ Yoast SEO plugin. -->","yoast_head_json":{"title":"Rabot \u00e0 chanfreiner \u00e9lectrique CE89E - Tendotools","description":"Rabot \u00e0 chanfreiner professionel et puissant de la marque Virutex avec une plaque de base \u00e0 profil en V. Chanfrein jusqu'\u00e0 25mm de large en un seul passage.","robots":{"index":"index","follow":"follow","max-snippet":"max-snippet:-1","max-image-preview":"max-image-preview:large","max-video-preview":"max-video-preview:-1"},"canonical":"https:\/\/tendotools.com\/fr\/produit\/rabot-a-chanfreiner-electrique-ce89e\/","og_locale":"fr_FR","og_type":"article","og_title":"Rabot \u00e0 chanfreiner \u00e9lectrique CE89E - Tendotools","og_description":"Rabot \u00e0 chanfreiner professionel et puissant de la marque Virutex avec une plaque de base \u00e0 profil en V. Chanfrein jusqu'\u00e0 25mm de large en un seul passage.","og_url":"https:\/\/tendotools.com\/fr\/produit\/rabot-a-chanfreiner-electrique-ce89e\/","og_site_name":"Tendotools","article_modified_time":"2020-11-26T08:47:13+00:00","og_image":[{"width":800,"height":800,"url":"https:\/\/tendotools.com\/wp-content\/uploads\/2020\/11\/CE89E-1.jpg","type":"image\/jpeg"}],"twitter_card":"summary_large_image","twitter_misc":{"Dur\u00e9e de lecture estim\u00e9e":"1 minute"},"schema":{"@context":"https:\/\/schema.org","@graph":[{"@type":"WebPage","@id":"https:\/\/tendotools.com\/fr\/produit\/rabot-a-chanfreiner-electrique-ce89e\/","url":"https:\/\/tendotools.com\/fr\/produit\/rabot-a-chanfreiner-electrique-ce89e\/","name":"Rabot \u00e0 chanfreiner \u00e9lectrique CE89E - Tendotools","isPartOf":{"@id":"https:\/\/tendotools.com\/fr\/#website"},"primaryImageOfPage":{"@id":"https:\/\/tendotools.com\/fr\/produit\/rabot-a-chanfreiner-electrique-ce89e\/#primaryimage"},"image":{"@id":"https:\/\/tendotools.com\/fr\/produit\/rabot-a-chanfreiner-electrique-ce89e\/#primaryimage"},"thumbnailUrl":"https:\/\/tendotools.com\/wp-content\/uploads\/2020\/11\/CE89E-1.jpg","datePublished":"2020-11-26T08:36:22+00:00","dateModified":"2020-11-26T08:47:13+00:00","description":"Rabot \u00e0 chanfreiner professionel et puissant de la marque Virutex avec une plaque de base \u00e0 profil en V. Chanfrein jusqu'\u00e0 25mm de large en un seul passage.","breadcrumb":{"@id":"https:\/\/tendotools.com\/fr\/produit\/rabot-a-chanfreiner-electrique-ce89e\/#breadcrumb"},"inLanguage":"fr-FR","potentialAction":[{"@type":"ReadAction","target":["https:\/\/tendotools.com\/fr\/produit\/rabot-a-chanfreiner-electrique-ce89e\/"]}]},{"@type":"ImageObject","inLanguage":"fr-FR","@id":"https:\/\/tendotools.com\/fr\/produit\/rabot-a-chanfreiner-electrique-ce89e\/#primaryimage","url":"https:\/\/tendotools.com\/wp-content\/uploads\/2020\/11\/CE89E-1.jpg","contentUrl":"https:\/\/tendotools.com\/wp-content\/uploads\/2020\/11\/CE89E-1.jpg","width":800,"height":800},{"@type":"BreadcrumbList","@id":"https:\/\/tendotools.com\/fr\/produit\/rabot-a-chanfreiner-electrique-ce89e\/#breadcrumb","itemListElement":[{"@type":"ListItem","position":1,"name":"Home","item":"https:\/\/tendotools.com\/fr\/"},{"@type":"ListItem","position":2,"name":"Shop","item":"https:\/\/tendotools.com\/fr\/boutique\/"},{"@type":"ListItem","position":3,"name":"Rabot \u00e0 chanfreiner \u00e9lectrique CE89E"}]},{"@type":"WebSite","@id":"https:\/\/tendotools.com\/fr\/#website","url":"https:\/\/tendotools.com\/fr\/","name":"Tendotools","description":"","publisher":{"@id":"https:\/\/tendotools.com\/fr\/#organization"},"potentialAction":[{"@type":"SearchAction","target":{"@type":"EntryPoint","urlTemplate":"https:\/\/tendotools.com\/fr\/?s={search_term_string}"},"query-input":{"@type":"PropertyValueSpecification","valueRequired":true,"valueName":"search_term_string"}}],"inLanguage":"fr-FR"},{"@type":"Organization","@id":"https:\/\/tendotools.com\/fr\/#organization","name":"Tendotools","url":"https:\/\/tendotools.com\/fr\/","logo":{"@type":"ImageObject","inLanguage":"fr-FR","@id":"https:\/\/tendotools.com\/fr\/#\/schema\/logo\/image\/","url":"https:\/\/tendotools.com\/wp-content\/uploads\/2019\/09\/logo-wit.png","contentUrl":"https:\/\/tendotools.com\/wp-content\/uploads\/2019\/09\/logo-wit.png","width":350,"height":84,"caption":"Tendotools"},"image":{"@id":"https:\/\/tendotools.com\/fr\/#\/schema\/logo\/image\/"}}]}},"brands":[{"id":3439,"name":"Virutex","slug":"virutex-fr"}],"_links":{"self":[{"href":"https:\/\/tendotools.com\/fr\/wp-json\/wp\/v2\/product\/16368","targetHints":{"allow":["GET"]}}],"collection":[{"href":"https:\/\/tendotools.com\/fr\/wp-json\/wp\/v2\/product"}],"about":[{"href":"https:\/\/tendotools.com\/fr\/wp-json\/wp\/v2\/types\/product"}],"replies":[{"embeddable":true,"href":"https:\/\/tendotools.com\/fr\/wp-json\/wp\/v2\/comments?post=16368"}],"wp:featuredmedia":[{"embeddable":true,"href":"https:\/\/tendotools.com\/fr\/wp-json\/wp\/v2\/media\/16360"}],"wp:attachment":[{"href":"https:\/\/tendotools.com\/fr\/wp-json\/wp\/v2\/media?parent=16368"}],"wp:term":[{"taxonomy":"pwb-brand","embeddable":true,"href":"https:\/\/tendotools.com\/fr\/wp-json\/wp\/v2\/pwb-brand?post=16368"},{"taxonomy":"product_brand","embeddable":true,"href":"https:\/\/tendotools.com\/fr\/wp-json\/wp\/v2\/product_brand?post=16368"},{"taxonomy":"product_cat","embeddable":true,"href":"https:\/\/tendotools.com\/fr\/wp-json\/wp\/v2\/product_cat?post=16368"},{"taxonomy":"product_tag","embeddable":true,"href":"https:\/\/tendotools.com\/fr\/wp-json\/wp\/v2\/product_tag?post=16368"}],"curies":[{"name":"wp","href":"https:\/\/api.w.org\/{rel}","templated":true}]}}