{"id":16453,"date":"2020-11-26T15:18:06","date_gmt":"2020-11-26T14:18:06","guid":{"rendered":"https:\/\/tendotools.com\/product\/rabot-electrique-duo-ce223x-rabotage-poncage\/"},"modified":"2020-11-26T15:42:27","modified_gmt":"2020-11-26T14:42:27","slug":"rabot-electrique-duo-ce223x-rabotage-et-poncage","status":"publish","type":"product","link":"https:\/\/tendotools.com\/fr\/produit\/rabot-electrique-duo-ce223x-rabotage-et-poncage\/","title":{"rendered":"Rabot \u00e9lectrique DUO CE223X &#8211; rabotage + pon\u00e7age"},"content":{"rendered":"<p>Cette raboteuse et ponceuse r\u00e9volutionnaire de Virutex est l\u00e9g\u00e8re et facile \u00e0 utiliser. Gr\u00e2ce au porte outils interchangeable, vous pouvez rapidement passer du rabotage au pon\u00e7age ou vice-versa. De standard, un porte outils avec des couteaux h\u00e9lico\u00efdale en carbure de haute qualit\u00e9 (widia) est mont\u00e9e sur cette ponceuse. Ces couteaux ont une largeur de 80 mm et, gr\u00e2ce \u00e0 leur coupe h\u00e9lico\u00efdal, donnent un r\u00e9sultat parfait de tout votre travail de rabotage. Le paquet comprend un manchon ponceur avec un rouleau de pon\u00e7age avec grain 40. Le rouleau de pon\u00e7age peut \u00eatre utilis\u00e9 sur de multiples surfaces telles que le bois, les plastiques ou les mat\u00e9riaux \u00e0 solid surface. Des rouleaux de pon\u00e7age avec diff\u00e9rents grains ou une port outils avec des couteaux droits sont disponibles s\u00e9par\u00e9ment. En raison de ces caract\u00e9ristiques, le CE223X est tr\u00e8s adapt\u00e9 \u00e0 un large \u00e9ventail d&#8217;applications.<\/p>\n<p>Standard livr\u00e9 dans un \u00e9tui pratique en PVC.<\/p>\n","protected":false},"excerpt":{"rendered":"<p>Cette raboteuse et ponceuse r\u00e9volutionnaire de Virutex est l\u00e9g\u00e8re et facile \u00e0 utiliser. Gr\u00e2ce au porte outils interchangeable, vous pouvez rapidement passer du rabotage au pon\u00e7age ou vice-versa. De standard, un porte outils avec des couteaux h\u00e9lico\u00efdale en carbure de haute qualit\u00e9 (widia) est mont\u00e9e sur cette ponceuse. Ces couteaux ont une largeur de 80 mm et, gr\u00e2ce \u00e0 leur coupe h\u00e9lico\u00efdal, donnent un r\u00e9sultat parfait de tout votre travail de rabotage. Le paquet comprend un manchon ponceur avec un rouleau de pon\u00e7age avec grain 40. Le rouleau de pon\u00e7age peut \u00eatre utilis\u00e9 sur de multiples surfaces telles que le bois, les plastiques ou les mat\u00e9riaux \u00e0 solid surface. Des rouleaux de pon\u00e7age avec diff\u00e9rents grains ou une port outils avec des couteaux droits sont disponibles s\u00e9par\u00e9ment. En raison de ces caract\u00e9ristiques, le CE223X est tr\u00e8s adapt\u00e9 \u00e0 un large \u00e9ventail d&#8217;applications.<\/p>\n<p>Standard livr\u00e9 dans un \u00e9tui pratique en PVC.<\/p>\n","protected":false},"featured_media":16429,"comment_status":"open","ping_status":"closed","template":"","meta":{"_acf_changed":false,"_crsspst_to_pihertendotoolscom":false,"_crsspst_to_piherbe":false,"inline_featured_image":false},"pwb-brand":[3439],"product_brand":[],"product_cat":[390],"product_tag":[],"class_list":{"0":"post-16453","1":"product","2":"type-product","3":"status-publish","4":"has-post-thumbnail","6":"pwb-brand-virutex-fr","7":"product_cat-raboteuses-speciales","8":"product_shipping_class-regulier-desambiguation","10":"first","11":"instock","12":"taxable","13":"shipping-taxable","14":"purchasable","15":"product-type-simple"},"group_of_quantity":0,"min_quantity":0,"max_quantity":"","exclude_order_quantity_value_rules":"no","exclude_category_quantity_rules":"no","combine_variations":"no","acf":{"composite_product":"","belangrijkste_eigenschappen":"<ul>\n \t<li>Raboteuse et ponceuse<\/li>\n \t<li>Changement rapide entre le manchon de pon\u00e7age et le porte outils<\/li>\n<\/ul>","standaard_uitrusting":"Etui en PVC avec : 1x rabot DUO CE223X, connector pour aspirateur, porte outils pour couteaux h\u00e9lico\u00efdale (widia), manchon ponceur avec rouleau de pon\u00e7age grain 40","downloads":null,"out_of_stock_message":"","video":"https:\/\/youtu.be\/fgSOXtoOCqQ"},"yoast_head":"<!-- This site is optimized with the Yoast SEO plugin v26.8 - https:\/\/yoast.com\/product\/yoast-seo-wordpress\/ -->\n<title>Rabot \u00e9lectrique DUO CE223X - rabotage + pon\u00e7age - Tendotools<\/title>\n<meta name=\"description\" content=\"Gr\u00e2ce au porte outils interchangeable, vous pouvez rapidement passer du rabotage au pon\u00e7age ou vice-versa. Livr\u00e9 en standard avec une porte outils et un rouleau de pon\u00e7age.\" \/>\n<meta name=\"robots\" content=\"index, follow, max-snippet:-1, max-image-preview:large, max-video-preview:-1\" \/>\n<link rel=\"canonical\" href=\"https:\/\/tendotools.com\/fr\/produit\/rabot-electrique-duo-ce223x-rabotage-et-poncage\/\" \/>\n<meta property=\"og:locale\" content=\"fr_FR\" \/>\n<meta property=\"og:type\" content=\"article\" \/>\n<meta property=\"og:title\" content=\"Rabot \u00e9lectrique DUO CE223X - rabotage + pon\u00e7age - Tendotools\" \/>\n<meta property=\"og:description\" content=\"Gr\u00e2ce au porte outils interchangeable, vous pouvez rapidement passer du rabotage au pon\u00e7age ou vice-versa. Livr\u00e9 en standard avec une porte outils et un rouleau de pon\u00e7age.\" \/>\n<meta property=\"og:url\" content=\"https:\/\/tendotools.com\/fr\/produit\/rabot-electrique-duo-ce223x-rabotage-et-poncage\/\" \/>\n<meta property=\"og:site_name\" content=\"Tendotools\" \/>\n<meta property=\"article:modified_time\" content=\"2020-11-26T14:42:27+00:00\" \/>\n<meta property=\"og:image\" content=\"https:\/\/tendotools.com\/wp-content\/uploads\/2020\/11\/CE223X-.jpg\" \/>\n\t<meta property=\"og:image:width\" content=\"800\" \/>\n\t<meta property=\"og:image:height\" content=\"800\" \/>\n\t<meta property=\"og:image:type\" content=\"image\/jpeg\" \/>\n<meta name=\"twitter:card\" content=\"summary_large_image\" \/>\n<meta name=\"twitter:label1\" content=\"Dur\u00e9e de lecture estim\u00e9e\" \/>\n\t<meta name=\"twitter:data1\" content=\"1 minute\" \/>\n<script type=\"application\/ld+json\" class=\"yoast-schema-graph\">{\"@context\":\"https:\/\/schema.org\",\"@graph\":[{\"@type\":\"WebPage\",\"@id\":\"https:\/\/tendotools.com\/fr\/produit\/rabot-electrique-duo-ce223x-rabotage-et-poncage\/\",\"url\":\"https:\/\/tendotools.com\/fr\/produit\/rabot-electrique-duo-ce223x-rabotage-et-poncage\/\",\"name\":\"Rabot \u00e9lectrique DUO CE223X - rabotage + pon\u00e7age - Tendotools\",\"isPartOf\":{\"@id\":\"https:\/\/tendotools.com\/fr\/#website\"},\"primaryImageOfPage\":{\"@id\":\"https:\/\/tendotools.com\/fr\/produit\/rabot-electrique-duo-ce223x-rabotage-et-poncage\/#primaryimage\"},\"image\":{\"@id\":\"https:\/\/tendotools.com\/fr\/produit\/rabot-electrique-duo-ce223x-rabotage-et-poncage\/#primaryimage\"},\"thumbnailUrl\":\"https:\/\/tendotools.com\/wp-content\/uploads\/2020\/11\/CE223X-.jpg\",\"datePublished\":\"2020-11-26T14:18:06+00:00\",\"dateModified\":\"2020-11-26T14:42:27+00:00\",\"description\":\"Gr\u00e2ce au porte outils interchangeable, vous pouvez rapidement passer du rabotage au pon\u00e7age ou vice-versa. Livr\u00e9 en standard avec une porte outils et un rouleau de pon\u00e7age.\",\"breadcrumb\":{\"@id\":\"https:\/\/tendotools.com\/fr\/produit\/rabot-electrique-duo-ce223x-rabotage-et-poncage\/#breadcrumb\"},\"inLanguage\":\"fr-FR\",\"potentialAction\":[{\"@type\":\"ReadAction\",\"target\":[\"https:\/\/tendotools.com\/fr\/produit\/rabot-electrique-duo-ce223x-rabotage-et-poncage\/\"]}]},{\"@type\":\"ImageObject\",\"inLanguage\":\"fr-FR\",\"@id\":\"https:\/\/tendotools.com\/fr\/produit\/rabot-electrique-duo-ce223x-rabotage-et-poncage\/#primaryimage\",\"url\":\"https:\/\/tendotools.com\/wp-content\/uploads\/2020\/11\/CE223X-.jpg\",\"contentUrl\":\"https:\/\/tendotools.com\/wp-content\/uploads\/2020\/11\/CE223X-.jpg\",\"width\":800,\"height\":800},{\"@type\":\"BreadcrumbList\",\"@id\":\"https:\/\/tendotools.com\/fr\/produit\/rabot-electrique-duo-ce223x-rabotage-et-poncage\/#breadcrumb\",\"itemListElement\":[{\"@type\":\"ListItem\",\"position\":1,\"name\":\"Home\",\"item\":\"https:\/\/tendotools.com\/fr\/\"},{\"@type\":\"ListItem\",\"position\":2,\"name\":\"Shop\",\"item\":\"https:\/\/tendotools.com\/fr\/boutique\/\"},{\"@type\":\"ListItem\",\"position\":3,\"name\":\"Rabot \u00e9lectrique DUO CE223X &#8211; rabotage + pon\u00e7age\"}]},{\"@type\":\"WebSite\",\"@id\":\"https:\/\/tendotools.com\/fr\/#website\",\"url\":\"https:\/\/tendotools.com\/fr\/\",\"name\":\"Tendotools\",\"description\":\"\",\"publisher\":{\"@id\":\"https:\/\/tendotools.com\/fr\/#organization\"},\"potentialAction\":[{\"@type\":\"SearchAction\",\"target\":{\"@type\":\"EntryPoint\",\"urlTemplate\":\"https:\/\/tendotools.com\/fr\/?s={search_term_string}\"},\"query-input\":{\"@type\":\"PropertyValueSpecification\",\"valueRequired\":true,\"valueName\":\"search_term_string\"}}],\"inLanguage\":\"fr-FR\"},{\"@type\":\"Organization\",\"@id\":\"https:\/\/tendotools.com\/fr\/#organization\",\"name\":\"Tendotools\",\"url\":\"https:\/\/tendotools.com\/fr\/\",\"logo\":{\"@type\":\"ImageObject\",\"inLanguage\":\"fr-FR\",\"@id\":\"https:\/\/tendotools.com\/fr\/#\/schema\/logo\/image\/\",\"url\":\"https:\/\/tendotools.com\/wp-content\/uploads\/2019\/09\/logo-wit.png\",\"contentUrl\":\"https:\/\/tendotools.com\/wp-content\/uploads\/2019\/09\/logo-wit.png\",\"width\":350,\"height\":84,\"caption\":\"Tendotools\"},\"image\":{\"@id\":\"https:\/\/tendotools.com\/fr\/#\/schema\/logo\/image\/\"}}]}<\/script>\n<!-- \/ Yoast SEO plugin. -->","yoast_head_json":{"title":"Rabot \u00e9lectrique DUO CE223X - rabotage + pon\u00e7age - Tendotools","description":"Gr\u00e2ce au porte outils interchangeable, vous pouvez rapidement passer du rabotage au pon\u00e7age ou vice-versa. Livr\u00e9 en standard avec une porte outils et un rouleau de pon\u00e7age.","robots":{"index":"index","follow":"follow","max-snippet":"max-snippet:-1","max-image-preview":"max-image-preview:large","max-video-preview":"max-video-preview:-1"},"canonical":"https:\/\/tendotools.com\/fr\/produit\/rabot-electrique-duo-ce223x-rabotage-et-poncage\/","og_locale":"fr_FR","og_type":"article","og_title":"Rabot \u00e9lectrique DUO CE223X - rabotage + pon\u00e7age - Tendotools","og_description":"Gr\u00e2ce au porte outils interchangeable, vous pouvez rapidement passer du rabotage au pon\u00e7age ou vice-versa. Livr\u00e9 en standard avec une porte outils et un rouleau de pon\u00e7age.","og_url":"https:\/\/tendotools.com\/fr\/produit\/rabot-electrique-duo-ce223x-rabotage-et-poncage\/","og_site_name":"Tendotools","article_modified_time":"2020-11-26T14:42:27+00:00","og_image":[{"width":800,"height":800,"url":"https:\/\/tendotools.com\/wp-content\/uploads\/2020\/11\/CE223X-.jpg","type":"image\/jpeg"}],"twitter_card":"summary_large_image","twitter_misc":{"Dur\u00e9e de lecture estim\u00e9e":"1 minute"},"schema":{"@context":"https:\/\/schema.org","@graph":[{"@type":"WebPage","@id":"https:\/\/tendotools.com\/fr\/produit\/rabot-electrique-duo-ce223x-rabotage-et-poncage\/","url":"https:\/\/tendotools.com\/fr\/produit\/rabot-electrique-duo-ce223x-rabotage-et-poncage\/","name":"Rabot \u00e9lectrique DUO CE223X - rabotage + pon\u00e7age - Tendotools","isPartOf":{"@id":"https:\/\/tendotools.com\/fr\/#website"},"primaryImageOfPage":{"@id":"https:\/\/tendotools.com\/fr\/produit\/rabot-electrique-duo-ce223x-rabotage-et-poncage\/#primaryimage"},"image":{"@id":"https:\/\/tendotools.com\/fr\/produit\/rabot-electrique-duo-ce223x-rabotage-et-poncage\/#primaryimage"},"thumbnailUrl":"https:\/\/tendotools.com\/wp-content\/uploads\/2020\/11\/CE223X-.jpg","datePublished":"2020-11-26T14:18:06+00:00","dateModified":"2020-11-26T14:42:27+00:00","description":"Gr\u00e2ce au porte outils interchangeable, vous pouvez rapidement passer du rabotage au pon\u00e7age ou vice-versa. Livr\u00e9 en standard avec une porte outils et un rouleau de pon\u00e7age.","breadcrumb":{"@id":"https:\/\/tendotools.com\/fr\/produit\/rabot-electrique-duo-ce223x-rabotage-et-poncage\/#breadcrumb"},"inLanguage":"fr-FR","potentialAction":[{"@type":"ReadAction","target":["https:\/\/tendotools.com\/fr\/produit\/rabot-electrique-duo-ce223x-rabotage-et-poncage\/"]}]},{"@type":"ImageObject","inLanguage":"fr-FR","@id":"https:\/\/tendotools.com\/fr\/produit\/rabot-electrique-duo-ce223x-rabotage-et-poncage\/#primaryimage","url":"https:\/\/tendotools.com\/wp-content\/uploads\/2020\/11\/CE223X-.jpg","contentUrl":"https:\/\/tendotools.com\/wp-content\/uploads\/2020\/11\/CE223X-.jpg","width":800,"height":800},{"@type":"BreadcrumbList","@id":"https:\/\/tendotools.com\/fr\/produit\/rabot-electrique-duo-ce223x-rabotage-et-poncage\/#breadcrumb","itemListElement":[{"@type":"ListItem","position":1,"name":"Home","item":"https:\/\/tendotools.com\/fr\/"},{"@type":"ListItem","position":2,"name":"Shop","item":"https:\/\/tendotools.com\/fr\/boutique\/"},{"@type":"ListItem","position":3,"name":"Rabot \u00e9lectrique DUO CE223X &#8211; rabotage + pon\u00e7age"}]},{"@type":"WebSite","@id":"https:\/\/tendotools.com\/fr\/#website","url":"https:\/\/tendotools.com\/fr\/","name":"Tendotools","description":"","publisher":{"@id":"https:\/\/tendotools.com\/fr\/#organization"},"potentialAction":[{"@type":"SearchAction","target":{"@type":"EntryPoint","urlTemplate":"https:\/\/tendotools.com\/fr\/?s={search_term_string}"},"query-input":{"@type":"PropertyValueSpecification","valueRequired":true,"valueName":"search_term_string"}}],"inLanguage":"fr-FR"},{"@type":"Organization","@id":"https:\/\/tendotools.com\/fr\/#organization","name":"Tendotools","url":"https:\/\/tendotools.com\/fr\/","logo":{"@type":"ImageObject","inLanguage":"fr-FR","@id":"https:\/\/tendotools.com\/fr\/#\/schema\/logo\/image\/","url":"https:\/\/tendotools.com\/wp-content\/uploads\/2019\/09\/logo-wit.png","contentUrl":"https:\/\/tendotools.com\/wp-content\/uploads\/2019\/09\/logo-wit.png","width":350,"height":84,"caption":"Tendotools"},"image":{"@id":"https:\/\/tendotools.com\/fr\/#\/schema\/logo\/image\/"}}]}},"brands":[{"id":3439,"name":"Virutex","slug":"virutex-fr"}],"_links":{"self":[{"href":"https:\/\/tendotools.com\/fr\/wp-json\/wp\/v2\/product\/16453","targetHints":{"allow":["GET"]}}],"collection":[{"href":"https:\/\/tendotools.com\/fr\/wp-json\/wp\/v2\/product"}],"about":[{"href":"https:\/\/tendotools.com\/fr\/wp-json\/wp\/v2\/types\/product"}],"replies":[{"embeddable":true,"href":"https:\/\/tendotools.com\/fr\/wp-json\/wp\/v2\/comments?post=16453"}],"wp:featuredmedia":[{"embeddable":true,"href":"https:\/\/tendotools.com\/fr\/wp-json\/wp\/v2\/media\/16429"}],"wp:attachment":[{"href":"https:\/\/tendotools.com\/fr\/wp-json\/wp\/v2\/media?parent=16453"}],"wp:term":[{"taxonomy":"pwb-brand","embeddable":true,"href":"https:\/\/tendotools.com\/fr\/wp-json\/wp\/v2\/pwb-brand?post=16453"},{"taxonomy":"product_brand","embeddable":true,"href":"https:\/\/tendotools.com\/fr\/wp-json\/wp\/v2\/product_brand?post=16453"},{"taxonomy":"product_cat","embeddable":true,"href":"https:\/\/tendotools.com\/fr\/wp-json\/wp\/v2\/product_cat?post=16453"},{"taxonomy":"product_tag","embeddable":true,"href":"https:\/\/tendotools.com\/fr\/wp-json\/wp\/v2\/product_tag?post=16453"}],"curies":[{"name":"wp","href":"https:\/\/api.w.org\/{rel}","templated":true}]}}