{"id":16502,"date":"2020-11-27T08:58:47","date_gmt":"2020-11-27T07:58:47","guid":{"rendered":"https:\/\/tendotools.com\/product\/ponceuse-a-bande-lb31e\/"},"modified":"2020-11-27T09:58:28","modified_gmt":"2020-11-27T08:58:28","slug":"ponceuse-a-bande-lb31e","status":"publish","type":"product","link":"https:\/\/tendotools.com\/fr\/produit\/ponceuse-a-bande-lb31e\/","title":{"rendered":"Ponceuse \u00e0 bande LB31E"},"content":{"rendered":"<p>Puissante ponceuse \u00e0 bande pour le nivellement et le travail grossier. La ponceuse LB31E est tr\u00e8s stable et convient \u00e0 une utilisation \u00e0 deux mains. Gr\u00e2ce \u00e0 la grande surface de pon\u00e7age, cette machine atteint un rendement \u00e9lev\u00e9. La grande stabilit\u00e9 garantit \u00e0 son tour une belle finition sans rayures pour votre pi\u00e8ce. La machine est \u00e9quip\u00e9e de bouchons en carbure de haute qualit\u00e9 (widia) pour \u00e9viter l&#8217;usure du bo\u00eetier. Equip\u00e9 d&#8217;un raccord pour l&#8217;extraction de la poussi\u00e8re pour permettre \u00e0 l&#8217;utilisateur de travailler confortablement et proprement. Plusieurs bandes abrasives de diff\u00e9rentes granures sont disponibles en option.<\/p>\n<p>Gr\u00e2ce \u00e0 sa plus grande surface de pon\u00e7age (175x100mm), Virutex se distingue de toutes les autres ponceuses \u00e0 bande sur le march\u00e9. La plus grande surface augmente la stabilit\u00e9 et la machine reste toujours parfaitement \u00e9quilibr\u00e9e et \u00e0 plat sur votre pi\u00e8ce.<\/p>\n<p>\u00c9galement disponible avec un extracteur de poussi\u00e8re int\u00e9gr\u00e9 et un sac \u00e0 poussi\u00e8re comme mod\u00e8le LB31EA.<\/p>\n","protected":false},"excerpt":{"rendered":"<p>Puissante ponceuse \u00e0 bande pour le nivellement et le travail grossier. La ponceuse LB31E est tr\u00e8s stable et convient \u00e0 une utilisation \u00e0 deux mains. Gr\u00e2ce \u00e0 la grande surface de pon\u00e7age, cette machine atteint un rendement \u00e9lev\u00e9. La grande stabilit\u00e9 garantit \u00e0 son tour une belle finition sans rayures pour votre pi\u00e8ce. La machine est \u00e9quip\u00e9e de bouchons en carbure de haute qualit\u00e9 (widia) pour \u00e9viter l&#8217;usure du bo\u00eetier.<\/p>\n<p>Gr\u00e2ce \u00e0 sa plus grande surface de pon\u00e7age (175x100mm), Virutex se distingue de toutes les autres ponceuses \u00e0 bande sur le march\u00e9. La plus grande surface augmente la stabilit\u00e9 et la machine reste toujours parfaitement \u00e9quilibr\u00e9e et \u00e0 plat sur votre pi\u00e8ce.<\/p>\n<p>\u00c9galement disponible avec un extracteur de poussi\u00e8re int\u00e9gr\u00e9 et un sac \u00e0 poussi\u00e8re comme mod\u00e8le LB31EA.<\/p>\n","protected":false},"featured_media":16497,"comment_status":"open","ping_status":"closed","template":"","meta":{"_acf_changed":false,"_crsspst_to_pihertendotoolscom":false,"_crsspst_to_piherbe":false,"inline_featured_image":false},"pwb-brand":[3439],"product_brand":[],"product_cat":[356,4160],"product_tag":[],"class_list":{"0":"post-16502","1":"product","2":"type-product","3":"status-publish","4":"has-post-thumbnail","6":"pwb-brand-virutex-fr","7":"product_cat-ponceuses-et-brosseuses","8":"product_cat-ponceuses-et-brosseuses-portatives","9":"product_shipping_class-regulier-desambiguation","11":"first","12":"instock","13":"taxable","14":"shipping-taxable","15":"purchasable","16":"product-type-simple"},"group_of_quantity":0,"min_quantity":0,"max_quantity":"","exclude_order_quantity_value_rules":"no","exclude_category_quantity_rules":"no","combine_variations":"no","acf":{"composite_product":"","belangrijkste_eigenschappen":"<ul>\n \t<li>Ponceuse \u00e0 bande<\/li>\n \t<li>Bouchons en carbure (widia)<\/li>\n \t<li>Moteur puissante (1200W)<\/li>\n \t<li>Stabilit\u00e9<\/li>\n \t<li>Grande surface de travail<\/li>\n<\/ul>","standaard_uitrusting":"1x ponceuse \u00e0 bande LB31E, ","downloads":null,"out_of_stock_message":"","video":""},"yoast_head":"<!-- This site is optimized with the Yoast SEO plugin v26.8 - https:\/\/yoast.com\/product\/yoast-seo-wordpress\/ -->\n<title>Ponceuse \u00e0 bande LB31E - Tendotools<\/title>\n<meta name=\"description\" content=\"Ponceuse \u00e0 bande puissante pour le nivellement et le travail grossier, \u00e9quip\u00e9e de bouchons en carbure de haute qualit\u00e9 (widia).\" \/>\n<meta name=\"robots\" content=\"index, follow, max-snippet:-1, max-image-preview:large, max-video-preview:-1\" \/>\n<link rel=\"canonical\" href=\"https:\/\/tendotools.com\/fr\/produit\/ponceuse-a-bande-lb31e\/\" \/>\n<meta property=\"og:locale\" content=\"fr_FR\" \/>\n<meta property=\"og:type\" content=\"article\" \/>\n<meta property=\"og:title\" content=\"Ponceuse \u00e0 bande LB31E - Tendotools\" \/>\n<meta property=\"og:description\" content=\"Ponceuse \u00e0 bande puissante pour le nivellement et le travail grossier, \u00e9quip\u00e9e de bouchons en carbure de haute qualit\u00e9 (widia).\" \/>\n<meta property=\"og:url\" content=\"https:\/\/tendotools.com\/fr\/produit\/ponceuse-a-bande-lb31e\/\" \/>\n<meta property=\"og:site_name\" content=\"Tendotools\" \/>\n<meta property=\"article:modified_time\" content=\"2020-11-27T08:58:28+00:00\" \/>\n<meta property=\"og:image\" content=\"https:\/\/tendotools.com\/wp-content\/uploads\/2020\/11\/LB31E-1.jpg\" \/>\n\t<meta property=\"og:image:width\" content=\"800\" \/>\n\t<meta property=\"og:image:height\" content=\"800\" \/>\n\t<meta property=\"og:image:type\" content=\"image\/jpeg\" \/>\n<meta name=\"twitter:card\" content=\"summary_large_image\" \/>\n<meta name=\"twitter:label1\" content=\"Dur\u00e9e de lecture estim\u00e9e\" \/>\n\t<meta name=\"twitter:data1\" content=\"1 minute\" \/>\n<script type=\"application\/ld+json\" class=\"yoast-schema-graph\">{\"@context\":\"https:\/\/schema.org\",\"@graph\":[{\"@type\":\"WebPage\",\"@id\":\"https:\/\/tendotools.com\/fr\/produit\/ponceuse-a-bande-lb31e\/\",\"url\":\"https:\/\/tendotools.com\/fr\/produit\/ponceuse-a-bande-lb31e\/\",\"name\":\"Ponceuse \u00e0 bande LB31E - Tendotools\",\"isPartOf\":{\"@id\":\"https:\/\/tendotools.com\/fr\/#website\"},\"primaryImageOfPage\":{\"@id\":\"https:\/\/tendotools.com\/fr\/produit\/ponceuse-a-bande-lb31e\/#primaryimage\"},\"image\":{\"@id\":\"https:\/\/tendotools.com\/fr\/produit\/ponceuse-a-bande-lb31e\/#primaryimage\"},\"thumbnailUrl\":\"https:\/\/tendotools.com\/wp-content\/uploads\/2020\/11\/LB31E-1.jpg\",\"datePublished\":\"2020-11-27T07:58:47+00:00\",\"dateModified\":\"2020-11-27T08:58:28+00:00\",\"description\":\"Ponceuse \u00e0 bande puissante pour le nivellement et le travail grossier, \u00e9quip\u00e9e de bouchons en carbure de haute qualit\u00e9 (widia).\",\"breadcrumb\":{\"@id\":\"https:\/\/tendotools.com\/fr\/produit\/ponceuse-a-bande-lb31e\/#breadcrumb\"},\"inLanguage\":\"fr-FR\",\"potentialAction\":[{\"@type\":\"ReadAction\",\"target\":[\"https:\/\/tendotools.com\/fr\/produit\/ponceuse-a-bande-lb31e\/\"]}]},{\"@type\":\"ImageObject\",\"inLanguage\":\"fr-FR\",\"@id\":\"https:\/\/tendotools.com\/fr\/produit\/ponceuse-a-bande-lb31e\/#primaryimage\",\"url\":\"https:\/\/tendotools.com\/wp-content\/uploads\/2020\/11\/LB31E-1.jpg\",\"contentUrl\":\"https:\/\/tendotools.com\/wp-content\/uploads\/2020\/11\/LB31E-1.jpg\",\"width\":800,\"height\":800},{\"@type\":\"BreadcrumbList\",\"@id\":\"https:\/\/tendotools.com\/fr\/produit\/ponceuse-a-bande-lb31e\/#breadcrumb\",\"itemListElement\":[{\"@type\":\"ListItem\",\"position\":1,\"name\":\"Home\",\"item\":\"https:\/\/tendotools.com\/fr\/\"},{\"@type\":\"ListItem\",\"position\":2,\"name\":\"Shop\",\"item\":\"https:\/\/tendotools.com\/fr\/boutique\/\"},{\"@type\":\"ListItem\",\"position\":3,\"name\":\"Ponceuse \u00e0 bande LB31E\"}]},{\"@type\":\"WebSite\",\"@id\":\"https:\/\/tendotools.com\/fr\/#website\",\"url\":\"https:\/\/tendotools.com\/fr\/\",\"name\":\"Tendotools\",\"description\":\"\",\"publisher\":{\"@id\":\"https:\/\/tendotools.com\/fr\/#organization\"},\"potentialAction\":[{\"@type\":\"SearchAction\",\"target\":{\"@type\":\"EntryPoint\",\"urlTemplate\":\"https:\/\/tendotools.com\/fr\/?s={search_term_string}\"},\"query-input\":{\"@type\":\"PropertyValueSpecification\",\"valueRequired\":true,\"valueName\":\"search_term_string\"}}],\"inLanguage\":\"fr-FR\"},{\"@type\":\"Organization\",\"@id\":\"https:\/\/tendotools.com\/fr\/#organization\",\"name\":\"Tendotools\",\"url\":\"https:\/\/tendotools.com\/fr\/\",\"logo\":{\"@type\":\"ImageObject\",\"inLanguage\":\"fr-FR\",\"@id\":\"https:\/\/tendotools.com\/fr\/#\/schema\/logo\/image\/\",\"url\":\"https:\/\/tendotools.com\/wp-content\/uploads\/2019\/09\/logo-wit.png\",\"contentUrl\":\"https:\/\/tendotools.com\/wp-content\/uploads\/2019\/09\/logo-wit.png\",\"width\":350,\"height\":84,\"caption\":\"Tendotools\"},\"image\":{\"@id\":\"https:\/\/tendotools.com\/fr\/#\/schema\/logo\/image\/\"}}]}<\/script>\n<!-- \/ Yoast SEO plugin. -->","yoast_head_json":{"title":"Ponceuse \u00e0 bande LB31E - Tendotools","description":"Ponceuse \u00e0 bande puissante pour le nivellement et le travail grossier, \u00e9quip\u00e9e de bouchons en carbure de haute qualit\u00e9 (widia).","robots":{"index":"index","follow":"follow","max-snippet":"max-snippet:-1","max-image-preview":"max-image-preview:large","max-video-preview":"max-video-preview:-1"},"canonical":"https:\/\/tendotools.com\/fr\/produit\/ponceuse-a-bande-lb31e\/","og_locale":"fr_FR","og_type":"article","og_title":"Ponceuse \u00e0 bande LB31E - Tendotools","og_description":"Ponceuse \u00e0 bande puissante pour le nivellement et le travail grossier, \u00e9quip\u00e9e de bouchons en carbure de haute qualit\u00e9 (widia).","og_url":"https:\/\/tendotools.com\/fr\/produit\/ponceuse-a-bande-lb31e\/","og_site_name":"Tendotools","article_modified_time":"2020-11-27T08:58:28+00:00","og_image":[{"width":800,"height":800,"url":"https:\/\/tendotools.com\/wp-content\/uploads\/2020\/11\/LB31E-1.jpg","type":"image\/jpeg"}],"twitter_card":"summary_large_image","twitter_misc":{"Dur\u00e9e de lecture estim\u00e9e":"1 minute"},"schema":{"@context":"https:\/\/schema.org","@graph":[{"@type":"WebPage","@id":"https:\/\/tendotools.com\/fr\/produit\/ponceuse-a-bande-lb31e\/","url":"https:\/\/tendotools.com\/fr\/produit\/ponceuse-a-bande-lb31e\/","name":"Ponceuse \u00e0 bande LB31E - Tendotools","isPartOf":{"@id":"https:\/\/tendotools.com\/fr\/#website"},"primaryImageOfPage":{"@id":"https:\/\/tendotools.com\/fr\/produit\/ponceuse-a-bande-lb31e\/#primaryimage"},"image":{"@id":"https:\/\/tendotools.com\/fr\/produit\/ponceuse-a-bande-lb31e\/#primaryimage"},"thumbnailUrl":"https:\/\/tendotools.com\/wp-content\/uploads\/2020\/11\/LB31E-1.jpg","datePublished":"2020-11-27T07:58:47+00:00","dateModified":"2020-11-27T08:58:28+00:00","description":"Ponceuse \u00e0 bande puissante pour le nivellement et le travail grossier, \u00e9quip\u00e9e de bouchons en carbure de haute qualit\u00e9 (widia).","breadcrumb":{"@id":"https:\/\/tendotools.com\/fr\/produit\/ponceuse-a-bande-lb31e\/#breadcrumb"},"inLanguage":"fr-FR","potentialAction":[{"@type":"ReadAction","target":["https:\/\/tendotools.com\/fr\/produit\/ponceuse-a-bande-lb31e\/"]}]},{"@type":"ImageObject","inLanguage":"fr-FR","@id":"https:\/\/tendotools.com\/fr\/produit\/ponceuse-a-bande-lb31e\/#primaryimage","url":"https:\/\/tendotools.com\/wp-content\/uploads\/2020\/11\/LB31E-1.jpg","contentUrl":"https:\/\/tendotools.com\/wp-content\/uploads\/2020\/11\/LB31E-1.jpg","width":800,"height":800},{"@type":"BreadcrumbList","@id":"https:\/\/tendotools.com\/fr\/produit\/ponceuse-a-bande-lb31e\/#breadcrumb","itemListElement":[{"@type":"ListItem","position":1,"name":"Home","item":"https:\/\/tendotools.com\/fr\/"},{"@type":"ListItem","position":2,"name":"Shop","item":"https:\/\/tendotools.com\/fr\/boutique\/"},{"@type":"ListItem","position":3,"name":"Ponceuse \u00e0 bande LB31E"}]},{"@type":"WebSite","@id":"https:\/\/tendotools.com\/fr\/#website","url":"https:\/\/tendotools.com\/fr\/","name":"Tendotools","description":"","publisher":{"@id":"https:\/\/tendotools.com\/fr\/#organization"},"potentialAction":[{"@type":"SearchAction","target":{"@type":"EntryPoint","urlTemplate":"https:\/\/tendotools.com\/fr\/?s={search_term_string}"},"query-input":{"@type":"PropertyValueSpecification","valueRequired":true,"valueName":"search_term_string"}}],"inLanguage":"fr-FR"},{"@type":"Organization","@id":"https:\/\/tendotools.com\/fr\/#organization","name":"Tendotools","url":"https:\/\/tendotools.com\/fr\/","logo":{"@type":"ImageObject","inLanguage":"fr-FR","@id":"https:\/\/tendotools.com\/fr\/#\/schema\/logo\/image\/","url":"https:\/\/tendotools.com\/wp-content\/uploads\/2019\/09\/logo-wit.png","contentUrl":"https:\/\/tendotools.com\/wp-content\/uploads\/2019\/09\/logo-wit.png","width":350,"height":84,"caption":"Tendotools"},"image":{"@id":"https:\/\/tendotools.com\/fr\/#\/schema\/logo\/image\/"}}]}},"brands":[{"id":3439,"name":"Virutex","slug":"virutex-fr"}],"_links":{"self":[{"href":"https:\/\/tendotools.com\/fr\/wp-json\/wp\/v2\/product\/16502","targetHints":{"allow":["GET"]}}],"collection":[{"href":"https:\/\/tendotools.com\/fr\/wp-json\/wp\/v2\/product"}],"about":[{"href":"https:\/\/tendotools.com\/fr\/wp-json\/wp\/v2\/types\/product"}],"replies":[{"embeddable":true,"href":"https:\/\/tendotools.com\/fr\/wp-json\/wp\/v2\/comments?post=16502"}],"wp:featuredmedia":[{"embeddable":true,"href":"https:\/\/tendotools.com\/fr\/wp-json\/wp\/v2\/media\/16497"}],"wp:attachment":[{"href":"https:\/\/tendotools.com\/fr\/wp-json\/wp\/v2\/media?parent=16502"}],"wp:term":[{"taxonomy":"pwb-brand","embeddable":true,"href":"https:\/\/tendotools.com\/fr\/wp-json\/wp\/v2\/pwb-brand?post=16502"},{"taxonomy":"product_brand","embeddable":true,"href":"https:\/\/tendotools.com\/fr\/wp-json\/wp\/v2\/product_brand?post=16502"},{"taxonomy":"product_cat","embeddable":true,"href":"https:\/\/tendotools.com\/fr\/wp-json\/wp\/v2\/product_cat?post=16502"},{"taxonomy":"product_tag","embeddable":true,"href":"https:\/\/tendotools.com\/fr\/wp-json\/wp\/v2\/product_tag?post=16502"}],"curies":[{"name":"wp","href":"https:\/\/api.w.org\/{rel}","templated":true}]}}