{"id":16607,"date":"2020-11-27T13:39:47","date_gmt":"2020-11-27T12:39:47","guid":{"rendered":"https:\/\/tendotools.com\/?post_type=product&#038;p=16607"},"modified":"2020-11-27T13:49:27","modified_gmt":"2020-11-27T12:49:27","slug":"mini-ponceuse-vibrante-lre84h-avec-control-electronique","status":"publish","type":"product","link":"https:\/\/tendotools.com\/fr\/produit\/mini-ponceuse-vibrante-lre84h-avec-control-electronique\/","title":{"rendered":"Mini ponceuse vibrante LRE84H \u00e0 contr\u00f4le \u00e9lectronique"},"content":{"rendered":"<div class=\"woocommerce-product-details__short-description\">\n<p>Identique au mod\u00e8le LR84H mais avec un contr\u00f4le \u00e9lectronique de la vitesse. Mini-ponceuse vibrante l\u00e9g\u00e8re et puissante pour le polissage et la finition de vos pi\u00e8ces. La conception ergonomique assure une prise en main parfaite et un travail confortable. Toutes les commandes sont facilement accessibles pendant le travail. Livraison standard avec fixation Delta pour le pon\u00e7age des endroits difficiles d&#8217;acc\u00e8s tels que les coins ou les stores. La pi\u00e8ce Delta est munie de velcro en haut et en bas pour fixer le papier de verre. En option, une plaque de pon\u00e7age ronde est \u00e9galement disponible pour cette machine. Equip\u00e9 d&#8217;un extracteur de poussi\u00e8re int\u00e9gr\u00e9 et d&#8217;un sac \u00e0 poussi\u00e8re.<\/p>\n<\/div>\n","protected":false},"excerpt":{"rendered":"<div class=\"woocommerce-product-details__short-description\">\n<div class=\"woocommerce-product-details__short-description\">\n<p>Identique au mod\u00e8le LR84H mais avec un contr\u00f4le \u00e9lectronique de la vitesse. Mini-ponceuse vibrante l\u00e9g\u00e8re et puissante pour le polissage et la finition de vos pi\u00e8ces. La conception ergonomique assure une prise en main parfaite et un travail confortable. Toutes les commandes sont facilement accessibles pendant le travail. Livraison standard avec fixation Delta pour le pon\u00e7age des endroits difficiles d&#8217;acc\u00e8s tels que les coins ou les stores. La pi\u00e8ce Delta est munie de velcro en haut et en bas pour fixer le papier de verre. En option, une plaque de pon\u00e7age ronde est \u00e9galement disponible pour cette machine. Equip\u00e9 d&#8217;un extracteur de poussi\u00e8re int\u00e9gr\u00e9 et d&#8217;un sac \u00e0 poussi\u00e8re.<\/p>\n<\/div>\n<\/div>\n","protected":false},"featured_media":16610,"comment_status":"open","ping_status":"closed","template":"","meta":{"_acf_changed":false,"_crsspst_to_pihertendotoolscom":false,"_crsspst_to_piherbe":false,"inline_featured_image":false},"pwb-brand":[3439],"product_brand":[],"product_cat":[356,4160],"product_tag":[],"class_list":{"0":"post-16607","1":"product","2":"type-product","3":"status-publish","4":"has-post-thumbnail","6":"pwb-brand-virutex-fr","7":"product_cat-ponceuses-et-brosseuses","8":"product_cat-ponceuses-et-brosseuses-portatives","9":"product_shipping_class-regulier-desambiguation","11":"first","12":"instock","13":"taxable","14":"shipping-taxable","15":"purchasable","16":"product-type-simple"},"group_of_quantity":0,"min_quantity":0,"max_quantity":"","exclude_order_quantity_value_rules":"no","exclude_category_quantity_rules":"no","combine_variations":"no","acf":{"composite_product":null,"belangrijkste_eigenschappen":"<ul>\n \t<li>Ponceuse vibrante<\/li>\n \t<li>Plaque de pon\u00e7age avec pinces<\/li>\n \t<li>Conception compacte et ergonomique<\/li>\n \t<li>Avec fixation delta pour les endroits difficiles d'acc\u00e8s<\/li>\n \t<li>Contr\u00f4le \u00e9lectronique de la vitesse<\/li>\n \t<li>Facultatif : plaque de pon\u00e7age ronde<\/li>\n<\/ul>","standaard_uitrusting":"1x ponceuse vibrante LR84L, 1x attache Delta","downloads":null,"out_of_stock_message":"","video":""},"yoast_head":"<!-- This site is optimized with the Yoast SEO plugin v26.8 - https:\/\/yoast.com\/product\/yoast-seo-wordpress\/ -->\n<title>Mini ponceuse vibrante LRE84H \u00e0 contr\u00f4le \u00e9lectronique - Tendotools<\/title>\n<meta name=\"description\" content=\"Mini-ponceuse vibrante l\u00e9g\u00e8re et puissante pour le polissage et la finition de vos pi\u00e8ces. Avec un attachement pour les endroits difficiles.\" \/>\n<meta name=\"robots\" content=\"index, follow, max-snippet:-1, max-image-preview:large, max-video-preview:-1\" \/>\n<link rel=\"canonical\" href=\"https:\/\/tendotools.com\/fr\/produit\/mini-ponceuse-vibrante-lre84h-avec-control-electronique\/\" \/>\n<meta property=\"og:locale\" content=\"fr_FR\" \/>\n<meta property=\"og:type\" content=\"article\" \/>\n<meta property=\"og:title\" content=\"Mini ponceuse vibrante LRE84H \u00e0 contr\u00f4le \u00e9lectronique - Tendotools\" \/>\n<meta property=\"og:description\" content=\"Mini-ponceuse vibrante l\u00e9g\u00e8re et puissante pour le polissage et la finition de vos pi\u00e8ces. Avec un attachement pour les endroits difficiles.\" \/>\n<meta property=\"og:url\" content=\"https:\/\/tendotools.com\/fr\/produit\/mini-ponceuse-vibrante-lre84h-avec-control-electronique\/\" \/>\n<meta property=\"og:site_name\" content=\"Tendotools\" \/>\n<meta property=\"article:modified_time\" content=\"2020-11-27T12:49:27+00:00\" \/>\n<meta property=\"og:image\" content=\"https:\/\/tendotools.com\/wp-content\/uploads\/2020\/11\/LRE84H-1.jpg\" \/>\n\t<meta property=\"og:image:width\" content=\"800\" \/>\n\t<meta property=\"og:image:height\" content=\"800\" \/>\n\t<meta property=\"og:image:type\" content=\"image\/jpeg\" \/>\n<meta name=\"twitter:card\" content=\"summary_large_image\" \/>\n<meta name=\"twitter:label1\" content=\"Dur\u00e9e de lecture estim\u00e9e\" \/>\n\t<meta name=\"twitter:data1\" content=\"1 minute\" \/>\n<script type=\"application\/ld+json\" class=\"yoast-schema-graph\">{\"@context\":\"https:\/\/schema.org\",\"@graph\":[{\"@type\":\"WebPage\",\"@id\":\"https:\/\/tendotools.com\/fr\/produit\/mini-ponceuse-vibrante-lre84h-avec-control-electronique\/\",\"url\":\"https:\/\/tendotools.com\/fr\/produit\/mini-ponceuse-vibrante-lre84h-avec-control-electronique\/\",\"name\":\"Mini ponceuse vibrante LRE84H \u00e0 contr\u00f4le \u00e9lectronique - Tendotools\",\"isPartOf\":{\"@id\":\"https:\/\/tendotools.com\/fr\/#website\"},\"primaryImageOfPage\":{\"@id\":\"https:\/\/tendotools.com\/fr\/produit\/mini-ponceuse-vibrante-lre84h-avec-control-electronique\/#primaryimage\"},\"image\":{\"@id\":\"https:\/\/tendotools.com\/fr\/produit\/mini-ponceuse-vibrante-lre84h-avec-control-electronique\/#primaryimage\"},\"thumbnailUrl\":\"https:\/\/tendotools.com\/wp-content\/uploads\/2020\/11\/LRE84H-1.jpg\",\"datePublished\":\"2020-11-27T12:39:47+00:00\",\"dateModified\":\"2020-11-27T12:49:27+00:00\",\"description\":\"Mini-ponceuse vibrante l\u00e9g\u00e8re et puissante pour le polissage et la finition de vos pi\u00e8ces. Avec un attachement pour les endroits difficiles.\",\"breadcrumb\":{\"@id\":\"https:\/\/tendotools.com\/fr\/produit\/mini-ponceuse-vibrante-lre84h-avec-control-electronique\/#breadcrumb\"},\"inLanguage\":\"fr-FR\",\"potentialAction\":[{\"@type\":\"ReadAction\",\"target\":[\"https:\/\/tendotools.com\/fr\/produit\/mini-ponceuse-vibrante-lre84h-avec-control-electronique\/\"]}]},{\"@type\":\"ImageObject\",\"inLanguage\":\"fr-FR\",\"@id\":\"https:\/\/tendotools.com\/fr\/produit\/mini-ponceuse-vibrante-lre84h-avec-control-electronique\/#primaryimage\",\"url\":\"https:\/\/tendotools.com\/wp-content\/uploads\/2020\/11\/LRE84H-1.jpg\",\"contentUrl\":\"https:\/\/tendotools.com\/wp-content\/uploads\/2020\/11\/LRE84H-1.jpg\",\"width\":800,\"height\":800},{\"@type\":\"BreadcrumbList\",\"@id\":\"https:\/\/tendotools.com\/fr\/produit\/mini-ponceuse-vibrante-lre84h-avec-control-electronique\/#breadcrumb\",\"itemListElement\":[{\"@type\":\"ListItem\",\"position\":1,\"name\":\"Home\",\"item\":\"https:\/\/tendotools.com\/fr\/\"},{\"@type\":\"ListItem\",\"position\":2,\"name\":\"Shop\",\"item\":\"https:\/\/tendotools.com\/fr\/boutique\/\"},{\"@type\":\"ListItem\",\"position\":3,\"name\":\"Mini ponceuse vibrante LRE84H \u00e0 contr\u00f4le \u00e9lectronique\"}]},{\"@type\":\"WebSite\",\"@id\":\"https:\/\/tendotools.com\/fr\/#website\",\"url\":\"https:\/\/tendotools.com\/fr\/\",\"name\":\"Tendotools\",\"description\":\"\",\"publisher\":{\"@id\":\"https:\/\/tendotools.com\/fr\/#organization\"},\"potentialAction\":[{\"@type\":\"SearchAction\",\"target\":{\"@type\":\"EntryPoint\",\"urlTemplate\":\"https:\/\/tendotools.com\/fr\/?s={search_term_string}\"},\"query-input\":{\"@type\":\"PropertyValueSpecification\",\"valueRequired\":true,\"valueName\":\"search_term_string\"}}],\"inLanguage\":\"fr-FR\"},{\"@type\":\"Organization\",\"@id\":\"https:\/\/tendotools.com\/fr\/#organization\",\"name\":\"Tendotools\",\"url\":\"https:\/\/tendotools.com\/fr\/\",\"logo\":{\"@type\":\"ImageObject\",\"inLanguage\":\"fr-FR\",\"@id\":\"https:\/\/tendotools.com\/fr\/#\/schema\/logo\/image\/\",\"url\":\"https:\/\/tendotools.com\/wp-content\/uploads\/2019\/09\/logo-wit.png\",\"contentUrl\":\"https:\/\/tendotools.com\/wp-content\/uploads\/2019\/09\/logo-wit.png\",\"width\":350,\"height\":84,\"caption\":\"Tendotools\"},\"image\":{\"@id\":\"https:\/\/tendotools.com\/fr\/#\/schema\/logo\/image\/\"}}]}<\/script>\n<!-- \/ Yoast SEO plugin. -->","yoast_head_json":{"title":"Mini ponceuse vibrante LRE84H \u00e0 contr\u00f4le \u00e9lectronique - Tendotools","description":"Mini-ponceuse vibrante l\u00e9g\u00e8re et puissante pour le polissage et la finition de vos pi\u00e8ces. Avec un attachement pour les endroits difficiles.","robots":{"index":"index","follow":"follow","max-snippet":"max-snippet:-1","max-image-preview":"max-image-preview:large","max-video-preview":"max-video-preview:-1"},"canonical":"https:\/\/tendotools.com\/fr\/produit\/mini-ponceuse-vibrante-lre84h-avec-control-electronique\/","og_locale":"fr_FR","og_type":"article","og_title":"Mini ponceuse vibrante LRE84H \u00e0 contr\u00f4le \u00e9lectronique - Tendotools","og_description":"Mini-ponceuse vibrante l\u00e9g\u00e8re et puissante pour le polissage et la finition de vos pi\u00e8ces. Avec un attachement pour les endroits difficiles.","og_url":"https:\/\/tendotools.com\/fr\/produit\/mini-ponceuse-vibrante-lre84h-avec-control-electronique\/","og_site_name":"Tendotools","article_modified_time":"2020-11-27T12:49:27+00:00","og_image":[{"width":800,"height":800,"url":"https:\/\/tendotools.com\/wp-content\/uploads\/2020\/11\/LRE84H-1.jpg","type":"image\/jpeg"}],"twitter_card":"summary_large_image","twitter_misc":{"Dur\u00e9e de lecture estim\u00e9e":"1 minute"},"schema":{"@context":"https:\/\/schema.org","@graph":[{"@type":"WebPage","@id":"https:\/\/tendotools.com\/fr\/produit\/mini-ponceuse-vibrante-lre84h-avec-control-electronique\/","url":"https:\/\/tendotools.com\/fr\/produit\/mini-ponceuse-vibrante-lre84h-avec-control-electronique\/","name":"Mini ponceuse vibrante LRE84H \u00e0 contr\u00f4le \u00e9lectronique - Tendotools","isPartOf":{"@id":"https:\/\/tendotools.com\/fr\/#website"},"primaryImageOfPage":{"@id":"https:\/\/tendotools.com\/fr\/produit\/mini-ponceuse-vibrante-lre84h-avec-control-electronique\/#primaryimage"},"image":{"@id":"https:\/\/tendotools.com\/fr\/produit\/mini-ponceuse-vibrante-lre84h-avec-control-electronique\/#primaryimage"},"thumbnailUrl":"https:\/\/tendotools.com\/wp-content\/uploads\/2020\/11\/LRE84H-1.jpg","datePublished":"2020-11-27T12:39:47+00:00","dateModified":"2020-11-27T12:49:27+00:00","description":"Mini-ponceuse vibrante l\u00e9g\u00e8re et puissante pour le polissage et la finition de vos pi\u00e8ces. Avec un attachement pour les endroits difficiles.","breadcrumb":{"@id":"https:\/\/tendotools.com\/fr\/produit\/mini-ponceuse-vibrante-lre84h-avec-control-electronique\/#breadcrumb"},"inLanguage":"fr-FR","potentialAction":[{"@type":"ReadAction","target":["https:\/\/tendotools.com\/fr\/produit\/mini-ponceuse-vibrante-lre84h-avec-control-electronique\/"]}]},{"@type":"ImageObject","inLanguage":"fr-FR","@id":"https:\/\/tendotools.com\/fr\/produit\/mini-ponceuse-vibrante-lre84h-avec-control-electronique\/#primaryimage","url":"https:\/\/tendotools.com\/wp-content\/uploads\/2020\/11\/LRE84H-1.jpg","contentUrl":"https:\/\/tendotools.com\/wp-content\/uploads\/2020\/11\/LRE84H-1.jpg","width":800,"height":800},{"@type":"BreadcrumbList","@id":"https:\/\/tendotools.com\/fr\/produit\/mini-ponceuse-vibrante-lre84h-avec-control-electronique\/#breadcrumb","itemListElement":[{"@type":"ListItem","position":1,"name":"Home","item":"https:\/\/tendotools.com\/fr\/"},{"@type":"ListItem","position":2,"name":"Shop","item":"https:\/\/tendotools.com\/fr\/boutique\/"},{"@type":"ListItem","position":3,"name":"Mini ponceuse vibrante LRE84H \u00e0 contr\u00f4le \u00e9lectronique"}]},{"@type":"WebSite","@id":"https:\/\/tendotools.com\/fr\/#website","url":"https:\/\/tendotools.com\/fr\/","name":"Tendotools","description":"","publisher":{"@id":"https:\/\/tendotools.com\/fr\/#organization"},"potentialAction":[{"@type":"SearchAction","target":{"@type":"EntryPoint","urlTemplate":"https:\/\/tendotools.com\/fr\/?s={search_term_string}"},"query-input":{"@type":"PropertyValueSpecification","valueRequired":true,"valueName":"search_term_string"}}],"inLanguage":"fr-FR"},{"@type":"Organization","@id":"https:\/\/tendotools.com\/fr\/#organization","name":"Tendotools","url":"https:\/\/tendotools.com\/fr\/","logo":{"@type":"ImageObject","inLanguage":"fr-FR","@id":"https:\/\/tendotools.com\/fr\/#\/schema\/logo\/image\/","url":"https:\/\/tendotools.com\/wp-content\/uploads\/2019\/09\/logo-wit.png","contentUrl":"https:\/\/tendotools.com\/wp-content\/uploads\/2019\/09\/logo-wit.png","width":350,"height":84,"caption":"Tendotools"},"image":{"@id":"https:\/\/tendotools.com\/fr\/#\/schema\/logo\/image\/"}}]}},"brands":[{"id":3439,"name":"Virutex","slug":"virutex-fr"}],"_links":{"self":[{"href":"https:\/\/tendotools.com\/fr\/wp-json\/wp\/v2\/product\/16607","targetHints":{"allow":["GET"]}}],"collection":[{"href":"https:\/\/tendotools.com\/fr\/wp-json\/wp\/v2\/product"}],"about":[{"href":"https:\/\/tendotools.com\/fr\/wp-json\/wp\/v2\/types\/product"}],"replies":[{"embeddable":true,"href":"https:\/\/tendotools.com\/fr\/wp-json\/wp\/v2\/comments?post=16607"}],"wp:featuredmedia":[{"embeddable":true,"href":"https:\/\/tendotools.com\/fr\/wp-json\/wp\/v2\/media\/16610"}],"wp:attachment":[{"href":"https:\/\/tendotools.com\/fr\/wp-json\/wp\/v2\/media?parent=16607"}],"wp:term":[{"taxonomy":"pwb-brand","embeddable":true,"href":"https:\/\/tendotools.com\/fr\/wp-json\/wp\/v2\/pwb-brand?post=16607"},{"taxonomy":"product_brand","embeddable":true,"href":"https:\/\/tendotools.com\/fr\/wp-json\/wp\/v2\/product_brand?post=16607"},{"taxonomy":"product_cat","embeddable":true,"href":"https:\/\/tendotools.com\/fr\/wp-json\/wp\/v2\/product_cat?post=16607"},{"taxonomy":"product_tag","embeddable":true,"href":"https:\/\/tendotools.com\/fr\/wp-json\/wp\/v2\/product_tag?post=16607"}],"curies":[{"name":"wp","href":"https:\/\/api.w.org\/{rel}","templated":true}]}}