{"id":17571,"date":"2020-12-05T10:34:08","date_gmt":"2020-12-05T09:34:08","guid":{"rendered":"https:\/\/tendotools.com\/?post_type=product&#038;p=17571"},"modified":"2020-12-07T09:25:53","modified_gmt":"2020-12-07T08:25:53","slug":"bow-featherpro-fp1-pince-a-ressort","status":"publish","type":"product","link":"https:\/\/tendotools.com\/fr\/produit\/bow-featherpro-fp1-pince-a-ressort\/","title":{"rendered":"BOW FeatherPRO FP1 pince \u00e0 ressort"},"content":{"rendered":"<p>La pince \u00e0 ressort BOW FeatherPRO comprend une utilisation innovante de peignes en mousse EVA \/ mousse haute densit\u00e9 et d&#8217;un syst\u00e8me de serrage qui augmentent le contr\u00f4le de l&#8217;insertion, am\u00e9liorent consid\u00e9rablement le recul et prot\u00e8gent mieux votre bois contre les dommages. Ceci par rapport aux clips \u00e0 ressort en plastique g\u00e9n\u00e9raux. L&#8217;EVA est un mat\u00e9riau \u00e0 cellules ferm\u00e9es haute densit\u00e9 avec une longue dur\u00e9e de vie que vous n&#8217;avez pas avec les clips \u00e0 ressort en plastique courants. Id\u00e9al pour scies \u00e0 table, fraiseuses, guides<\/p>\n","protected":false},"excerpt":{"rendered":"<p>La pince \u00e0 ressort BOW FeatherPRO comprend une utilisation innovante de peignes en mousse EVA \/ mousse haute densit\u00e9 et d&#8217;un syst\u00e8me de serrage qui augmentent le contr\u00f4le de l&#8217;insertion, am\u00e9liorent consid\u00e9rablement le recul et prot\u00e8gent mieux votre bois contre les dommages. Ceci par rapport aux clips \u00e0 ressort en plastique g\u00e9n\u00e9raux. L&#8217;EVA est un mat\u00e9riau \u00e0 cellules ferm\u00e9es haute densit\u00e9 avec une longue dur\u00e9e de vie que vous n&#8217;avez pas avec les clips \u00e0 ressort en plastique courants. Id\u00e9al pour scies \u00e0 table, fraiseuses, guides<\/p>\n","protected":false},"featured_media":17605,"comment_status":"open","ping_status":"closed","template":"","meta":{"_acf_changed":false,"_crsspst_to_pihertendotoolscom":false,"_crsspst_to_piherbe":false,"inline_featured_image":false},"pwb-brand":[3412],"product_brand":[],"product_cat":[3603,375],"product_tag":[],"class_list":{"0":"post-17571","1":"product","2":"type-product","3":"status-publish","4":"has-post-thumbnail","6":"pwb-brand-piher-fr","7":"product_cat-bow-presseurs","8":"product_cat-accessoires-pratiques","9":"product_shipping_class-regulier-desambiguation","11":"first","12":"instock","13":"taxable","14":"shipping-taxable","15":"purchasable","16":"product-type-simple"},"group_of_quantity":0,"min_quantity":0,"max_quantity":"","exclude_order_quantity_value_rules":"no","exclude_category_quantity_rules":"no","combine_variations":"no","acf":{"composite_product":null,"belangrijkste_eigenschappen":"<ul>\n \t<li><strong>S\u00c9CURIT\u00c9 IN\u00c9GAL\u00c9E:<\/strong> La conception brevet\u00e9e du ressort de charni\u00e8re absorbe le recul et offre une r\u00e9sistance 5 fois sup\u00e9rieure au recul par rapport aux ressorts en plastique ou en bois.<\/li>\n \t<li><strong>CONTR\u00d4LE D'ALIMENTATION R\u00c9VOLUTIONNAIRE:<\/strong>Des ressorts en EVA plus \u00e9pais augmentent la quantit\u00e9 de contact de surface avec la pi\u00e8ce, assurant un glissement plus doux et un contr\u00f4le sup\u00e9rieur de l'avance.<\/li>\n \t<li><strong>AMORTISSEMENT DES VIBRATIONS:<\/strong>les ressorts EVA absorbent les vibrations et minimisent les vibrations pour une coupe plus nette. Les plumes ne sont pas d\u00e9figurantes. Les plumes EVA ne sont pas nocives pour les lames de scie en carbure ou les couteaux en cas de contact accidentel. La pinces \u00e0 ressort ne sont pas d\u00e9figurantes. La pince \u00e0 ressort EVA ne sont pas nocives pour les lames de scie ou les couteaux en carbure en cas de contact accidentel.<\/li>\n \t<li><strong>POLYVALENT:<\/strong>Les ressorts sont r\u00e9versibles, rempla\u00e7ables et interchangeables. Essayez notre UltraFLEX Feather pour plus de commentaires sur la sensibilit\u00e9. Essayez notre UltraFLEX Feather pour plus de commentaires sur la sensibilit\u00e9.<\/li>\n<\/ul>","standaard_uitrusting":"Par pi\u00e8ce","downloads":[{"bestand":""}],"out_of_stock_message":"","video":"https:\/\/www.youtube.com\/watch?v=mNvHglAD3kg"},"yoast_head":"<!-- This site is optimized with the Yoast SEO plugin v26.8 - https:\/\/yoast.com\/product\/yoast-seo-wordpress\/ -->\n<title>BOW FeatherPRO FP1 pince \u00e0 ressort - Tendotools<\/title>\n<meta name=\"description\" content=\"La pince \u00e0 ressort BOW FeatherPRO est dot\u00e9 d&#039;une utilisation innovante de peignes en mousse EVA \/ mousse haute densit\u00e9 et d&#039;un syst\u00e8me de serrage.\" \/>\n<meta name=\"robots\" content=\"index, follow, max-snippet:-1, max-image-preview:large, max-video-preview:-1\" \/>\n<link rel=\"canonical\" href=\"https:\/\/tendotools.com\/fr\/produit\/bow-featherpro-fp1-pince-a-ressort\/\" \/>\n<meta property=\"og:locale\" content=\"fr_FR\" \/>\n<meta property=\"og:type\" content=\"article\" \/>\n<meta property=\"og:title\" content=\"BOW FeatherPRO FP1 pince \u00e0 ressort - Tendotools\" \/>\n<meta property=\"og:description\" content=\"La pince \u00e0 ressort BOW FeatherPRO est dot\u00e9 d&#039;une utilisation innovante de peignes en mousse EVA \/ mousse haute densit\u00e9 et d&#039;un syst\u00e8me de serrage.\" \/>\n<meta property=\"og:url\" content=\"https:\/\/tendotools.com\/fr\/produit\/bow-featherpro-fp1-pince-a-ressort\/\" \/>\n<meta property=\"og:site_name\" content=\"Tendotools\" \/>\n<meta property=\"article:modified_time\" content=\"2020-12-07T08:25:53+00:00\" \/>\n<meta property=\"og:image\" content=\"https:\/\/tendotools.com\/wp-content\/uploads\/2020\/12\/FeatherPRO_10.jpg\" \/>\n\t<meta property=\"og:image:width\" content=\"800\" \/>\n\t<meta property=\"og:image:height\" content=\"800\" \/>\n\t<meta property=\"og:image:type\" content=\"image\/jpeg\" \/>\n<meta name=\"twitter:card\" content=\"summary_large_image\" \/>\n<script type=\"application\/ld+json\" class=\"yoast-schema-graph\">{\"@context\":\"https:\/\/schema.org\",\"@graph\":[{\"@type\":\"WebPage\",\"@id\":\"https:\/\/tendotools.com\/fr\/produit\/bow-featherpro-fp1-pince-a-ressort\/\",\"url\":\"https:\/\/tendotools.com\/fr\/produit\/bow-featherpro-fp1-pince-a-ressort\/\",\"name\":\"BOW FeatherPRO FP1 pince \u00e0 ressort - Tendotools\",\"isPartOf\":{\"@id\":\"https:\/\/tendotools.com\/fr\/#website\"},\"primaryImageOfPage\":{\"@id\":\"https:\/\/tendotools.com\/fr\/produit\/bow-featherpro-fp1-pince-a-ressort\/#primaryimage\"},\"image\":{\"@id\":\"https:\/\/tendotools.com\/fr\/produit\/bow-featherpro-fp1-pince-a-ressort\/#primaryimage\"},\"thumbnailUrl\":\"https:\/\/tendotools.com\/wp-content\/uploads\/2020\/12\/FeatherPRO_10.jpg\",\"datePublished\":\"2020-12-05T09:34:08+00:00\",\"dateModified\":\"2020-12-07T08:25:53+00:00\",\"description\":\"La pince \u00e0 ressort BOW FeatherPRO est dot\u00e9 d'une utilisation innovante de peignes en mousse EVA \/ mousse haute densit\u00e9 et d'un syst\u00e8me de serrage.\",\"breadcrumb\":{\"@id\":\"https:\/\/tendotools.com\/fr\/produit\/bow-featherpro-fp1-pince-a-ressort\/#breadcrumb\"},\"inLanguage\":\"fr-FR\",\"potentialAction\":[{\"@type\":\"ReadAction\",\"target\":[\"https:\/\/tendotools.com\/fr\/produit\/bow-featherpro-fp1-pince-a-ressort\/\"]}]},{\"@type\":\"ImageObject\",\"inLanguage\":\"fr-FR\",\"@id\":\"https:\/\/tendotools.com\/fr\/produit\/bow-featherpro-fp1-pince-a-ressort\/#primaryimage\",\"url\":\"https:\/\/tendotools.com\/wp-content\/uploads\/2020\/12\/FeatherPRO_10.jpg\",\"contentUrl\":\"https:\/\/tendotools.com\/wp-content\/uploads\/2020\/12\/FeatherPRO_10.jpg\",\"width\":800,\"height\":800},{\"@type\":\"BreadcrumbList\",\"@id\":\"https:\/\/tendotools.com\/fr\/produit\/bow-featherpro-fp1-pince-a-ressort\/#breadcrumb\",\"itemListElement\":[{\"@type\":\"ListItem\",\"position\":1,\"name\":\"Home\",\"item\":\"https:\/\/tendotools.com\/fr\/\"},{\"@type\":\"ListItem\",\"position\":2,\"name\":\"Shop\",\"item\":\"https:\/\/tendotools.com\/fr\/boutique\/\"},{\"@type\":\"ListItem\",\"position\":3,\"name\":\"BOW FeatherPRO FP1 pince \u00e0 ressort\"}]},{\"@type\":\"WebSite\",\"@id\":\"https:\/\/tendotools.com\/fr\/#website\",\"url\":\"https:\/\/tendotools.com\/fr\/\",\"name\":\"Tendotools\",\"description\":\"\",\"publisher\":{\"@id\":\"https:\/\/tendotools.com\/fr\/#organization\"},\"potentialAction\":[{\"@type\":\"SearchAction\",\"target\":{\"@type\":\"EntryPoint\",\"urlTemplate\":\"https:\/\/tendotools.com\/fr\/?s={search_term_string}\"},\"query-input\":{\"@type\":\"PropertyValueSpecification\",\"valueRequired\":true,\"valueName\":\"search_term_string\"}}],\"inLanguage\":\"fr-FR\"},{\"@type\":\"Organization\",\"@id\":\"https:\/\/tendotools.com\/fr\/#organization\",\"name\":\"Tendotools\",\"url\":\"https:\/\/tendotools.com\/fr\/\",\"logo\":{\"@type\":\"ImageObject\",\"inLanguage\":\"fr-FR\",\"@id\":\"https:\/\/tendotools.com\/fr\/#\/schema\/logo\/image\/\",\"url\":\"https:\/\/tendotools.com\/wp-content\/uploads\/2019\/09\/logo-wit.png\",\"contentUrl\":\"https:\/\/tendotools.com\/wp-content\/uploads\/2019\/09\/logo-wit.png\",\"width\":350,\"height\":84,\"caption\":\"Tendotools\"},\"image\":{\"@id\":\"https:\/\/tendotools.com\/fr\/#\/schema\/logo\/image\/\"}}]}<\/script>\n<!-- \/ Yoast SEO plugin. -->","yoast_head_json":{"title":"BOW FeatherPRO FP1 pince \u00e0 ressort - Tendotools","description":"La pince \u00e0 ressort BOW FeatherPRO est dot\u00e9 d'une utilisation innovante de peignes en mousse EVA \/ mousse haute densit\u00e9 et d'un syst\u00e8me de serrage.","robots":{"index":"index","follow":"follow","max-snippet":"max-snippet:-1","max-image-preview":"max-image-preview:large","max-video-preview":"max-video-preview:-1"},"canonical":"https:\/\/tendotools.com\/fr\/produit\/bow-featherpro-fp1-pince-a-ressort\/","og_locale":"fr_FR","og_type":"article","og_title":"BOW FeatherPRO FP1 pince \u00e0 ressort - Tendotools","og_description":"La pince \u00e0 ressort BOW FeatherPRO est dot\u00e9 d'une utilisation innovante de peignes en mousse EVA \/ mousse haute densit\u00e9 et d'un syst\u00e8me de serrage.","og_url":"https:\/\/tendotools.com\/fr\/produit\/bow-featherpro-fp1-pince-a-ressort\/","og_site_name":"Tendotools","article_modified_time":"2020-12-07T08:25:53+00:00","og_image":[{"width":800,"height":800,"url":"https:\/\/tendotools.com\/wp-content\/uploads\/2020\/12\/FeatherPRO_10.jpg","type":"image\/jpeg"}],"twitter_card":"summary_large_image","schema":{"@context":"https:\/\/schema.org","@graph":[{"@type":"WebPage","@id":"https:\/\/tendotools.com\/fr\/produit\/bow-featherpro-fp1-pince-a-ressort\/","url":"https:\/\/tendotools.com\/fr\/produit\/bow-featherpro-fp1-pince-a-ressort\/","name":"BOW FeatherPRO FP1 pince \u00e0 ressort - Tendotools","isPartOf":{"@id":"https:\/\/tendotools.com\/fr\/#website"},"primaryImageOfPage":{"@id":"https:\/\/tendotools.com\/fr\/produit\/bow-featherpro-fp1-pince-a-ressort\/#primaryimage"},"image":{"@id":"https:\/\/tendotools.com\/fr\/produit\/bow-featherpro-fp1-pince-a-ressort\/#primaryimage"},"thumbnailUrl":"https:\/\/tendotools.com\/wp-content\/uploads\/2020\/12\/FeatherPRO_10.jpg","datePublished":"2020-12-05T09:34:08+00:00","dateModified":"2020-12-07T08:25:53+00:00","description":"La pince \u00e0 ressort BOW FeatherPRO est dot\u00e9 d'une utilisation innovante de peignes en mousse EVA \/ mousse haute densit\u00e9 et d'un syst\u00e8me de serrage.","breadcrumb":{"@id":"https:\/\/tendotools.com\/fr\/produit\/bow-featherpro-fp1-pince-a-ressort\/#breadcrumb"},"inLanguage":"fr-FR","potentialAction":[{"@type":"ReadAction","target":["https:\/\/tendotools.com\/fr\/produit\/bow-featherpro-fp1-pince-a-ressort\/"]}]},{"@type":"ImageObject","inLanguage":"fr-FR","@id":"https:\/\/tendotools.com\/fr\/produit\/bow-featherpro-fp1-pince-a-ressort\/#primaryimage","url":"https:\/\/tendotools.com\/wp-content\/uploads\/2020\/12\/FeatherPRO_10.jpg","contentUrl":"https:\/\/tendotools.com\/wp-content\/uploads\/2020\/12\/FeatherPRO_10.jpg","width":800,"height":800},{"@type":"BreadcrumbList","@id":"https:\/\/tendotools.com\/fr\/produit\/bow-featherpro-fp1-pince-a-ressort\/#breadcrumb","itemListElement":[{"@type":"ListItem","position":1,"name":"Home","item":"https:\/\/tendotools.com\/fr\/"},{"@type":"ListItem","position":2,"name":"Shop","item":"https:\/\/tendotools.com\/fr\/boutique\/"},{"@type":"ListItem","position":3,"name":"BOW FeatherPRO FP1 pince \u00e0 ressort"}]},{"@type":"WebSite","@id":"https:\/\/tendotools.com\/fr\/#website","url":"https:\/\/tendotools.com\/fr\/","name":"Tendotools","description":"","publisher":{"@id":"https:\/\/tendotools.com\/fr\/#organization"},"potentialAction":[{"@type":"SearchAction","target":{"@type":"EntryPoint","urlTemplate":"https:\/\/tendotools.com\/fr\/?s={search_term_string}"},"query-input":{"@type":"PropertyValueSpecification","valueRequired":true,"valueName":"search_term_string"}}],"inLanguage":"fr-FR"},{"@type":"Organization","@id":"https:\/\/tendotools.com\/fr\/#organization","name":"Tendotools","url":"https:\/\/tendotools.com\/fr\/","logo":{"@type":"ImageObject","inLanguage":"fr-FR","@id":"https:\/\/tendotools.com\/fr\/#\/schema\/logo\/image\/","url":"https:\/\/tendotools.com\/wp-content\/uploads\/2019\/09\/logo-wit.png","contentUrl":"https:\/\/tendotools.com\/wp-content\/uploads\/2019\/09\/logo-wit.png","width":350,"height":84,"caption":"Tendotools"},"image":{"@id":"https:\/\/tendotools.com\/fr\/#\/schema\/logo\/image\/"}}]}},"brands":[{"id":3412,"name":"Piher","slug":"piher-fr"}],"_links":{"self":[{"href":"https:\/\/tendotools.com\/fr\/wp-json\/wp\/v2\/product\/17571","targetHints":{"allow":["GET"]}}],"collection":[{"href":"https:\/\/tendotools.com\/fr\/wp-json\/wp\/v2\/product"}],"about":[{"href":"https:\/\/tendotools.com\/fr\/wp-json\/wp\/v2\/types\/product"}],"replies":[{"embeddable":true,"href":"https:\/\/tendotools.com\/fr\/wp-json\/wp\/v2\/comments?post=17571"}],"wp:featuredmedia":[{"embeddable":true,"href":"https:\/\/tendotools.com\/fr\/wp-json\/wp\/v2\/media\/17605"}],"wp:attachment":[{"href":"https:\/\/tendotools.com\/fr\/wp-json\/wp\/v2\/media?parent=17571"}],"wp:term":[{"taxonomy":"pwb-brand","embeddable":true,"href":"https:\/\/tendotools.com\/fr\/wp-json\/wp\/v2\/pwb-brand?post=17571"},{"taxonomy":"product_brand","embeddable":true,"href":"https:\/\/tendotools.com\/fr\/wp-json\/wp\/v2\/product_brand?post=17571"},{"taxonomy":"product_cat","embeddable":true,"href":"https:\/\/tendotools.com\/fr\/wp-json\/wp\/v2\/product_cat?post=17571"},{"taxonomy":"product_tag","embeddable":true,"href":"https:\/\/tendotools.com\/fr\/wp-json\/wp\/v2\/product_tag?post=17571"}],"curies":[{"name":"wp","href":"https:\/\/api.w.org\/{rel}","templated":true}]}}