{"id":20174,"date":"2021-01-06T16:42:28","date_gmt":"2021-01-06T15:42:28","guid":{"rendered":"https:\/\/tendotools.com\/?post_type=product&#038;p=20174"},"modified":"2021-01-06T16:50:59","modified_gmt":"2021-01-06T15:50:59","slug":"lame-de-scie-acier-tempre-3345mm-3-tpi-largeur-20mm-pour-tt400","status":"publish","type":"product","link":"https:\/\/tendotools.com\/fr\/produit\/lame-de-scie-acier-tempre-3345mm-3-tpi-largeur-20mm-pour-tt400\/","title":{"rendered":"Lame de scie acier tempr\u00e9 3345mm (3 TPI) largeur 20mm &#8211; pour TT400"},"content":{"rendered":"<p>Lame de scie \u00e0 ruban d\u2019une longueur de 3345mm \u00e0 utiliser sur la scie \u00e0 ruban TT400 de Tendotools. Ce ruban de scie a 3 TPI (dents par inch) et a une largeur de 20mm. Cette lame en acier tremp\u00e9 &#8220;Flexback&#8221; est tr\u00e8s adapt\u00e9 au sciage polyvalent. Utilisez cette lame de scie pour le bois et le plastique. Les dents de la lame de scie ont re\u00e7u un traitement thermique suppl\u00e9mentaire pour augmenter leur duret\u00e9. Cela permet de garder la ruban tr\u00e8s souple et d&#8217;augmenter votre confort de coupe gr\u00e2ce \u00e0 la duret\u00e9 des dents.<\/p>\n","protected":false},"excerpt":{"rendered":"<p>Lame de scie \u00e0 ruban d\u2019une longueur de 3345mm \u00e0 utiliser sur la scie \u00e0 ruban TT400 de Tendotools. Ce ruban de scie a 3 TPI (dents par inch) et a une largeur de 20mm. Cette lame en acier tremp\u00e9 &#8220;Flexback&#8221; est tr\u00e8s adapt\u00e9 au sciage polyvalent. Utilisez cette lame de scie pour le bois et le plastique. Les dents de la lame de scie ont re\u00e7u un traitement thermique suppl\u00e9mentaire pour augmenter leur duret\u00e9. Cela permet de garder la ruban tr\u00e8s souple et d&#8217;augmenter votre confort de coupe gr\u00e2ce \u00e0 la duret\u00e9 des dents.<\/p>\n","protected":false},"featured_media":20110,"comment_status":"open","ping_status":"closed","template":"","meta":{"_acf_changed":false,"_crsspst_to_pihertendotoolscom":false,"_crsspst_to_piherbe":false,"inline_featured_image":false},"pwb-brand":[3737],"product_brand":[],"product_cat":[406],"product_tag":[],"class_list":{"0":"post-20174","1":"product","2":"type-product","3":"status-publish","4":"has-post-thumbnail","6":"pwb-brand-tendotools-fr","7":"product_cat-lames-de-scie-a-ruban","8":"product_shipping_class-regulier-desambiguation","10":"first","11":"instock","12":"taxable","13":"shipping-taxable","14":"purchasable","15":"product-type-simple"},"group_of_quantity":0,"min_quantity":0,"max_quantity":"","exclude_order_quantity_value_rules":"no","exclude_category_quantity_rules":"no","combine_variations":"no","acf":{"composite_product":null,"belangrijkste_eigenschappen":"<ul>\n \t<li>3 TPI<\/li>\n \t<li>20mm de largeur<\/li>\n \t<li>Longueur de 3345mm<\/li>\n \t<li>Pour TT400<\/li>\n<\/ul>","standaard_uitrusting":"Par pi\u00e8ce","downloads":null,"out_of_stock_message":"","video":""},"yoast_head":"<!-- This site is optimized with the Yoast SEO plugin v26.8 - https:\/\/yoast.com\/product\/yoast-seo-wordpress\/ -->\n<title>Lame de scie acier tempr\u00e9 3345mm (3 TPI) largeur 20mm - pour TT400 - Tendotools<\/title>\n<meta name=\"description\" content=\"Lame de scie \u00e0 ruban d\u2019une longueur de 3345mm \u00e0 utiliser sur la scie \u00e0 ruban TT400 de Tendotools. Ce ruban de scie a 3 TPI (dents par inch) et a une largeur de 20mm.\" \/>\n<meta name=\"robots\" content=\"index, follow, max-snippet:-1, max-image-preview:large, max-video-preview:-1\" \/>\n<link rel=\"canonical\" href=\"https:\/\/tendotools.com\/fr\/produit\/lame-de-scie-acier-tempre-3345mm-3-tpi-largeur-20mm-pour-tt400\/\" \/>\n<meta property=\"og:locale\" content=\"fr_FR\" \/>\n<meta property=\"og:type\" content=\"article\" \/>\n<meta property=\"og:title\" content=\"Lame de scie acier tempr\u00e9 3345mm (3 TPI) largeur 20mm - pour TT400 - Tendotools\" \/>\n<meta property=\"og:description\" content=\"Lame de scie \u00e0 ruban d\u2019une longueur de 3345mm \u00e0 utiliser sur la scie \u00e0 ruban TT400 de Tendotools. Ce ruban de scie a 3 TPI (dents par inch) et a une largeur de 20mm.\" \/>\n<meta property=\"og:url\" content=\"https:\/\/tendotools.com\/fr\/produit\/lame-de-scie-acier-tempre-3345mm-3-tpi-largeur-20mm-pour-tt400\/\" \/>\n<meta property=\"og:site_name\" content=\"Tendotools\" \/>\n<meta property=\"article:modified_time\" content=\"2021-01-06T15:50:59+00:00\" \/>\n<meta property=\"og:image\" content=\"https:\/\/tendotools.com\/wp-content\/uploads\/2021\/01\/Zaaglint.jpg\" \/>\n\t<meta property=\"og:image:width\" content=\"800\" \/>\n\t<meta property=\"og:image:height\" content=\"800\" \/>\n\t<meta property=\"og:image:type\" content=\"image\/jpeg\" \/>\n<meta name=\"twitter:card\" content=\"summary_large_image\" \/>\n<script type=\"application\/ld+json\" class=\"yoast-schema-graph\">{\"@context\":\"https:\/\/schema.org\",\"@graph\":[{\"@type\":\"WebPage\",\"@id\":\"https:\/\/tendotools.com\/fr\/produit\/lame-de-scie-acier-tempre-3345mm-3-tpi-largeur-20mm-pour-tt400\/\",\"url\":\"https:\/\/tendotools.com\/fr\/produit\/lame-de-scie-acier-tempre-3345mm-3-tpi-largeur-20mm-pour-tt400\/\",\"name\":\"Lame de scie acier tempr\u00e9 3345mm (3 TPI) largeur 20mm - pour TT400 - Tendotools\",\"isPartOf\":{\"@id\":\"https:\/\/tendotools.com\/fr\/#website\"},\"primaryImageOfPage\":{\"@id\":\"https:\/\/tendotools.com\/fr\/produit\/lame-de-scie-acier-tempre-3345mm-3-tpi-largeur-20mm-pour-tt400\/#primaryimage\"},\"image\":{\"@id\":\"https:\/\/tendotools.com\/fr\/produit\/lame-de-scie-acier-tempre-3345mm-3-tpi-largeur-20mm-pour-tt400\/#primaryimage\"},\"thumbnailUrl\":\"https:\/\/tendotools.com\/wp-content\/uploads\/2021\/01\/Zaaglint.jpg\",\"datePublished\":\"2021-01-06T15:42:28+00:00\",\"dateModified\":\"2021-01-06T15:50:59+00:00\",\"description\":\"Lame de scie \u00e0 ruban d\u2019une longueur de 3345mm \u00e0 utiliser sur la scie \u00e0 ruban TT400 de Tendotools. Ce ruban de scie a 3 TPI (dents par inch) et a une largeur de 20mm.\",\"breadcrumb\":{\"@id\":\"https:\/\/tendotools.com\/fr\/produit\/lame-de-scie-acier-tempre-3345mm-3-tpi-largeur-20mm-pour-tt400\/#breadcrumb\"},\"inLanguage\":\"fr-FR\",\"potentialAction\":[{\"@type\":\"ReadAction\",\"target\":[\"https:\/\/tendotools.com\/fr\/produit\/lame-de-scie-acier-tempre-3345mm-3-tpi-largeur-20mm-pour-tt400\/\"]}]},{\"@type\":\"ImageObject\",\"inLanguage\":\"fr-FR\",\"@id\":\"https:\/\/tendotools.com\/fr\/produit\/lame-de-scie-acier-tempre-3345mm-3-tpi-largeur-20mm-pour-tt400\/#primaryimage\",\"url\":\"https:\/\/tendotools.com\/wp-content\/uploads\/2021\/01\/Zaaglint.jpg\",\"contentUrl\":\"https:\/\/tendotools.com\/wp-content\/uploads\/2021\/01\/Zaaglint.jpg\",\"width\":800,\"height\":800},{\"@type\":\"BreadcrumbList\",\"@id\":\"https:\/\/tendotools.com\/fr\/produit\/lame-de-scie-acier-tempre-3345mm-3-tpi-largeur-20mm-pour-tt400\/#breadcrumb\",\"itemListElement\":[{\"@type\":\"ListItem\",\"position\":1,\"name\":\"Home\",\"item\":\"https:\/\/tendotools.com\/fr\/\"},{\"@type\":\"ListItem\",\"position\":2,\"name\":\"Shop\",\"item\":\"https:\/\/tendotools.com\/fr\/boutique\/\"},{\"@type\":\"ListItem\",\"position\":3,\"name\":\"Lame de scie acier tempr\u00e9 3345mm (3 TPI) largeur 20mm &#8211; pour TT400\"}]},{\"@type\":\"WebSite\",\"@id\":\"https:\/\/tendotools.com\/fr\/#website\",\"url\":\"https:\/\/tendotools.com\/fr\/\",\"name\":\"Tendotools\",\"description\":\"\",\"publisher\":{\"@id\":\"https:\/\/tendotools.com\/fr\/#organization\"},\"potentialAction\":[{\"@type\":\"SearchAction\",\"target\":{\"@type\":\"EntryPoint\",\"urlTemplate\":\"https:\/\/tendotools.com\/fr\/?s={search_term_string}\"},\"query-input\":{\"@type\":\"PropertyValueSpecification\",\"valueRequired\":true,\"valueName\":\"search_term_string\"}}],\"inLanguage\":\"fr-FR\"},{\"@type\":\"Organization\",\"@id\":\"https:\/\/tendotools.com\/fr\/#organization\",\"name\":\"Tendotools\",\"url\":\"https:\/\/tendotools.com\/fr\/\",\"logo\":{\"@type\":\"ImageObject\",\"inLanguage\":\"fr-FR\",\"@id\":\"https:\/\/tendotools.com\/fr\/#\/schema\/logo\/image\/\",\"url\":\"https:\/\/tendotools.com\/wp-content\/uploads\/2019\/09\/logo-wit.png\",\"contentUrl\":\"https:\/\/tendotools.com\/wp-content\/uploads\/2019\/09\/logo-wit.png\",\"width\":350,\"height\":84,\"caption\":\"Tendotools\"},\"image\":{\"@id\":\"https:\/\/tendotools.com\/fr\/#\/schema\/logo\/image\/\"}}]}<\/script>\n<!-- \/ Yoast SEO plugin. -->","yoast_head_json":{"title":"Lame de scie acier tempr\u00e9 3345mm (3 TPI) largeur 20mm - pour TT400 - Tendotools","description":"Lame de scie \u00e0 ruban d\u2019une longueur de 3345mm \u00e0 utiliser sur la scie \u00e0 ruban TT400 de Tendotools. Ce ruban de scie a 3 TPI (dents par inch) et a une largeur de 20mm.","robots":{"index":"index","follow":"follow","max-snippet":"max-snippet:-1","max-image-preview":"max-image-preview:large","max-video-preview":"max-video-preview:-1"},"canonical":"https:\/\/tendotools.com\/fr\/produit\/lame-de-scie-acier-tempre-3345mm-3-tpi-largeur-20mm-pour-tt400\/","og_locale":"fr_FR","og_type":"article","og_title":"Lame de scie acier tempr\u00e9 3345mm (3 TPI) largeur 20mm - pour TT400 - Tendotools","og_description":"Lame de scie \u00e0 ruban d\u2019une longueur de 3345mm \u00e0 utiliser sur la scie \u00e0 ruban TT400 de Tendotools. Ce ruban de scie a 3 TPI (dents par inch) et a une largeur de 20mm.","og_url":"https:\/\/tendotools.com\/fr\/produit\/lame-de-scie-acier-tempre-3345mm-3-tpi-largeur-20mm-pour-tt400\/","og_site_name":"Tendotools","article_modified_time":"2021-01-06T15:50:59+00:00","og_image":[{"width":800,"height":800,"url":"https:\/\/tendotools.com\/wp-content\/uploads\/2021\/01\/Zaaglint.jpg","type":"image\/jpeg"}],"twitter_card":"summary_large_image","schema":{"@context":"https:\/\/schema.org","@graph":[{"@type":"WebPage","@id":"https:\/\/tendotools.com\/fr\/produit\/lame-de-scie-acier-tempre-3345mm-3-tpi-largeur-20mm-pour-tt400\/","url":"https:\/\/tendotools.com\/fr\/produit\/lame-de-scie-acier-tempre-3345mm-3-tpi-largeur-20mm-pour-tt400\/","name":"Lame de scie acier tempr\u00e9 3345mm (3 TPI) largeur 20mm - pour TT400 - Tendotools","isPartOf":{"@id":"https:\/\/tendotools.com\/fr\/#website"},"primaryImageOfPage":{"@id":"https:\/\/tendotools.com\/fr\/produit\/lame-de-scie-acier-tempre-3345mm-3-tpi-largeur-20mm-pour-tt400\/#primaryimage"},"image":{"@id":"https:\/\/tendotools.com\/fr\/produit\/lame-de-scie-acier-tempre-3345mm-3-tpi-largeur-20mm-pour-tt400\/#primaryimage"},"thumbnailUrl":"https:\/\/tendotools.com\/wp-content\/uploads\/2021\/01\/Zaaglint.jpg","datePublished":"2021-01-06T15:42:28+00:00","dateModified":"2021-01-06T15:50:59+00:00","description":"Lame de scie \u00e0 ruban d\u2019une longueur de 3345mm \u00e0 utiliser sur la scie \u00e0 ruban TT400 de Tendotools. Ce ruban de scie a 3 TPI (dents par inch) et a une largeur de 20mm.","breadcrumb":{"@id":"https:\/\/tendotools.com\/fr\/produit\/lame-de-scie-acier-tempre-3345mm-3-tpi-largeur-20mm-pour-tt400\/#breadcrumb"},"inLanguage":"fr-FR","potentialAction":[{"@type":"ReadAction","target":["https:\/\/tendotools.com\/fr\/produit\/lame-de-scie-acier-tempre-3345mm-3-tpi-largeur-20mm-pour-tt400\/"]}]},{"@type":"ImageObject","inLanguage":"fr-FR","@id":"https:\/\/tendotools.com\/fr\/produit\/lame-de-scie-acier-tempre-3345mm-3-tpi-largeur-20mm-pour-tt400\/#primaryimage","url":"https:\/\/tendotools.com\/wp-content\/uploads\/2021\/01\/Zaaglint.jpg","contentUrl":"https:\/\/tendotools.com\/wp-content\/uploads\/2021\/01\/Zaaglint.jpg","width":800,"height":800},{"@type":"BreadcrumbList","@id":"https:\/\/tendotools.com\/fr\/produit\/lame-de-scie-acier-tempre-3345mm-3-tpi-largeur-20mm-pour-tt400\/#breadcrumb","itemListElement":[{"@type":"ListItem","position":1,"name":"Home","item":"https:\/\/tendotools.com\/fr\/"},{"@type":"ListItem","position":2,"name":"Shop","item":"https:\/\/tendotools.com\/fr\/boutique\/"},{"@type":"ListItem","position":3,"name":"Lame de scie acier tempr\u00e9 3345mm (3 TPI) largeur 20mm &#8211; pour TT400"}]},{"@type":"WebSite","@id":"https:\/\/tendotools.com\/fr\/#website","url":"https:\/\/tendotools.com\/fr\/","name":"Tendotools","description":"","publisher":{"@id":"https:\/\/tendotools.com\/fr\/#organization"},"potentialAction":[{"@type":"SearchAction","target":{"@type":"EntryPoint","urlTemplate":"https:\/\/tendotools.com\/fr\/?s={search_term_string}"},"query-input":{"@type":"PropertyValueSpecification","valueRequired":true,"valueName":"search_term_string"}}],"inLanguage":"fr-FR"},{"@type":"Organization","@id":"https:\/\/tendotools.com\/fr\/#organization","name":"Tendotools","url":"https:\/\/tendotools.com\/fr\/","logo":{"@type":"ImageObject","inLanguage":"fr-FR","@id":"https:\/\/tendotools.com\/fr\/#\/schema\/logo\/image\/","url":"https:\/\/tendotools.com\/wp-content\/uploads\/2019\/09\/logo-wit.png","contentUrl":"https:\/\/tendotools.com\/wp-content\/uploads\/2019\/09\/logo-wit.png","width":350,"height":84,"caption":"Tendotools"},"image":{"@id":"https:\/\/tendotools.com\/fr\/#\/schema\/logo\/image\/"}}]}},"brands":[{"id":3737,"name":"Tendotools","slug":"tendotools-fr"}],"_links":{"self":[{"href":"https:\/\/tendotools.com\/fr\/wp-json\/wp\/v2\/product\/20174","targetHints":{"allow":["GET"]}}],"collection":[{"href":"https:\/\/tendotools.com\/fr\/wp-json\/wp\/v2\/product"}],"about":[{"href":"https:\/\/tendotools.com\/fr\/wp-json\/wp\/v2\/types\/product"}],"replies":[{"embeddable":true,"href":"https:\/\/tendotools.com\/fr\/wp-json\/wp\/v2\/comments?post=20174"}],"wp:featuredmedia":[{"embeddable":true,"href":"https:\/\/tendotools.com\/fr\/wp-json\/wp\/v2\/media\/20110"}],"wp:attachment":[{"href":"https:\/\/tendotools.com\/fr\/wp-json\/wp\/v2\/media?parent=20174"}],"wp:term":[{"taxonomy":"pwb-brand","embeddable":true,"href":"https:\/\/tendotools.com\/fr\/wp-json\/wp\/v2\/pwb-brand?post=20174"},{"taxonomy":"product_brand","embeddable":true,"href":"https:\/\/tendotools.com\/fr\/wp-json\/wp\/v2\/product_brand?post=20174"},{"taxonomy":"product_cat","embeddable":true,"href":"https:\/\/tendotools.com\/fr\/wp-json\/wp\/v2\/product_cat?post=20174"},{"taxonomy":"product_tag","embeddable":true,"href":"https:\/\/tendotools.com\/fr\/wp-json\/wp\/v2\/product_tag?post=20174"}],"curies":[{"name":"wp","href":"https:\/\/api.w.org\/{rel}","templated":true}]}}