{"id":20261,"date":"2021-01-07T10:45:41","date_gmt":"2021-01-07T09:45:41","guid":{"rendered":"https:\/\/tendotools.com\/?post_type=product&#038;p=20261"},"modified":"2021-01-07T10:51:59","modified_gmt":"2021-01-07T09:51:59","slug":"lame-de-scie-a-ruban-denture-hw-4670mm-3-tpi-largeur-27mm-pour-tt50bs-ou-tt61bs","status":"publish","type":"product","link":"https:\/\/tendotools.com\/fr\/produit\/lame-de-scie-a-ruban-denture-hw-4670mm-3-tpi-largeur-27mm-pour-tt50bs-ou-tt61bs\/","title":{"rendered":"Lame de scie \u00e0 ruban denture HW 4670mm (3 TPI) largeur 27mm &#8211; pour TT50BS ou TT61BS"},"content":{"rendered":"<p>Lame de scie \u00e0 ruban d\u2019une longueur de 4670mm \u00e0 utiliser sur la scie \u00e0 ruban TT50BS ou TT61BS de Tendotools. Ce ruban de scie a 3 TPI (dents par inch) et a une largeur de 27mm. Ce solide lame de scie \u00e0 ruban en acier est serti de dents en carbure de haute qualit\u00e9 (widia). Gr\u00e2ce \u00e0 ces dents extra dures, cette lame de scie \u00e0 ruban est extr\u00eamement adapt\u00e9e \u00e0 une utilisation universelle sur le bois, les plastiques ou les alliages m\u00e9talliques. En outre, vous pouvez \u00e9galement utiliser cette lame de scie \u00e0 ruban pour scier le b\u00e9ton cellulaire (Ytong).<\/p>\n","protected":false},"excerpt":{"rendered":"<p>Lame de scie \u00e0 ruban d\u2019une longueur de 4670mm \u00e0 utiliser sur la scie \u00e0 ruban TT50BS ou TT61BS de Tendotools. Ce ruban de scie a 3 TPI (dents par inch) et a une largeur de 27mm. Ce solide lame de scie \u00e0 ruban en acier est serti de dents en carbure de haute qualit\u00e9 (widia). Gr\u00e2ce \u00e0 ces dents extra dures, cette lame de scie \u00e0 ruban est extr\u00eamement adapt\u00e9e \u00e0 une utilisation universelle sur le bois, les plastiques ou les alliages m\u00e9talliques. En outre, vous pouvez \u00e9galement utiliser cette lame de scie \u00e0 ruban pour scier le b\u00e9ton cellulaire (Ytong).<\/p>\n","protected":false},"featured_media":20227,"comment_status":"open","ping_status":"closed","template":"","meta":{"_acf_changed":false,"_crsspst_to_pihertendotoolscom":false,"_crsspst_to_piherbe":false,"inline_featured_image":false},"pwb-brand":[3737],"product_brand":[],"product_cat":[406],"product_tag":[],"class_list":{"0":"post-20261","1":"product","2":"type-product","3":"status-publish","4":"has-post-thumbnail","6":"pwb-brand-tendotools-fr","7":"product_cat-lames-de-scie-a-ruban","8":"product_shipping_class-regulier-desambiguation","10":"first","11":"instock","12":"taxable","13":"shipping-taxable","14":"purchasable","15":"product-type-simple"},"group_of_quantity":0,"min_quantity":0,"max_quantity":"","exclude_order_quantity_value_rules":"no","exclude_category_quantity_rules":"no","combine_variations":"no","acf":{"composite_product":null,"belangrijkste_eigenschappen":"<ul>\n \t<li>3 TPI<\/li>\n \t<li>27mm de largeur<\/li>\n \t<li>4670mm de longeur<\/li>\n \t<li>Pour TT50BS ou TT61BS<\/li>\n \t<li>Dents en carbure de tungst\u00e8ne (Widia)<\/li>\n \t<li>Pour l'aluminium, le bois dur, les plastiques<\/li>\n \t<li>Pour le b\u00e9ton cellulaire \/ Ytong<\/li>\n<\/ul>","standaard_uitrusting":"Par pi\u00e8ce","downloads":null,"out_of_stock_message":"","video":""},"yoast_head":"<!-- This site is optimized with the Yoast SEO plugin v26.8 - https:\/\/yoast.com\/product\/yoast-seo-wordpress\/ -->\n<title>Lame de scie \u00e0 ruban denture HW 4670mm (3 TPI) largeur 27mm - pour TT50BS ou TT61BS - Tendotools<\/title>\n<meta name=\"description\" content=\"Lame de scie \u00e0 ruban \u00e0 utiliser sur la scie \u00e0 ruban TT50BS ou TT61BS de Tendotools. Ce ruban de scie a 3 TPI (dents par inch) et a une largeur de 27mm.\" \/>\n<meta name=\"robots\" content=\"index, follow, max-snippet:-1, max-image-preview:large, max-video-preview:-1\" \/>\n<link rel=\"canonical\" href=\"https:\/\/tendotools.com\/fr\/produit\/lame-de-scie-a-ruban-denture-hw-4670mm-3-tpi-largeur-27mm-pour-tt50bs-ou-tt61bs\/\" \/>\n<meta property=\"og:locale\" content=\"fr_FR\" \/>\n<meta property=\"og:type\" content=\"article\" \/>\n<meta property=\"og:title\" content=\"Lame de scie \u00e0 ruban denture HW 4670mm (3 TPI) largeur 27mm - pour TT50BS ou TT61BS - Tendotools\" \/>\n<meta property=\"og:description\" content=\"Lame de scie \u00e0 ruban \u00e0 utiliser sur la scie \u00e0 ruban TT50BS ou TT61BS de Tendotools. Ce ruban de scie a 3 TPI (dents par inch) et a une largeur de 27mm.\" \/>\n<meta property=\"og:url\" content=\"https:\/\/tendotools.com\/fr\/produit\/lame-de-scie-a-ruban-denture-hw-4670mm-3-tpi-largeur-27mm-pour-tt50bs-ou-tt61bs\/\" \/>\n<meta property=\"og:site_name\" content=\"Tendotools\" \/>\n<meta property=\"article:modified_time\" content=\"2021-01-07T09:51:59+00:00\" \/>\n<meta property=\"og:image\" content=\"https:\/\/tendotools.com\/wp-content\/uploads\/2021\/01\/Zaaglint-widia.jpg\" \/>\n\t<meta property=\"og:image:width\" content=\"800\" \/>\n\t<meta property=\"og:image:height\" content=\"800\" \/>\n\t<meta property=\"og:image:type\" content=\"image\/jpeg\" \/>\n<meta name=\"twitter:card\" content=\"summary_large_image\" \/>\n<meta name=\"twitter:label1\" content=\"Dur\u00e9e de lecture estim\u00e9e\" \/>\n\t<meta name=\"twitter:data1\" content=\"1 minute\" \/>\n<script type=\"application\/ld+json\" class=\"yoast-schema-graph\">{\"@context\":\"https:\/\/schema.org\",\"@graph\":[{\"@type\":\"WebPage\",\"@id\":\"https:\/\/tendotools.com\/fr\/produit\/lame-de-scie-a-ruban-denture-hw-4670mm-3-tpi-largeur-27mm-pour-tt50bs-ou-tt61bs\/\",\"url\":\"https:\/\/tendotools.com\/fr\/produit\/lame-de-scie-a-ruban-denture-hw-4670mm-3-tpi-largeur-27mm-pour-tt50bs-ou-tt61bs\/\",\"name\":\"Lame de scie \u00e0 ruban denture HW 4670mm (3 TPI) largeur 27mm - pour TT50BS ou TT61BS - Tendotools\",\"isPartOf\":{\"@id\":\"https:\/\/tendotools.com\/fr\/#website\"},\"primaryImageOfPage\":{\"@id\":\"https:\/\/tendotools.com\/fr\/produit\/lame-de-scie-a-ruban-denture-hw-4670mm-3-tpi-largeur-27mm-pour-tt50bs-ou-tt61bs\/#primaryimage\"},\"image\":{\"@id\":\"https:\/\/tendotools.com\/fr\/produit\/lame-de-scie-a-ruban-denture-hw-4670mm-3-tpi-largeur-27mm-pour-tt50bs-ou-tt61bs\/#primaryimage\"},\"thumbnailUrl\":\"https:\/\/tendotools.com\/wp-content\/uploads\/2021\/01\/Zaaglint-widia.jpg\",\"datePublished\":\"2021-01-07T09:45:41+00:00\",\"dateModified\":\"2021-01-07T09:51:59+00:00\",\"description\":\"Lame de scie \u00e0 ruban \u00e0 utiliser sur la scie \u00e0 ruban TT50BS ou TT61BS de Tendotools. Ce ruban de scie a 3 TPI (dents par inch) et a une largeur de 27mm.\",\"breadcrumb\":{\"@id\":\"https:\/\/tendotools.com\/fr\/produit\/lame-de-scie-a-ruban-denture-hw-4670mm-3-tpi-largeur-27mm-pour-tt50bs-ou-tt61bs\/#breadcrumb\"},\"inLanguage\":\"fr-FR\",\"potentialAction\":[{\"@type\":\"ReadAction\",\"target\":[\"https:\/\/tendotools.com\/fr\/produit\/lame-de-scie-a-ruban-denture-hw-4670mm-3-tpi-largeur-27mm-pour-tt50bs-ou-tt61bs\/\"]}]},{\"@type\":\"ImageObject\",\"inLanguage\":\"fr-FR\",\"@id\":\"https:\/\/tendotools.com\/fr\/produit\/lame-de-scie-a-ruban-denture-hw-4670mm-3-tpi-largeur-27mm-pour-tt50bs-ou-tt61bs\/#primaryimage\",\"url\":\"https:\/\/tendotools.com\/wp-content\/uploads\/2021\/01\/Zaaglint-widia.jpg\",\"contentUrl\":\"https:\/\/tendotools.com\/wp-content\/uploads\/2021\/01\/Zaaglint-widia.jpg\",\"width\":800,\"height\":800},{\"@type\":\"BreadcrumbList\",\"@id\":\"https:\/\/tendotools.com\/fr\/produit\/lame-de-scie-a-ruban-denture-hw-4670mm-3-tpi-largeur-27mm-pour-tt50bs-ou-tt61bs\/#breadcrumb\",\"itemListElement\":[{\"@type\":\"ListItem\",\"position\":1,\"name\":\"Home\",\"item\":\"https:\/\/tendotools.com\/fr\/\"},{\"@type\":\"ListItem\",\"position\":2,\"name\":\"Shop\",\"item\":\"https:\/\/tendotools.com\/fr\/boutique\/\"},{\"@type\":\"ListItem\",\"position\":3,\"name\":\"Lame de scie \u00e0 ruban denture HW 4670mm (3 TPI) largeur 27mm &#8211; pour TT50BS ou TT61BS\"}]},{\"@type\":\"WebSite\",\"@id\":\"https:\/\/tendotools.com\/fr\/#website\",\"url\":\"https:\/\/tendotools.com\/fr\/\",\"name\":\"Tendotools\",\"description\":\"\",\"publisher\":{\"@id\":\"https:\/\/tendotools.com\/fr\/#organization\"},\"potentialAction\":[{\"@type\":\"SearchAction\",\"target\":{\"@type\":\"EntryPoint\",\"urlTemplate\":\"https:\/\/tendotools.com\/fr\/?s={search_term_string}\"},\"query-input\":{\"@type\":\"PropertyValueSpecification\",\"valueRequired\":true,\"valueName\":\"search_term_string\"}}],\"inLanguage\":\"fr-FR\"},{\"@type\":\"Organization\",\"@id\":\"https:\/\/tendotools.com\/fr\/#organization\",\"name\":\"Tendotools\",\"url\":\"https:\/\/tendotools.com\/fr\/\",\"logo\":{\"@type\":\"ImageObject\",\"inLanguage\":\"fr-FR\",\"@id\":\"https:\/\/tendotools.com\/fr\/#\/schema\/logo\/image\/\",\"url\":\"https:\/\/tendotools.com\/wp-content\/uploads\/2019\/09\/logo-wit.png\",\"contentUrl\":\"https:\/\/tendotools.com\/wp-content\/uploads\/2019\/09\/logo-wit.png\",\"width\":350,\"height\":84,\"caption\":\"Tendotools\"},\"image\":{\"@id\":\"https:\/\/tendotools.com\/fr\/#\/schema\/logo\/image\/\"}}]}<\/script>\n<!-- \/ Yoast SEO plugin. -->","yoast_head_json":{"title":"Lame de scie \u00e0 ruban denture HW 4670mm (3 TPI) largeur 27mm - pour TT50BS ou TT61BS - Tendotools","description":"Lame de scie \u00e0 ruban \u00e0 utiliser sur la scie \u00e0 ruban TT50BS ou TT61BS de Tendotools. Ce ruban de scie a 3 TPI (dents par inch) et a une largeur de 27mm.","robots":{"index":"index","follow":"follow","max-snippet":"max-snippet:-1","max-image-preview":"max-image-preview:large","max-video-preview":"max-video-preview:-1"},"canonical":"https:\/\/tendotools.com\/fr\/produit\/lame-de-scie-a-ruban-denture-hw-4670mm-3-tpi-largeur-27mm-pour-tt50bs-ou-tt61bs\/","og_locale":"fr_FR","og_type":"article","og_title":"Lame de scie \u00e0 ruban denture HW 4670mm (3 TPI) largeur 27mm - pour TT50BS ou TT61BS - Tendotools","og_description":"Lame de scie \u00e0 ruban \u00e0 utiliser sur la scie \u00e0 ruban TT50BS ou TT61BS de Tendotools. Ce ruban de scie a 3 TPI (dents par inch) et a une largeur de 27mm.","og_url":"https:\/\/tendotools.com\/fr\/produit\/lame-de-scie-a-ruban-denture-hw-4670mm-3-tpi-largeur-27mm-pour-tt50bs-ou-tt61bs\/","og_site_name":"Tendotools","article_modified_time":"2021-01-07T09:51:59+00:00","og_image":[{"width":800,"height":800,"url":"https:\/\/tendotools.com\/wp-content\/uploads\/2021\/01\/Zaaglint-widia.jpg","type":"image\/jpeg"}],"twitter_card":"summary_large_image","twitter_misc":{"Dur\u00e9e de lecture estim\u00e9e":"1 minute"},"schema":{"@context":"https:\/\/schema.org","@graph":[{"@type":"WebPage","@id":"https:\/\/tendotools.com\/fr\/produit\/lame-de-scie-a-ruban-denture-hw-4670mm-3-tpi-largeur-27mm-pour-tt50bs-ou-tt61bs\/","url":"https:\/\/tendotools.com\/fr\/produit\/lame-de-scie-a-ruban-denture-hw-4670mm-3-tpi-largeur-27mm-pour-tt50bs-ou-tt61bs\/","name":"Lame de scie \u00e0 ruban denture HW 4670mm (3 TPI) largeur 27mm - pour TT50BS ou TT61BS - Tendotools","isPartOf":{"@id":"https:\/\/tendotools.com\/fr\/#website"},"primaryImageOfPage":{"@id":"https:\/\/tendotools.com\/fr\/produit\/lame-de-scie-a-ruban-denture-hw-4670mm-3-tpi-largeur-27mm-pour-tt50bs-ou-tt61bs\/#primaryimage"},"image":{"@id":"https:\/\/tendotools.com\/fr\/produit\/lame-de-scie-a-ruban-denture-hw-4670mm-3-tpi-largeur-27mm-pour-tt50bs-ou-tt61bs\/#primaryimage"},"thumbnailUrl":"https:\/\/tendotools.com\/wp-content\/uploads\/2021\/01\/Zaaglint-widia.jpg","datePublished":"2021-01-07T09:45:41+00:00","dateModified":"2021-01-07T09:51:59+00:00","description":"Lame de scie \u00e0 ruban \u00e0 utiliser sur la scie \u00e0 ruban TT50BS ou TT61BS de Tendotools. Ce ruban de scie a 3 TPI (dents par inch) et a une largeur de 27mm.","breadcrumb":{"@id":"https:\/\/tendotools.com\/fr\/produit\/lame-de-scie-a-ruban-denture-hw-4670mm-3-tpi-largeur-27mm-pour-tt50bs-ou-tt61bs\/#breadcrumb"},"inLanguage":"fr-FR","potentialAction":[{"@type":"ReadAction","target":["https:\/\/tendotools.com\/fr\/produit\/lame-de-scie-a-ruban-denture-hw-4670mm-3-tpi-largeur-27mm-pour-tt50bs-ou-tt61bs\/"]}]},{"@type":"ImageObject","inLanguage":"fr-FR","@id":"https:\/\/tendotools.com\/fr\/produit\/lame-de-scie-a-ruban-denture-hw-4670mm-3-tpi-largeur-27mm-pour-tt50bs-ou-tt61bs\/#primaryimage","url":"https:\/\/tendotools.com\/wp-content\/uploads\/2021\/01\/Zaaglint-widia.jpg","contentUrl":"https:\/\/tendotools.com\/wp-content\/uploads\/2021\/01\/Zaaglint-widia.jpg","width":800,"height":800},{"@type":"BreadcrumbList","@id":"https:\/\/tendotools.com\/fr\/produit\/lame-de-scie-a-ruban-denture-hw-4670mm-3-tpi-largeur-27mm-pour-tt50bs-ou-tt61bs\/#breadcrumb","itemListElement":[{"@type":"ListItem","position":1,"name":"Home","item":"https:\/\/tendotools.com\/fr\/"},{"@type":"ListItem","position":2,"name":"Shop","item":"https:\/\/tendotools.com\/fr\/boutique\/"},{"@type":"ListItem","position":3,"name":"Lame de scie \u00e0 ruban denture HW 4670mm (3 TPI) largeur 27mm &#8211; pour TT50BS ou TT61BS"}]},{"@type":"WebSite","@id":"https:\/\/tendotools.com\/fr\/#website","url":"https:\/\/tendotools.com\/fr\/","name":"Tendotools","description":"","publisher":{"@id":"https:\/\/tendotools.com\/fr\/#organization"},"potentialAction":[{"@type":"SearchAction","target":{"@type":"EntryPoint","urlTemplate":"https:\/\/tendotools.com\/fr\/?s={search_term_string}"},"query-input":{"@type":"PropertyValueSpecification","valueRequired":true,"valueName":"search_term_string"}}],"inLanguage":"fr-FR"},{"@type":"Organization","@id":"https:\/\/tendotools.com\/fr\/#organization","name":"Tendotools","url":"https:\/\/tendotools.com\/fr\/","logo":{"@type":"ImageObject","inLanguage":"fr-FR","@id":"https:\/\/tendotools.com\/fr\/#\/schema\/logo\/image\/","url":"https:\/\/tendotools.com\/wp-content\/uploads\/2019\/09\/logo-wit.png","contentUrl":"https:\/\/tendotools.com\/wp-content\/uploads\/2019\/09\/logo-wit.png","width":350,"height":84,"caption":"Tendotools"},"image":{"@id":"https:\/\/tendotools.com\/fr\/#\/schema\/logo\/image\/"}}]}},"brands":[{"id":3737,"name":"Tendotools","slug":"tendotools-fr"}],"_links":{"self":[{"href":"https:\/\/tendotools.com\/fr\/wp-json\/wp\/v2\/product\/20261","targetHints":{"allow":["GET"]}}],"collection":[{"href":"https:\/\/tendotools.com\/fr\/wp-json\/wp\/v2\/product"}],"about":[{"href":"https:\/\/tendotools.com\/fr\/wp-json\/wp\/v2\/types\/product"}],"replies":[{"embeddable":true,"href":"https:\/\/tendotools.com\/fr\/wp-json\/wp\/v2\/comments?post=20261"}],"wp:featuredmedia":[{"embeddable":true,"href":"https:\/\/tendotools.com\/fr\/wp-json\/wp\/v2\/media\/20227"}],"wp:attachment":[{"href":"https:\/\/tendotools.com\/fr\/wp-json\/wp\/v2\/media?parent=20261"}],"wp:term":[{"taxonomy":"pwb-brand","embeddable":true,"href":"https:\/\/tendotools.com\/fr\/wp-json\/wp\/v2\/pwb-brand?post=20261"},{"taxonomy":"product_brand","embeddable":true,"href":"https:\/\/tendotools.com\/fr\/wp-json\/wp\/v2\/product_brand?post=20261"},{"taxonomy":"product_cat","embeddable":true,"href":"https:\/\/tendotools.com\/fr\/wp-json\/wp\/v2\/product_cat?post=20261"},{"taxonomy":"product_tag","embeddable":true,"href":"https:\/\/tendotools.com\/fr\/wp-json\/wp\/v2\/product_tag?post=20261"}],"curies":[{"name":"wp","href":"https:\/\/api.w.org\/{rel}","templated":true}]}}