{"id":20528,"date":"2021-01-12T10:25:18","date_gmt":"2021-01-12T09:25:18","guid":{"rendered":"https:\/\/tendotools.com\/product\/presseur-pour-raboteuse-200mm-pour-belmash-universal-2000\/"},"modified":"2021-01-12T10:34:23","modified_gmt":"2021-01-12T09:34:23","slug":"presseur-pour-raboteuse-200mm-pour-belmash-universal-2000","status":"publish","type":"product","link":"https:\/\/tendotools.com\/fr\/produit\/presseur-pour-raboteuse-200mm-pour-belmash-universal-2000\/","title":{"rendered":"Presseur pour raboteuse 200mm &#8211; pour Belmash Universal 2000"},"content":{"rendered":"<p>Les presseurs Belmash offrent une s\u00e9curit\u00e9 accrue lorsque vous travaillez avec votre raboteuse. Planifiez en toute s\u00e9curit\u00e9 des poutres ou des planches sur n&#8217;importe quelle machine Belmash. La pince assure que la pi\u00e8ce est serr\u00e9e sur la surface de travail. Cela facilite la circulation des mat\u00e9riaux, vous donnant une finition propre et pr\u00e9cise. Ces dispositifs de serrage sont faciles \u00e0 installer \u00e0 l&#8217;aide des vis et des rondelles. L&#8217;ouverture peut \u00eatre r\u00e9gl\u00e9e \u00e0 l&#8217;aide d&#8217;une poign\u00e9e sur le dessus et d&#8217;une pince \u00e0 ressort sur le c\u00f4t\u00e9. De cette mani\u00e8re, une bonne alimentation et une bonne force de pression sont toujours assur\u00e9es.<\/p>\n<p>Ce pousseur peut \u00eatre utilis\u00e9 sur le Belmash Universal 2000.<\/p>\n","protected":false},"excerpt":{"rendered":"<p>Les presseurs Belmash offrent une s\u00e9curit\u00e9 accrue lorsque vous travaillez avec votre raboteuse. Planifiez en toute s\u00e9curit\u00e9 des poutres ou des planches sur n&#8217;importe quelle machine Belmash. La pince assure que la pi\u00e8ce est serr\u00e9e sur la surface de travail. Cela facilite la circulation des mat\u00e9riaux, vous donnant une finition propre et pr\u00e9cise. Ces dispositifs de serrage sont faciles \u00e0 installer \u00e0 l&#8217;aide des vis et des rondelles. L&#8217;ouverture peut \u00eatre r\u00e9gl\u00e9e \u00e0 l&#8217;aide d&#8217;une poign\u00e9e sur le dessus et d&#8217;une pince \u00e0 ressort sur le c\u00f4t\u00e9. De cette mani\u00e8re, une bonne alimentation et une bonne force de pression sont toujours assur\u00e9es.<\/p>\n<p>Ce pousseur peut \u00eatre utilis\u00e9 sur le Belmash Universal 2000.<\/p>\n","protected":false},"featured_media":20526,"comment_status":"open","ping_status":"closed","template":"","meta":{"_acf_changed":false,"_crsspst_to_pihertendotoolscom":false,"_crsspst_to_piherbe":false,"inline_featured_image":false},"pwb-brand":[3416],"product_brand":[],"product_cat":[375],"product_tag":[4950],"class_list":{"0":"post-20528","1":"product","2":"type-product","3":"status-publish","4":"has-post-thumbnail","6":"pwb-brand-belmash-fr","7":"product_cat-accessoires-pratiques","8":"product_tag-belmash-fr","10":"first","11":"onbackorder","12":"taxable","13":"shipping-taxable","14":"purchasable","15":"product-type-simple"},"group_of_quantity":0,"min_quantity":0,"max_quantity":"","exclude_order_quantity_value_rules":"no","exclude_category_quantity_rules":"no","combine_variations":"no","acf":{"composite_product":null,"belangrijkste_eigenschappen":"<ul>\n \t<li>Presseur de s\u00e9curit\u00e9<\/li>\n \t<li>Pour Belmash Universal 2000<\/li>\n \t<li>Max. largeur 200mm<\/li>\n<\/ul>","standaard_uitrusting":"Par pi\u00e8ce","downloads":null,"out_of_stock_message":"","video":""},"yoast_head":"<!-- This site is optimized with the Yoast SEO plugin v26.8 - https:\/\/yoast.com\/product\/yoast-seo-wordpress\/ -->\n<title>Presseur pour raboteuse 200mm - pour Belmash Universal 2000 - Tendotools<\/title>\n<meta name=\"description\" content=\"Les presseurs Belmash offrent une s\u00e9curit\u00e9 accrue lorsque vous travaillez avec votre raboteuse. Convient pour l&#039;Universal 2000.\" \/>\n<meta name=\"robots\" content=\"index, follow, max-snippet:-1, max-image-preview:large, max-video-preview:-1\" \/>\n<link rel=\"canonical\" href=\"https:\/\/tendotools.com\/fr\/produit\/presseur-pour-raboteuse-200mm-pour-belmash-universal-2000\/\" \/>\n<meta property=\"og:locale\" content=\"fr_FR\" \/>\n<meta property=\"og:type\" content=\"article\" \/>\n<meta property=\"og:title\" content=\"Presseur pour raboteuse 200mm - pour Belmash Universal 2000 - Tendotools\" \/>\n<meta property=\"og:description\" content=\"Les presseurs Belmash offrent une s\u00e9curit\u00e9 accrue lorsque vous travaillez avec votre raboteuse. Convient pour l&#039;Universal 2000.\" \/>\n<meta property=\"og:url\" content=\"https:\/\/tendotools.com\/fr\/produit\/presseur-pour-raboteuse-200mm-pour-belmash-universal-2000\/\" \/>\n<meta property=\"og:site_name\" content=\"Tendotools\" \/>\n<meta property=\"article:modified_time\" content=\"2021-01-12T09:34:23+00:00\" \/>\n<meta property=\"og:image\" content=\"https:\/\/tendotools.com\/wp-content\/uploads\/2021\/01\/Aandrukker.jpg\" \/>\n\t<meta property=\"og:image:width\" content=\"800\" \/>\n\t<meta property=\"og:image:height\" content=\"799\" \/>\n\t<meta property=\"og:image:type\" content=\"image\/jpeg\" \/>\n<meta name=\"twitter:card\" content=\"summary_large_image\" \/>\n<meta name=\"twitter:label1\" content=\"Dur\u00e9e de lecture estim\u00e9e\" \/>\n\t<meta name=\"twitter:data1\" content=\"1 minute\" \/>\n<script type=\"application\/ld+json\" class=\"yoast-schema-graph\">{\"@context\":\"https:\/\/schema.org\",\"@graph\":[{\"@type\":\"WebPage\",\"@id\":\"https:\/\/tendotools.com\/fr\/produit\/presseur-pour-raboteuse-200mm-pour-belmash-universal-2000\/\",\"url\":\"https:\/\/tendotools.com\/fr\/produit\/presseur-pour-raboteuse-200mm-pour-belmash-universal-2000\/\",\"name\":\"Presseur pour raboteuse 200mm - pour Belmash Universal 2000 - Tendotools\",\"isPartOf\":{\"@id\":\"https:\/\/tendotools.com\/fr\/#website\"},\"primaryImageOfPage\":{\"@id\":\"https:\/\/tendotools.com\/fr\/produit\/presseur-pour-raboteuse-200mm-pour-belmash-universal-2000\/#primaryimage\"},\"image\":{\"@id\":\"https:\/\/tendotools.com\/fr\/produit\/presseur-pour-raboteuse-200mm-pour-belmash-universal-2000\/#primaryimage\"},\"thumbnailUrl\":\"https:\/\/tendotools.com\/wp-content\/uploads\/2021\/01\/Aandrukker.jpg\",\"datePublished\":\"2021-01-12T09:25:18+00:00\",\"dateModified\":\"2021-01-12T09:34:23+00:00\",\"description\":\"Les presseurs Belmash offrent une s\u00e9curit\u00e9 accrue lorsque vous travaillez avec votre raboteuse. Convient pour l'Universal 2000.\",\"breadcrumb\":{\"@id\":\"https:\/\/tendotools.com\/fr\/produit\/presseur-pour-raboteuse-200mm-pour-belmash-universal-2000\/#breadcrumb\"},\"inLanguage\":\"fr-FR\",\"potentialAction\":[{\"@type\":\"ReadAction\",\"target\":[\"https:\/\/tendotools.com\/fr\/produit\/presseur-pour-raboteuse-200mm-pour-belmash-universal-2000\/\"]}]},{\"@type\":\"ImageObject\",\"inLanguage\":\"fr-FR\",\"@id\":\"https:\/\/tendotools.com\/fr\/produit\/presseur-pour-raboteuse-200mm-pour-belmash-universal-2000\/#primaryimage\",\"url\":\"https:\/\/tendotools.com\/wp-content\/uploads\/2021\/01\/Aandrukker.jpg\",\"contentUrl\":\"https:\/\/tendotools.com\/wp-content\/uploads\/2021\/01\/Aandrukker.jpg\",\"width\":800,\"height\":799},{\"@type\":\"BreadcrumbList\",\"@id\":\"https:\/\/tendotools.com\/fr\/produit\/presseur-pour-raboteuse-200mm-pour-belmash-universal-2000\/#breadcrumb\",\"itemListElement\":[{\"@type\":\"ListItem\",\"position\":1,\"name\":\"Home\",\"item\":\"https:\/\/tendotools.com\/fr\/\"},{\"@type\":\"ListItem\",\"position\":2,\"name\":\"Shop\",\"item\":\"https:\/\/tendotools.com\/fr\/boutique\/\"},{\"@type\":\"ListItem\",\"position\":3,\"name\":\"Presseur pour raboteuse 200mm &#8211; pour Belmash Universal 2000\"}]},{\"@type\":\"WebSite\",\"@id\":\"https:\/\/tendotools.com\/fr\/#website\",\"url\":\"https:\/\/tendotools.com\/fr\/\",\"name\":\"Tendotools\",\"description\":\"\",\"publisher\":{\"@id\":\"https:\/\/tendotools.com\/fr\/#organization\"},\"potentialAction\":[{\"@type\":\"SearchAction\",\"target\":{\"@type\":\"EntryPoint\",\"urlTemplate\":\"https:\/\/tendotools.com\/fr\/?s={search_term_string}\"},\"query-input\":{\"@type\":\"PropertyValueSpecification\",\"valueRequired\":true,\"valueName\":\"search_term_string\"}}],\"inLanguage\":\"fr-FR\"},{\"@type\":\"Organization\",\"@id\":\"https:\/\/tendotools.com\/fr\/#organization\",\"name\":\"Tendotools\",\"url\":\"https:\/\/tendotools.com\/fr\/\",\"logo\":{\"@type\":\"ImageObject\",\"inLanguage\":\"fr-FR\",\"@id\":\"https:\/\/tendotools.com\/fr\/#\/schema\/logo\/image\/\",\"url\":\"https:\/\/tendotools.com\/wp-content\/uploads\/2019\/09\/logo-wit.png\",\"contentUrl\":\"https:\/\/tendotools.com\/wp-content\/uploads\/2019\/09\/logo-wit.png\",\"width\":350,\"height\":84,\"caption\":\"Tendotools\"},\"image\":{\"@id\":\"https:\/\/tendotools.com\/fr\/#\/schema\/logo\/image\/\"}}]}<\/script>\n<!-- \/ Yoast SEO plugin. -->","yoast_head_json":{"title":"Presseur pour raboteuse 200mm - pour Belmash Universal 2000 - Tendotools","description":"Les presseurs Belmash offrent une s\u00e9curit\u00e9 accrue lorsque vous travaillez avec votre raboteuse. Convient pour l'Universal 2000.","robots":{"index":"index","follow":"follow","max-snippet":"max-snippet:-1","max-image-preview":"max-image-preview:large","max-video-preview":"max-video-preview:-1"},"canonical":"https:\/\/tendotools.com\/fr\/produit\/presseur-pour-raboteuse-200mm-pour-belmash-universal-2000\/","og_locale":"fr_FR","og_type":"article","og_title":"Presseur pour raboteuse 200mm - pour Belmash Universal 2000 - Tendotools","og_description":"Les presseurs Belmash offrent une s\u00e9curit\u00e9 accrue lorsque vous travaillez avec votre raboteuse. Convient pour l'Universal 2000.","og_url":"https:\/\/tendotools.com\/fr\/produit\/presseur-pour-raboteuse-200mm-pour-belmash-universal-2000\/","og_site_name":"Tendotools","article_modified_time":"2021-01-12T09:34:23+00:00","og_image":[{"width":800,"height":799,"url":"https:\/\/tendotools.com\/wp-content\/uploads\/2021\/01\/Aandrukker.jpg","type":"image\/jpeg"}],"twitter_card":"summary_large_image","twitter_misc":{"Dur\u00e9e de lecture estim\u00e9e":"1 minute"},"schema":{"@context":"https:\/\/schema.org","@graph":[{"@type":"WebPage","@id":"https:\/\/tendotools.com\/fr\/produit\/presseur-pour-raboteuse-200mm-pour-belmash-universal-2000\/","url":"https:\/\/tendotools.com\/fr\/produit\/presseur-pour-raboteuse-200mm-pour-belmash-universal-2000\/","name":"Presseur pour raboteuse 200mm - pour Belmash Universal 2000 - Tendotools","isPartOf":{"@id":"https:\/\/tendotools.com\/fr\/#website"},"primaryImageOfPage":{"@id":"https:\/\/tendotools.com\/fr\/produit\/presseur-pour-raboteuse-200mm-pour-belmash-universal-2000\/#primaryimage"},"image":{"@id":"https:\/\/tendotools.com\/fr\/produit\/presseur-pour-raboteuse-200mm-pour-belmash-universal-2000\/#primaryimage"},"thumbnailUrl":"https:\/\/tendotools.com\/wp-content\/uploads\/2021\/01\/Aandrukker.jpg","datePublished":"2021-01-12T09:25:18+00:00","dateModified":"2021-01-12T09:34:23+00:00","description":"Les presseurs Belmash offrent une s\u00e9curit\u00e9 accrue lorsque vous travaillez avec votre raboteuse. Convient pour l'Universal 2000.","breadcrumb":{"@id":"https:\/\/tendotools.com\/fr\/produit\/presseur-pour-raboteuse-200mm-pour-belmash-universal-2000\/#breadcrumb"},"inLanguage":"fr-FR","potentialAction":[{"@type":"ReadAction","target":["https:\/\/tendotools.com\/fr\/produit\/presseur-pour-raboteuse-200mm-pour-belmash-universal-2000\/"]}]},{"@type":"ImageObject","inLanguage":"fr-FR","@id":"https:\/\/tendotools.com\/fr\/produit\/presseur-pour-raboteuse-200mm-pour-belmash-universal-2000\/#primaryimage","url":"https:\/\/tendotools.com\/wp-content\/uploads\/2021\/01\/Aandrukker.jpg","contentUrl":"https:\/\/tendotools.com\/wp-content\/uploads\/2021\/01\/Aandrukker.jpg","width":800,"height":799},{"@type":"BreadcrumbList","@id":"https:\/\/tendotools.com\/fr\/produit\/presseur-pour-raboteuse-200mm-pour-belmash-universal-2000\/#breadcrumb","itemListElement":[{"@type":"ListItem","position":1,"name":"Home","item":"https:\/\/tendotools.com\/fr\/"},{"@type":"ListItem","position":2,"name":"Shop","item":"https:\/\/tendotools.com\/fr\/boutique\/"},{"@type":"ListItem","position":3,"name":"Presseur pour raboteuse 200mm &#8211; pour Belmash Universal 2000"}]},{"@type":"WebSite","@id":"https:\/\/tendotools.com\/fr\/#website","url":"https:\/\/tendotools.com\/fr\/","name":"Tendotools","description":"","publisher":{"@id":"https:\/\/tendotools.com\/fr\/#organization"},"potentialAction":[{"@type":"SearchAction","target":{"@type":"EntryPoint","urlTemplate":"https:\/\/tendotools.com\/fr\/?s={search_term_string}"},"query-input":{"@type":"PropertyValueSpecification","valueRequired":true,"valueName":"search_term_string"}}],"inLanguage":"fr-FR"},{"@type":"Organization","@id":"https:\/\/tendotools.com\/fr\/#organization","name":"Tendotools","url":"https:\/\/tendotools.com\/fr\/","logo":{"@type":"ImageObject","inLanguage":"fr-FR","@id":"https:\/\/tendotools.com\/fr\/#\/schema\/logo\/image\/","url":"https:\/\/tendotools.com\/wp-content\/uploads\/2019\/09\/logo-wit.png","contentUrl":"https:\/\/tendotools.com\/wp-content\/uploads\/2019\/09\/logo-wit.png","width":350,"height":84,"caption":"Tendotools"},"image":{"@id":"https:\/\/tendotools.com\/fr\/#\/schema\/logo\/image\/"}}]}},"brands":[{"id":3416,"name":"Belmash","slug":"belmash-fr"}],"_links":{"self":[{"href":"https:\/\/tendotools.com\/fr\/wp-json\/wp\/v2\/product\/20528","targetHints":{"allow":["GET"]}}],"collection":[{"href":"https:\/\/tendotools.com\/fr\/wp-json\/wp\/v2\/product"}],"about":[{"href":"https:\/\/tendotools.com\/fr\/wp-json\/wp\/v2\/types\/product"}],"replies":[{"embeddable":true,"href":"https:\/\/tendotools.com\/fr\/wp-json\/wp\/v2\/comments?post=20528"}],"wp:featuredmedia":[{"embeddable":true,"href":"https:\/\/tendotools.com\/fr\/wp-json\/wp\/v2\/media\/20526"}],"wp:attachment":[{"href":"https:\/\/tendotools.com\/fr\/wp-json\/wp\/v2\/media?parent=20528"}],"wp:term":[{"taxonomy":"pwb-brand","embeddable":true,"href":"https:\/\/tendotools.com\/fr\/wp-json\/wp\/v2\/pwb-brand?post=20528"},{"taxonomy":"product_brand","embeddable":true,"href":"https:\/\/tendotools.com\/fr\/wp-json\/wp\/v2\/product_brand?post=20528"},{"taxonomy":"product_cat","embeddable":true,"href":"https:\/\/tendotools.com\/fr\/wp-json\/wp\/v2\/product_cat?post=20528"},{"taxonomy":"product_tag","embeddable":true,"href":"https:\/\/tendotools.com\/fr\/wp-json\/wp\/v2\/product_tag?post=20528"}],"curies":[{"name":"wp","href":"https:\/\/api.w.org\/{rel}","templated":true}]}}