{"id":20678,"date":"2021-01-14T11:44:41","date_gmt":"2021-01-14T10:44:41","guid":{"rendered":"https:\/\/tendotools.com\/?post_type=product&#038;p=20678"},"modified":"2021-01-14T11:51:23","modified_gmt":"2021-01-14T10:51:23","slug":"jeu-de-fers-de-raboteuse-reversibles-310mm-pour-triple-major-tt310-combi-major-tt1600-tt2600sx","status":"publish","type":"product","link":"https:\/\/tendotools.com\/fr\/produit\/jeu-de-fers-de-raboteuse-reversibles-310mm-pour-triple-major-tt310-combi-major-tt1600-tt2600sx\/","title":{"rendered":"Jeu de fers de raboteuse r\u00e9versibles de 310 mm pour Triple Major TT310 &#8211; Combi Major TT1600 &amp; TT2600SX"},"content":{"rendered":"<p>Jeu de trois fers de raboteuse reversibles 310&#215;18,5&#215;1,5mm pour utilisation sur les machines Tendotools suivantes : Triple Major TT310, Combi Major TT1600 et Combi Major TT2600SX. Les couteaux \u00e0 raboter sont en acier HSS 18%. Ces couteaux \u00e0 raboter ne peuvent pas \u00eatre r\u00e9aff\u00fbt\u00e9s mais coup\u00e9s des deux c\u00f4t\u00e9s.<\/p>\n","protected":false},"excerpt":{"rendered":"<p>Jeu de trois fers de raboteuse reversibles 310&#215;18,5&#215;1,5mm pour utilisation sur les machines Tendotools suivantes : Triple Major TT310, Combi Major TT1600 et Combi Major TT2600SX. Les couteaux \u00e0 raboter sont en acier HSS 18%. Ces couteaux \u00e0 raboter ne peuvent pas \u00eatre r\u00e9aff\u00fbt\u00e9s mais coup\u00e9s des deux c\u00f4t\u00e9s.<\/p>\n","protected":false},"featured_media":20674,"comment_status":"open","ping_status":"closed","template":"","meta":{"_acf_changed":false,"_crsspst_to_pihertendotoolscom":false,"_crsspst_to_piherbe":false,"inline_featured_image":false},"pwb-brand":[3422],"product_brand":[],"product_cat":[366],"product_tag":[],"class_list":{"0":"post-20678","1":"product","2":"type-product","3":"status-publish","4":"has-post-thumbnail","6":"pwb-brand-dupro-fr","7":"product_cat-couteaux-a-raboter","8":"product_shipping_class-regulier-desambiguation","10":"first","11":"instock","12":"taxable","13":"shipping-taxable","14":"purchasable","15":"product-type-simple"},"group_of_quantity":0,"min_quantity":0,"max_quantity":"","exclude_order_quantity_value_rules":"no","exclude_category_quantity_rules":"no","combine_variations":"no","acf":{"composite_product":null,"belangrijkste_eigenschappen":"<ul>\n \t<li>Ensemble de trois couteaux \u00e0 raboter<\/li>\n \t<li>310mm de largeur<\/li>\n \t<li>HSS 18%<\/li>\n \t<li>R\u00e9versible<\/li>\n<\/ul>","standaard_uitrusting":"Ensemble de trois","downloads":null,"out_of_stock_message":"","video":""},"yoast_head":"<!-- This site is optimized with the Yoast SEO plugin v26.8 - https:\/\/yoast.com\/product\/yoast-seo-wordpress\/ -->\n<title>Jeu de fers de raboteuse r\u00e9versibles de 310 mm pour Triple Major TT310 - Combi Major TT1600 &amp; TT2600SX - Tendotools<\/title>\n<meta name=\"description\" content=\"Jeu de trois fer de raboteuse aff\u00fbtables de 310 mm de largeur pour utilisation sur diverses machines Tendotools. Acier HSS 18%. R\u00e9versible\" \/>\n<meta name=\"robots\" content=\"index, follow, max-snippet:-1, max-image-preview:large, max-video-preview:-1\" \/>\n<link rel=\"canonical\" href=\"https:\/\/tendotools.com\/fr\/produit\/jeu-de-fers-de-raboteuse-reversibles-310mm-pour-triple-major-tt310-combi-major-tt1600-tt2600sx\/\" \/>\n<meta property=\"og:locale\" content=\"fr_FR\" \/>\n<meta property=\"og:type\" content=\"article\" \/>\n<meta property=\"og:title\" content=\"Jeu de fers de raboteuse r\u00e9versibles de 310 mm pour Triple Major TT310 - Combi Major TT1600 &amp; TT2600SX - Tendotools\" \/>\n<meta property=\"og:description\" content=\"Jeu de trois fer de raboteuse aff\u00fbtables de 310 mm de largeur pour utilisation sur diverses machines Tendotools. Acier HSS 18%. R\u00e9versible\" \/>\n<meta property=\"og:url\" content=\"https:\/\/tendotools.com\/fr\/produit\/jeu-de-fers-de-raboteuse-reversibles-310mm-pour-triple-major-tt310-combi-major-tt1600-tt2600sx\/\" \/>\n<meta property=\"og:site_name\" content=\"Tendotools\" \/>\n<meta property=\"article:modified_time\" content=\"2021-01-14T10:51:23+00:00\" \/>\n<meta property=\"og:image\" content=\"https:\/\/tendotools.com\/wp-content\/uploads\/2021\/01\/310x185x15.jpg\" \/>\n\t<meta property=\"og:image:width\" content=\"800\" \/>\n\t<meta property=\"og:image:height\" content=\"800\" \/>\n\t<meta property=\"og:image:type\" content=\"image\/jpeg\" \/>\n<meta name=\"twitter:card\" content=\"summary_large_image\" \/>\n<script type=\"application\/ld+json\" class=\"yoast-schema-graph\">{\"@context\":\"https:\/\/schema.org\",\"@graph\":[{\"@type\":\"WebPage\",\"@id\":\"https:\/\/tendotools.com\/fr\/produit\/jeu-de-fers-de-raboteuse-reversibles-310mm-pour-triple-major-tt310-combi-major-tt1600-tt2600sx\/\",\"url\":\"https:\/\/tendotools.com\/fr\/produit\/jeu-de-fers-de-raboteuse-reversibles-310mm-pour-triple-major-tt310-combi-major-tt1600-tt2600sx\/\",\"name\":\"Jeu de fers de raboteuse r\u00e9versibles de 310 mm pour Triple Major TT310 - Combi Major TT1600 &amp; TT2600SX - Tendotools\",\"isPartOf\":{\"@id\":\"https:\/\/tendotools.com\/fr\/#website\"},\"primaryImageOfPage\":{\"@id\":\"https:\/\/tendotools.com\/fr\/produit\/jeu-de-fers-de-raboteuse-reversibles-310mm-pour-triple-major-tt310-combi-major-tt1600-tt2600sx\/#primaryimage\"},\"image\":{\"@id\":\"https:\/\/tendotools.com\/fr\/produit\/jeu-de-fers-de-raboteuse-reversibles-310mm-pour-triple-major-tt310-combi-major-tt1600-tt2600sx\/#primaryimage\"},\"thumbnailUrl\":\"https:\/\/tendotools.com\/wp-content\/uploads\/2021\/01\/310x185x15.jpg\",\"datePublished\":\"2021-01-14T10:44:41+00:00\",\"dateModified\":\"2021-01-14T10:51:23+00:00\",\"description\":\"Jeu de trois fer de raboteuse aff\u00fbtables de 310 mm de largeur pour utilisation sur diverses machines Tendotools. Acier HSS 18%. R\u00e9versible\",\"breadcrumb\":{\"@id\":\"https:\/\/tendotools.com\/fr\/produit\/jeu-de-fers-de-raboteuse-reversibles-310mm-pour-triple-major-tt310-combi-major-tt1600-tt2600sx\/#breadcrumb\"},\"inLanguage\":\"fr-FR\",\"potentialAction\":[{\"@type\":\"ReadAction\",\"target\":[\"https:\/\/tendotools.com\/fr\/produit\/jeu-de-fers-de-raboteuse-reversibles-310mm-pour-triple-major-tt310-combi-major-tt1600-tt2600sx\/\"]}]},{\"@type\":\"ImageObject\",\"inLanguage\":\"fr-FR\",\"@id\":\"https:\/\/tendotools.com\/fr\/produit\/jeu-de-fers-de-raboteuse-reversibles-310mm-pour-triple-major-tt310-combi-major-tt1600-tt2600sx\/#primaryimage\",\"url\":\"https:\/\/tendotools.com\/wp-content\/uploads\/2021\/01\/310x185x15.jpg\",\"contentUrl\":\"https:\/\/tendotools.com\/wp-content\/uploads\/2021\/01\/310x185x15.jpg\",\"width\":800,\"height\":800},{\"@type\":\"BreadcrumbList\",\"@id\":\"https:\/\/tendotools.com\/fr\/produit\/jeu-de-fers-de-raboteuse-reversibles-310mm-pour-triple-major-tt310-combi-major-tt1600-tt2600sx\/#breadcrumb\",\"itemListElement\":[{\"@type\":\"ListItem\",\"position\":1,\"name\":\"Home\",\"item\":\"https:\/\/tendotools.com\/fr\/\"},{\"@type\":\"ListItem\",\"position\":2,\"name\":\"Shop\",\"item\":\"https:\/\/tendotools.com\/fr\/boutique\/\"},{\"@type\":\"ListItem\",\"position\":3,\"name\":\"Jeu de fers de raboteuse r\u00e9versibles de 310 mm pour Triple Major TT310 &#8211; Combi Major TT1600 &amp; TT2600SX\"}]},{\"@type\":\"WebSite\",\"@id\":\"https:\/\/tendotools.com\/fr\/#website\",\"url\":\"https:\/\/tendotools.com\/fr\/\",\"name\":\"Tendotools\",\"description\":\"\",\"publisher\":{\"@id\":\"https:\/\/tendotools.com\/fr\/#organization\"},\"potentialAction\":[{\"@type\":\"SearchAction\",\"target\":{\"@type\":\"EntryPoint\",\"urlTemplate\":\"https:\/\/tendotools.com\/fr\/?s={search_term_string}\"},\"query-input\":{\"@type\":\"PropertyValueSpecification\",\"valueRequired\":true,\"valueName\":\"search_term_string\"}}],\"inLanguage\":\"fr-FR\"},{\"@type\":\"Organization\",\"@id\":\"https:\/\/tendotools.com\/fr\/#organization\",\"name\":\"Tendotools\",\"url\":\"https:\/\/tendotools.com\/fr\/\",\"logo\":{\"@type\":\"ImageObject\",\"inLanguage\":\"fr-FR\",\"@id\":\"https:\/\/tendotools.com\/fr\/#\/schema\/logo\/image\/\",\"url\":\"https:\/\/tendotools.com\/wp-content\/uploads\/2019\/09\/logo-wit.png\",\"contentUrl\":\"https:\/\/tendotools.com\/wp-content\/uploads\/2019\/09\/logo-wit.png\",\"width\":350,\"height\":84,\"caption\":\"Tendotools\"},\"image\":{\"@id\":\"https:\/\/tendotools.com\/fr\/#\/schema\/logo\/image\/\"}}]}<\/script>\n<!-- \/ Yoast SEO plugin. -->","yoast_head_json":{"title":"Jeu de fers de raboteuse r\u00e9versibles de 310 mm pour Triple Major TT310 - Combi Major TT1600 &amp; TT2600SX - Tendotools","description":"Jeu de trois fer de raboteuse aff\u00fbtables de 310 mm de largeur pour utilisation sur diverses machines Tendotools. Acier HSS 18%. R\u00e9versible","robots":{"index":"index","follow":"follow","max-snippet":"max-snippet:-1","max-image-preview":"max-image-preview:large","max-video-preview":"max-video-preview:-1"},"canonical":"https:\/\/tendotools.com\/fr\/produit\/jeu-de-fers-de-raboteuse-reversibles-310mm-pour-triple-major-tt310-combi-major-tt1600-tt2600sx\/","og_locale":"fr_FR","og_type":"article","og_title":"Jeu de fers de raboteuse r\u00e9versibles de 310 mm pour Triple Major TT310 - Combi Major TT1600 &amp; TT2600SX - Tendotools","og_description":"Jeu de trois fer de raboteuse aff\u00fbtables de 310 mm de largeur pour utilisation sur diverses machines Tendotools. Acier HSS 18%. R\u00e9versible","og_url":"https:\/\/tendotools.com\/fr\/produit\/jeu-de-fers-de-raboteuse-reversibles-310mm-pour-triple-major-tt310-combi-major-tt1600-tt2600sx\/","og_site_name":"Tendotools","article_modified_time":"2021-01-14T10:51:23+00:00","og_image":[{"width":800,"height":800,"url":"https:\/\/tendotools.com\/wp-content\/uploads\/2021\/01\/310x185x15.jpg","type":"image\/jpeg"}],"twitter_card":"summary_large_image","schema":{"@context":"https:\/\/schema.org","@graph":[{"@type":"WebPage","@id":"https:\/\/tendotools.com\/fr\/produit\/jeu-de-fers-de-raboteuse-reversibles-310mm-pour-triple-major-tt310-combi-major-tt1600-tt2600sx\/","url":"https:\/\/tendotools.com\/fr\/produit\/jeu-de-fers-de-raboteuse-reversibles-310mm-pour-triple-major-tt310-combi-major-tt1600-tt2600sx\/","name":"Jeu de fers de raboteuse r\u00e9versibles de 310 mm pour Triple Major TT310 - Combi Major TT1600 &amp; TT2600SX - Tendotools","isPartOf":{"@id":"https:\/\/tendotools.com\/fr\/#website"},"primaryImageOfPage":{"@id":"https:\/\/tendotools.com\/fr\/produit\/jeu-de-fers-de-raboteuse-reversibles-310mm-pour-triple-major-tt310-combi-major-tt1600-tt2600sx\/#primaryimage"},"image":{"@id":"https:\/\/tendotools.com\/fr\/produit\/jeu-de-fers-de-raboteuse-reversibles-310mm-pour-triple-major-tt310-combi-major-tt1600-tt2600sx\/#primaryimage"},"thumbnailUrl":"https:\/\/tendotools.com\/wp-content\/uploads\/2021\/01\/310x185x15.jpg","datePublished":"2021-01-14T10:44:41+00:00","dateModified":"2021-01-14T10:51:23+00:00","description":"Jeu de trois fer de raboteuse aff\u00fbtables de 310 mm de largeur pour utilisation sur diverses machines Tendotools. Acier HSS 18%. R\u00e9versible","breadcrumb":{"@id":"https:\/\/tendotools.com\/fr\/produit\/jeu-de-fers-de-raboteuse-reversibles-310mm-pour-triple-major-tt310-combi-major-tt1600-tt2600sx\/#breadcrumb"},"inLanguage":"fr-FR","potentialAction":[{"@type":"ReadAction","target":["https:\/\/tendotools.com\/fr\/produit\/jeu-de-fers-de-raboteuse-reversibles-310mm-pour-triple-major-tt310-combi-major-tt1600-tt2600sx\/"]}]},{"@type":"ImageObject","inLanguage":"fr-FR","@id":"https:\/\/tendotools.com\/fr\/produit\/jeu-de-fers-de-raboteuse-reversibles-310mm-pour-triple-major-tt310-combi-major-tt1600-tt2600sx\/#primaryimage","url":"https:\/\/tendotools.com\/wp-content\/uploads\/2021\/01\/310x185x15.jpg","contentUrl":"https:\/\/tendotools.com\/wp-content\/uploads\/2021\/01\/310x185x15.jpg","width":800,"height":800},{"@type":"BreadcrumbList","@id":"https:\/\/tendotools.com\/fr\/produit\/jeu-de-fers-de-raboteuse-reversibles-310mm-pour-triple-major-tt310-combi-major-tt1600-tt2600sx\/#breadcrumb","itemListElement":[{"@type":"ListItem","position":1,"name":"Home","item":"https:\/\/tendotools.com\/fr\/"},{"@type":"ListItem","position":2,"name":"Shop","item":"https:\/\/tendotools.com\/fr\/boutique\/"},{"@type":"ListItem","position":3,"name":"Jeu de fers de raboteuse r\u00e9versibles de 310 mm pour Triple Major TT310 &#8211; Combi Major TT1600 &amp; TT2600SX"}]},{"@type":"WebSite","@id":"https:\/\/tendotools.com\/fr\/#website","url":"https:\/\/tendotools.com\/fr\/","name":"Tendotools","description":"","publisher":{"@id":"https:\/\/tendotools.com\/fr\/#organization"},"potentialAction":[{"@type":"SearchAction","target":{"@type":"EntryPoint","urlTemplate":"https:\/\/tendotools.com\/fr\/?s={search_term_string}"},"query-input":{"@type":"PropertyValueSpecification","valueRequired":true,"valueName":"search_term_string"}}],"inLanguage":"fr-FR"},{"@type":"Organization","@id":"https:\/\/tendotools.com\/fr\/#organization","name":"Tendotools","url":"https:\/\/tendotools.com\/fr\/","logo":{"@type":"ImageObject","inLanguage":"fr-FR","@id":"https:\/\/tendotools.com\/fr\/#\/schema\/logo\/image\/","url":"https:\/\/tendotools.com\/wp-content\/uploads\/2019\/09\/logo-wit.png","contentUrl":"https:\/\/tendotools.com\/wp-content\/uploads\/2019\/09\/logo-wit.png","width":350,"height":84,"caption":"Tendotools"},"image":{"@id":"https:\/\/tendotools.com\/fr\/#\/schema\/logo\/image\/"}}]}},"brands":[{"id":3422,"name":"DuPro","slug":"dupro-fr"}],"_links":{"self":[{"href":"https:\/\/tendotools.com\/fr\/wp-json\/wp\/v2\/product\/20678","targetHints":{"allow":["GET"]}}],"collection":[{"href":"https:\/\/tendotools.com\/fr\/wp-json\/wp\/v2\/product"}],"about":[{"href":"https:\/\/tendotools.com\/fr\/wp-json\/wp\/v2\/types\/product"}],"replies":[{"embeddable":true,"href":"https:\/\/tendotools.com\/fr\/wp-json\/wp\/v2\/comments?post=20678"}],"wp:featuredmedia":[{"embeddable":true,"href":"https:\/\/tendotools.com\/fr\/wp-json\/wp\/v2\/media\/20674"}],"wp:attachment":[{"href":"https:\/\/tendotools.com\/fr\/wp-json\/wp\/v2\/media?parent=20678"}],"wp:term":[{"taxonomy":"pwb-brand","embeddable":true,"href":"https:\/\/tendotools.com\/fr\/wp-json\/wp\/v2\/pwb-brand?post=20678"},{"taxonomy":"product_brand","embeddable":true,"href":"https:\/\/tendotools.com\/fr\/wp-json\/wp\/v2\/product_brand?post=20678"},{"taxonomy":"product_cat","embeddable":true,"href":"https:\/\/tendotools.com\/fr\/wp-json\/wp\/v2\/product_cat?post=20678"},{"taxonomy":"product_tag","embeddable":true,"href":"https:\/\/tendotools.com\/fr\/wp-json\/wp\/v2\/product_tag?post=20678"}],"curies":[{"name":"wp","href":"https:\/\/api.w.org\/{rel}","templated":true}]}}