{"id":21489,"date":"2021-01-26T10:37:20","date_gmt":"2021-01-26T09:37:20","guid":{"rendered":"https:\/\/tendotools.com\/product\/scie-a-panneaux-sliding-tt1250x\/"},"modified":"2021-06-21T11:58:14","modified_gmt":"2021-06-21T09:58:14","slug":"scie-a-panneaux-sliding-tt1250x","status":"publish","type":"product","link":"https:\/\/tendotools.com\/fr\/produit\/scie-a-panneaux-sliding-tt1250x\/","title":{"rendered":"Scie \u00e0 panneaux Sliding TT1250X"},"content":{"rendered":"<p>Cette scie \u00e0 panneaux compacte de la s\u00e9rie Hobby+ est une machine tr\u00e8s populaire et le mod\u00e8le d&#8217;entr\u00e9e de gamme id\u00e9al. La scie \u00e0 panneaux est dot\u00e9e d&#8217;une table de travail en fonte tr\u00e8s r\u00e9sistante qui offre une tr\u00e8s bonne plan\u00e9it\u00e9. En outre, un table d&#8217;extensioin est pr\u00e9vu en standard. Cette extension peut \u00eatre plac\u00e9e des deux c\u00f4t\u00e9s de la table de travail. Le syst\u00e8me coulissant prismatique de haute qualit\u00e9 a une longueur de coupe totale de 1250 mm, ce qui est la largeur de la plupart des grandes plaques. Le guide transversal t\u00e9lescopique est \u00e9quip\u00e9 d&#8217;une but\u00e9e basculante \u00e0 r\u00e9glage fin. Le guide de largeur est \u00e9galement facile \u00e0 r\u00e9gler au moyen d&#8217;un syst\u00e8me de r\u00e9glage fin.<\/p>\n<p>Le syst\u00e8me de rouleaux prismatiques comporte une T-slot pour l&#8217;insertion d&#8217;un guide d&#8217;onglet. Ce guide \u00e0 onglets est \u00e9galement fourni en standard avec la machine. La lame de scie est inclinable jusqu&#8217;\u00e0 un maximum de 45\u00b0. Pour r\u00e9gler la hauteur et l&#8217;inclinaison de la lame de scie, la machine est \u00e9quip\u00e9e de roues \u00e0 main. Le Sliding Comfort TT1300 est \u00e9quip\u00e9 d&#8217;un puissant moteur \u00e0 induction silencieux sur 230V (2HP) avec entra\u00eenement par courroie trap\u00e9zo\u00efdale. Le syst\u00e8me coulissant est facilement d\u00e9tachable. De cette fa\u00e7on, vous pouvez facilement ranger la machine lorsqu&#8217;elle n&#8217;est pas utilis\u00e9e.<\/p>\n<p>Disponible en option avec un kit mobile pratique WK600.<\/p>\n","protected":false},"excerpt":{"rendered":"<p>Cette scie \u00e0 panneaux compacte de la s\u00e9rie Hobby+ avec moteur \u00e0 induction 230V (2HP) est une machine tr\u00e8s populaire et le mod\u00e8le d&#8217;entr\u00e9e de gamme id\u00e9al. Ce mod\u00e8le de scie \u00e0 panneaux dispose d&#8217;une table de travail en fonte tr\u00e8s r\u00e9sistante qui offre une tr\u00e8s bonne plan\u00e9it\u00e9. Le syst\u00e8me coulissant prismatique de haute qualit\u00e9 a une longueur de coupe totale de 1250 mm. Le guide transversal t\u00e9lescopique est \u00e9quip\u00e9 d&#8217;une but\u00e9e basculante \u00e0 r\u00e9glage fin. Le syst\u00e8me de rouleaux prismatiques comporte une rainure en T pour l&#8217;insertion d&#8217;un guide d&#8217;onglet (fourni en standard). Pour r\u00e9gler la hauteur et l&#8217;inclinaison de la lame de scie, la machine est \u00e9quip\u00e9e de roues \u00e0 main. Le syst\u00e8me coulissant est facilement d\u00e9tachable. De cette fa\u00e7on, vous pouvez facilement ranger la machine lorsqu&#8217;elle n&#8217;est pas utilis\u00e9e.<\/p>\n<p>Disponible en option avec un kit mobile pratique WK600.<\/p>\n","protected":false},"featured_media":21702,"comment_status":"open","ping_status":"closed","template":"","meta":{"_acf_changed":false,"_crsspst_to_pihertendotoolscom":false,"_crsspst_to_piherbe":false,"inline_featured_image":false},"pwb-brand":[3737],"product_brand":[],"product_cat":[381,4256],"product_tag":[],"class_list":{"0":"post-21489","1":"product","2":"type-product","3":"status-publish","4":"has-post-thumbnail","6":"pwb-brand-tendotools-fr","7":"product_cat-scies-a-panneaux","8":"product_cat-scies-a-panneaux-horizontales","9":"product_shipping_class-regulier-desambiguation","11":"first","12":"instock","13":"taxable","14":"shipping-taxable","15":"purchasable","16":"product-type-simple"},"group_of_quantity":0,"min_quantity":0,"max_quantity":"","exclude_order_quantity_value_rules":"no","exclude_category_quantity_rules":"no","combine_variations":"no","acf":{"composite_product":27614,"belangrijkste_eigenschappen":"<ul>\n \t<li>Table de travail plate en fonte<\/li>\n \t<li>Guide d'onglet<\/li>\n \t<li>Syst\u00e8me coulissant avec 'T-slot'<\/li>\n \t<li>Guide de chariot 1250mm<\/li>\n \t<li>Moteur \u00e0 induction 230V (3HP)<\/li>\n \t<li>Entra\u00eenement par courroie<\/li>\n \t<li>R\u00e9glage fin sur les guides<\/li>\n \t<li>Grandes roues pivotantes pratiques pour le r\u00e9glage de la hauteur et de l'inclinaison de la lame de scie<\/li>\n \t<li>Syst\u00e8me de glissi\u00e8re d\u00e9tachable pour un stockage facile<\/li>\n<\/ul>","standaard_uitrusting":"Par pi\u00e8ce","downloads":null,"out_of_stock_message":"","video":""},"yoast_head":"<!-- This site is optimized with the Yoast SEO plugin v26.8 - https:\/\/yoast.com\/product\/yoast-seo-wordpress\/ -->\n<title>Scie \u00e0 panneaux Sliding TT1250X - Tendotools<\/title>\n<meta name=\"description\" content=\"Cette scie \u00e0 panneaux compacte de notre &#039;comfort line&#039; avec un puissant moteur \u00e0 induction de 230V (3HP) est une machine tr\u00e8s populaire dans de nombreux ateliers.\" \/>\n<meta name=\"robots\" content=\"index, follow, max-snippet:-1, max-image-preview:large, max-video-preview:-1\" \/>\n<link rel=\"canonical\" href=\"https:\/\/tendotools.com\/fr\/produit\/scie-a-panneaux-sliding-tt1250x\/\" \/>\n<meta property=\"og:locale\" content=\"fr_FR\" \/>\n<meta property=\"og:type\" content=\"article\" \/>\n<meta property=\"og:title\" content=\"Scie \u00e0 panneaux Sliding TT1250X - Tendotools\" \/>\n<meta property=\"og:description\" content=\"Cette scie \u00e0 panneaux compacte de notre &#039;comfort line&#039; avec un puissant moteur \u00e0 induction de 230V (3HP) est une machine tr\u00e8s populaire dans de nombreux ateliers.\" \/>\n<meta property=\"og:url\" content=\"https:\/\/tendotools.com\/fr\/produit\/scie-a-panneaux-sliding-tt1250x\/\" \/>\n<meta property=\"og:site_name\" content=\"Tendotools\" \/>\n<meta property=\"article:modified_time\" content=\"2021-06-21T09:58:14+00:00\" \/>\n<meta property=\"og:image\" content=\"https:\/\/tendotools.com\/wp-content\/uploads\/2021\/01\/SlidingTT1250-6.jpg\" \/>\n\t<meta property=\"og:image:width\" content=\"800\" \/>\n\t<meta property=\"og:image:height\" content=\"800\" \/>\n\t<meta property=\"og:image:type\" content=\"image\/jpeg\" \/>\n<meta name=\"twitter:card\" content=\"summary_large_image\" \/>\n<meta name=\"twitter:label1\" content=\"Dur\u00e9e de lecture estim\u00e9e\" \/>\n\t<meta name=\"twitter:data1\" content=\"1 minute\" \/>\n<script type=\"application\/ld+json\" class=\"yoast-schema-graph\">{\"@context\":\"https:\/\/schema.org\",\"@graph\":[{\"@type\":\"WebPage\",\"@id\":\"https:\/\/tendotools.com\/fr\/produit\/scie-a-panneaux-sliding-tt1250x\/\",\"url\":\"https:\/\/tendotools.com\/fr\/produit\/scie-a-panneaux-sliding-tt1250x\/\",\"name\":\"Scie \u00e0 panneaux Sliding TT1250X - Tendotools\",\"isPartOf\":{\"@id\":\"https:\/\/tendotools.com\/fr\/#website\"},\"primaryImageOfPage\":{\"@id\":\"https:\/\/tendotools.com\/fr\/produit\/scie-a-panneaux-sliding-tt1250x\/#primaryimage\"},\"image\":{\"@id\":\"https:\/\/tendotools.com\/fr\/produit\/scie-a-panneaux-sliding-tt1250x\/#primaryimage\"},\"thumbnailUrl\":\"https:\/\/tendotools.com\/wp-content\/uploads\/2021\/01\/SlidingTT1250-6.jpg\",\"datePublished\":\"2021-01-26T09:37:20+00:00\",\"dateModified\":\"2021-06-21T09:58:14+00:00\",\"description\":\"Cette scie \u00e0 panneaux compacte de notre 'comfort line' avec un puissant moteur \u00e0 induction de 230V (3HP) est une machine tr\u00e8s populaire dans de nombreux ateliers.\",\"breadcrumb\":{\"@id\":\"https:\/\/tendotools.com\/fr\/produit\/scie-a-panneaux-sliding-tt1250x\/#breadcrumb\"},\"inLanguage\":\"fr-FR\",\"potentialAction\":[{\"@type\":\"ReadAction\",\"target\":[\"https:\/\/tendotools.com\/fr\/produit\/scie-a-panneaux-sliding-tt1250x\/\"]}]},{\"@type\":\"ImageObject\",\"inLanguage\":\"fr-FR\",\"@id\":\"https:\/\/tendotools.com\/fr\/produit\/scie-a-panneaux-sliding-tt1250x\/#primaryimage\",\"url\":\"https:\/\/tendotools.com\/wp-content\/uploads\/2021\/01\/SlidingTT1250-6.jpg\",\"contentUrl\":\"https:\/\/tendotools.com\/wp-content\/uploads\/2021\/01\/SlidingTT1250-6.jpg\",\"width\":800,\"height\":800},{\"@type\":\"BreadcrumbList\",\"@id\":\"https:\/\/tendotools.com\/fr\/produit\/scie-a-panneaux-sliding-tt1250x\/#breadcrumb\",\"itemListElement\":[{\"@type\":\"ListItem\",\"position\":1,\"name\":\"Home\",\"item\":\"https:\/\/tendotools.com\/fr\/\"},{\"@type\":\"ListItem\",\"position\":2,\"name\":\"Shop\",\"item\":\"https:\/\/tendotools.com\/fr\/boutique\/\"},{\"@type\":\"ListItem\",\"position\":3,\"name\":\"Scie \u00e0 panneaux Sliding TT1250X\"}]},{\"@type\":\"WebSite\",\"@id\":\"https:\/\/tendotools.com\/fr\/#website\",\"url\":\"https:\/\/tendotools.com\/fr\/\",\"name\":\"Tendotools\",\"description\":\"\",\"publisher\":{\"@id\":\"https:\/\/tendotools.com\/fr\/#organization\"},\"potentialAction\":[{\"@type\":\"SearchAction\",\"target\":{\"@type\":\"EntryPoint\",\"urlTemplate\":\"https:\/\/tendotools.com\/fr\/?s={search_term_string}\"},\"query-input\":{\"@type\":\"PropertyValueSpecification\",\"valueRequired\":true,\"valueName\":\"search_term_string\"}}],\"inLanguage\":\"fr-FR\"},{\"@type\":\"Organization\",\"@id\":\"https:\/\/tendotools.com\/fr\/#organization\",\"name\":\"Tendotools\",\"url\":\"https:\/\/tendotools.com\/fr\/\",\"logo\":{\"@type\":\"ImageObject\",\"inLanguage\":\"fr-FR\",\"@id\":\"https:\/\/tendotools.com\/fr\/#\/schema\/logo\/image\/\",\"url\":\"https:\/\/tendotools.com\/wp-content\/uploads\/2019\/09\/logo-wit.png\",\"contentUrl\":\"https:\/\/tendotools.com\/wp-content\/uploads\/2019\/09\/logo-wit.png\",\"width\":350,\"height\":84,\"caption\":\"Tendotools\"},\"image\":{\"@id\":\"https:\/\/tendotools.com\/fr\/#\/schema\/logo\/image\/\"}}]}<\/script>\n<!-- \/ Yoast SEO plugin. -->","yoast_head_json":{"title":"Scie \u00e0 panneaux Sliding TT1250X - Tendotools","description":"Cette scie \u00e0 panneaux compacte de notre 'comfort line' avec un puissant moteur \u00e0 induction de 230V (3HP) est une machine tr\u00e8s populaire dans de nombreux ateliers.","robots":{"index":"index","follow":"follow","max-snippet":"max-snippet:-1","max-image-preview":"max-image-preview:large","max-video-preview":"max-video-preview:-1"},"canonical":"https:\/\/tendotools.com\/fr\/produit\/scie-a-panneaux-sliding-tt1250x\/","og_locale":"fr_FR","og_type":"article","og_title":"Scie \u00e0 panneaux Sliding TT1250X - Tendotools","og_description":"Cette scie \u00e0 panneaux compacte de notre 'comfort line' avec un puissant moteur \u00e0 induction de 230V (3HP) est une machine tr\u00e8s populaire dans de nombreux ateliers.","og_url":"https:\/\/tendotools.com\/fr\/produit\/scie-a-panneaux-sliding-tt1250x\/","og_site_name":"Tendotools","article_modified_time":"2021-06-21T09:58:14+00:00","og_image":[{"width":800,"height":800,"url":"https:\/\/tendotools.com\/wp-content\/uploads\/2021\/01\/SlidingTT1250-6.jpg","type":"image\/jpeg"}],"twitter_card":"summary_large_image","twitter_misc":{"Dur\u00e9e de lecture estim\u00e9e":"1 minute"},"schema":{"@context":"https:\/\/schema.org","@graph":[{"@type":"WebPage","@id":"https:\/\/tendotools.com\/fr\/produit\/scie-a-panneaux-sliding-tt1250x\/","url":"https:\/\/tendotools.com\/fr\/produit\/scie-a-panneaux-sliding-tt1250x\/","name":"Scie \u00e0 panneaux Sliding TT1250X - Tendotools","isPartOf":{"@id":"https:\/\/tendotools.com\/fr\/#website"},"primaryImageOfPage":{"@id":"https:\/\/tendotools.com\/fr\/produit\/scie-a-panneaux-sliding-tt1250x\/#primaryimage"},"image":{"@id":"https:\/\/tendotools.com\/fr\/produit\/scie-a-panneaux-sliding-tt1250x\/#primaryimage"},"thumbnailUrl":"https:\/\/tendotools.com\/wp-content\/uploads\/2021\/01\/SlidingTT1250-6.jpg","datePublished":"2021-01-26T09:37:20+00:00","dateModified":"2021-06-21T09:58:14+00:00","description":"Cette scie \u00e0 panneaux compacte de notre 'comfort line' avec un puissant moteur \u00e0 induction de 230V (3HP) est une machine tr\u00e8s populaire dans de nombreux ateliers.","breadcrumb":{"@id":"https:\/\/tendotools.com\/fr\/produit\/scie-a-panneaux-sliding-tt1250x\/#breadcrumb"},"inLanguage":"fr-FR","potentialAction":[{"@type":"ReadAction","target":["https:\/\/tendotools.com\/fr\/produit\/scie-a-panneaux-sliding-tt1250x\/"]}]},{"@type":"ImageObject","inLanguage":"fr-FR","@id":"https:\/\/tendotools.com\/fr\/produit\/scie-a-panneaux-sliding-tt1250x\/#primaryimage","url":"https:\/\/tendotools.com\/wp-content\/uploads\/2021\/01\/SlidingTT1250-6.jpg","contentUrl":"https:\/\/tendotools.com\/wp-content\/uploads\/2021\/01\/SlidingTT1250-6.jpg","width":800,"height":800},{"@type":"BreadcrumbList","@id":"https:\/\/tendotools.com\/fr\/produit\/scie-a-panneaux-sliding-tt1250x\/#breadcrumb","itemListElement":[{"@type":"ListItem","position":1,"name":"Home","item":"https:\/\/tendotools.com\/fr\/"},{"@type":"ListItem","position":2,"name":"Shop","item":"https:\/\/tendotools.com\/fr\/boutique\/"},{"@type":"ListItem","position":3,"name":"Scie \u00e0 panneaux Sliding TT1250X"}]},{"@type":"WebSite","@id":"https:\/\/tendotools.com\/fr\/#website","url":"https:\/\/tendotools.com\/fr\/","name":"Tendotools","description":"","publisher":{"@id":"https:\/\/tendotools.com\/fr\/#organization"},"potentialAction":[{"@type":"SearchAction","target":{"@type":"EntryPoint","urlTemplate":"https:\/\/tendotools.com\/fr\/?s={search_term_string}"},"query-input":{"@type":"PropertyValueSpecification","valueRequired":true,"valueName":"search_term_string"}}],"inLanguage":"fr-FR"},{"@type":"Organization","@id":"https:\/\/tendotools.com\/fr\/#organization","name":"Tendotools","url":"https:\/\/tendotools.com\/fr\/","logo":{"@type":"ImageObject","inLanguage":"fr-FR","@id":"https:\/\/tendotools.com\/fr\/#\/schema\/logo\/image\/","url":"https:\/\/tendotools.com\/wp-content\/uploads\/2019\/09\/logo-wit.png","contentUrl":"https:\/\/tendotools.com\/wp-content\/uploads\/2019\/09\/logo-wit.png","width":350,"height":84,"caption":"Tendotools"},"image":{"@id":"https:\/\/tendotools.com\/fr\/#\/schema\/logo\/image\/"}}]}},"brands":[{"id":3737,"name":"Tendotools","slug":"tendotools-fr"}],"_links":{"self":[{"href":"https:\/\/tendotools.com\/fr\/wp-json\/wp\/v2\/product\/21489","targetHints":{"allow":["GET"]}}],"collection":[{"href":"https:\/\/tendotools.com\/fr\/wp-json\/wp\/v2\/product"}],"about":[{"href":"https:\/\/tendotools.com\/fr\/wp-json\/wp\/v2\/types\/product"}],"replies":[{"embeddable":true,"href":"https:\/\/tendotools.com\/fr\/wp-json\/wp\/v2\/comments?post=21489"}],"acf:post":[{"embeddable":true,"href":"https:\/\/tendotools.com\/fr\/wp-json\/wp\/v2\/product\/27614"}],"wp:featuredmedia":[{"embeddable":true,"href":"https:\/\/tendotools.com\/fr\/wp-json\/wp\/v2\/media\/21702"}],"wp:attachment":[{"href":"https:\/\/tendotools.com\/fr\/wp-json\/wp\/v2\/media?parent=21489"}],"wp:term":[{"taxonomy":"pwb-brand","embeddable":true,"href":"https:\/\/tendotools.com\/fr\/wp-json\/wp\/v2\/pwb-brand?post=21489"},{"taxonomy":"product_brand","embeddable":true,"href":"https:\/\/tendotools.com\/fr\/wp-json\/wp\/v2\/product_brand?post=21489"},{"taxonomy":"product_cat","embeddable":true,"href":"https:\/\/tendotools.com\/fr\/wp-json\/wp\/v2\/product_cat?post=21489"},{"taxonomy":"product_tag","embeddable":true,"href":"https:\/\/tendotools.com\/fr\/wp-json\/wp\/v2\/product_tag?post=21489"}],"curies":[{"name":"wp","href":"https:\/\/api.w.org\/{rel}","templated":true}]}}