{"id":22549,"date":"2021-02-12T11:03:54","date_gmt":"2021-02-12T10:03:54","guid":{"rendered":"https:\/\/tendotools.com\/?post_type=product&#038;p=22549"},"modified":"2021-02-12T11:13:06","modified_gmt":"2021-02-12T10:13:06","slug":"mandrin-a-cone-morse-2","status":"publish","type":"product","link":"https:\/\/tendotools.com\/fr\/produit\/mandrin-a-cone-morse-2\/","title":{"rendered":"Mandrin &#8211; c\u00f4ne Morse 2"},"content":{"rendered":"<p>Mandrin \u00e0 c\u00f4ne Morse 2, avec cl\u00e9 et pivotant.<\/p>\n","protected":false},"excerpt":{"rendered":"<p>Mandrin \u00e0 c\u00f4ne Morse 2, avec cl\u00e9 et pivotant.<\/p>\n","protected":false},"featured_media":22590,"comment_status":"open","ping_status":"closed","template":"","meta":{"_acf_changed":false,"_crsspst_to_pihertendotoolscom":false,"_crsspst_to_piherbe":false,"inline_featured_image":false},"pwb-brand":[3422],"product_brand":[],"product_cat":[367],"product_tag":[],"class_list":{"0":"post-22549","1":"product","2":"type-product","3":"status-publish","4":"has-post-thumbnail","6":"pwb-brand-dupro-fr","7":"product_cat-outils-de-tournage","9":"first","10":"instock","11":"taxable","12":"shipping-taxable","13":"purchasable","14":"product-type-simple"},"group_of_quantity":0,"min_quantity":0,"max_quantity":"","exclude_order_quantity_value_rules":"no","exclude_category_quantity_rules":"no","combine_variations":"no","acf":{"composite_product":null,"belangrijkste_eigenschappen":"<ul>\n \t<li>A c\u00f4ne Morse 2<\/li>\n \t<li>Pivotant<\/li>\n \t<li>Avec cl\u00e9<\/li>\n<\/ul>","standaard_uitrusting":"Mandrin \u00e0 c\u00f4ne Morse 2","downloads":null,"out_of_stock_message":"","video":""},"yoast_head":"<!-- This site is optimized with the Yoast SEO plugin v26.8 - https:\/\/yoast.com\/product\/yoast-seo-wordpress\/ -->\n<title>Mandrin - c\u00f4ne Morse 2 - Tendotools<\/title>\n<meta name=\"description\" content=\"Mandrin \u00e0 c\u00f4ne Morse 2, avec cl\u00e9 et pivotant.\" \/>\n<meta name=\"robots\" content=\"index, follow, max-snippet:-1, max-image-preview:large, max-video-preview:-1\" \/>\n<link rel=\"canonical\" href=\"https:\/\/tendotools.com\/fr\/produit\/mandrin-a-cone-morse-2\/\" \/>\n<meta property=\"og:locale\" content=\"fr_FR\" \/>\n<meta property=\"og:type\" content=\"article\" \/>\n<meta property=\"og:title\" content=\"Mandrin - c\u00f4ne Morse 2 - Tendotools\" \/>\n<meta property=\"og:description\" content=\"Mandrin \u00e0 c\u00f4ne Morse 2, avec cl\u00e9 et pivotant.\" \/>\n<meta property=\"og:url\" content=\"https:\/\/tendotools.com\/fr\/produit\/mandrin-a-cone-morse-2\/\" \/>\n<meta property=\"og:site_name\" content=\"Tendotools\" \/>\n<meta property=\"article:modified_time\" content=\"2021-02-12T10:13:06+00:00\" \/>\n<meta property=\"og:image\" content=\"https:\/\/tendotools.com\/wp-content\/uploads\/2021\/02\/3DGBK2_1.jpg\" \/>\n\t<meta property=\"og:image:width\" content=\"800\" \/>\n\t<meta property=\"og:image:height\" content=\"800\" \/>\n\t<meta property=\"og:image:type\" content=\"image\/jpeg\" \/>\n<meta name=\"twitter:card\" content=\"summary_large_image\" \/>\n<script type=\"application\/ld+json\" class=\"yoast-schema-graph\">{\"@context\":\"https:\/\/schema.org\",\"@graph\":[{\"@type\":\"WebPage\",\"@id\":\"https:\/\/tendotools.com\/fr\/produit\/mandrin-a-cone-morse-2\/\",\"url\":\"https:\/\/tendotools.com\/fr\/produit\/mandrin-a-cone-morse-2\/\",\"name\":\"Mandrin - c\u00f4ne Morse 2 - Tendotools\",\"isPartOf\":{\"@id\":\"https:\/\/tendotools.com\/fr\/#website\"},\"primaryImageOfPage\":{\"@id\":\"https:\/\/tendotools.com\/fr\/produit\/mandrin-a-cone-morse-2\/#primaryimage\"},\"image\":{\"@id\":\"https:\/\/tendotools.com\/fr\/produit\/mandrin-a-cone-morse-2\/#primaryimage\"},\"thumbnailUrl\":\"https:\/\/tendotools.com\/wp-content\/uploads\/2021\/02\/3DGBK2_1.jpg\",\"datePublished\":\"2021-02-12T10:03:54+00:00\",\"dateModified\":\"2021-02-12T10:13:06+00:00\",\"description\":\"Mandrin \u00e0 c\u00f4ne Morse 2, avec cl\u00e9 et pivotant.\",\"breadcrumb\":{\"@id\":\"https:\/\/tendotools.com\/fr\/produit\/mandrin-a-cone-morse-2\/#breadcrumb\"},\"inLanguage\":\"fr-FR\",\"potentialAction\":[{\"@type\":\"ReadAction\",\"target\":[\"https:\/\/tendotools.com\/fr\/produit\/mandrin-a-cone-morse-2\/\"]}]},{\"@type\":\"ImageObject\",\"inLanguage\":\"fr-FR\",\"@id\":\"https:\/\/tendotools.com\/fr\/produit\/mandrin-a-cone-morse-2\/#primaryimage\",\"url\":\"https:\/\/tendotools.com\/wp-content\/uploads\/2021\/02\/3DGBK2_1.jpg\",\"contentUrl\":\"https:\/\/tendotools.com\/wp-content\/uploads\/2021\/02\/3DGBK2_1.jpg\",\"width\":800,\"height\":800},{\"@type\":\"BreadcrumbList\",\"@id\":\"https:\/\/tendotools.com\/fr\/produit\/mandrin-a-cone-morse-2\/#breadcrumb\",\"itemListElement\":[{\"@type\":\"ListItem\",\"position\":1,\"name\":\"Home\",\"item\":\"https:\/\/tendotools.com\/fr\/\"},{\"@type\":\"ListItem\",\"position\":2,\"name\":\"Shop\",\"item\":\"https:\/\/tendotools.com\/fr\/boutique\/\"},{\"@type\":\"ListItem\",\"position\":3,\"name\":\"Mandrin &#8211; c\u00f4ne Morse 2\"}]},{\"@type\":\"WebSite\",\"@id\":\"https:\/\/tendotools.com\/fr\/#website\",\"url\":\"https:\/\/tendotools.com\/fr\/\",\"name\":\"Tendotools\",\"description\":\"\",\"publisher\":{\"@id\":\"https:\/\/tendotools.com\/fr\/#organization\"},\"potentialAction\":[{\"@type\":\"SearchAction\",\"target\":{\"@type\":\"EntryPoint\",\"urlTemplate\":\"https:\/\/tendotools.com\/fr\/?s={search_term_string}\"},\"query-input\":{\"@type\":\"PropertyValueSpecification\",\"valueRequired\":true,\"valueName\":\"search_term_string\"}}],\"inLanguage\":\"fr-FR\"},{\"@type\":\"Organization\",\"@id\":\"https:\/\/tendotools.com\/fr\/#organization\",\"name\":\"Tendotools\",\"url\":\"https:\/\/tendotools.com\/fr\/\",\"logo\":{\"@type\":\"ImageObject\",\"inLanguage\":\"fr-FR\",\"@id\":\"https:\/\/tendotools.com\/fr\/#\/schema\/logo\/image\/\",\"url\":\"https:\/\/tendotools.com\/wp-content\/uploads\/2019\/09\/logo-wit.png\",\"contentUrl\":\"https:\/\/tendotools.com\/wp-content\/uploads\/2019\/09\/logo-wit.png\",\"width\":350,\"height\":84,\"caption\":\"Tendotools\"},\"image\":{\"@id\":\"https:\/\/tendotools.com\/fr\/#\/schema\/logo\/image\/\"}}]}<\/script>\n<!-- \/ Yoast SEO plugin. -->","yoast_head_json":{"title":"Mandrin - c\u00f4ne Morse 2 - Tendotools","description":"Mandrin \u00e0 c\u00f4ne Morse 2, avec cl\u00e9 et pivotant.","robots":{"index":"index","follow":"follow","max-snippet":"max-snippet:-1","max-image-preview":"max-image-preview:large","max-video-preview":"max-video-preview:-1"},"canonical":"https:\/\/tendotools.com\/fr\/produit\/mandrin-a-cone-morse-2\/","og_locale":"fr_FR","og_type":"article","og_title":"Mandrin - c\u00f4ne Morse 2 - Tendotools","og_description":"Mandrin \u00e0 c\u00f4ne Morse 2, avec cl\u00e9 et pivotant.","og_url":"https:\/\/tendotools.com\/fr\/produit\/mandrin-a-cone-morse-2\/","og_site_name":"Tendotools","article_modified_time":"2021-02-12T10:13:06+00:00","og_image":[{"width":800,"height":800,"url":"https:\/\/tendotools.com\/wp-content\/uploads\/2021\/02\/3DGBK2_1.jpg","type":"image\/jpeg"}],"twitter_card":"summary_large_image","schema":{"@context":"https:\/\/schema.org","@graph":[{"@type":"WebPage","@id":"https:\/\/tendotools.com\/fr\/produit\/mandrin-a-cone-morse-2\/","url":"https:\/\/tendotools.com\/fr\/produit\/mandrin-a-cone-morse-2\/","name":"Mandrin - c\u00f4ne Morse 2 - Tendotools","isPartOf":{"@id":"https:\/\/tendotools.com\/fr\/#website"},"primaryImageOfPage":{"@id":"https:\/\/tendotools.com\/fr\/produit\/mandrin-a-cone-morse-2\/#primaryimage"},"image":{"@id":"https:\/\/tendotools.com\/fr\/produit\/mandrin-a-cone-morse-2\/#primaryimage"},"thumbnailUrl":"https:\/\/tendotools.com\/wp-content\/uploads\/2021\/02\/3DGBK2_1.jpg","datePublished":"2021-02-12T10:03:54+00:00","dateModified":"2021-02-12T10:13:06+00:00","description":"Mandrin \u00e0 c\u00f4ne Morse 2, avec cl\u00e9 et pivotant.","breadcrumb":{"@id":"https:\/\/tendotools.com\/fr\/produit\/mandrin-a-cone-morse-2\/#breadcrumb"},"inLanguage":"fr-FR","potentialAction":[{"@type":"ReadAction","target":["https:\/\/tendotools.com\/fr\/produit\/mandrin-a-cone-morse-2\/"]}]},{"@type":"ImageObject","inLanguage":"fr-FR","@id":"https:\/\/tendotools.com\/fr\/produit\/mandrin-a-cone-morse-2\/#primaryimage","url":"https:\/\/tendotools.com\/wp-content\/uploads\/2021\/02\/3DGBK2_1.jpg","contentUrl":"https:\/\/tendotools.com\/wp-content\/uploads\/2021\/02\/3DGBK2_1.jpg","width":800,"height":800},{"@type":"BreadcrumbList","@id":"https:\/\/tendotools.com\/fr\/produit\/mandrin-a-cone-morse-2\/#breadcrumb","itemListElement":[{"@type":"ListItem","position":1,"name":"Home","item":"https:\/\/tendotools.com\/fr\/"},{"@type":"ListItem","position":2,"name":"Shop","item":"https:\/\/tendotools.com\/fr\/boutique\/"},{"@type":"ListItem","position":3,"name":"Mandrin &#8211; c\u00f4ne Morse 2"}]},{"@type":"WebSite","@id":"https:\/\/tendotools.com\/fr\/#website","url":"https:\/\/tendotools.com\/fr\/","name":"Tendotools","description":"","publisher":{"@id":"https:\/\/tendotools.com\/fr\/#organization"},"potentialAction":[{"@type":"SearchAction","target":{"@type":"EntryPoint","urlTemplate":"https:\/\/tendotools.com\/fr\/?s={search_term_string}"},"query-input":{"@type":"PropertyValueSpecification","valueRequired":true,"valueName":"search_term_string"}}],"inLanguage":"fr-FR"},{"@type":"Organization","@id":"https:\/\/tendotools.com\/fr\/#organization","name":"Tendotools","url":"https:\/\/tendotools.com\/fr\/","logo":{"@type":"ImageObject","inLanguage":"fr-FR","@id":"https:\/\/tendotools.com\/fr\/#\/schema\/logo\/image\/","url":"https:\/\/tendotools.com\/wp-content\/uploads\/2019\/09\/logo-wit.png","contentUrl":"https:\/\/tendotools.com\/wp-content\/uploads\/2019\/09\/logo-wit.png","width":350,"height":84,"caption":"Tendotools"},"image":{"@id":"https:\/\/tendotools.com\/fr\/#\/schema\/logo\/image\/"}}]}},"brands":[{"id":3422,"name":"DuPro","slug":"dupro-fr"}],"_links":{"self":[{"href":"https:\/\/tendotools.com\/fr\/wp-json\/wp\/v2\/product\/22549","targetHints":{"allow":["GET"]}}],"collection":[{"href":"https:\/\/tendotools.com\/fr\/wp-json\/wp\/v2\/product"}],"about":[{"href":"https:\/\/tendotools.com\/fr\/wp-json\/wp\/v2\/types\/product"}],"replies":[{"embeddable":true,"href":"https:\/\/tendotools.com\/fr\/wp-json\/wp\/v2\/comments?post=22549"}],"wp:featuredmedia":[{"embeddable":true,"href":"https:\/\/tendotools.com\/fr\/wp-json\/wp\/v2\/media\/22590"}],"wp:attachment":[{"href":"https:\/\/tendotools.com\/fr\/wp-json\/wp\/v2\/media?parent=22549"}],"wp:term":[{"taxonomy":"pwb-brand","embeddable":true,"href":"https:\/\/tendotools.com\/fr\/wp-json\/wp\/v2\/pwb-brand?post=22549"},{"taxonomy":"product_brand","embeddable":true,"href":"https:\/\/tendotools.com\/fr\/wp-json\/wp\/v2\/product_brand?post=22549"},{"taxonomy":"product_cat","embeddable":true,"href":"https:\/\/tendotools.com\/fr\/wp-json\/wp\/v2\/product_cat?post=22549"},{"taxonomy":"product_tag","embeddable":true,"href":"https:\/\/tendotools.com\/fr\/wp-json\/wp\/v2\/product_tag?post=22549"}],"curies":[{"name":"wp","href":"https:\/\/api.w.org\/{rel}","templated":true}]}}