{"id":25376,"date":"2021-03-05T14:47:08","date_gmt":"2021-03-05T13:47:08","guid":{"rendered":"https:\/\/tendotools.com\/?post_type=product&#038;p=25376"},"modified":"2021-12-07T16:22:57","modified_gmt":"2021-12-07T15:22:57","slug":"scie-a-onglet-avec-fonction-de-traction-m-saw-tt400","status":"publish","type":"product","link":"https:\/\/tendotools.com\/fr\/produit\/scie-a-onglet-avec-fonction-de-traction-m-saw-tt400\/","title":{"rendered":"Scie \u00e0 onglet M-Saw TT400"},"content":{"rendered":"<p>La TT400 est une scie \u00e0 coupe et \u00e0 onglets \u00e0 usage stationnaire, la plus grande de son genre.<\/p>\n<p>La TT400 est \u00e9quip\u00e9e d&#8217;un moteur \u00e0 induction silencieux et sans entretien de 3400 W (4,5 cv). Elle peut \u00eatre utilis\u00e9e aussi bien pour l&#8217;aluminium que pour le bois.<\/p>\n<p>L&#8217;utilisation de roulements \u00e0 billes sur toutes les articulations assure une rotation pr\u00e9cise de la table, de la t\u00eate et du syst\u00e8me de basculement. La scie a un corps en aluminium moul\u00e9 sous pression et une lourde base en fonte (80 kg). Le moteur \u00e0 induction silencieux et sans entretien de 3400 W (4,5 ch) avec entra\u00eenement par courroie est plac\u00e9 \u00e0 l&#8217;arri\u00e8re de la t\u00eate, ce qui conf\u00e8re \u00e0 la scie une capacit\u00e9 et un couple \u00e9lev\u00e9s. La lame de scie a un diam\u00e8tre de 400 mm et 80 dents.<\/p>\n<p>La TT400 est en outre \u00e9quip\u00e9e d&#8217;une poign\u00e9e r\u00e9versible avec des commandes sur le capot de protection.<\/p>\n<p>&nbsp;<\/p>\n","protected":false},"excerpt":{"rendered":"<p>La TT400 est une scie \u00e0 onglet \u00e0 usage fixe, \u00e9quip\u00e9e d&#8217;un moteur \u00e0 induction silencieux et sans entretien de 3400 W (4,5 ch), qui peut \u00eatre utilis\u00e9 pour l&#8217;aluminium et le bois.<\/p>\n","protected":false},"featured_media":25379,"comment_status":"open","ping_status":"closed","template":"","meta":{"_acf_changed":false,"_crsspst_to_pihertendotoolscom":false,"_crsspst_to_piherbe":false,"inline_featured_image":false},"pwb-brand":[3945,3737],"product_brand":[],"product_cat":[350,378],"product_tag":[],"class_list":{"0":"post-25376","1":"product","2":"type-product","3":"status-publish","4":"has-post-thumbnail","6":"pwb-brand-comfort-line-fr","7":"pwb-brand-tendotools-fr","8":"product_cat-machines-a-scier","9":"product_cat-scies-a-onglets","10":"product_shipping_class-regulier-desambiguation","12":"first","13":"instock","14":"taxable","15":"shipping-taxable","16":"purchasable","17":"product-type-variable"},"group_of_quantity":0,"min_quantity":0,"max_quantity":"","exclude_order_quantity_value_rules":"no","exclude_category_quantity_rules":"no","combine_variations":"no","acf":{"composite_product":null,"belangrijkste_eigenschappen":"<ul>\n \t<li>Moteur \u00e0 induction silencieux et sans entretien de 3400 W (4,5 ch) avec entra\u00eenement par courroie<\/li>\n \t<li>Lame de scie de 400 mm avec 80 dents<\/li>\n \t<li>Indication d'onglet claire et inclinable<\/li>\n \t<li>Bo\u00eetier en aluminium moul\u00e9 sous pression<\/li>\n \t<li>Base en fonte lourde (80 kg)<\/li>\n \t<li>Des roulements \u00e0 billes sur toutes les articulations assurent une rotation pr\u00e9cise de la table, de la t\u00eate et du syst\u00e8me de basculement<\/li>\n \t<li>Poign\u00e9e horizontale avec commande sur le capot de protection<\/li>\n<\/ul>","standaard_uitrusting":"Moteur \u00e0 induction 3400 W (4,5 ch)\nLame de scie de 400 mm avec 80 dents\nBase en fonte\nPoign\u00e9e horizontale avec commande\nIndication d'onglet\n","downloads":null,"out_of_stock_message":"","video":""},"yoast_head":"<!-- This site is optimized with the Yoast SEO plugin v26.8 - https:\/\/yoast.com\/product\/yoast-seo-wordpress\/ -->\n<title>Scie \u00e0 onglet M-Saw TT400 - Tendotools<\/title>\n<meta name=\"description\" content=\"La TT400 est une scie \u00e0 onglet \u00e0 usage fixe, \u00e9quip\u00e9e d&#039;un moteur \u00e0 induction silencieux et sans entretien de 3400 W (4,5 ch), qui peut \u00eatre utilis\u00e9 pour l&#039;aluminium et le bois.\" \/>\n<meta name=\"robots\" content=\"index, follow, max-snippet:-1, max-image-preview:large, max-video-preview:-1\" \/>\n<link rel=\"canonical\" href=\"https:\/\/tendotools.com\/fr\/produit\/scie-a-onglet-avec-fonction-de-traction-m-saw-tt400\/\" \/>\n<meta property=\"og:locale\" content=\"fr_FR\" \/>\n<meta property=\"og:type\" content=\"article\" \/>\n<meta property=\"og:title\" content=\"Scie \u00e0 onglet M-Saw TT400 - Tendotools\" \/>\n<meta property=\"og:description\" content=\"La TT400 est une scie \u00e0 onglet \u00e0 usage fixe, \u00e9quip\u00e9e d&#039;un moteur \u00e0 induction silencieux et sans entretien de 3400 W (4,5 ch), qui peut \u00eatre utilis\u00e9 pour l&#039;aluminium et le bois.\" \/>\n<meta property=\"og:url\" content=\"https:\/\/tendotools.com\/fr\/produit\/scie-a-onglet-avec-fonction-de-traction-m-saw-tt400\/\" \/>\n<meta property=\"og:site_name\" content=\"Tendotools\" \/>\n<meta property=\"article:modified_time\" content=\"2021-12-07T15:22:57+00:00\" \/>\n<meta property=\"og:image\" content=\"https:\/\/tendotools.com\/wp-content\/uploads\/2021\/03\/M-Saw-TT400_1.jpg\" \/>\n\t<meta property=\"og:image:width\" content=\"900\" \/>\n\t<meta property=\"og:image:height\" content=\"900\" \/>\n\t<meta property=\"og:image:type\" content=\"image\/jpeg\" \/>\n<meta name=\"twitter:card\" content=\"summary_large_image\" \/>\n<meta name=\"twitter:label1\" content=\"Dur\u00e9e de lecture estim\u00e9e\" \/>\n\t<meta name=\"twitter:data1\" content=\"1 minute\" \/>\n<script type=\"application\/ld+json\" class=\"yoast-schema-graph\">{\"@context\":\"https:\/\/schema.org\",\"@graph\":[{\"@type\":\"WebPage\",\"@id\":\"https:\/\/tendotools.com\/fr\/produit\/scie-a-onglet-avec-fonction-de-traction-m-saw-tt400\/\",\"url\":\"https:\/\/tendotools.com\/fr\/produit\/scie-a-onglet-avec-fonction-de-traction-m-saw-tt400\/\",\"name\":\"Scie \u00e0 onglet M-Saw TT400 - Tendotools\",\"isPartOf\":{\"@id\":\"https:\/\/tendotools.com\/fr\/#website\"},\"primaryImageOfPage\":{\"@id\":\"https:\/\/tendotools.com\/fr\/produit\/scie-a-onglet-avec-fonction-de-traction-m-saw-tt400\/#primaryimage\"},\"image\":{\"@id\":\"https:\/\/tendotools.com\/fr\/produit\/scie-a-onglet-avec-fonction-de-traction-m-saw-tt400\/#primaryimage\"},\"thumbnailUrl\":\"https:\/\/tendotools.com\/wp-content\/uploads\/2021\/03\/M-Saw-TT400_1.jpg\",\"datePublished\":\"2021-03-05T13:47:08+00:00\",\"dateModified\":\"2021-12-07T15:22:57+00:00\",\"description\":\"La TT400 est une scie \u00e0 onglet \u00e0 usage fixe, \u00e9quip\u00e9e d'un moteur \u00e0 induction silencieux et sans entretien de 3400 W (4,5 ch), qui peut \u00eatre utilis\u00e9 pour l'aluminium et le bois.\",\"breadcrumb\":{\"@id\":\"https:\/\/tendotools.com\/fr\/produit\/scie-a-onglet-avec-fonction-de-traction-m-saw-tt400\/#breadcrumb\"},\"inLanguage\":\"fr-FR\",\"potentialAction\":[{\"@type\":\"ReadAction\",\"target\":[\"https:\/\/tendotools.com\/fr\/produit\/scie-a-onglet-avec-fonction-de-traction-m-saw-tt400\/\"]}]},{\"@type\":\"ImageObject\",\"inLanguage\":\"fr-FR\",\"@id\":\"https:\/\/tendotools.com\/fr\/produit\/scie-a-onglet-avec-fonction-de-traction-m-saw-tt400\/#primaryimage\",\"url\":\"https:\/\/tendotools.com\/wp-content\/uploads\/2021\/03\/M-Saw-TT400_1.jpg\",\"contentUrl\":\"https:\/\/tendotools.com\/wp-content\/uploads\/2021\/03\/M-Saw-TT400_1.jpg\",\"width\":900,\"height\":900},{\"@type\":\"BreadcrumbList\",\"@id\":\"https:\/\/tendotools.com\/fr\/produit\/scie-a-onglet-avec-fonction-de-traction-m-saw-tt400\/#breadcrumb\",\"itemListElement\":[{\"@type\":\"ListItem\",\"position\":1,\"name\":\"Home\",\"item\":\"https:\/\/tendotools.com\/fr\/\"},{\"@type\":\"ListItem\",\"position\":2,\"name\":\"Shop\",\"item\":\"https:\/\/tendotools.com\/fr\/boutique\/\"},{\"@type\":\"ListItem\",\"position\":3,\"name\":\"Scie \u00e0 onglet M-Saw TT400\"}]},{\"@type\":\"WebSite\",\"@id\":\"https:\/\/tendotools.com\/fr\/#website\",\"url\":\"https:\/\/tendotools.com\/fr\/\",\"name\":\"Tendotools\",\"description\":\"\",\"publisher\":{\"@id\":\"https:\/\/tendotools.com\/fr\/#organization\"},\"potentialAction\":[{\"@type\":\"SearchAction\",\"target\":{\"@type\":\"EntryPoint\",\"urlTemplate\":\"https:\/\/tendotools.com\/fr\/?s={search_term_string}\"},\"query-input\":{\"@type\":\"PropertyValueSpecification\",\"valueRequired\":true,\"valueName\":\"search_term_string\"}}],\"inLanguage\":\"fr-FR\"},{\"@type\":\"Organization\",\"@id\":\"https:\/\/tendotools.com\/fr\/#organization\",\"name\":\"Tendotools\",\"url\":\"https:\/\/tendotools.com\/fr\/\",\"logo\":{\"@type\":\"ImageObject\",\"inLanguage\":\"fr-FR\",\"@id\":\"https:\/\/tendotools.com\/fr\/#\/schema\/logo\/image\/\",\"url\":\"https:\/\/tendotools.com\/wp-content\/uploads\/2019\/09\/logo-wit.png\",\"contentUrl\":\"https:\/\/tendotools.com\/wp-content\/uploads\/2019\/09\/logo-wit.png\",\"width\":350,\"height\":84,\"caption\":\"Tendotools\"},\"image\":{\"@id\":\"https:\/\/tendotools.com\/fr\/#\/schema\/logo\/image\/\"}}]}<\/script>\n<!-- \/ Yoast SEO plugin. -->","yoast_head_json":{"title":"Scie \u00e0 onglet M-Saw TT400 - Tendotools","description":"La TT400 est une scie \u00e0 onglet \u00e0 usage fixe, \u00e9quip\u00e9e d'un moteur \u00e0 induction silencieux et sans entretien de 3400 W (4,5 ch), qui peut \u00eatre utilis\u00e9 pour l'aluminium et le bois.","robots":{"index":"index","follow":"follow","max-snippet":"max-snippet:-1","max-image-preview":"max-image-preview:large","max-video-preview":"max-video-preview:-1"},"canonical":"https:\/\/tendotools.com\/fr\/produit\/scie-a-onglet-avec-fonction-de-traction-m-saw-tt400\/","og_locale":"fr_FR","og_type":"article","og_title":"Scie \u00e0 onglet M-Saw TT400 - Tendotools","og_description":"La TT400 est une scie \u00e0 onglet \u00e0 usage fixe, \u00e9quip\u00e9e d'un moteur \u00e0 induction silencieux et sans entretien de 3400 W (4,5 ch), qui peut \u00eatre utilis\u00e9 pour l'aluminium et le bois.","og_url":"https:\/\/tendotools.com\/fr\/produit\/scie-a-onglet-avec-fonction-de-traction-m-saw-tt400\/","og_site_name":"Tendotools","article_modified_time":"2021-12-07T15:22:57+00:00","og_image":[{"width":900,"height":900,"url":"https:\/\/tendotools.com\/wp-content\/uploads\/2021\/03\/M-Saw-TT400_1.jpg","type":"image\/jpeg"}],"twitter_card":"summary_large_image","twitter_misc":{"Dur\u00e9e de lecture estim\u00e9e":"1 minute"},"schema":{"@context":"https:\/\/schema.org","@graph":[{"@type":"WebPage","@id":"https:\/\/tendotools.com\/fr\/produit\/scie-a-onglet-avec-fonction-de-traction-m-saw-tt400\/","url":"https:\/\/tendotools.com\/fr\/produit\/scie-a-onglet-avec-fonction-de-traction-m-saw-tt400\/","name":"Scie \u00e0 onglet M-Saw TT400 - Tendotools","isPartOf":{"@id":"https:\/\/tendotools.com\/fr\/#website"},"primaryImageOfPage":{"@id":"https:\/\/tendotools.com\/fr\/produit\/scie-a-onglet-avec-fonction-de-traction-m-saw-tt400\/#primaryimage"},"image":{"@id":"https:\/\/tendotools.com\/fr\/produit\/scie-a-onglet-avec-fonction-de-traction-m-saw-tt400\/#primaryimage"},"thumbnailUrl":"https:\/\/tendotools.com\/wp-content\/uploads\/2021\/03\/M-Saw-TT400_1.jpg","datePublished":"2021-03-05T13:47:08+00:00","dateModified":"2021-12-07T15:22:57+00:00","description":"La TT400 est une scie \u00e0 onglet \u00e0 usage fixe, \u00e9quip\u00e9e d'un moteur \u00e0 induction silencieux et sans entretien de 3400 W (4,5 ch), qui peut \u00eatre utilis\u00e9 pour l'aluminium et le bois.","breadcrumb":{"@id":"https:\/\/tendotools.com\/fr\/produit\/scie-a-onglet-avec-fonction-de-traction-m-saw-tt400\/#breadcrumb"},"inLanguage":"fr-FR","potentialAction":[{"@type":"ReadAction","target":["https:\/\/tendotools.com\/fr\/produit\/scie-a-onglet-avec-fonction-de-traction-m-saw-tt400\/"]}]},{"@type":"ImageObject","inLanguage":"fr-FR","@id":"https:\/\/tendotools.com\/fr\/produit\/scie-a-onglet-avec-fonction-de-traction-m-saw-tt400\/#primaryimage","url":"https:\/\/tendotools.com\/wp-content\/uploads\/2021\/03\/M-Saw-TT400_1.jpg","contentUrl":"https:\/\/tendotools.com\/wp-content\/uploads\/2021\/03\/M-Saw-TT400_1.jpg","width":900,"height":900},{"@type":"BreadcrumbList","@id":"https:\/\/tendotools.com\/fr\/produit\/scie-a-onglet-avec-fonction-de-traction-m-saw-tt400\/#breadcrumb","itemListElement":[{"@type":"ListItem","position":1,"name":"Home","item":"https:\/\/tendotools.com\/fr\/"},{"@type":"ListItem","position":2,"name":"Shop","item":"https:\/\/tendotools.com\/fr\/boutique\/"},{"@type":"ListItem","position":3,"name":"Scie \u00e0 onglet M-Saw TT400"}]},{"@type":"WebSite","@id":"https:\/\/tendotools.com\/fr\/#website","url":"https:\/\/tendotools.com\/fr\/","name":"Tendotools","description":"","publisher":{"@id":"https:\/\/tendotools.com\/fr\/#organization"},"potentialAction":[{"@type":"SearchAction","target":{"@type":"EntryPoint","urlTemplate":"https:\/\/tendotools.com\/fr\/?s={search_term_string}"},"query-input":{"@type":"PropertyValueSpecification","valueRequired":true,"valueName":"search_term_string"}}],"inLanguage":"fr-FR"},{"@type":"Organization","@id":"https:\/\/tendotools.com\/fr\/#organization","name":"Tendotools","url":"https:\/\/tendotools.com\/fr\/","logo":{"@type":"ImageObject","inLanguage":"fr-FR","@id":"https:\/\/tendotools.com\/fr\/#\/schema\/logo\/image\/","url":"https:\/\/tendotools.com\/wp-content\/uploads\/2019\/09\/logo-wit.png","contentUrl":"https:\/\/tendotools.com\/wp-content\/uploads\/2019\/09\/logo-wit.png","width":350,"height":84,"caption":"Tendotools"},"image":{"@id":"https:\/\/tendotools.com\/fr\/#\/schema\/logo\/image\/"}}]}},"brands":[{"id":3945,"name":"Comfort Line","slug":"comfort-line-fr"},{"id":3737,"name":"Tendotools","slug":"tendotools-fr"}],"_links":{"self":[{"href":"https:\/\/tendotools.com\/fr\/wp-json\/wp\/v2\/product\/25376","targetHints":{"allow":["GET"]}}],"collection":[{"href":"https:\/\/tendotools.com\/fr\/wp-json\/wp\/v2\/product"}],"about":[{"href":"https:\/\/tendotools.com\/fr\/wp-json\/wp\/v2\/types\/product"}],"replies":[{"embeddable":true,"href":"https:\/\/tendotools.com\/fr\/wp-json\/wp\/v2\/comments?post=25376"}],"wp:featuredmedia":[{"embeddable":true,"href":"https:\/\/tendotools.com\/fr\/wp-json\/wp\/v2\/media\/25379"}],"wp:attachment":[{"href":"https:\/\/tendotools.com\/fr\/wp-json\/wp\/v2\/media?parent=25376"}],"wp:term":[{"taxonomy":"pwb-brand","embeddable":true,"href":"https:\/\/tendotools.com\/fr\/wp-json\/wp\/v2\/pwb-brand?post=25376"},{"taxonomy":"product_brand","embeddable":true,"href":"https:\/\/tendotools.com\/fr\/wp-json\/wp\/v2\/product_brand?post=25376"},{"taxonomy":"product_cat","embeddable":true,"href":"https:\/\/tendotools.com\/fr\/wp-json\/wp\/v2\/product_cat?post=25376"},{"taxonomy":"product_tag","embeddable":true,"href":"https:\/\/tendotools.com\/fr\/wp-json\/wp\/v2\/product_tag?post=25376"}],"curies":[{"name":"wp","href":"https:\/\/api.w.org\/{rel}","templated":true}]}}