{"id":26992,"date":"2021-04-13T15:47:05","date_gmt":"2021-04-13T13:47:05","guid":{"rendered":"https:\/\/tendotools.com\/?post_type=product&#038;p=26992"},"modified":"2021-04-13T16:18:47","modified_gmt":"2021-04-13T14:18:47","slug":"kreg-easy-set-drill-bit-avec-butee-de-percage-et-gauge-d-epaisseur-de-materiau","status":"publish","type":"product","link":"https:\/\/tendotools.com\/fr\/produit\/kreg-easy-set-drill-bit-avec-butee-de-percage-et-gauge-d-epaisseur-de-materiau\/","title":{"rendered":"Kreg Easy-Set Drill Bit avec jauge d&#8217;\u00e9paisseur de mat\u00e9riau et but\u00e9e de per\u00e7age"},"content":{"rendered":"<p>Ajoutez un deuxi\u00e8me goret \u00e0 votre gabarit Kreg Pocket-Hole Jig de la s\u00e9rie 300 ou mettez \u00e0 jour tout gabarit de Kreg pour faciliter le travail avec des mat\u00e9riaux de 13 mm, 19 mm et 38 mm.<\/p>\n<p>Le foret Kreg Easy-Set Pocket-Hole Drill Bit avec but\u00e9e de per\u00e7age et jauge d&#8217;\u00e9paisseur de mat\u00e9riau\/cl\u00e9 Allen est le m\u00eame foret \u00e9tag\u00e9 que celui fourni avec les Kreg Pocket-Hole Jig de la s\u00e9rie 300.<\/p>\n<p>Ce foret convient aux mat\u00e9riaux de 13 \u00e0 38 mm d&#8217;\u00e9paisseur. Il comporte des rep\u00e8res grav\u00e9s pour 13 mm, 19 mm et 38 mm, ainsi que la but\u00e9e de per\u00e7age Easy-Set correspondante. La jauge d&#8217;\u00e9paisseur de mat\u00e9riau vous permet \u00e9galement de d\u00e9terminer facilement l&#8217;\u00e9paisseur du mat\u00e9riau (13 mm, 19 mm et 38 mm). La tige hexagonale de 6,35 mm (1\/4&#8243;) s&#8217;adapte \u00e0 tous les mandrins \u00e0 changement rapide standard.<\/p>\n<p>Compatible avec tous les Kreg Pocket-Hole Jig.<\/p>\n","protected":false},"excerpt":{"rendered":"<p>Le foret Kreg Easy-Set Pocket-Hole Drill Bit avec but\u00e9e de per\u00e7age et jauge d&#8217;\u00e9paisseur de mat\u00e9riau\/cl\u00e9 Allen est le m\u00eame foret \u00e9tag\u00e9 que celui fourni avec les Kreg Pocket-Hole Jig de la s\u00e9rie 300.<\/p>\n<p>Ce foret convient aux mat\u00e9riaux de 13 \u00e0 38 mm d&#8217;\u00e9paisseur. Il comporte des rep\u00e8res grav\u00e9s pour 13 mm, 19 mm et 38 mm, ainsi que la but\u00e9e de per\u00e7age Easy-Set correspondante. La jauge d&#8217;\u00e9paisseur de mat\u00e9riau vous permet \u00e9galement de d\u00e9terminer facilement l&#8217;\u00e9paisseur du mat\u00e9riau (13 mm, 19 mm et 38 mm). La tige hexagonale de 6,35 mm (1\/4&#8243;) s&#8217;adapte \u00e0 tous les mandrins \u00e0 changement rapide standard.<\/p>\n<p>Compatible avec tous les Kreg Pocket-Hole Jig.<\/p>\n","protected":false},"featured_media":26995,"comment_status":"open","ping_status":"closed","template":"","meta":{"_acf_changed":false,"_crsspst_to_pihertendotoolscom":false,"_crsspst_to_piherbe":false,"inline_featured_image":false},"pwb-brand":[4635],"product_brand":[],"product_cat":[4667],"product_tag":[],"class_list":{"0":"post-26992","1":"product","2":"type-product","3":"status-publish","4":"has-post-thumbnail","6":"pwb-brand-kreg-fr","7":"product_cat-kreg-pocket-hole-gabarits","8":"product_shipping_class-regulier-desambiguation","10":"first","11":"instock","12":"taxable","13":"shipping-taxable","14":"purchasable","15":"product-type-simple"},"group_of_quantity":0,"min_quantity":0,"max_quantity":"","exclude_order_quantity_value_rules":"no","exclude_category_quantity_rules":"no","combine_variations":"no","acf":{"composite_product":null,"belangrijkste_eigenschappen":"<ul>\n \t<li>Foret de rechange pour la s\u00e9rie 300 des Kreg Pocket-Hole Jig<\/li>\n \t<li>Comprend une jauge d'\u00e9paisseur de mat\u00e9riau et une but\u00e9e de per\u00e7age<\/li>\n \t<li>Convient aux mat\u00e9riaux d'une \u00e9paisseur de 12 \u00e0 38 mm<\/li>\n<\/ul>","standaard_uitrusting":"Foret, but\u00e9e de per\u00e7age et jauge d'\u00e9paisseur de mat\u00e9riau\/cl\u00e9 Allen","downloads":null,"out_of_stock_message":"","video":""},"yoast_head":"<!-- This site is optimized with the Yoast SEO plugin v26.8 - https:\/\/yoast.com\/product\/yoast-seo-wordpress\/ -->\n<title>Kreg Easy-Set Drill Bit avec jauge d&#039;\u00e9paisseur de mat\u00e9riau et but\u00e9e de per\u00e7age - Tendotools<\/title>\n<meta name=\"description\" content=\"Ajoutez un deuxi\u00e8me goret \u00e0 votre gabarit Kreg Pocket-Hole Jig de la s\u00e9rie 300 ou mettez \u00e0 jour tout gabarit de Kreg pour faciliter le travail avec des mat\u00e9riaux de 13 mm, 19 mm et 38 mm.\" \/>\n<meta name=\"robots\" content=\"index, follow, max-snippet:-1, max-image-preview:large, max-video-preview:-1\" \/>\n<link rel=\"canonical\" href=\"https:\/\/tendotools.com\/fr\/produit\/kreg-easy-set-drill-bit-avec-butee-de-percage-et-gauge-d-epaisseur-de-materiau\/\" \/>\n<meta property=\"og:locale\" content=\"fr_FR\" \/>\n<meta property=\"og:type\" content=\"article\" \/>\n<meta property=\"og:title\" content=\"Kreg Easy-Set Drill Bit avec jauge d&#039;\u00e9paisseur de mat\u00e9riau et but\u00e9e de per\u00e7age - Tendotools\" \/>\n<meta property=\"og:description\" content=\"Ajoutez un deuxi\u00e8me goret \u00e0 votre gabarit Kreg Pocket-Hole Jig de la s\u00e9rie 300 ou mettez \u00e0 jour tout gabarit de Kreg pour faciliter le travail avec des mat\u00e9riaux de 13 mm, 19 mm et 38 mm.\" \/>\n<meta property=\"og:url\" content=\"https:\/\/tendotools.com\/fr\/produit\/kreg-easy-set-drill-bit-avec-butee-de-percage-et-gauge-d-epaisseur-de-materiau\/\" \/>\n<meta property=\"og:site_name\" content=\"Tendotools\" \/>\n<meta property=\"article:modified_time\" content=\"2021-04-13T14:18:47+00:00\" \/>\n<meta property=\"og:image\" content=\"https:\/\/tendotools.com\/wp-content\/uploads\/2021\/04\/KPHA308-INT-01.jpeg\" \/>\n\t<meta property=\"og:image:width\" content=\"800\" \/>\n\t<meta property=\"og:image:height\" content=\"800\" \/>\n\t<meta property=\"og:image:type\" content=\"image\/jpeg\" \/>\n<meta name=\"twitter:card\" content=\"summary_large_image\" \/>\n<meta name=\"twitter:label1\" content=\"Dur\u00e9e de lecture estim\u00e9e\" \/>\n\t<meta name=\"twitter:data1\" content=\"1 minute\" \/>\n<script type=\"application\/ld+json\" class=\"yoast-schema-graph\">{\"@context\":\"https:\/\/schema.org\",\"@graph\":[{\"@type\":\"WebPage\",\"@id\":\"https:\/\/tendotools.com\/fr\/produit\/kreg-easy-set-drill-bit-avec-butee-de-percage-et-gauge-d-epaisseur-de-materiau\/\",\"url\":\"https:\/\/tendotools.com\/fr\/produit\/kreg-easy-set-drill-bit-avec-butee-de-percage-et-gauge-d-epaisseur-de-materiau\/\",\"name\":\"Kreg Easy-Set Drill Bit avec jauge d'\u00e9paisseur de mat\u00e9riau et but\u00e9e de per\u00e7age - Tendotools\",\"isPartOf\":{\"@id\":\"https:\/\/tendotools.com\/fr\/#website\"},\"primaryImageOfPage\":{\"@id\":\"https:\/\/tendotools.com\/fr\/produit\/kreg-easy-set-drill-bit-avec-butee-de-percage-et-gauge-d-epaisseur-de-materiau\/#primaryimage\"},\"image\":{\"@id\":\"https:\/\/tendotools.com\/fr\/produit\/kreg-easy-set-drill-bit-avec-butee-de-percage-et-gauge-d-epaisseur-de-materiau\/#primaryimage\"},\"thumbnailUrl\":\"https:\/\/tendotools.com\/wp-content\/uploads\/2021\/04\/KPHA308-INT-01.jpeg\",\"datePublished\":\"2021-04-13T13:47:05+00:00\",\"dateModified\":\"2021-04-13T14:18:47+00:00\",\"description\":\"Ajoutez un deuxi\u00e8me goret \u00e0 votre gabarit Kreg Pocket-Hole Jig de la s\u00e9rie 300 ou mettez \u00e0 jour tout gabarit de Kreg pour faciliter le travail avec des mat\u00e9riaux de 13 mm, 19 mm et 38 mm.\",\"breadcrumb\":{\"@id\":\"https:\/\/tendotools.com\/fr\/produit\/kreg-easy-set-drill-bit-avec-butee-de-percage-et-gauge-d-epaisseur-de-materiau\/#breadcrumb\"},\"inLanguage\":\"fr-FR\",\"potentialAction\":[{\"@type\":\"ReadAction\",\"target\":[\"https:\/\/tendotools.com\/fr\/produit\/kreg-easy-set-drill-bit-avec-butee-de-percage-et-gauge-d-epaisseur-de-materiau\/\"]}]},{\"@type\":\"ImageObject\",\"inLanguage\":\"fr-FR\",\"@id\":\"https:\/\/tendotools.com\/fr\/produit\/kreg-easy-set-drill-bit-avec-butee-de-percage-et-gauge-d-epaisseur-de-materiau\/#primaryimage\",\"url\":\"https:\/\/tendotools.com\/wp-content\/uploads\/2021\/04\/KPHA308-INT-01.jpeg\",\"contentUrl\":\"https:\/\/tendotools.com\/wp-content\/uploads\/2021\/04\/KPHA308-INT-01.jpeg\",\"width\":800,\"height\":800},{\"@type\":\"BreadcrumbList\",\"@id\":\"https:\/\/tendotools.com\/fr\/produit\/kreg-easy-set-drill-bit-avec-butee-de-percage-et-gauge-d-epaisseur-de-materiau\/#breadcrumb\",\"itemListElement\":[{\"@type\":\"ListItem\",\"position\":1,\"name\":\"Home\",\"item\":\"https:\/\/tendotools.com\/fr\/\"},{\"@type\":\"ListItem\",\"position\":2,\"name\":\"Shop\",\"item\":\"https:\/\/tendotools.com\/fr\/boutique\/\"},{\"@type\":\"ListItem\",\"position\":3,\"name\":\"Kreg Easy-Set Drill Bit avec jauge d&#8217;\u00e9paisseur de mat\u00e9riau et but\u00e9e de per\u00e7age\"}]},{\"@type\":\"WebSite\",\"@id\":\"https:\/\/tendotools.com\/fr\/#website\",\"url\":\"https:\/\/tendotools.com\/fr\/\",\"name\":\"Tendotools\",\"description\":\"\",\"publisher\":{\"@id\":\"https:\/\/tendotools.com\/fr\/#organization\"},\"potentialAction\":[{\"@type\":\"SearchAction\",\"target\":{\"@type\":\"EntryPoint\",\"urlTemplate\":\"https:\/\/tendotools.com\/fr\/?s={search_term_string}\"},\"query-input\":{\"@type\":\"PropertyValueSpecification\",\"valueRequired\":true,\"valueName\":\"search_term_string\"}}],\"inLanguage\":\"fr-FR\"},{\"@type\":\"Organization\",\"@id\":\"https:\/\/tendotools.com\/fr\/#organization\",\"name\":\"Tendotools\",\"url\":\"https:\/\/tendotools.com\/fr\/\",\"logo\":{\"@type\":\"ImageObject\",\"inLanguage\":\"fr-FR\",\"@id\":\"https:\/\/tendotools.com\/fr\/#\/schema\/logo\/image\/\",\"url\":\"https:\/\/tendotools.com\/wp-content\/uploads\/2019\/09\/logo-wit.png\",\"contentUrl\":\"https:\/\/tendotools.com\/wp-content\/uploads\/2019\/09\/logo-wit.png\",\"width\":350,\"height\":84,\"caption\":\"Tendotools\"},\"image\":{\"@id\":\"https:\/\/tendotools.com\/fr\/#\/schema\/logo\/image\/\"}}]}<\/script>\n<!-- \/ Yoast SEO plugin. -->","yoast_head_json":{"title":"Kreg Easy-Set Drill Bit avec jauge d'\u00e9paisseur de mat\u00e9riau et but\u00e9e de per\u00e7age - Tendotools","description":"Ajoutez un deuxi\u00e8me goret \u00e0 votre gabarit Kreg Pocket-Hole Jig de la s\u00e9rie 300 ou mettez \u00e0 jour tout gabarit de Kreg pour faciliter le travail avec des mat\u00e9riaux de 13 mm, 19 mm et 38 mm.","robots":{"index":"index","follow":"follow","max-snippet":"max-snippet:-1","max-image-preview":"max-image-preview:large","max-video-preview":"max-video-preview:-1"},"canonical":"https:\/\/tendotools.com\/fr\/produit\/kreg-easy-set-drill-bit-avec-butee-de-percage-et-gauge-d-epaisseur-de-materiau\/","og_locale":"fr_FR","og_type":"article","og_title":"Kreg Easy-Set Drill Bit avec jauge d'\u00e9paisseur de mat\u00e9riau et but\u00e9e de per\u00e7age - Tendotools","og_description":"Ajoutez un deuxi\u00e8me goret \u00e0 votre gabarit Kreg Pocket-Hole Jig de la s\u00e9rie 300 ou mettez \u00e0 jour tout gabarit de Kreg pour faciliter le travail avec des mat\u00e9riaux de 13 mm, 19 mm et 38 mm.","og_url":"https:\/\/tendotools.com\/fr\/produit\/kreg-easy-set-drill-bit-avec-butee-de-percage-et-gauge-d-epaisseur-de-materiau\/","og_site_name":"Tendotools","article_modified_time":"2021-04-13T14:18:47+00:00","og_image":[{"width":800,"height":800,"url":"https:\/\/tendotools.com\/wp-content\/uploads\/2021\/04\/KPHA308-INT-01.jpeg","type":"image\/jpeg"}],"twitter_card":"summary_large_image","twitter_misc":{"Dur\u00e9e de lecture estim\u00e9e":"1 minute"},"schema":{"@context":"https:\/\/schema.org","@graph":[{"@type":"WebPage","@id":"https:\/\/tendotools.com\/fr\/produit\/kreg-easy-set-drill-bit-avec-butee-de-percage-et-gauge-d-epaisseur-de-materiau\/","url":"https:\/\/tendotools.com\/fr\/produit\/kreg-easy-set-drill-bit-avec-butee-de-percage-et-gauge-d-epaisseur-de-materiau\/","name":"Kreg Easy-Set Drill Bit avec jauge d'\u00e9paisseur de mat\u00e9riau et but\u00e9e de per\u00e7age - Tendotools","isPartOf":{"@id":"https:\/\/tendotools.com\/fr\/#website"},"primaryImageOfPage":{"@id":"https:\/\/tendotools.com\/fr\/produit\/kreg-easy-set-drill-bit-avec-butee-de-percage-et-gauge-d-epaisseur-de-materiau\/#primaryimage"},"image":{"@id":"https:\/\/tendotools.com\/fr\/produit\/kreg-easy-set-drill-bit-avec-butee-de-percage-et-gauge-d-epaisseur-de-materiau\/#primaryimage"},"thumbnailUrl":"https:\/\/tendotools.com\/wp-content\/uploads\/2021\/04\/KPHA308-INT-01.jpeg","datePublished":"2021-04-13T13:47:05+00:00","dateModified":"2021-04-13T14:18:47+00:00","description":"Ajoutez un deuxi\u00e8me goret \u00e0 votre gabarit Kreg Pocket-Hole Jig de la s\u00e9rie 300 ou mettez \u00e0 jour tout gabarit de Kreg pour faciliter le travail avec des mat\u00e9riaux de 13 mm, 19 mm et 38 mm.","breadcrumb":{"@id":"https:\/\/tendotools.com\/fr\/produit\/kreg-easy-set-drill-bit-avec-butee-de-percage-et-gauge-d-epaisseur-de-materiau\/#breadcrumb"},"inLanguage":"fr-FR","potentialAction":[{"@type":"ReadAction","target":["https:\/\/tendotools.com\/fr\/produit\/kreg-easy-set-drill-bit-avec-butee-de-percage-et-gauge-d-epaisseur-de-materiau\/"]}]},{"@type":"ImageObject","inLanguage":"fr-FR","@id":"https:\/\/tendotools.com\/fr\/produit\/kreg-easy-set-drill-bit-avec-butee-de-percage-et-gauge-d-epaisseur-de-materiau\/#primaryimage","url":"https:\/\/tendotools.com\/wp-content\/uploads\/2021\/04\/KPHA308-INT-01.jpeg","contentUrl":"https:\/\/tendotools.com\/wp-content\/uploads\/2021\/04\/KPHA308-INT-01.jpeg","width":800,"height":800},{"@type":"BreadcrumbList","@id":"https:\/\/tendotools.com\/fr\/produit\/kreg-easy-set-drill-bit-avec-butee-de-percage-et-gauge-d-epaisseur-de-materiau\/#breadcrumb","itemListElement":[{"@type":"ListItem","position":1,"name":"Home","item":"https:\/\/tendotools.com\/fr\/"},{"@type":"ListItem","position":2,"name":"Shop","item":"https:\/\/tendotools.com\/fr\/boutique\/"},{"@type":"ListItem","position":3,"name":"Kreg Easy-Set Drill Bit avec jauge d&#8217;\u00e9paisseur de mat\u00e9riau et but\u00e9e de per\u00e7age"}]},{"@type":"WebSite","@id":"https:\/\/tendotools.com\/fr\/#website","url":"https:\/\/tendotools.com\/fr\/","name":"Tendotools","description":"","publisher":{"@id":"https:\/\/tendotools.com\/fr\/#organization"},"potentialAction":[{"@type":"SearchAction","target":{"@type":"EntryPoint","urlTemplate":"https:\/\/tendotools.com\/fr\/?s={search_term_string}"},"query-input":{"@type":"PropertyValueSpecification","valueRequired":true,"valueName":"search_term_string"}}],"inLanguage":"fr-FR"},{"@type":"Organization","@id":"https:\/\/tendotools.com\/fr\/#organization","name":"Tendotools","url":"https:\/\/tendotools.com\/fr\/","logo":{"@type":"ImageObject","inLanguage":"fr-FR","@id":"https:\/\/tendotools.com\/fr\/#\/schema\/logo\/image\/","url":"https:\/\/tendotools.com\/wp-content\/uploads\/2019\/09\/logo-wit.png","contentUrl":"https:\/\/tendotools.com\/wp-content\/uploads\/2019\/09\/logo-wit.png","width":350,"height":84,"caption":"Tendotools"},"image":{"@id":"https:\/\/tendotools.com\/fr\/#\/schema\/logo\/image\/"}}]}},"brands":[{"id":4635,"name":"Kreg","slug":"kreg-fr"}],"_links":{"self":[{"href":"https:\/\/tendotools.com\/fr\/wp-json\/wp\/v2\/product\/26992","targetHints":{"allow":["GET"]}}],"collection":[{"href":"https:\/\/tendotools.com\/fr\/wp-json\/wp\/v2\/product"}],"about":[{"href":"https:\/\/tendotools.com\/fr\/wp-json\/wp\/v2\/types\/product"}],"replies":[{"embeddable":true,"href":"https:\/\/tendotools.com\/fr\/wp-json\/wp\/v2\/comments?post=26992"}],"wp:featuredmedia":[{"embeddable":true,"href":"https:\/\/tendotools.com\/fr\/wp-json\/wp\/v2\/media\/26995"}],"wp:attachment":[{"href":"https:\/\/tendotools.com\/fr\/wp-json\/wp\/v2\/media?parent=26992"}],"wp:term":[{"taxonomy":"pwb-brand","embeddable":true,"href":"https:\/\/tendotools.com\/fr\/wp-json\/wp\/v2\/pwb-brand?post=26992"},{"taxonomy":"product_brand","embeddable":true,"href":"https:\/\/tendotools.com\/fr\/wp-json\/wp\/v2\/product_brand?post=26992"},{"taxonomy":"product_cat","embeddable":true,"href":"https:\/\/tendotools.com\/fr\/wp-json\/wp\/v2\/product_cat?post=26992"},{"taxonomy":"product_tag","embeddable":true,"href":"https:\/\/tendotools.com\/fr\/wp-json\/wp\/v2\/product_tag?post=26992"}],"curies":[{"name":"wp","href":"https:\/\/api.w.org\/{rel}","templated":true}]}}