{"id":27600,"date":"2021-06-17T15:05:08","date_gmt":"2021-06-17T13:05:08","guid":{"rendered":"https:\/\/tendotools.com\/product\/promopack-raboteuse-et-degauchisseuse-triple-medium-tt260\/"},"modified":"2021-06-17T15:16:49","modified_gmt":"2021-06-17T13:16:49","slug":"promopack-raboteuse-degauchisseuse-triple-medium-tt260","status":"publish","type":"product","link":"https:\/\/tendotools.com\/fr\/produit\/promopack-raboteuse-degauchisseuse-triple-medium-tt260\/","title":{"rendered":"Promopack Raboteuse et d\u00e9gauchisseuse Triple Medium TT260"},"content":{"rendered":"<p>Paquet promotionnel de Triple Medium TT260 comprenant l&#8217;aspirateur, le tuyau d&#8217;extraction, les sangles de serrage et le rouleau de support. Rabot-d\u00e9gau puissante et robuste avec moteur \u00e0 induction, adapt\u00e9e \u00e0 chaque atelier. Cette machine est disponible avec un moteur de 230V et d\u00e9livre 3CV.<\/p>\n","protected":false},"excerpt":{"rendered":"<p>Paquet promotionnel de Triple Medium TT260 comprenant l&#8217;aspirateur, le tuyau d&#8217;extraction, les sangles de serrage et le rouleau de support. Rabot-d\u00e9gau puissante et robuste avec moteur \u00e0 induction, adapt\u00e9e \u00e0 chaque atelier. Cette machine est disponible avec un moteur de 230V et d\u00e9livre 3CV.<\/p>\n","protected":false},"featured_media":20825,"comment_status":"open","ping_status":"closed","template":"","meta":{"_acf_changed":false,"_crsspst_to_pihertendotoolscom":false,"_crsspst_to_piherbe":false,"inline_featured_image":false},"pwb-brand":[3418,3945,3737],"product_brand":[],"product_cat":[376],"product_tag":[],"class_list":{"0":"post-27600","1":"product","2":"type-product","3":"status-publish","4":"has-post-thumbnail","6":"pwb-brand-air-flux-fr","7":"pwb-brand-comfort-line-fr","8":"pwb-brand-tendotools-fr","9":"product_cat-promo-packs-fr","10":"product_shipping_class-regulier-desambiguation","12":"first","13":"instock","14":"sale","15":"taxable","16":"shipping-taxable","17":"purchasable","18":"product-type-composite"},"group_of_quantity":0,"min_quantity":0,"max_quantity":"","exclude_order_quantity_value_rules":"no","exclude_category_quantity_rules":"no","combine_variations":"no","acf":{"composite_product":null,"belangrijkste_eigenschappen":"<ul>\n \t<li>Package promotionnel compos\u00e9<\/li>\n<\/ul>","standaard_uitrusting":"Triple Medium TT260, Air Flux AF1020, tuyau d'extraction, sangles de serrage, support de rouleau TT70XP","downloads":null,"out_of_stock_message":"","video":""},"yoast_head":"<!-- This site is optimized with the Yoast SEO plugin v26.8 - https:\/\/yoast.com\/product\/yoast-seo-wordpress\/ -->\n<title>Promopack Raboteuse et d\u00e9gauchisseuse Triple Medium TT260 - Tendotools<\/title>\n<meta name=\"description\" content=\"Raboteuse et d\u00e9gauchisseuse puissante et robuste avec moteur \u00e0 induction. Cette machine est disponible avec un moteur de 230V et d\u00e9livre 3CV.\" \/>\n<meta name=\"robots\" content=\"index, follow, max-snippet:-1, max-image-preview:large, max-video-preview:-1\" \/>\n<link rel=\"canonical\" href=\"https:\/\/tendotools.com\/fr\/produit\/promopack-raboteuse-degauchisseuse-triple-medium-tt260\/\" \/>\n<meta property=\"og:locale\" content=\"fr_FR\" \/>\n<meta property=\"og:type\" content=\"article\" \/>\n<meta property=\"og:title\" content=\"Promopack Raboteuse et d\u00e9gauchisseuse Triple Medium TT260 - Tendotools\" \/>\n<meta property=\"og:description\" content=\"Raboteuse et d\u00e9gauchisseuse puissante et robuste avec moteur \u00e0 induction. Cette machine est disponible avec un moteur de 230V et d\u00e9livre 3CV.\" \/>\n<meta property=\"og:url\" content=\"https:\/\/tendotools.com\/fr\/produit\/promopack-raboteuse-degauchisseuse-triple-medium-tt260\/\" \/>\n<meta property=\"og:site_name\" content=\"Tendotools\" \/>\n<meta property=\"article:modified_time\" content=\"2021-06-17T13:16:49+00:00\" \/>\n<meta property=\"og:image\" content=\"https:\/\/tendotools.com\/wp-content\/uploads\/2021\/01\/TripleTT260.jpg\" \/>\n\t<meta property=\"og:image:width\" content=\"800\" \/>\n\t<meta property=\"og:image:height\" content=\"800\" \/>\n\t<meta property=\"og:image:type\" content=\"image\/jpeg\" \/>\n<meta name=\"twitter:card\" content=\"summary_large_image\" \/>\n<script type=\"application\/ld+json\" class=\"yoast-schema-graph\">{\"@context\":\"https:\/\/schema.org\",\"@graph\":[{\"@type\":\"WebPage\",\"@id\":\"https:\/\/tendotools.com\/fr\/produit\/promopack-raboteuse-degauchisseuse-triple-medium-tt260\/\",\"url\":\"https:\/\/tendotools.com\/fr\/produit\/promopack-raboteuse-degauchisseuse-triple-medium-tt260\/\",\"name\":\"Promopack Raboteuse et d\u00e9gauchisseuse Triple Medium TT260 - Tendotools\",\"isPartOf\":{\"@id\":\"https:\/\/tendotools.com\/fr\/#website\"},\"primaryImageOfPage\":{\"@id\":\"https:\/\/tendotools.com\/fr\/produit\/promopack-raboteuse-degauchisseuse-triple-medium-tt260\/#primaryimage\"},\"image\":{\"@id\":\"https:\/\/tendotools.com\/fr\/produit\/promopack-raboteuse-degauchisseuse-triple-medium-tt260\/#primaryimage\"},\"thumbnailUrl\":\"https:\/\/tendotools.com\/wp-content\/uploads\/2021\/01\/TripleTT260.jpg\",\"datePublished\":\"2021-06-17T13:05:08+00:00\",\"dateModified\":\"2021-06-17T13:16:49+00:00\",\"description\":\"Raboteuse et d\u00e9gauchisseuse puissante et robuste avec moteur \u00e0 induction. Cette machine est disponible avec un moteur de 230V et d\u00e9livre 3CV.\",\"breadcrumb\":{\"@id\":\"https:\/\/tendotools.com\/fr\/produit\/promopack-raboteuse-degauchisseuse-triple-medium-tt260\/#breadcrumb\"},\"inLanguage\":\"fr-FR\",\"potentialAction\":[{\"@type\":\"ReadAction\",\"target\":[\"https:\/\/tendotools.com\/fr\/produit\/promopack-raboteuse-degauchisseuse-triple-medium-tt260\/\"]}]},{\"@type\":\"ImageObject\",\"inLanguage\":\"fr-FR\",\"@id\":\"https:\/\/tendotools.com\/fr\/produit\/promopack-raboteuse-degauchisseuse-triple-medium-tt260\/#primaryimage\",\"url\":\"https:\/\/tendotools.com\/wp-content\/uploads\/2021\/01\/TripleTT260.jpg\",\"contentUrl\":\"https:\/\/tendotools.com\/wp-content\/uploads\/2021\/01\/TripleTT260.jpg\",\"width\":800,\"height\":800},{\"@type\":\"BreadcrumbList\",\"@id\":\"https:\/\/tendotools.com\/fr\/produit\/promopack-raboteuse-degauchisseuse-triple-medium-tt260\/#breadcrumb\",\"itemListElement\":[{\"@type\":\"ListItem\",\"position\":1,\"name\":\"Home\",\"item\":\"https:\/\/tendotools.com\/fr\/\"},{\"@type\":\"ListItem\",\"position\":2,\"name\":\"Shop\",\"item\":\"https:\/\/tendotools.com\/fr\/boutique\/\"},{\"@type\":\"ListItem\",\"position\":3,\"name\":\"Promopack Raboteuse et d\u00e9gauchisseuse Triple Medium TT260\"}]},{\"@type\":\"WebSite\",\"@id\":\"https:\/\/tendotools.com\/fr\/#website\",\"url\":\"https:\/\/tendotools.com\/fr\/\",\"name\":\"Tendotools\",\"description\":\"\",\"publisher\":{\"@id\":\"https:\/\/tendotools.com\/fr\/#organization\"},\"potentialAction\":[{\"@type\":\"SearchAction\",\"target\":{\"@type\":\"EntryPoint\",\"urlTemplate\":\"https:\/\/tendotools.com\/fr\/?s={search_term_string}\"},\"query-input\":{\"@type\":\"PropertyValueSpecification\",\"valueRequired\":true,\"valueName\":\"search_term_string\"}}],\"inLanguage\":\"fr-FR\"},{\"@type\":\"Organization\",\"@id\":\"https:\/\/tendotools.com\/fr\/#organization\",\"name\":\"Tendotools\",\"url\":\"https:\/\/tendotools.com\/fr\/\",\"logo\":{\"@type\":\"ImageObject\",\"inLanguage\":\"fr-FR\",\"@id\":\"https:\/\/tendotools.com\/fr\/#\/schema\/logo\/image\/\",\"url\":\"https:\/\/tendotools.com\/wp-content\/uploads\/2019\/09\/logo-wit.png\",\"contentUrl\":\"https:\/\/tendotools.com\/wp-content\/uploads\/2019\/09\/logo-wit.png\",\"width\":350,\"height\":84,\"caption\":\"Tendotools\"},\"image\":{\"@id\":\"https:\/\/tendotools.com\/fr\/#\/schema\/logo\/image\/\"}}]}<\/script>\n<!-- \/ Yoast SEO plugin. -->","yoast_head_json":{"title":"Promopack Raboteuse et d\u00e9gauchisseuse Triple Medium TT260 - Tendotools","description":"Raboteuse et d\u00e9gauchisseuse puissante et robuste avec moteur \u00e0 induction. Cette machine est disponible avec un moteur de 230V et d\u00e9livre 3CV.","robots":{"index":"index","follow":"follow","max-snippet":"max-snippet:-1","max-image-preview":"max-image-preview:large","max-video-preview":"max-video-preview:-1"},"canonical":"https:\/\/tendotools.com\/fr\/produit\/promopack-raboteuse-degauchisseuse-triple-medium-tt260\/","og_locale":"fr_FR","og_type":"article","og_title":"Promopack Raboteuse et d\u00e9gauchisseuse Triple Medium TT260 - Tendotools","og_description":"Raboteuse et d\u00e9gauchisseuse puissante et robuste avec moteur \u00e0 induction. Cette machine est disponible avec un moteur de 230V et d\u00e9livre 3CV.","og_url":"https:\/\/tendotools.com\/fr\/produit\/promopack-raboteuse-degauchisseuse-triple-medium-tt260\/","og_site_name":"Tendotools","article_modified_time":"2021-06-17T13:16:49+00:00","og_image":[{"width":800,"height":800,"url":"https:\/\/tendotools.com\/wp-content\/uploads\/2021\/01\/TripleTT260.jpg","type":"image\/jpeg"}],"twitter_card":"summary_large_image","schema":{"@context":"https:\/\/schema.org","@graph":[{"@type":"WebPage","@id":"https:\/\/tendotools.com\/fr\/produit\/promopack-raboteuse-degauchisseuse-triple-medium-tt260\/","url":"https:\/\/tendotools.com\/fr\/produit\/promopack-raboteuse-degauchisseuse-triple-medium-tt260\/","name":"Promopack Raboteuse et d\u00e9gauchisseuse Triple Medium TT260 - Tendotools","isPartOf":{"@id":"https:\/\/tendotools.com\/fr\/#website"},"primaryImageOfPage":{"@id":"https:\/\/tendotools.com\/fr\/produit\/promopack-raboteuse-degauchisseuse-triple-medium-tt260\/#primaryimage"},"image":{"@id":"https:\/\/tendotools.com\/fr\/produit\/promopack-raboteuse-degauchisseuse-triple-medium-tt260\/#primaryimage"},"thumbnailUrl":"https:\/\/tendotools.com\/wp-content\/uploads\/2021\/01\/TripleTT260.jpg","datePublished":"2021-06-17T13:05:08+00:00","dateModified":"2021-06-17T13:16:49+00:00","description":"Raboteuse et d\u00e9gauchisseuse puissante et robuste avec moteur \u00e0 induction. Cette machine est disponible avec un moteur de 230V et d\u00e9livre 3CV.","breadcrumb":{"@id":"https:\/\/tendotools.com\/fr\/produit\/promopack-raboteuse-degauchisseuse-triple-medium-tt260\/#breadcrumb"},"inLanguage":"fr-FR","potentialAction":[{"@type":"ReadAction","target":["https:\/\/tendotools.com\/fr\/produit\/promopack-raboteuse-degauchisseuse-triple-medium-tt260\/"]}]},{"@type":"ImageObject","inLanguage":"fr-FR","@id":"https:\/\/tendotools.com\/fr\/produit\/promopack-raboteuse-degauchisseuse-triple-medium-tt260\/#primaryimage","url":"https:\/\/tendotools.com\/wp-content\/uploads\/2021\/01\/TripleTT260.jpg","contentUrl":"https:\/\/tendotools.com\/wp-content\/uploads\/2021\/01\/TripleTT260.jpg","width":800,"height":800},{"@type":"BreadcrumbList","@id":"https:\/\/tendotools.com\/fr\/produit\/promopack-raboteuse-degauchisseuse-triple-medium-tt260\/#breadcrumb","itemListElement":[{"@type":"ListItem","position":1,"name":"Home","item":"https:\/\/tendotools.com\/fr\/"},{"@type":"ListItem","position":2,"name":"Shop","item":"https:\/\/tendotools.com\/fr\/boutique\/"},{"@type":"ListItem","position":3,"name":"Promopack Raboteuse et d\u00e9gauchisseuse Triple Medium TT260"}]},{"@type":"WebSite","@id":"https:\/\/tendotools.com\/fr\/#website","url":"https:\/\/tendotools.com\/fr\/","name":"Tendotools","description":"","publisher":{"@id":"https:\/\/tendotools.com\/fr\/#organization"},"potentialAction":[{"@type":"SearchAction","target":{"@type":"EntryPoint","urlTemplate":"https:\/\/tendotools.com\/fr\/?s={search_term_string}"},"query-input":{"@type":"PropertyValueSpecification","valueRequired":true,"valueName":"search_term_string"}}],"inLanguage":"fr-FR"},{"@type":"Organization","@id":"https:\/\/tendotools.com\/fr\/#organization","name":"Tendotools","url":"https:\/\/tendotools.com\/fr\/","logo":{"@type":"ImageObject","inLanguage":"fr-FR","@id":"https:\/\/tendotools.com\/fr\/#\/schema\/logo\/image\/","url":"https:\/\/tendotools.com\/wp-content\/uploads\/2019\/09\/logo-wit.png","contentUrl":"https:\/\/tendotools.com\/wp-content\/uploads\/2019\/09\/logo-wit.png","width":350,"height":84,"caption":"Tendotools"},"image":{"@id":"https:\/\/tendotools.com\/fr\/#\/schema\/logo\/image\/"}}]}},"brands":[{"id":3418,"name":"Air Flux","slug":"air-flux-fr"},{"id":3945,"name":"Comfort Line","slug":"comfort-line-fr"},{"id":3737,"name":"Tendotools","slug":"tendotools-fr"}],"_links":{"self":[{"href":"https:\/\/tendotools.com\/fr\/wp-json\/wp\/v2\/product\/27600","targetHints":{"allow":["GET"]}}],"collection":[{"href":"https:\/\/tendotools.com\/fr\/wp-json\/wp\/v2\/product"}],"about":[{"href":"https:\/\/tendotools.com\/fr\/wp-json\/wp\/v2\/types\/product"}],"replies":[{"embeddable":true,"href":"https:\/\/tendotools.com\/fr\/wp-json\/wp\/v2\/comments?post=27600"}],"wp:featuredmedia":[{"embeddable":true,"href":"https:\/\/tendotools.com\/fr\/wp-json\/wp\/v2\/media\/20825"}],"wp:attachment":[{"href":"https:\/\/tendotools.com\/fr\/wp-json\/wp\/v2\/media?parent=27600"}],"wp:term":[{"taxonomy":"pwb-brand","embeddable":true,"href":"https:\/\/tendotools.com\/fr\/wp-json\/wp\/v2\/pwb-brand?post=27600"},{"taxonomy":"product_brand","embeddable":true,"href":"https:\/\/tendotools.com\/fr\/wp-json\/wp\/v2\/product_brand?post=27600"},{"taxonomy":"product_cat","embeddable":true,"href":"https:\/\/tendotools.com\/fr\/wp-json\/wp\/v2\/product_cat?post=27600"},{"taxonomy":"product_tag","embeddable":true,"href":"https:\/\/tendotools.com\/fr\/wp-json\/wp\/v2\/product_tag?post=27600"}],"curies":[{"name":"wp","href":"https:\/\/api.w.org\/{rel}","templated":true}]}}