{"id":28166,"date":"2021-09-16T13:22:40","date_gmt":"2021-09-16T11:22:40","guid":{"rendered":"https:\/\/tendotools.com\/?post_type=product&#038;p=28166"},"modified":"2021-09-16T13:29:41","modified_gmt":"2021-09-16T11:29:41","slug":"flexhold-tuyau-daspiration-o-63-mm","status":"publish","type":"product","link":"https:\/\/tendotools.com\/fr\/produit\/flexhold-tuyau-daspiration-o-63-mm\/","title":{"rendered":"FlexHold tuyau d&#8217;aspiration \u00d8 63 mm"},"content":{"rendered":"<p>La conception segment\u00e9e unique du tuyau lui permet de s&#8217;\u00e9tendre, de se contracter et de se tordre \u00e0 la forme qui convient le mieux \u00e0 votre espace, puis de maintenir cette position, vous offrant des possibilit\u00e9s presque illimit\u00e9es d&#8217;am\u00e9liorer votre syst\u00e8me de d\u00e9poussi\u00e9rage. Le tuyau d&#8217;extraction a une longueur de 30 \u00e0 90 cm. La capacit\u00e9 de se plier, de se dilater ou de se contracter autour des obstacles pour s&#8217;adapter parfaitement dans un espace donn\u00e9 et conserver sa forme rend le tuyau FlexHold id\u00e9al pour les endroits exigus et les applications d\u00e9licates de d\u00e9poussi\u00e9rage o\u00f9 les tuyaux conventionnels ne fonctionnent tout simplement pas. Vous trouverez d&#8217;innombrables fa\u00e7ons d&#8217;utiliser ce produit intelligent.<\/p>\n","protected":false},"excerpt":{"rendered":"<p>La conception segment\u00e9e unique du tuyau lui permet de s&#8217;\u00e9tendre, de se contracter et de se tordre \u00e0 la forme qui convient le mieux \u00e0 votre espace, puis de maintenir cette position, vous offrant des possibilit\u00e9s presque illimit\u00e9es d&#8217;am\u00e9liorer votre syst\u00e8me de d\u00e9poussi\u00e9rage. Le tuyau d&#8217;extraction a une longueur de 30 \u00e0 90 cm. La capacit\u00e9 de se plier, de se dilater ou de se contracter autour des obstacles pour s&#8217;adapter parfaitement dans un espace donn\u00e9 et conserver sa forme rend le tuyau FlexHold id\u00e9al pour les endroits exigus et les applications d\u00e9licates de d\u00e9poussi\u00e9rage o\u00f9 les tuyaux conventionnels ne fonctionnent tout simplement pas. Vous trouverez d&#8217;innombrables fa\u00e7ons d&#8217;utiliser ce produit intelligent.<\/p>\n","protected":false},"featured_media":28169,"comment_status":"open","ping_status":"closed","template":"","meta":{"_acf_changed":false,"_crsspst_to_pihertendotoolscom":false,"_crsspst_to_piherbe":false,"inline_featured_image":false},"pwb-brand":[3418],"product_brand":[],"product_cat":[420],"product_tag":[],"class_list":{"0":"post-28166","1":"product","2":"type-product","3":"status-publish","4":"has-post-thumbnail","6":"pwb-brand-air-flux-fr","7":"product_cat-accessoires-fr-3","8":"product_shipping_class-regulier-desambiguation","10":"first","11":"instock","12":"taxable","13":"shipping-taxable","14":"purchasable","15":"product-type-simple"},"group_of_quantity":0,"min_quantity":0,"max_quantity":"","exclude_order_quantity_value_rules":"no","exclude_category_quantity_rules":"no","combine_variations":"no","acf":{"composite_product":"","belangrijkste_eigenschappen":"<ul>\n \t<li>Tube FlexHold pouvant \u00eatre moul\u00e9<\/li>\n \t<li>Diam\u00e8tre 63mm<\/li>\n \t<li>Tuyau flexible qui s'\u00e9tend de 30 cm \u00e0 90 cm<\/li>\n<\/ul>","standaard_uitrusting":"Par pi\u00e8ce","downloads":null,"out_of_stock_message":"","video":""},"yoast_head":"<!-- This site is optimized with the Yoast SEO plugin v26.8 - https:\/\/yoast.com\/product\/yoast-seo-wordpress\/ -->\n<title>FlexHold tuyau d&#039;aspiration \u00d8 63 mm - Tendotools<\/title>\n<meta name=\"description\" content=\"La conception segment\u00e9e unique du tuyau lui permet de se dilater, de se contracter et de se tordre, puis de maintenir cette position.\" \/>\n<meta name=\"robots\" content=\"index, follow, max-snippet:-1, max-image-preview:large, max-video-preview:-1\" \/>\n<link rel=\"canonical\" href=\"https:\/\/tendotools.com\/fr\/produit\/flexhold-tuyau-daspiration-o-63-mm\/\" \/>\n<meta property=\"og:locale\" content=\"fr_FR\" \/>\n<meta property=\"og:type\" content=\"article\" \/>\n<meta property=\"og:title\" content=\"FlexHold tuyau d&#039;aspiration \u00d8 63 mm - Tendotools\" \/>\n<meta property=\"og:description\" content=\"La conception segment\u00e9e unique du tuyau lui permet de se dilater, de se contracter et de se tordre, puis de maintenir cette position.\" \/>\n<meta property=\"og:url\" content=\"https:\/\/tendotools.com\/fr\/produit\/flexhold-tuyau-daspiration-o-63-mm\/\" \/>\n<meta property=\"og:site_name\" content=\"Tendotools\" \/>\n<meta property=\"article:modified_time\" content=\"2021-09-16T11:29:41+00:00\" \/>\n<meta property=\"og:image\" content=\"https:\/\/tendotools.com\/wp-content\/uploads\/2021\/09\/3DU0311.jpg\" \/>\n\t<meta property=\"og:image:width\" content=\"800\" \/>\n\t<meta property=\"og:image:height\" content=\"800\" \/>\n\t<meta property=\"og:image:type\" content=\"image\/jpeg\" \/>\n<meta name=\"twitter:card\" content=\"summary_large_image\" \/>\n<meta name=\"twitter:label1\" content=\"Dur\u00e9e de lecture estim\u00e9e\" \/>\n\t<meta name=\"twitter:data1\" content=\"1 minute\" \/>\n<script type=\"application\/ld+json\" class=\"yoast-schema-graph\">{\"@context\":\"https:\/\/schema.org\",\"@graph\":[{\"@type\":\"WebPage\",\"@id\":\"https:\/\/tendotools.com\/fr\/produit\/flexhold-tuyau-daspiration-o-63-mm\/\",\"url\":\"https:\/\/tendotools.com\/fr\/produit\/flexhold-tuyau-daspiration-o-63-mm\/\",\"name\":\"FlexHold tuyau d'aspiration \u00d8 63 mm - Tendotools\",\"isPartOf\":{\"@id\":\"https:\/\/tendotools.com\/fr\/#website\"},\"primaryImageOfPage\":{\"@id\":\"https:\/\/tendotools.com\/fr\/produit\/flexhold-tuyau-daspiration-o-63-mm\/#primaryimage\"},\"image\":{\"@id\":\"https:\/\/tendotools.com\/fr\/produit\/flexhold-tuyau-daspiration-o-63-mm\/#primaryimage\"},\"thumbnailUrl\":\"https:\/\/tendotools.com\/wp-content\/uploads\/2021\/09\/3DU0311.jpg\",\"datePublished\":\"2021-09-16T11:22:40+00:00\",\"dateModified\":\"2021-09-16T11:29:41+00:00\",\"description\":\"La conception segment\u00e9e unique du tuyau lui permet de se dilater, de se contracter et de se tordre, puis de maintenir cette position.\",\"breadcrumb\":{\"@id\":\"https:\/\/tendotools.com\/fr\/produit\/flexhold-tuyau-daspiration-o-63-mm\/#breadcrumb\"},\"inLanguage\":\"fr-FR\",\"potentialAction\":[{\"@type\":\"ReadAction\",\"target\":[\"https:\/\/tendotools.com\/fr\/produit\/flexhold-tuyau-daspiration-o-63-mm\/\"]}]},{\"@type\":\"ImageObject\",\"inLanguage\":\"fr-FR\",\"@id\":\"https:\/\/tendotools.com\/fr\/produit\/flexhold-tuyau-daspiration-o-63-mm\/#primaryimage\",\"url\":\"https:\/\/tendotools.com\/wp-content\/uploads\/2021\/09\/3DU0311.jpg\",\"contentUrl\":\"https:\/\/tendotools.com\/wp-content\/uploads\/2021\/09\/3DU0311.jpg\",\"width\":800,\"height\":800},{\"@type\":\"BreadcrumbList\",\"@id\":\"https:\/\/tendotools.com\/fr\/produit\/flexhold-tuyau-daspiration-o-63-mm\/#breadcrumb\",\"itemListElement\":[{\"@type\":\"ListItem\",\"position\":1,\"name\":\"Home\",\"item\":\"https:\/\/tendotools.com\/fr\/\"},{\"@type\":\"ListItem\",\"position\":2,\"name\":\"Shop\",\"item\":\"https:\/\/tendotools.com\/fr\/boutique\/\"},{\"@type\":\"ListItem\",\"position\":3,\"name\":\"FlexHold tuyau d&#8217;aspiration \u00d8 63 mm\"}]},{\"@type\":\"WebSite\",\"@id\":\"https:\/\/tendotools.com\/fr\/#website\",\"url\":\"https:\/\/tendotools.com\/fr\/\",\"name\":\"Tendotools\",\"description\":\"\",\"publisher\":{\"@id\":\"https:\/\/tendotools.com\/fr\/#organization\"},\"potentialAction\":[{\"@type\":\"SearchAction\",\"target\":{\"@type\":\"EntryPoint\",\"urlTemplate\":\"https:\/\/tendotools.com\/fr\/?s={search_term_string}\"},\"query-input\":{\"@type\":\"PropertyValueSpecification\",\"valueRequired\":true,\"valueName\":\"search_term_string\"}}],\"inLanguage\":\"fr-FR\"},{\"@type\":\"Organization\",\"@id\":\"https:\/\/tendotools.com\/fr\/#organization\",\"name\":\"Tendotools\",\"url\":\"https:\/\/tendotools.com\/fr\/\",\"logo\":{\"@type\":\"ImageObject\",\"inLanguage\":\"fr-FR\",\"@id\":\"https:\/\/tendotools.com\/fr\/#\/schema\/logo\/image\/\",\"url\":\"https:\/\/tendotools.com\/wp-content\/uploads\/2019\/09\/logo-wit.png\",\"contentUrl\":\"https:\/\/tendotools.com\/wp-content\/uploads\/2019\/09\/logo-wit.png\",\"width\":350,\"height\":84,\"caption\":\"Tendotools\"},\"image\":{\"@id\":\"https:\/\/tendotools.com\/fr\/#\/schema\/logo\/image\/\"}}]}<\/script>\n<!-- \/ Yoast SEO plugin. -->","yoast_head_json":{"title":"FlexHold tuyau d'aspiration \u00d8 63 mm - Tendotools","description":"La conception segment\u00e9e unique du tuyau lui permet de se dilater, de se contracter et de se tordre, puis de maintenir cette position.","robots":{"index":"index","follow":"follow","max-snippet":"max-snippet:-1","max-image-preview":"max-image-preview:large","max-video-preview":"max-video-preview:-1"},"canonical":"https:\/\/tendotools.com\/fr\/produit\/flexhold-tuyau-daspiration-o-63-mm\/","og_locale":"fr_FR","og_type":"article","og_title":"FlexHold tuyau d'aspiration \u00d8 63 mm - Tendotools","og_description":"La conception segment\u00e9e unique du tuyau lui permet de se dilater, de se contracter et de se tordre, puis de maintenir cette position.","og_url":"https:\/\/tendotools.com\/fr\/produit\/flexhold-tuyau-daspiration-o-63-mm\/","og_site_name":"Tendotools","article_modified_time":"2021-09-16T11:29:41+00:00","og_image":[{"width":800,"height":800,"url":"https:\/\/tendotools.com\/wp-content\/uploads\/2021\/09\/3DU0311.jpg","type":"image\/jpeg"}],"twitter_card":"summary_large_image","twitter_misc":{"Dur\u00e9e de lecture estim\u00e9e":"1 minute"},"schema":{"@context":"https:\/\/schema.org","@graph":[{"@type":"WebPage","@id":"https:\/\/tendotools.com\/fr\/produit\/flexhold-tuyau-daspiration-o-63-mm\/","url":"https:\/\/tendotools.com\/fr\/produit\/flexhold-tuyau-daspiration-o-63-mm\/","name":"FlexHold tuyau d'aspiration \u00d8 63 mm - Tendotools","isPartOf":{"@id":"https:\/\/tendotools.com\/fr\/#website"},"primaryImageOfPage":{"@id":"https:\/\/tendotools.com\/fr\/produit\/flexhold-tuyau-daspiration-o-63-mm\/#primaryimage"},"image":{"@id":"https:\/\/tendotools.com\/fr\/produit\/flexhold-tuyau-daspiration-o-63-mm\/#primaryimage"},"thumbnailUrl":"https:\/\/tendotools.com\/wp-content\/uploads\/2021\/09\/3DU0311.jpg","datePublished":"2021-09-16T11:22:40+00:00","dateModified":"2021-09-16T11:29:41+00:00","description":"La conception segment\u00e9e unique du tuyau lui permet de se dilater, de se contracter et de se tordre, puis de maintenir cette position.","breadcrumb":{"@id":"https:\/\/tendotools.com\/fr\/produit\/flexhold-tuyau-daspiration-o-63-mm\/#breadcrumb"},"inLanguage":"fr-FR","potentialAction":[{"@type":"ReadAction","target":["https:\/\/tendotools.com\/fr\/produit\/flexhold-tuyau-daspiration-o-63-mm\/"]}]},{"@type":"ImageObject","inLanguage":"fr-FR","@id":"https:\/\/tendotools.com\/fr\/produit\/flexhold-tuyau-daspiration-o-63-mm\/#primaryimage","url":"https:\/\/tendotools.com\/wp-content\/uploads\/2021\/09\/3DU0311.jpg","contentUrl":"https:\/\/tendotools.com\/wp-content\/uploads\/2021\/09\/3DU0311.jpg","width":800,"height":800},{"@type":"BreadcrumbList","@id":"https:\/\/tendotools.com\/fr\/produit\/flexhold-tuyau-daspiration-o-63-mm\/#breadcrumb","itemListElement":[{"@type":"ListItem","position":1,"name":"Home","item":"https:\/\/tendotools.com\/fr\/"},{"@type":"ListItem","position":2,"name":"Shop","item":"https:\/\/tendotools.com\/fr\/boutique\/"},{"@type":"ListItem","position":3,"name":"FlexHold tuyau d&#8217;aspiration \u00d8 63 mm"}]},{"@type":"WebSite","@id":"https:\/\/tendotools.com\/fr\/#website","url":"https:\/\/tendotools.com\/fr\/","name":"Tendotools","description":"","publisher":{"@id":"https:\/\/tendotools.com\/fr\/#organization"},"potentialAction":[{"@type":"SearchAction","target":{"@type":"EntryPoint","urlTemplate":"https:\/\/tendotools.com\/fr\/?s={search_term_string}"},"query-input":{"@type":"PropertyValueSpecification","valueRequired":true,"valueName":"search_term_string"}}],"inLanguage":"fr-FR"},{"@type":"Organization","@id":"https:\/\/tendotools.com\/fr\/#organization","name":"Tendotools","url":"https:\/\/tendotools.com\/fr\/","logo":{"@type":"ImageObject","inLanguage":"fr-FR","@id":"https:\/\/tendotools.com\/fr\/#\/schema\/logo\/image\/","url":"https:\/\/tendotools.com\/wp-content\/uploads\/2019\/09\/logo-wit.png","contentUrl":"https:\/\/tendotools.com\/wp-content\/uploads\/2019\/09\/logo-wit.png","width":350,"height":84,"caption":"Tendotools"},"image":{"@id":"https:\/\/tendotools.com\/fr\/#\/schema\/logo\/image\/"}}]}},"brands":[{"id":3418,"name":"Air Flux","slug":"air-flux-fr"}],"_links":{"self":[{"href":"https:\/\/tendotools.com\/fr\/wp-json\/wp\/v2\/product\/28166","targetHints":{"allow":["GET"]}}],"collection":[{"href":"https:\/\/tendotools.com\/fr\/wp-json\/wp\/v2\/product"}],"about":[{"href":"https:\/\/tendotools.com\/fr\/wp-json\/wp\/v2\/types\/product"}],"replies":[{"embeddable":true,"href":"https:\/\/tendotools.com\/fr\/wp-json\/wp\/v2\/comments?post=28166"}],"wp:featuredmedia":[{"embeddable":true,"href":"https:\/\/tendotools.com\/fr\/wp-json\/wp\/v2\/media\/28169"}],"wp:attachment":[{"href":"https:\/\/tendotools.com\/fr\/wp-json\/wp\/v2\/media?parent=28166"}],"wp:term":[{"taxonomy":"pwb-brand","embeddable":true,"href":"https:\/\/tendotools.com\/fr\/wp-json\/wp\/v2\/pwb-brand?post=28166"},{"taxonomy":"product_brand","embeddable":true,"href":"https:\/\/tendotools.com\/fr\/wp-json\/wp\/v2\/product_brand?post=28166"},{"taxonomy":"product_cat","embeddable":true,"href":"https:\/\/tendotools.com\/fr\/wp-json\/wp\/v2\/product_cat?post=28166"},{"taxonomy":"product_tag","embeddable":true,"href":"https:\/\/tendotools.com\/fr\/wp-json\/wp\/v2\/product_tag?post=28166"}],"curies":[{"name":"wp","href":"https:\/\/api.w.org\/{rel}","templated":true}]}}