{"id":3004,"date":"2020-04-21T08:51:04","date_gmt":"2020-04-21T06:51:04","guid":{"rendered":"https:\/\/tendotools.com\/?post_type=product&#038;p=3004"},"modified":"2020-04-21T14:12:47","modified_gmt":"2020-04-21T12:12:47","slug":"piher-multiprop-telescopic-support-jusqua-170cm","status":"publish","type":"product","link":"https:\/\/tendotools.com\/fr\/produit\/piher-multiprop-telescopic-support-jusqua-170cm\/","title":{"rendered":"PIHER \u2013 Multiprop P2 support t\u00e9lescopique jusqu\u2019\u00e0 170cm"},"content":{"rendered":"<p>Les supports extensibles Multiprop de Piher sont les meilleurs du march\u00e9.<br \/>\nIls sont dot\u00e9s de pieds antid\u00e9rapants inclinables qui s&#8217;adaptent \u00e0 tous les angles.<br \/>\nLe syst\u00e8me de freinage brevet\u00e9 assure une extension rapide et un freinage imm\u00e9diat.<br \/>\nLes nombreux accessoires en option les rendent super polyvalents \u00e0 utiliser.<\/p>\n<p>Pression r\u00e9glable jusqu&#8217;\u00e0 <strong>300 kg<\/strong> en utilisant des filetages trap\u00e9zo\u00efdaux.<\/p>\n","protected":false},"excerpt":{"rendered":"<p>Les supports t\u00e9lescopiques Multiprop de Piher sont les meilleurs du march\u00e9.<br \/>\nPression r\u00e9glable <strong>jusqu&#8217;\u00e0 300 kg.<br \/>\n<\/strong><\/p>\n<p>Extensible de 95 \u00e0 170 cm.<\/p>\n","protected":false},"featured_media":2910,"comment_status":"open","ping_status":"closed","template":"","meta":{"_acf_changed":false,"_crsspst_to_pihertendotoolscom":false,"_crsspst_to_piherbe":false,"inline_featured_image":false},"pwb-brand":[3412],"product_brand":[],"product_cat":[441],"product_tag":[],"class_list":{"0":"post-3004","1":"product","2":"type-product","3":"status-publish","4":"has-post-thumbnail","6":"pwb-brand-piher-fr","7":"product_cat-presse-extensible","8":"product_shipping_class-regulier-desambiguation","10":"first","11":"instock","12":"taxable","13":"shipping-taxable","14":"purchasable","15":"product-type-simple"},"group_of_quantity":0,"min_quantity":0,"max_quantity":"","exclude_order_quantity_value_rules":"no","exclude_category_quantity_rules":"no","combine_variations":"no","acf":{"composite_product":null,"belangrijkste_eigenschappen":"<ul>\n \t<li>Support t\u00e9lescopique<\/li>\n \t<li>Pression r\u00e9glable jusqu'\u00e0 300 kg<\/li>\n \t<li>Facile \u00e0 utiliser<\/li>\n \t<li>Pieds antid\u00e9rapants inclinables \u00e0 n'importe quel angle<\/li>\n \t<li>Tubes en acier de 1 mm d'\u00e9paisseur<\/li>\n \t<li>Poign\u00e9e renforc\u00e9e en fibre de verre nylon<\/li>\n \t<li>Syst\u00e8me brevet\u00e9<\/li>\n \t<li>Enti\u00e8rement r\u00e9sistant aux intemp\u00e9ries<\/li>\n \t<li>M\u00e9canisme \u00e0 ressort pour verrouillage rapide<\/li>\n<\/ul>","standaard_uitrusting":"Par piece, y compris les pieds antid\u00e9rapants","downloads":null,"out_of_stock_message":"","video":"https:\/\/www.youtube.com\/watch?v=mYvVMG7C1jg"},"yoast_head":"<!-- This site is optimized with the Yoast SEO plugin v26.8 - https:\/\/yoast.com\/product\/yoast-seo-wordpress\/ -->\n<title>PIHER \u2013 Multiprop P2 support t\u00e9lescopique jusqu\u2019\u00e0 170cm - Tendotools<\/title>\n<meta name=\"description\" content=\"Les meilleurs supports t\u00e9lescopiques du march\u00e9 avec une capacit\u00e9 de charge jusqu&#039;\u00e0 300 kg. Disponible en diff\u00e9rentes tailles avec de nombreux accessoires uniques.\" \/>\n<meta name=\"robots\" content=\"index, follow, max-snippet:-1, max-image-preview:large, max-video-preview:-1\" \/>\n<link rel=\"canonical\" href=\"https:\/\/tendotools.com\/fr\/produit\/piher-multiprop-telescopic-support-jusqua-170cm\/\" \/>\n<meta property=\"og:locale\" content=\"fr_FR\" \/>\n<meta property=\"og:type\" content=\"article\" \/>\n<meta property=\"og:title\" content=\"PIHER \u2013 Multiprop P2 support t\u00e9lescopique jusqu\u2019\u00e0 170cm - Tendotools\" \/>\n<meta property=\"og:description\" content=\"Les meilleurs supports t\u00e9lescopiques du march\u00e9 avec une capacit\u00e9 de charge jusqu&#039;\u00e0 300 kg. Disponible en diff\u00e9rentes tailles avec de nombreux accessoires uniques.\" \/>\n<meta property=\"og:url\" content=\"https:\/\/tendotools.com\/fr\/produit\/piher-multiprop-telescopic-support-jusqua-170cm\/\" \/>\n<meta property=\"og:site_name\" content=\"Tendotools\" \/>\n<meta property=\"article:modified_time\" content=\"2020-04-21T12:12:47+00:00\" \/>\n<meta property=\"og:image\" content=\"https:\/\/tendotools.com\/wp-content\/uploads\/2020\/04\/34-34-Multiprop-Puntal-Piher-01.jpg\" \/>\n\t<meta property=\"og:image:width\" content=\"800\" \/>\n\t<meta property=\"og:image:height\" content=\"800\" \/>\n\t<meta property=\"og:image:type\" content=\"image\/jpeg\" \/>\n<meta name=\"twitter:card\" content=\"summary_large_image\" \/>\n<script type=\"application\/ld+json\" class=\"yoast-schema-graph\">{\"@context\":\"https:\/\/schema.org\",\"@graph\":[{\"@type\":\"WebPage\",\"@id\":\"https:\/\/tendotools.com\/fr\/produit\/piher-multiprop-telescopic-support-jusqua-170cm\/\",\"url\":\"https:\/\/tendotools.com\/fr\/produit\/piher-multiprop-telescopic-support-jusqua-170cm\/\",\"name\":\"PIHER \u2013 Multiprop P2 support t\u00e9lescopique jusqu\u2019\u00e0 170cm - Tendotools\",\"isPartOf\":{\"@id\":\"https:\/\/tendotools.com\/fr\/#website\"},\"primaryImageOfPage\":{\"@id\":\"https:\/\/tendotools.com\/fr\/produit\/piher-multiprop-telescopic-support-jusqua-170cm\/#primaryimage\"},\"image\":{\"@id\":\"https:\/\/tendotools.com\/fr\/produit\/piher-multiprop-telescopic-support-jusqua-170cm\/#primaryimage\"},\"thumbnailUrl\":\"https:\/\/tendotools.com\/wp-content\/uploads\/2020\/04\/34-34-Multiprop-Puntal-Piher-01.jpg\",\"datePublished\":\"2020-04-21T06:51:04+00:00\",\"dateModified\":\"2020-04-21T12:12:47+00:00\",\"description\":\"Les meilleurs supports t\u00e9lescopiques du march\u00e9 avec une capacit\u00e9 de charge jusqu'\u00e0 300 kg. Disponible en diff\u00e9rentes tailles avec de nombreux accessoires uniques.\",\"breadcrumb\":{\"@id\":\"https:\/\/tendotools.com\/fr\/produit\/piher-multiprop-telescopic-support-jusqua-170cm\/#breadcrumb\"},\"inLanguage\":\"fr-FR\",\"potentialAction\":[{\"@type\":\"ReadAction\",\"target\":[\"https:\/\/tendotools.com\/fr\/produit\/piher-multiprop-telescopic-support-jusqua-170cm\/\"]}]},{\"@type\":\"ImageObject\",\"inLanguage\":\"fr-FR\",\"@id\":\"https:\/\/tendotools.com\/fr\/produit\/piher-multiprop-telescopic-support-jusqua-170cm\/#primaryimage\",\"url\":\"https:\/\/tendotools.com\/wp-content\/uploads\/2020\/04\/34-34-Multiprop-Puntal-Piher-01.jpg\",\"contentUrl\":\"https:\/\/tendotools.com\/wp-content\/uploads\/2020\/04\/34-34-Multiprop-Puntal-Piher-01.jpg\",\"width\":800,\"height\":800,\"caption\":\"Support t\u00e9lescopique Piher\"},{\"@type\":\"BreadcrumbList\",\"@id\":\"https:\/\/tendotools.com\/fr\/produit\/piher-multiprop-telescopic-support-jusqua-170cm\/#breadcrumb\",\"itemListElement\":[{\"@type\":\"ListItem\",\"position\":1,\"name\":\"Home\",\"item\":\"https:\/\/tendotools.com\/fr\/\"},{\"@type\":\"ListItem\",\"position\":2,\"name\":\"Shop\",\"item\":\"https:\/\/tendotools.com\/fr\/boutique\/\"},{\"@type\":\"ListItem\",\"position\":3,\"name\":\"PIHER \u2013 Multiprop P2 support t\u00e9lescopique jusqu\u2019\u00e0 170cm\"}]},{\"@type\":\"WebSite\",\"@id\":\"https:\/\/tendotools.com\/fr\/#website\",\"url\":\"https:\/\/tendotools.com\/fr\/\",\"name\":\"Tendotools\",\"description\":\"\",\"publisher\":{\"@id\":\"https:\/\/tendotools.com\/fr\/#organization\"},\"potentialAction\":[{\"@type\":\"SearchAction\",\"target\":{\"@type\":\"EntryPoint\",\"urlTemplate\":\"https:\/\/tendotools.com\/fr\/?s={search_term_string}\"},\"query-input\":{\"@type\":\"PropertyValueSpecification\",\"valueRequired\":true,\"valueName\":\"search_term_string\"}}],\"inLanguage\":\"fr-FR\"},{\"@type\":\"Organization\",\"@id\":\"https:\/\/tendotools.com\/fr\/#organization\",\"name\":\"Tendotools\",\"url\":\"https:\/\/tendotools.com\/fr\/\",\"logo\":{\"@type\":\"ImageObject\",\"inLanguage\":\"fr-FR\",\"@id\":\"https:\/\/tendotools.com\/fr\/#\/schema\/logo\/image\/\",\"url\":\"https:\/\/tendotools.com\/wp-content\/uploads\/2019\/09\/logo-wit.png\",\"contentUrl\":\"https:\/\/tendotools.com\/wp-content\/uploads\/2019\/09\/logo-wit.png\",\"width\":350,\"height\":84,\"caption\":\"Tendotools\"},\"image\":{\"@id\":\"https:\/\/tendotools.com\/fr\/#\/schema\/logo\/image\/\"}}]}<\/script>\n<!-- \/ Yoast SEO plugin. -->","yoast_head_json":{"title":"PIHER \u2013 Multiprop P2 support t\u00e9lescopique jusqu\u2019\u00e0 170cm - Tendotools","description":"Les meilleurs supports t\u00e9lescopiques du march\u00e9 avec une capacit\u00e9 de charge jusqu'\u00e0 300 kg. Disponible en diff\u00e9rentes tailles avec de nombreux accessoires uniques.","robots":{"index":"index","follow":"follow","max-snippet":"max-snippet:-1","max-image-preview":"max-image-preview:large","max-video-preview":"max-video-preview:-1"},"canonical":"https:\/\/tendotools.com\/fr\/produit\/piher-multiprop-telescopic-support-jusqua-170cm\/","og_locale":"fr_FR","og_type":"article","og_title":"PIHER \u2013 Multiprop P2 support t\u00e9lescopique jusqu\u2019\u00e0 170cm - Tendotools","og_description":"Les meilleurs supports t\u00e9lescopiques du march\u00e9 avec une capacit\u00e9 de charge jusqu'\u00e0 300 kg. Disponible en diff\u00e9rentes tailles avec de nombreux accessoires uniques.","og_url":"https:\/\/tendotools.com\/fr\/produit\/piher-multiprop-telescopic-support-jusqua-170cm\/","og_site_name":"Tendotools","article_modified_time":"2020-04-21T12:12:47+00:00","og_image":[{"width":800,"height":800,"url":"https:\/\/tendotools.com\/wp-content\/uploads\/2020\/04\/34-34-Multiprop-Puntal-Piher-01.jpg","type":"image\/jpeg"}],"twitter_card":"summary_large_image","schema":{"@context":"https:\/\/schema.org","@graph":[{"@type":"WebPage","@id":"https:\/\/tendotools.com\/fr\/produit\/piher-multiprop-telescopic-support-jusqua-170cm\/","url":"https:\/\/tendotools.com\/fr\/produit\/piher-multiprop-telescopic-support-jusqua-170cm\/","name":"PIHER \u2013 Multiprop P2 support t\u00e9lescopique jusqu\u2019\u00e0 170cm - Tendotools","isPartOf":{"@id":"https:\/\/tendotools.com\/fr\/#website"},"primaryImageOfPage":{"@id":"https:\/\/tendotools.com\/fr\/produit\/piher-multiprop-telescopic-support-jusqua-170cm\/#primaryimage"},"image":{"@id":"https:\/\/tendotools.com\/fr\/produit\/piher-multiprop-telescopic-support-jusqua-170cm\/#primaryimage"},"thumbnailUrl":"https:\/\/tendotools.com\/wp-content\/uploads\/2020\/04\/34-34-Multiprop-Puntal-Piher-01.jpg","datePublished":"2020-04-21T06:51:04+00:00","dateModified":"2020-04-21T12:12:47+00:00","description":"Les meilleurs supports t\u00e9lescopiques du march\u00e9 avec une capacit\u00e9 de charge jusqu'\u00e0 300 kg. Disponible en diff\u00e9rentes tailles avec de nombreux accessoires uniques.","breadcrumb":{"@id":"https:\/\/tendotools.com\/fr\/produit\/piher-multiprop-telescopic-support-jusqua-170cm\/#breadcrumb"},"inLanguage":"fr-FR","potentialAction":[{"@type":"ReadAction","target":["https:\/\/tendotools.com\/fr\/produit\/piher-multiprop-telescopic-support-jusqua-170cm\/"]}]},{"@type":"ImageObject","inLanguage":"fr-FR","@id":"https:\/\/tendotools.com\/fr\/produit\/piher-multiprop-telescopic-support-jusqua-170cm\/#primaryimage","url":"https:\/\/tendotools.com\/wp-content\/uploads\/2020\/04\/34-34-Multiprop-Puntal-Piher-01.jpg","contentUrl":"https:\/\/tendotools.com\/wp-content\/uploads\/2020\/04\/34-34-Multiprop-Puntal-Piher-01.jpg","width":800,"height":800,"caption":"Support t\u00e9lescopique Piher"},{"@type":"BreadcrumbList","@id":"https:\/\/tendotools.com\/fr\/produit\/piher-multiprop-telescopic-support-jusqua-170cm\/#breadcrumb","itemListElement":[{"@type":"ListItem","position":1,"name":"Home","item":"https:\/\/tendotools.com\/fr\/"},{"@type":"ListItem","position":2,"name":"Shop","item":"https:\/\/tendotools.com\/fr\/boutique\/"},{"@type":"ListItem","position":3,"name":"PIHER \u2013 Multiprop P2 support t\u00e9lescopique jusqu\u2019\u00e0 170cm"}]},{"@type":"WebSite","@id":"https:\/\/tendotools.com\/fr\/#website","url":"https:\/\/tendotools.com\/fr\/","name":"Tendotools","description":"","publisher":{"@id":"https:\/\/tendotools.com\/fr\/#organization"},"potentialAction":[{"@type":"SearchAction","target":{"@type":"EntryPoint","urlTemplate":"https:\/\/tendotools.com\/fr\/?s={search_term_string}"},"query-input":{"@type":"PropertyValueSpecification","valueRequired":true,"valueName":"search_term_string"}}],"inLanguage":"fr-FR"},{"@type":"Organization","@id":"https:\/\/tendotools.com\/fr\/#organization","name":"Tendotools","url":"https:\/\/tendotools.com\/fr\/","logo":{"@type":"ImageObject","inLanguage":"fr-FR","@id":"https:\/\/tendotools.com\/fr\/#\/schema\/logo\/image\/","url":"https:\/\/tendotools.com\/wp-content\/uploads\/2019\/09\/logo-wit.png","contentUrl":"https:\/\/tendotools.com\/wp-content\/uploads\/2019\/09\/logo-wit.png","width":350,"height":84,"caption":"Tendotools"},"image":{"@id":"https:\/\/tendotools.com\/fr\/#\/schema\/logo\/image\/"}}]}},"brands":[{"id":3412,"name":"Piher","slug":"piher-fr"}],"_links":{"self":[{"href":"https:\/\/tendotools.com\/fr\/wp-json\/wp\/v2\/product\/3004","targetHints":{"allow":["GET"]}}],"collection":[{"href":"https:\/\/tendotools.com\/fr\/wp-json\/wp\/v2\/product"}],"about":[{"href":"https:\/\/tendotools.com\/fr\/wp-json\/wp\/v2\/types\/product"}],"replies":[{"embeddable":true,"href":"https:\/\/tendotools.com\/fr\/wp-json\/wp\/v2\/comments?post=3004"}],"wp:featuredmedia":[{"embeddable":true,"href":"https:\/\/tendotools.com\/fr\/wp-json\/wp\/v2\/media\/2910"}],"wp:attachment":[{"href":"https:\/\/tendotools.com\/fr\/wp-json\/wp\/v2\/media?parent=3004"}],"wp:term":[{"taxonomy":"pwb-brand","embeddable":true,"href":"https:\/\/tendotools.com\/fr\/wp-json\/wp\/v2\/pwb-brand?post=3004"},{"taxonomy":"product_brand","embeddable":true,"href":"https:\/\/tendotools.com\/fr\/wp-json\/wp\/v2\/product_brand?post=3004"},{"taxonomy":"product_cat","embeddable":true,"href":"https:\/\/tendotools.com\/fr\/wp-json\/wp\/v2\/product_cat?post=3004"},{"taxonomy":"product_tag","embeddable":true,"href":"https:\/\/tendotools.com\/fr\/wp-json\/wp\/v2\/product_tag?post=3004"}],"curies":[{"name":"wp","href":"https:\/\/api.w.org\/{rel}","templated":true}]}}