{"id":37490,"date":"2022-06-10T10:50:44","date_gmt":"2022-06-10T08:50:44","guid":{"rendered":"https:\/\/tendotools.com\/product\/entretoise-kreg-pour-les-gabarits-de-percage\/"},"modified":"2022-06-13T13:03:32","modified_gmt":"2022-06-13T11:03:32","slug":"kreg-entretoise-pour-gabarits-de-percage","status":"publish","type":"product","link":"https:\/\/tendotools.com\/fr\/produit\/kreg-entretoise-pour-gabarits-de-percage\/","title":{"rendered":"Entretoise Kreg pour gabarits de per\u00e7age (s\u00e9rie 300)"},"content":{"rendered":"<p>Faites-en plus avec votre gabarit pour trous de poche 320 en ajoutant plus d&#8217;options pour l&#8217;espacement des trous. Ce kit comprend deux entretoises pour gabarits de per\u00e7age qui s&#8217;ins\u00e8rent entre les guides de per\u00e7age, de sorte que vous pouvez facilement augmenter la distance entre les trous par incr\u00e9ments de 19 mm, en fonction de ce dont vous avez besoin pour votre projet. Placez les entretoises \u00e0 c\u00f4t\u00e9 des guides de per\u00e7age ou \u00e0 c\u00f4t\u00e9 d&#8217;une autre entretoise et serrez-les simplement.<\/p>\n","protected":false},"excerpt":{"rendered":"<p>Faites-en plus avec votre gabarit pour trous de poche 320 en ajoutant plus d&#8217;options pour l&#8217;espacement des trous. Ce kit comprend deux entretoises pour gabarits de per\u00e7age qui s&#8217;ins\u00e8rent entre les guides de per\u00e7age, de sorte que vous pouvez facilement augmenter la distance entre les trous par incr\u00e9ments de 19 mm, en fonction de ce dont vous avez besoin pour votre projet. Placez les entretoises \u00e0 c\u00f4t\u00e9 des guides de per\u00e7age ou \u00e0 c\u00f4t\u00e9 d&#8217;une autre entretoise et serrez-les simplement.<\/p>\n","protected":false},"featured_media":37493,"comment_status":"open","ping_status":"closed","template":"","meta":{"_acf_changed":false,"_crsspst_to_pihertendotoolscom":false,"_crsspst_to_piherbe":false,"inline_featured_image":false},"pwb-brand":[4635],"product_brand":[],"product_cat":[4667,4661],"product_tag":[4818,4831],"class_list":{"0":"post-37490","1":"product","2":"type-product","3":"status-publish","4":"has-post-thumbnail","6":"pwb-brand-kreg-fr","7":"product_cat-kreg-pocket-hole-gabarits","8":"product_cat-kreg-pocket-hole-jigs","9":"product_tag-gabarit-de-percage","10":"product_tag-piece-jointe","11":"product_shipping_class-regulier-desambiguation","13":"first","14":"instock","15":"taxable","16":"shipping-taxable","17":"purchasable","18":"product-type-simple"},"group_of_quantity":0,"min_quantity":0,"max_quantity":"","exclude_order_quantity_value_rules":"no","exclude_category_quantity_rules":"no","combine_variations":"no","acf":{"composite_product":null,"belangrijkste_eigenschappen":"Par pi\u00e8ce","standaard_uitrusting":"2 entretoises\nPar pi\u00e8ce","downloads":null,"out_of_stock_message":"","video":""},"yoast_head":"<!-- This site is optimized with the Yoast SEO plugin v26.8 - https:\/\/yoast.com\/product\/yoast-seo-wordpress\/ -->\n<title>Entretoise Kreg pour gabarits de per\u00e7age (s\u00e9rie 300) - Tendotools<\/title>\n<meta name=\"description\" content=\"Jeu de rallonges pour votre gabarit pour trous de poche 320. Gr\u00e2ce \u00e0 elle, vous pouvez facilement agrandir les trous de 19 mm.\" \/>\n<meta name=\"robots\" content=\"index, follow, max-snippet:-1, max-image-preview:large, max-video-preview:-1\" \/>\n<link rel=\"canonical\" href=\"https:\/\/tendotools.com\/fr\/produit\/kreg-entretoise-pour-gabarits-de-percage\/\" \/>\n<meta property=\"og:locale\" content=\"fr_FR\" \/>\n<meta property=\"og:type\" content=\"article\" \/>\n<meta property=\"og:title\" content=\"Entretoise Kreg pour gabarits de per\u00e7age (s\u00e9rie 300) - Tendotools\" \/>\n<meta property=\"og:description\" content=\"Jeu de rallonges pour votre gabarit pour trous de poche 320. Gr\u00e2ce \u00e0 elle, vous pouvez facilement agrandir les trous de 19 mm.\" \/>\n<meta property=\"og:url\" content=\"https:\/\/tendotools.com\/fr\/produit\/kreg-entretoise-pour-gabarits-de-percage\/\" \/>\n<meta property=\"og:site_name\" content=\"Tendotools\" \/>\n<meta property=\"article:modified_time\" content=\"2022-06-13T11:03:32+00:00\" \/>\n<meta property=\"og:image\" content=\"https:\/\/tendotools.com\/wp-content\/uploads\/2022\/06\/KPHA150_1.jpg\" \/>\n\t<meta property=\"og:image:width\" content=\"800\" \/>\n\t<meta property=\"og:image:height\" content=\"800\" \/>\n\t<meta property=\"og:image:type\" content=\"image\/jpeg\" \/>\n<meta name=\"twitter:card\" content=\"summary_large_image\" \/>\n<script type=\"application\/ld+json\" class=\"yoast-schema-graph\">{\"@context\":\"https:\/\/schema.org\",\"@graph\":[{\"@type\":\"WebPage\",\"@id\":\"https:\/\/tendotools.com\/fr\/produit\/kreg-entretoise-pour-gabarits-de-percage\/\",\"url\":\"https:\/\/tendotools.com\/fr\/produit\/kreg-entretoise-pour-gabarits-de-percage\/\",\"name\":\"Entretoise Kreg pour gabarits de per\u00e7age (s\u00e9rie 300) - Tendotools\",\"isPartOf\":{\"@id\":\"https:\/\/tendotools.com\/fr\/#website\"},\"primaryImageOfPage\":{\"@id\":\"https:\/\/tendotools.com\/fr\/produit\/kreg-entretoise-pour-gabarits-de-percage\/#primaryimage\"},\"image\":{\"@id\":\"https:\/\/tendotools.com\/fr\/produit\/kreg-entretoise-pour-gabarits-de-percage\/#primaryimage\"},\"thumbnailUrl\":\"https:\/\/tendotools.com\/wp-content\/uploads\/2022\/06\/KPHA150_1.jpg\",\"datePublished\":\"2022-06-10T08:50:44+00:00\",\"dateModified\":\"2022-06-13T11:03:32+00:00\",\"description\":\"Jeu de rallonges pour votre gabarit pour trous de poche 320. Gr\u00e2ce \u00e0 elle, vous pouvez facilement agrandir les trous de 19 mm.\",\"breadcrumb\":{\"@id\":\"https:\/\/tendotools.com\/fr\/produit\/kreg-entretoise-pour-gabarits-de-percage\/#breadcrumb\"},\"inLanguage\":\"fr-FR\",\"potentialAction\":[{\"@type\":\"ReadAction\",\"target\":[\"https:\/\/tendotools.com\/fr\/produit\/kreg-entretoise-pour-gabarits-de-percage\/\"]}]},{\"@type\":\"ImageObject\",\"inLanguage\":\"fr-FR\",\"@id\":\"https:\/\/tendotools.com\/fr\/produit\/kreg-entretoise-pour-gabarits-de-percage\/#primaryimage\",\"url\":\"https:\/\/tendotools.com\/wp-content\/uploads\/2022\/06\/KPHA150_1.jpg\",\"contentUrl\":\"https:\/\/tendotools.com\/wp-content\/uploads\/2022\/06\/KPHA150_1.jpg\",\"width\":800,\"height\":800},{\"@type\":\"BreadcrumbList\",\"@id\":\"https:\/\/tendotools.com\/fr\/produit\/kreg-entretoise-pour-gabarits-de-percage\/#breadcrumb\",\"itemListElement\":[{\"@type\":\"ListItem\",\"position\":1,\"name\":\"Home\",\"item\":\"https:\/\/tendotools.com\/fr\/\"},{\"@type\":\"ListItem\",\"position\":2,\"name\":\"Shop\",\"item\":\"https:\/\/tendotools.com\/fr\/boutique\/\"},{\"@type\":\"ListItem\",\"position\":3,\"name\":\"Entretoise Kreg pour gabarits de per\u00e7age (s\u00e9rie 300)\"}]},{\"@type\":\"WebSite\",\"@id\":\"https:\/\/tendotools.com\/fr\/#website\",\"url\":\"https:\/\/tendotools.com\/fr\/\",\"name\":\"Tendotools\",\"description\":\"\",\"publisher\":{\"@id\":\"https:\/\/tendotools.com\/fr\/#organization\"},\"potentialAction\":[{\"@type\":\"SearchAction\",\"target\":{\"@type\":\"EntryPoint\",\"urlTemplate\":\"https:\/\/tendotools.com\/fr\/?s={search_term_string}\"},\"query-input\":{\"@type\":\"PropertyValueSpecification\",\"valueRequired\":true,\"valueName\":\"search_term_string\"}}],\"inLanguage\":\"fr-FR\"},{\"@type\":\"Organization\",\"@id\":\"https:\/\/tendotools.com\/fr\/#organization\",\"name\":\"Tendotools\",\"url\":\"https:\/\/tendotools.com\/fr\/\",\"logo\":{\"@type\":\"ImageObject\",\"inLanguage\":\"fr-FR\",\"@id\":\"https:\/\/tendotools.com\/fr\/#\/schema\/logo\/image\/\",\"url\":\"https:\/\/tendotools.com\/wp-content\/uploads\/2019\/09\/logo-wit.png\",\"contentUrl\":\"https:\/\/tendotools.com\/wp-content\/uploads\/2019\/09\/logo-wit.png\",\"width\":350,\"height\":84,\"caption\":\"Tendotools\"},\"image\":{\"@id\":\"https:\/\/tendotools.com\/fr\/#\/schema\/logo\/image\/\"}}]}<\/script>\n<!-- \/ Yoast SEO plugin. -->","yoast_head_json":{"title":"Entretoise Kreg pour gabarits de per\u00e7age (s\u00e9rie 300) - Tendotools","description":"Jeu de rallonges pour votre gabarit pour trous de poche 320. Gr\u00e2ce \u00e0 elle, vous pouvez facilement agrandir les trous de 19 mm.","robots":{"index":"index","follow":"follow","max-snippet":"max-snippet:-1","max-image-preview":"max-image-preview:large","max-video-preview":"max-video-preview:-1"},"canonical":"https:\/\/tendotools.com\/fr\/produit\/kreg-entretoise-pour-gabarits-de-percage\/","og_locale":"fr_FR","og_type":"article","og_title":"Entretoise Kreg pour gabarits de per\u00e7age (s\u00e9rie 300) - Tendotools","og_description":"Jeu de rallonges pour votre gabarit pour trous de poche 320. Gr\u00e2ce \u00e0 elle, vous pouvez facilement agrandir les trous de 19 mm.","og_url":"https:\/\/tendotools.com\/fr\/produit\/kreg-entretoise-pour-gabarits-de-percage\/","og_site_name":"Tendotools","article_modified_time":"2022-06-13T11:03:32+00:00","og_image":[{"width":800,"height":800,"url":"https:\/\/tendotools.com\/wp-content\/uploads\/2022\/06\/KPHA150_1.jpg","type":"image\/jpeg"}],"twitter_card":"summary_large_image","schema":{"@context":"https:\/\/schema.org","@graph":[{"@type":"WebPage","@id":"https:\/\/tendotools.com\/fr\/produit\/kreg-entretoise-pour-gabarits-de-percage\/","url":"https:\/\/tendotools.com\/fr\/produit\/kreg-entretoise-pour-gabarits-de-percage\/","name":"Entretoise Kreg pour gabarits de per\u00e7age (s\u00e9rie 300) - Tendotools","isPartOf":{"@id":"https:\/\/tendotools.com\/fr\/#website"},"primaryImageOfPage":{"@id":"https:\/\/tendotools.com\/fr\/produit\/kreg-entretoise-pour-gabarits-de-percage\/#primaryimage"},"image":{"@id":"https:\/\/tendotools.com\/fr\/produit\/kreg-entretoise-pour-gabarits-de-percage\/#primaryimage"},"thumbnailUrl":"https:\/\/tendotools.com\/wp-content\/uploads\/2022\/06\/KPHA150_1.jpg","datePublished":"2022-06-10T08:50:44+00:00","dateModified":"2022-06-13T11:03:32+00:00","description":"Jeu de rallonges pour votre gabarit pour trous de poche 320. Gr\u00e2ce \u00e0 elle, vous pouvez facilement agrandir les trous de 19 mm.","breadcrumb":{"@id":"https:\/\/tendotools.com\/fr\/produit\/kreg-entretoise-pour-gabarits-de-percage\/#breadcrumb"},"inLanguage":"fr-FR","potentialAction":[{"@type":"ReadAction","target":["https:\/\/tendotools.com\/fr\/produit\/kreg-entretoise-pour-gabarits-de-percage\/"]}]},{"@type":"ImageObject","inLanguage":"fr-FR","@id":"https:\/\/tendotools.com\/fr\/produit\/kreg-entretoise-pour-gabarits-de-percage\/#primaryimage","url":"https:\/\/tendotools.com\/wp-content\/uploads\/2022\/06\/KPHA150_1.jpg","contentUrl":"https:\/\/tendotools.com\/wp-content\/uploads\/2022\/06\/KPHA150_1.jpg","width":800,"height":800},{"@type":"BreadcrumbList","@id":"https:\/\/tendotools.com\/fr\/produit\/kreg-entretoise-pour-gabarits-de-percage\/#breadcrumb","itemListElement":[{"@type":"ListItem","position":1,"name":"Home","item":"https:\/\/tendotools.com\/fr\/"},{"@type":"ListItem","position":2,"name":"Shop","item":"https:\/\/tendotools.com\/fr\/boutique\/"},{"@type":"ListItem","position":3,"name":"Entretoise Kreg pour gabarits de per\u00e7age (s\u00e9rie 300)"}]},{"@type":"WebSite","@id":"https:\/\/tendotools.com\/fr\/#website","url":"https:\/\/tendotools.com\/fr\/","name":"Tendotools","description":"","publisher":{"@id":"https:\/\/tendotools.com\/fr\/#organization"},"potentialAction":[{"@type":"SearchAction","target":{"@type":"EntryPoint","urlTemplate":"https:\/\/tendotools.com\/fr\/?s={search_term_string}"},"query-input":{"@type":"PropertyValueSpecification","valueRequired":true,"valueName":"search_term_string"}}],"inLanguage":"fr-FR"},{"@type":"Organization","@id":"https:\/\/tendotools.com\/fr\/#organization","name":"Tendotools","url":"https:\/\/tendotools.com\/fr\/","logo":{"@type":"ImageObject","inLanguage":"fr-FR","@id":"https:\/\/tendotools.com\/fr\/#\/schema\/logo\/image\/","url":"https:\/\/tendotools.com\/wp-content\/uploads\/2019\/09\/logo-wit.png","contentUrl":"https:\/\/tendotools.com\/wp-content\/uploads\/2019\/09\/logo-wit.png","width":350,"height":84,"caption":"Tendotools"},"image":{"@id":"https:\/\/tendotools.com\/fr\/#\/schema\/logo\/image\/"}}]}},"brands":[{"id":4635,"name":"Kreg","slug":"kreg-fr"}],"_links":{"self":[{"href":"https:\/\/tendotools.com\/fr\/wp-json\/wp\/v2\/product\/37490","targetHints":{"allow":["GET"]}}],"collection":[{"href":"https:\/\/tendotools.com\/fr\/wp-json\/wp\/v2\/product"}],"about":[{"href":"https:\/\/tendotools.com\/fr\/wp-json\/wp\/v2\/types\/product"}],"replies":[{"embeddable":true,"href":"https:\/\/tendotools.com\/fr\/wp-json\/wp\/v2\/comments?post=37490"}],"wp:featuredmedia":[{"embeddable":true,"href":"https:\/\/tendotools.com\/fr\/wp-json\/wp\/v2\/media\/37493"}],"wp:attachment":[{"href":"https:\/\/tendotools.com\/fr\/wp-json\/wp\/v2\/media?parent=37490"}],"wp:term":[{"taxonomy":"pwb-brand","embeddable":true,"href":"https:\/\/tendotools.com\/fr\/wp-json\/wp\/v2\/pwb-brand?post=37490"},{"taxonomy":"product_brand","embeddable":true,"href":"https:\/\/tendotools.com\/fr\/wp-json\/wp\/v2\/product_brand?post=37490"},{"taxonomy":"product_cat","embeddable":true,"href":"https:\/\/tendotools.com\/fr\/wp-json\/wp\/v2\/product_cat?post=37490"},{"taxonomy":"product_tag","embeddable":true,"href":"https:\/\/tendotools.com\/fr\/wp-json\/wp\/v2\/product_tag?post=37490"}],"curies":[{"name":"wp","href":"https:\/\/api.w.org\/{rel}","templated":true}]}}