{"id":38070,"date":"2022-06-21T09:07:51","date_gmt":"2022-06-21T07:07:51","guid":{"rendered":"https:\/\/tendotools.com\/product\/alucut-tt420-p-scie-a-aluminium-semi-automatique\/"},"modified":"2022-06-21T09:07:51","modified_gmt":"2022-06-21T07:07:51","slug":"alucut-tt420-p-scie-a-aluminium-semi-automatique","status":"publish","type":"product","link":"https:\/\/tendotools.com\/fr\/produit\/alucut-tt420-p-scie-a-aluminium-semi-automatique\/","title":{"rendered":"Alucut TT420-P Scie \u00e0 aluminium semi-automatique"},"content":{"rendered":"<p>Machine semi-professionnelle pour le sciage de l&#8217;aluminium, qui coupe de mani\u00e8re enti\u00e8rement automatique gr\u00e2ce au mouvement hydraulique et pneumatique de la lame de scie. Le mat\u00e9riau est serr\u00e9 pneumatiquement et est r\u00e9glable \u00e0 la fois horizontalement et verticalement. La hauteur de sciage est enti\u00e8rement r\u00e9glable sur cette machine \u00e0 scier l&#8217;aluminium. <strong>En option, des syst\u00e8mes de transport \u00e0 rouleaux de 3 m\u00e8tres avec une but\u00e9e de longueur sont disponibles.<\/strong><\/p>\n<p>Le sciage de l&#8217;aluminium avec une grande attention aux d\u00e9tails, du simple fonctionnement de la machine au travail en toute s\u00e9curit\u00e9 avec un semi-automatique. Toutes les conditions sont r\u00e9unies pour obtenir une coupe de qualit\u00e9, le sciage par le bas est une condition indispensable si vous voulez couper de l&#8217;aluminium, le mouvement hydraulique pneumatique de la lame de scie assure une qualit\u00e9 constante avec un faible niveau de bruit.<\/p>\n","protected":false},"excerpt":{"rendered":"<p>Machine semi-professionnelle pour le sciage de l&#8217;aluminium, qui coupe de mani\u00e8re enti\u00e8rement automatique gr\u00e2ce au mouvement hydraulique et pneumatique de la lame de scie. Le mat\u00e9riau est serr\u00e9 pneumatiquement et est r\u00e9glable \u00e0 la fois horizontalement et verticalement. La hauteur de sciage est enti\u00e8rement r\u00e9glable sur cette machine \u00e0 scier l&#8217;aluminium. <strong>En option, des syst\u00e8mes de transport \u00e0 rouleaux de 3 m\u00e8tres avec une but\u00e9e de longueur sont disponibles.<\/strong><\/p>\n<p>Le sciage de l&#8217;aluminium avec une grande attention aux d\u00e9tails, du simple fonctionnement de la machine au travail en toute s\u00e9curit\u00e9 avec un semi-automatique. Toutes les conditions sont r\u00e9unies pour obtenir une coupe de qualit\u00e9, le sciage par le bas est une condition indispensable si vous voulez couper de l&#8217;aluminium, le mouvement hydraulique pneumatique de la lame de scie assure une qualit\u00e9 constante avec un faible niveau de bruit.<\/p>\n","protected":false},"featured_media":38059,"comment_status":"open","ping_status":"closed","template":"","meta":{"_acf_changed":false,"_crsspst_to_pihertendotoolscom":false,"_crsspst_to_piherbe":false,"inline_featured_image":false},"pwb-brand":[3945,3737],"product_brand":[],"product_cat":[378],"product_tag":[],"class_list":{"0":"post-38070","1":"product","2":"type-product","3":"status-publish","4":"has-post-thumbnail","6":"pwb-brand-comfort-line-fr","7":"pwb-brand-tendotools-fr","8":"product_cat-scies-a-onglets","9":"product_shipping_class-regulier-desambiguation","11":"first","12":"onbackorder","13":"taxable","14":"shipping-taxable","15":"purchasable","16":"product-type-simple"},"group_of_quantity":0,"min_quantity":0,"max_quantity":"","exclude_order_quantity_value_rules":"no","exclude_category_quantity_rules":"no","combine_variations":"no","acf":{"composite_product":null,"belangrijkste_eigenschappen":"<ul>\n \t<li>Construction stable et robuste<\/li>\n \t<li>Une op\u00e9ration simple<\/li>\n \t<li>Cycle de coupe automatique<\/li>\n \t<li>Ouverture manuelle du capot de la scie<\/li>\n \t<li>Mouvement hydraulique pneumatique de la scie<\/li>\n \t<li>T\u00eate de scie pivotante de 60\u00b0 \u00e0 gauche, 45\u00b0 \u00e0 droite<\/li>\n \t<li>Deux pinces pneumatiques \u00e0 serrage rapide avec mors de serrage en PTFE<\/li>\n \t<li>But\u00e9e arri\u00e8re r\u00e9glable<\/li>\n \t<li>Lame de scie \u00d8 420 mm<\/li>\n \t<li>Syst\u00e8me de refroidissement pneumatique avec fonction de pulv\u00e9risation<\/li>\n<\/ul>","standaard_uitrusting":"","downloads":null,"out_of_stock_message":"Nouveau ! Disponible \u00e0 partir de septembre 2022.","video":""},"yoast_head":"<!-- This site is optimized with the Yoast SEO plugin v26.8 - https:\/\/yoast.com\/product\/yoast-seo-wordpress\/ -->\n<title>Alucut TT420-P Scie \u00e0 aluminium semi-automatique - Tendotools<\/title>\n<meta name=\"description\" content=\"Scie \u00e0 aluminium semi-professionnelle, qui coupe de mani\u00e8re enti\u00e8rement automatique gr\u00e2ce \u00e0 un mouvement hydraulique pneumatique de la lame de scie.\" \/>\n<meta name=\"robots\" content=\"index, follow, max-snippet:-1, max-image-preview:large, max-video-preview:-1\" \/>\n<link rel=\"canonical\" href=\"https:\/\/tendotools.com\/fr\/produit\/alucut-tt420-p-scie-a-aluminium-semi-automatique\/\" \/>\n<meta property=\"og:locale\" content=\"fr_FR\" \/>\n<meta property=\"og:type\" content=\"article\" \/>\n<meta property=\"og:title\" content=\"Alucut TT420-P Scie \u00e0 aluminium semi-automatique - Tendotools\" \/>\n<meta property=\"og:description\" content=\"Scie \u00e0 aluminium semi-professionnelle, qui coupe de mani\u00e8re enti\u00e8rement automatique gr\u00e2ce \u00e0 un mouvement hydraulique pneumatique de la lame de scie.\" \/>\n<meta property=\"og:url\" content=\"https:\/\/tendotools.com\/fr\/produit\/alucut-tt420-p-scie-a-aluminium-semi-automatique\/\" \/>\n<meta property=\"og:site_name\" content=\"Tendotools\" \/>\n<meta property=\"og:image\" content=\"https:\/\/tendotools.com\/wp-content\/uploads\/2022\/06\/Alucut420P_1.jpg\" \/>\n\t<meta property=\"og:image:width\" content=\"800\" \/>\n\t<meta property=\"og:image:height\" content=\"800\" \/>\n\t<meta property=\"og:image:type\" content=\"image\/jpeg\" \/>\n<meta name=\"twitter:card\" content=\"summary_large_image\" \/>\n<meta name=\"twitter:label1\" content=\"Dur\u00e9e de lecture estim\u00e9e\" \/>\n\t<meta name=\"twitter:data1\" content=\"1 minute\" \/>\n<script type=\"application\/ld+json\" class=\"yoast-schema-graph\">{\"@context\":\"https:\/\/schema.org\",\"@graph\":[{\"@type\":\"WebPage\",\"@id\":\"https:\/\/tendotools.com\/fr\/produit\/alucut-tt420-p-scie-a-aluminium-semi-automatique\/\",\"url\":\"https:\/\/tendotools.com\/fr\/produit\/alucut-tt420-p-scie-a-aluminium-semi-automatique\/\",\"name\":\"Alucut TT420-P Scie \u00e0 aluminium semi-automatique - Tendotools\",\"isPartOf\":{\"@id\":\"https:\/\/tendotools.com\/fr\/#website\"},\"primaryImageOfPage\":{\"@id\":\"https:\/\/tendotools.com\/fr\/produit\/alucut-tt420-p-scie-a-aluminium-semi-automatique\/#primaryimage\"},\"image\":{\"@id\":\"https:\/\/tendotools.com\/fr\/produit\/alucut-tt420-p-scie-a-aluminium-semi-automatique\/#primaryimage\"},\"thumbnailUrl\":\"https:\/\/tendotools.com\/wp-content\/uploads\/2022\/06\/Alucut420P_1.jpg\",\"datePublished\":\"2022-06-21T07:07:51+00:00\",\"description\":\"Scie \u00e0 aluminium semi-professionnelle, qui coupe de mani\u00e8re enti\u00e8rement automatique gr\u00e2ce \u00e0 un mouvement hydraulique pneumatique de la lame de scie.\",\"breadcrumb\":{\"@id\":\"https:\/\/tendotools.com\/fr\/produit\/alucut-tt420-p-scie-a-aluminium-semi-automatique\/#breadcrumb\"},\"inLanguage\":\"fr-FR\",\"potentialAction\":[{\"@type\":\"ReadAction\",\"target\":[\"https:\/\/tendotools.com\/fr\/produit\/alucut-tt420-p-scie-a-aluminium-semi-automatique\/\"]}]},{\"@type\":\"ImageObject\",\"inLanguage\":\"fr-FR\",\"@id\":\"https:\/\/tendotools.com\/fr\/produit\/alucut-tt420-p-scie-a-aluminium-semi-automatique\/#primaryimage\",\"url\":\"https:\/\/tendotools.com\/wp-content\/uploads\/2022\/06\/Alucut420P_1.jpg\",\"contentUrl\":\"https:\/\/tendotools.com\/wp-content\/uploads\/2022\/06\/Alucut420P_1.jpg\",\"width\":800,\"height\":800},{\"@type\":\"BreadcrumbList\",\"@id\":\"https:\/\/tendotools.com\/fr\/produit\/alucut-tt420-p-scie-a-aluminium-semi-automatique\/#breadcrumb\",\"itemListElement\":[{\"@type\":\"ListItem\",\"position\":1,\"name\":\"Home\",\"item\":\"https:\/\/tendotools.com\/fr\/\"},{\"@type\":\"ListItem\",\"position\":2,\"name\":\"Shop\",\"item\":\"https:\/\/tendotools.com\/fr\/boutique\/\"},{\"@type\":\"ListItem\",\"position\":3,\"name\":\"Alucut TT420-P Scie \u00e0 aluminium semi-automatique\"}]},{\"@type\":\"WebSite\",\"@id\":\"https:\/\/tendotools.com\/fr\/#website\",\"url\":\"https:\/\/tendotools.com\/fr\/\",\"name\":\"Tendotools\",\"description\":\"\",\"publisher\":{\"@id\":\"https:\/\/tendotools.com\/fr\/#organization\"},\"potentialAction\":[{\"@type\":\"SearchAction\",\"target\":{\"@type\":\"EntryPoint\",\"urlTemplate\":\"https:\/\/tendotools.com\/fr\/?s={search_term_string}\"},\"query-input\":{\"@type\":\"PropertyValueSpecification\",\"valueRequired\":true,\"valueName\":\"search_term_string\"}}],\"inLanguage\":\"fr-FR\"},{\"@type\":\"Organization\",\"@id\":\"https:\/\/tendotools.com\/fr\/#organization\",\"name\":\"Tendotools\",\"url\":\"https:\/\/tendotools.com\/fr\/\",\"logo\":{\"@type\":\"ImageObject\",\"inLanguage\":\"fr-FR\",\"@id\":\"https:\/\/tendotools.com\/fr\/#\/schema\/logo\/image\/\",\"url\":\"https:\/\/tendotools.com\/wp-content\/uploads\/2019\/09\/logo-wit.png\",\"contentUrl\":\"https:\/\/tendotools.com\/wp-content\/uploads\/2019\/09\/logo-wit.png\",\"width\":350,\"height\":84,\"caption\":\"Tendotools\"},\"image\":{\"@id\":\"https:\/\/tendotools.com\/fr\/#\/schema\/logo\/image\/\"}}]}<\/script>\n<!-- \/ Yoast SEO plugin. -->","yoast_head_json":{"title":"Alucut TT420-P Scie \u00e0 aluminium semi-automatique - Tendotools","description":"Scie \u00e0 aluminium semi-professionnelle, qui coupe de mani\u00e8re enti\u00e8rement automatique gr\u00e2ce \u00e0 un mouvement hydraulique pneumatique de la lame de scie.","robots":{"index":"index","follow":"follow","max-snippet":"max-snippet:-1","max-image-preview":"max-image-preview:large","max-video-preview":"max-video-preview:-1"},"canonical":"https:\/\/tendotools.com\/fr\/produit\/alucut-tt420-p-scie-a-aluminium-semi-automatique\/","og_locale":"fr_FR","og_type":"article","og_title":"Alucut TT420-P Scie \u00e0 aluminium semi-automatique - Tendotools","og_description":"Scie \u00e0 aluminium semi-professionnelle, qui coupe de mani\u00e8re enti\u00e8rement automatique gr\u00e2ce \u00e0 un mouvement hydraulique pneumatique de la lame de scie.","og_url":"https:\/\/tendotools.com\/fr\/produit\/alucut-tt420-p-scie-a-aluminium-semi-automatique\/","og_site_name":"Tendotools","og_image":[{"width":800,"height":800,"url":"https:\/\/tendotools.com\/wp-content\/uploads\/2022\/06\/Alucut420P_1.jpg","type":"image\/jpeg"}],"twitter_card":"summary_large_image","twitter_misc":{"Dur\u00e9e de lecture estim\u00e9e":"1 minute"},"schema":{"@context":"https:\/\/schema.org","@graph":[{"@type":"WebPage","@id":"https:\/\/tendotools.com\/fr\/produit\/alucut-tt420-p-scie-a-aluminium-semi-automatique\/","url":"https:\/\/tendotools.com\/fr\/produit\/alucut-tt420-p-scie-a-aluminium-semi-automatique\/","name":"Alucut TT420-P Scie \u00e0 aluminium semi-automatique - Tendotools","isPartOf":{"@id":"https:\/\/tendotools.com\/fr\/#website"},"primaryImageOfPage":{"@id":"https:\/\/tendotools.com\/fr\/produit\/alucut-tt420-p-scie-a-aluminium-semi-automatique\/#primaryimage"},"image":{"@id":"https:\/\/tendotools.com\/fr\/produit\/alucut-tt420-p-scie-a-aluminium-semi-automatique\/#primaryimage"},"thumbnailUrl":"https:\/\/tendotools.com\/wp-content\/uploads\/2022\/06\/Alucut420P_1.jpg","datePublished":"2022-06-21T07:07:51+00:00","description":"Scie \u00e0 aluminium semi-professionnelle, qui coupe de mani\u00e8re enti\u00e8rement automatique gr\u00e2ce \u00e0 un mouvement hydraulique pneumatique de la lame de scie.","breadcrumb":{"@id":"https:\/\/tendotools.com\/fr\/produit\/alucut-tt420-p-scie-a-aluminium-semi-automatique\/#breadcrumb"},"inLanguage":"fr-FR","potentialAction":[{"@type":"ReadAction","target":["https:\/\/tendotools.com\/fr\/produit\/alucut-tt420-p-scie-a-aluminium-semi-automatique\/"]}]},{"@type":"ImageObject","inLanguage":"fr-FR","@id":"https:\/\/tendotools.com\/fr\/produit\/alucut-tt420-p-scie-a-aluminium-semi-automatique\/#primaryimage","url":"https:\/\/tendotools.com\/wp-content\/uploads\/2022\/06\/Alucut420P_1.jpg","contentUrl":"https:\/\/tendotools.com\/wp-content\/uploads\/2022\/06\/Alucut420P_1.jpg","width":800,"height":800},{"@type":"BreadcrumbList","@id":"https:\/\/tendotools.com\/fr\/produit\/alucut-tt420-p-scie-a-aluminium-semi-automatique\/#breadcrumb","itemListElement":[{"@type":"ListItem","position":1,"name":"Home","item":"https:\/\/tendotools.com\/fr\/"},{"@type":"ListItem","position":2,"name":"Shop","item":"https:\/\/tendotools.com\/fr\/boutique\/"},{"@type":"ListItem","position":3,"name":"Alucut TT420-P Scie \u00e0 aluminium semi-automatique"}]},{"@type":"WebSite","@id":"https:\/\/tendotools.com\/fr\/#website","url":"https:\/\/tendotools.com\/fr\/","name":"Tendotools","description":"","publisher":{"@id":"https:\/\/tendotools.com\/fr\/#organization"},"potentialAction":[{"@type":"SearchAction","target":{"@type":"EntryPoint","urlTemplate":"https:\/\/tendotools.com\/fr\/?s={search_term_string}"},"query-input":{"@type":"PropertyValueSpecification","valueRequired":true,"valueName":"search_term_string"}}],"inLanguage":"fr-FR"},{"@type":"Organization","@id":"https:\/\/tendotools.com\/fr\/#organization","name":"Tendotools","url":"https:\/\/tendotools.com\/fr\/","logo":{"@type":"ImageObject","inLanguage":"fr-FR","@id":"https:\/\/tendotools.com\/fr\/#\/schema\/logo\/image\/","url":"https:\/\/tendotools.com\/wp-content\/uploads\/2019\/09\/logo-wit.png","contentUrl":"https:\/\/tendotools.com\/wp-content\/uploads\/2019\/09\/logo-wit.png","width":350,"height":84,"caption":"Tendotools"},"image":{"@id":"https:\/\/tendotools.com\/fr\/#\/schema\/logo\/image\/"}}]}},"brands":[{"id":3945,"name":"Comfort Line","slug":"comfort-line-fr"},{"id":3737,"name":"Tendotools","slug":"tendotools-fr"}],"_links":{"self":[{"href":"https:\/\/tendotools.com\/fr\/wp-json\/wp\/v2\/product\/38070","targetHints":{"allow":["GET"]}}],"collection":[{"href":"https:\/\/tendotools.com\/fr\/wp-json\/wp\/v2\/product"}],"about":[{"href":"https:\/\/tendotools.com\/fr\/wp-json\/wp\/v2\/types\/product"}],"replies":[{"embeddable":true,"href":"https:\/\/tendotools.com\/fr\/wp-json\/wp\/v2\/comments?post=38070"}],"wp:featuredmedia":[{"embeddable":true,"href":"https:\/\/tendotools.com\/fr\/wp-json\/wp\/v2\/media\/38059"}],"wp:attachment":[{"href":"https:\/\/tendotools.com\/fr\/wp-json\/wp\/v2\/media?parent=38070"}],"wp:term":[{"taxonomy":"pwb-brand","embeddable":true,"href":"https:\/\/tendotools.com\/fr\/wp-json\/wp\/v2\/pwb-brand?post=38070"},{"taxonomy":"product_brand","embeddable":true,"href":"https:\/\/tendotools.com\/fr\/wp-json\/wp\/v2\/product_brand?post=38070"},{"taxonomy":"product_cat","embeddable":true,"href":"https:\/\/tendotools.com\/fr\/wp-json\/wp\/v2\/product_cat?post=38070"},{"taxonomy":"product_tag","embeddable":true,"href":"https:\/\/tendotools.com\/fr\/wp-json\/wp\/v2\/product_tag?post=38070"}],"curies":[{"name":"wp","href":"https:\/\/api.w.org\/{rel}","templated":true}]}}