{"id":4553,"date":"2020-06-08T14:58:15","date_gmt":"2020-06-08T12:58:15","guid":{"rendered":"https:\/\/tendotools.com\/?post_type=product&#038;p=4553"},"modified":"2020-06-08T17:27:54","modified_gmt":"2020-06-08T15:27:54","slug":"piher-serre-joint-mod-s","status":"publish","type":"product","link":"https:\/\/tendotools.com\/fr\/produit\/piher-serre-joint-mod-s\/","title":{"rendered":"PIHER &#8211; Serre-joint Mod. S"},"content":{"rendered":"<p>Le serre-joint \u00e0 pompe Mod. S est un serre-joint en fonte avec filetage enti\u00e8rement prot\u00e9g\u00e9, qui la prot\u00e8ge des influences ext\u00e9rieures: morceaux de b\u00e9ton, attelle en acier, particules de soudure, etc. Le serre-joint \u00e0 pompe a une barre en acier lamin\u00e9 tr\u00e8s r\u00e9sistante et est trait\u00e9e avec de l&#8217;antirouille. Ce serre-joint a une t\u00eate en fonte recouvert de peinture \u00e9poxy, ainsi qu&#8217;un syst\u00e8me d&#8217;arr\u00eat antid\u00e9rapant sur la t\u00eate mobile pour \u00e9viter une chute libre. Profondeur de serrage extra large de 22 cm. 700 kg de force de serrage.<\/p>\n","protected":false},"excerpt":{"rendered":"<p>Le serre-joint \u00e0 pompe Mod. S est une serre-joint en fonte avec filetage enti\u00e8rement prot\u00e9g\u00e9 et syst\u00e8me d&#8217;arr\u00eat antid\u00e9rapant sur t\u00eate mobile, pression max 700kg<br \/>\nGrande profondeur de serrage de 22 cm.<\/p>\n<p>Disponible en diff\u00e9rentes longueurs<\/p>\n<p>&nbsp;<\/p>\n","protected":false},"featured_media":4595,"comment_status":"open","ping_status":"closed","template":"","meta":{"_acf_changed":false,"_crsspst_to_pihertendotoolscom":false,"_crsspst_to_piherbe":false,"inline_featured_image":false},"pwb-brand":[3412],"product_brand":[],"product_cat":[445,446],"product_tag":[],"class_list":{"0":"post-4553","1":"product","2":"type-product","3":"status-publish","4":"has-post-thumbnail","6":"pwb-brand-piher-fr","7":"product_cat-serre-joints-classique","8":"product_cat-serre-joint-grande-saillie","9":"product_shipping_class-regulier-desambiguation","11":"first","12":"instock","13":"taxable","14":"shipping-taxable","15":"purchasable","16":"product-type-variable","17":"has-default-attributes"},"group_of_quantity":0,"min_quantity":0,"max_quantity":"","exclude_order_quantity_value_rules":"no","exclude_category_quantity_rules":"no","combine_variations":"no","acf":{"composite_product":null,"belangrijkste_eigenschappen":"<ul>\n \t<li>Grande profondeur de serrage de 22 cm<\/li>\n \t<li>Syst\u00e8me d'arr\u00eat antid\u00e9rapant sur la m\u00e2choire mobile<\/li>\n \t<li>Le Syst\u00e8me de piston innovant cache le filetage qui le compose:\nProt\u00e9g\u00e9 de toutes salissures ext\u00e9rieures, \u00e9clats de soudures, copeaux d'aciers ou de bois...<\/li>\n \t<li>Dispositif qui permet le positionnement ainsi que le maintien du coulisseau dans la position voulue<\/li>\n \t<li>T\u00eate en fonte avec peinture epoxy<\/li>\n \t<li>Barre en acier lamin\u00e9 extra r\u00e9sistant (90kg \/ mm\u00b2) de 40x10mm<\/li>\n \t<li>Traitement antirouille<\/li>\n \t<li>Pression maximale 700kg<\/li>\n<\/ul>","standaard_uitrusting":"Par pi\u00e8ce","downloads":null,"out_of_stock_message":"","video":""},"yoast_head":"<!-- This site is optimized with the Yoast SEO plugin v26.8 - https:\/\/yoast.com\/product\/yoast-seo-wordpress\/ -->\n<title>PIHER - Serre-joint Mod. S - Tendotools<\/title>\n<meta name=\"description\" content=\"Le serre-joint \u00e0 pompe Mod. S est une serre-joint en fonte avec filetage enti\u00e8rement prot\u00e9g\u00e9 et syst\u00e8me d&#039;arr\u00eat antid\u00e9rapant sur t\u00eate mobile, pression max 700kg\" \/>\n<meta name=\"robots\" content=\"index, follow, max-snippet:-1, max-image-preview:large, max-video-preview:-1\" \/>\n<link rel=\"canonical\" href=\"https:\/\/tendotools.com\/fr\/produit\/piher-serre-joint-mod-s\/\" \/>\n<meta property=\"og:locale\" content=\"fr_FR\" \/>\n<meta property=\"og:type\" content=\"article\" \/>\n<meta property=\"og:title\" content=\"PIHER - Serre-joint Mod. S - Tendotools\" \/>\n<meta property=\"og:description\" content=\"Le serre-joint \u00e0 pompe Mod. S est une serre-joint en fonte avec filetage enti\u00e8rement prot\u00e9g\u00e9 et syst\u00e8me d&#039;arr\u00eat antid\u00e9rapant sur t\u00eate mobile, pression max 700kg\" \/>\n<meta property=\"og:url\" content=\"https:\/\/tendotools.com\/fr\/produit\/piher-serre-joint-mod-s\/\" \/>\n<meta property=\"og:site_name\" content=\"Tendotools\" \/>\n<meta property=\"article:modified_time\" content=\"2020-06-08T15:27:54+00:00\" \/>\n<meta property=\"og:image\" content=\"https:\/\/tendotools.com\/wp-content\/uploads\/2020\/06\/Piher-Clamps-Blue-Mod-S-15030-01.jpg\" \/>\n\t<meta property=\"og:image:width\" content=\"800\" \/>\n\t<meta property=\"og:image:height\" content=\"800\" \/>\n\t<meta property=\"og:image:type\" content=\"image\/jpeg\" \/>\n<meta name=\"twitter:card\" content=\"summary_large_image\" \/>\n<script type=\"application\/ld+json\" class=\"yoast-schema-graph\">{\"@context\":\"https:\/\/schema.org\",\"@graph\":[{\"@type\":\"WebPage\",\"@id\":\"https:\/\/tendotools.com\/fr\/produit\/piher-serre-joint-mod-s\/\",\"url\":\"https:\/\/tendotools.com\/fr\/produit\/piher-serre-joint-mod-s\/\",\"name\":\"PIHER - Serre-joint Mod. S - Tendotools\",\"isPartOf\":{\"@id\":\"https:\/\/tendotools.com\/fr\/#website\"},\"primaryImageOfPage\":{\"@id\":\"https:\/\/tendotools.com\/fr\/produit\/piher-serre-joint-mod-s\/#primaryimage\"},\"image\":{\"@id\":\"https:\/\/tendotools.com\/fr\/produit\/piher-serre-joint-mod-s\/#primaryimage\"},\"thumbnailUrl\":\"https:\/\/tendotools.com\/wp-content\/uploads\/2020\/06\/Piher-Clamps-Blue-Mod-S-15030-01.jpg\",\"datePublished\":\"2020-06-08T12:58:15+00:00\",\"dateModified\":\"2020-06-08T15:27:54+00:00\",\"description\":\"Le serre-joint \u00e0 pompe Mod. S est une serre-joint en fonte avec filetage enti\u00e8rement prot\u00e9g\u00e9 et syst\u00e8me d'arr\u00eat antid\u00e9rapant sur t\u00eate mobile, pression max 700kg\",\"breadcrumb\":{\"@id\":\"https:\/\/tendotools.com\/fr\/produit\/piher-serre-joint-mod-s\/#breadcrumb\"},\"inLanguage\":\"fr-FR\",\"potentialAction\":[{\"@type\":\"ReadAction\",\"target\":[\"https:\/\/tendotools.com\/fr\/produit\/piher-serre-joint-mod-s\/\"]}]},{\"@type\":\"ImageObject\",\"inLanguage\":\"fr-FR\",\"@id\":\"https:\/\/tendotools.com\/fr\/produit\/piher-serre-joint-mod-s\/#primaryimage\",\"url\":\"https:\/\/tendotools.com\/wp-content\/uploads\/2020\/06\/Piher-Clamps-Blue-Mod-S-15030-01.jpg\",\"contentUrl\":\"https:\/\/tendotools.com\/wp-content\/uploads\/2020\/06\/Piher-Clamps-Blue-Mod-S-15030-01.jpg\",\"width\":800,\"height\":800},{\"@type\":\"BreadcrumbList\",\"@id\":\"https:\/\/tendotools.com\/fr\/produit\/piher-serre-joint-mod-s\/#breadcrumb\",\"itemListElement\":[{\"@type\":\"ListItem\",\"position\":1,\"name\":\"Home\",\"item\":\"https:\/\/tendotools.com\/fr\/\"},{\"@type\":\"ListItem\",\"position\":2,\"name\":\"Shop\",\"item\":\"https:\/\/tendotools.com\/fr\/boutique\/\"},{\"@type\":\"ListItem\",\"position\":3,\"name\":\"PIHER &#8211; Serre-joint Mod. S\"}]},{\"@type\":\"WebSite\",\"@id\":\"https:\/\/tendotools.com\/fr\/#website\",\"url\":\"https:\/\/tendotools.com\/fr\/\",\"name\":\"Tendotools\",\"description\":\"\",\"publisher\":{\"@id\":\"https:\/\/tendotools.com\/fr\/#organization\"},\"potentialAction\":[{\"@type\":\"SearchAction\",\"target\":{\"@type\":\"EntryPoint\",\"urlTemplate\":\"https:\/\/tendotools.com\/fr\/?s={search_term_string}\"},\"query-input\":{\"@type\":\"PropertyValueSpecification\",\"valueRequired\":true,\"valueName\":\"search_term_string\"}}],\"inLanguage\":\"fr-FR\"},{\"@type\":\"Organization\",\"@id\":\"https:\/\/tendotools.com\/fr\/#organization\",\"name\":\"Tendotools\",\"url\":\"https:\/\/tendotools.com\/fr\/\",\"logo\":{\"@type\":\"ImageObject\",\"inLanguage\":\"fr-FR\",\"@id\":\"https:\/\/tendotools.com\/fr\/#\/schema\/logo\/image\/\",\"url\":\"https:\/\/tendotools.com\/wp-content\/uploads\/2019\/09\/logo-wit.png\",\"contentUrl\":\"https:\/\/tendotools.com\/wp-content\/uploads\/2019\/09\/logo-wit.png\",\"width\":350,\"height\":84,\"caption\":\"Tendotools\"},\"image\":{\"@id\":\"https:\/\/tendotools.com\/fr\/#\/schema\/logo\/image\/\"}}]}<\/script>\n<!-- \/ Yoast SEO plugin. -->","yoast_head_json":{"title":"PIHER - Serre-joint Mod. S - Tendotools","description":"Le serre-joint \u00e0 pompe Mod. S est une serre-joint en fonte avec filetage enti\u00e8rement prot\u00e9g\u00e9 et syst\u00e8me d'arr\u00eat antid\u00e9rapant sur t\u00eate mobile, pression max 700kg","robots":{"index":"index","follow":"follow","max-snippet":"max-snippet:-1","max-image-preview":"max-image-preview:large","max-video-preview":"max-video-preview:-1"},"canonical":"https:\/\/tendotools.com\/fr\/produit\/piher-serre-joint-mod-s\/","og_locale":"fr_FR","og_type":"article","og_title":"PIHER - Serre-joint Mod. S - Tendotools","og_description":"Le serre-joint \u00e0 pompe Mod. S est une serre-joint en fonte avec filetage enti\u00e8rement prot\u00e9g\u00e9 et syst\u00e8me d'arr\u00eat antid\u00e9rapant sur t\u00eate mobile, pression max 700kg","og_url":"https:\/\/tendotools.com\/fr\/produit\/piher-serre-joint-mod-s\/","og_site_name":"Tendotools","article_modified_time":"2020-06-08T15:27:54+00:00","og_image":[{"width":800,"height":800,"url":"https:\/\/tendotools.com\/wp-content\/uploads\/2020\/06\/Piher-Clamps-Blue-Mod-S-15030-01.jpg","type":"image\/jpeg"}],"twitter_card":"summary_large_image","schema":{"@context":"https:\/\/schema.org","@graph":[{"@type":"WebPage","@id":"https:\/\/tendotools.com\/fr\/produit\/piher-serre-joint-mod-s\/","url":"https:\/\/tendotools.com\/fr\/produit\/piher-serre-joint-mod-s\/","name":"PIHER - Serre-joint Mod. S - Tendotools","isPartOf":{"@id":"https:\/\/tendotools.com\/fr\/#website"},"primaryImageOfPage":{"@id":"https:\/\/tendotools.com\/fr\/produit\/piher-serre-joint-mod-s\/#primaryimage"},"image":{"@id":"https:\/\/tendotools.com\/fr\/produit\/piher-serre-joint-mod-s\/#primaryimage"},"thumbnailUrl":"https:\/\/tendotools.com\/wp-content\/uploads\/2020\/06\/Piher-Clamps-Blue-Mod-S-15030-01.jpg","datePublished":"2020-06-08T12:58:15+00:00","dateModified":"2020-06-08T15:27:54+00:00","description":"Le serre-joint \u00e0 pompe Mod. S est une serre-joint en fonte avec filetage enti\u00e8rement prot\u00e9g\u00e9 et syst\u00e8me d'arr\u00eat antid\u00e9rapant sur t\u00eate mobile, pression max 700kg","breadcrumb":{"@id":"https:\/\/tendotools.com\/fr\/produit\/piher-serre-joint-mod-s\/#breadcrumb"},"inLanguage":"fr-FR","potentialAction":[{"@type":"ReadAction","target":["https:\/\/tendotools.com\/fr\/produit\/piher-serre-joint-mod-s\/"]}]},{"@type":"ImageObject","inLanguage":"fr-FR","@id":"https:\/\/tendotools.com\/fr\/produit\/piher-serre-joint-mod-s\/#primaryimage","url":"https:\/\/tendotools.com\/wp-content\/uploads\/2020\/06\/Piher-Clamps-Blue-Mod-S-15030-01.jpg","contentUrl":"https:\/\/tendotools.com\/wp-content\/uploads\/2020\/06\/Piher-Clamps-Blue-Mod-S-15030-01.jpg","width":800,"height":800},{"@type":"BreadcrumbList","@id":"https:\/\/tendotools.com\/fr\/produit\/piher-serre-joint-mod-s\/#breadcrumb","itemListElement":[{"@type":"ListItem","position":1,"name":"Home","item":"https:\/\/tendotools.com\/fr\/"},{"@type":"ListItem","position":2,"name":"Shop","item":"https:\/\/tendotools.com\/fr\/boutique\/"},{"@type":"ListItem","position":3,"name":"PIHER &#8211; Serre-joint Mod. S"}]},{"@type":"WebSite","@id":"https:\/\/tendotools.com\/fr\/#website","url":"https:\/\/tendotools.com\/fr\/","name":"Tendotools","description":"","publisher":{"@id":"https:\/\/tendotools.com\/fr\/#organization"},"potentialAction":[{"@type":"SearchAction","target":{"@type":"EntryPoint","urlTemplate":"https:\/\/tendotools.com\/fr\/?s={search_term_string}"},"query-input":{"@type":"PropertyValueSpecification","valueRequired":true,"valueName":"search_term_string"}}],"inLanguage":"fr-FR"},{"@type":"Organization","@id":"https:\/\/tendotools.com\/fr\/#organization","name":"Tendotools","url":"https:\/\/tendotools.com\/fr\/","logo":{"@type":"ImageObject","inLanguage":"fr-FR","@id":"https:\/\/tendotools.com\/fr\/#\/schema\/logo\/image\/","url":"https:\/\/tendotools.com\/wp-content\/uploads\/2019\/09\/logo-wit.png","contentUrl":"https:\/\/tendotools.com\/wp-content\/uploads\/2019\/09\/logo-wit.png","width":350,"height":84,"caption":"Tendotools"},"image":{"@id":"https:\/\/tendotools.com\/fr\/#\/schema\/logo\/image\/"}}]}},"brands":[{"id":3412,"name":"Piher","slug":"piher-fr"}],"_links":{"self":[{"href":"https:\/\/tendotools.com\/fr\/wp-json\/wp\/v2\/product\/4553","targetHints":{"allow":["GET"]}}],"collection":[{"href":"https:\/\/tendotools.com\/fr\/wp-json\/wp\/v2\/product"}],"about":[{"href":"https:\/\/tendotools.com\/fr\/wp-json\/wp\/v2\/types\/product"}],"replies":[{"embeddable":true,"href":"https:\/\/tendotools.com\/fr\/wp-json\/wp\/v2\/comments?post=4553"}],"wp:featuredmedia":[{"embeddable":true,"href":"https:\/\/tendotools.com\/fr\/wp-json\/wp\/v2\/media\/4595"}],"wp:attachment":[{"href":"https:\/\/tendotools.com\/fr\/wp-json\/wp\/v2\/media?parent=4553"}],"wp:term":[{"taxonomy":"pwb-brand","embeddable":true,"href":"https:\/\/tendotools.com\/fr\/wp-json\/wp\/v2\/pwb-brand?post=4553"},{"taxonomy":"product_brand","embeddable":true,"href":"https:\/\/tendotools.com\/fr\/wp-json\/wp\/v2\/product_brand?post=4553"},{"taxonomy":"product_cat","embeddable":true,"href":"https:\/\/tendotools.com\/fr\/wp-json\/wp\/v2\/product_cat?post=4553"},{"taxonomy":"product_tag","embeddable":true,"href":"https:\/\/tendotools.com\/fr\/wp-json\/wp\/v2\/product_tag?post=4553"}],"curies":[{"name":"wp","href":"https:\/\/api.w.org\/{rel}","templated":true}]}}