{"id":51814,"date":"2023-07-10T16:38:32","date_gmt":"2023-07-10T14:38:32","guid":{"rendered":"https:\/\/tendotools.com\/?post_type=product&#038;p=51814"},"modified":"2023-07-10T16:56:25","modified_gmt":"2023-07-10T14:56:25","slug":"bow-portable-saw-featherboard-presseur-peigne","status":"publish","type":"product","link":"https:\/\/tendotools.com\/fr\/produit\/bow-portable-saw-featherboard-presseur-peigne\/","title":{"rendered":"BOW Portable Saw Featherboard presseur peigne"},"content":{"rendered":"<p>La BOW Portable Saw Featherboard presseur peigne se caract\u00e9rise par l&#8217;utilisation innovante de mousse EVA haute densit\u00e9, de peignes en mousse et d&#8217;un syst\u00e8me de serrage qui augmente le contr\u00f4le de l&#8217;entr\u00e9e, am\u00e9liore consid\u00e9rablement le recul et prot\u00e8ge mieux votre bois des dommages. Ceci par rapport aux clips \u00e0 ressort en plastique g\u00e9n\u00e9raux. L&#8217;EVA est un mat\u00e9riau \u00e0 cellules ferm\u00e9es haute densit\u00e9 avec une longue dur\u00e9e de vie que vous n&#8217;avez pas avec les clips \u00e0 ressort en plastique courants. Les ressorts sont \u00e9galement incassables et, contrairement aux ressorts en plastique, ils peuvent \u00eatre remplac\u00e9s s&#8217;ils sont endommag\u00e9s.<\/p>\n<p>Mat\u00e9riel de montage inclus.<\/p>\n","protected":false},"excerpt":{"rendered":"<p>La BOW Portable Saw Featherboard presseur peigne se caract\u00e9rise par l&#8217;utilisation innovante de mousse EVA haute densit\u00e9, de peignes en mousse et d&#8217;un syst\u00e8me de serrage qui augmente le contr\u00f4le de l&#8217;entr\u00e9e, am\u00e9liore consid\u00e9rablement le recul et prot\u00e8ge mieux votre bois des dommages. Ceci par rapport aux clips \u00e0 ressort en plastique g\u00e9n\u00e9raux. L&#8217;EVA est un mat\u00e9riau \u00e0 cellules ferm\u00e9es haute densit\u00e9 avec une longue dur\u00e9e de vie que vous n&#8217;avez pas avec les clips \u00e0 ressort en plastique courants. Les ressorts sont \u00e9galement incassables et, contrairement aux ressorts en plastique, ils peuvent \u00eatre remplac\u00e9s s&#8217;ils sont endommag\u00e9s.<\/p>\n<p>Mat\u00e9riel de montage inclus.<\/p>\n","protected":false},"featured_media":51817,"comment_status":"open","ping_status":"closed","template":"","meta":{"_acf_changed":false,"_crsspst_to_pihertendotoolscom":false,"_crsspst_to_piherbe":false,"inline_featured_image":false},"pwb-brand":[3412],"product_brand":[],"product_cat":[3603,375],"product_tag":[],"class_list":{"0":"post-51814","1":"product","2":"type-product","3":"status-publish","4":"has-post-thumbnail","6":"pwb-brand-piher-fr","7":"product_cat-bow-presseurs","8":"product_cat-accessoires-pratiques","9":"product_shipping_class-regulier-desambiguation","11":"first","12":"instock","13":"taxable","14":"shipping-taxable","15":"purchasable","16":"product-type-simple"},"group_of_quantity":0,"min_quantity":0,"max_quantity":"","exclude_order_quantity_value_rules":"no","exclude_category_quantity_rules":"no","combine_variations":"no","acf":{"composite_product":null,"belangrijkste_eigenschappen":"<ul>\r\n \t<li><strong>S\u00c9CURIT\u00c9 IN\u00c9GAL\u00c9E:<\/strong> La conception brevet\u00e9e du ressort de charni\u00e8re absorbe le recul et offre une r\u00e9sistance 5 fois sup\u00e9rieure au recul par rapport aux ressorts en plastique ou en bois.<\/li>\r\n \t<li><strong>CONTR\u00d4LE D'ALIMENTATION R\u00c9VOLUTIONNAIRE:<\/strong>Des ressorts en EVA plus \u00e9pais augmentent la quantit\u00e9 de contact de surface avec la pi\u00e8ce, assurant un glissement plus doux et un contr\u00f4le sup\u00e9rieur de l'avance.<\/li>\r\n \t<li><strong>AMORTISSEMENT DES VIBRATIONS:<\/strong>les ressorts EVA absorbent les vibrations et minimisent les vibrations pour une coupe plus nette. Les plumes ne sont pas d\u00e9figurantes. Les plumes EVA ne sont pas nocives pour les lames de scie en carbure ou les couteaux en cas de contact accidentel. La pinces \u00e0 ressort ne sont pas d\u00e9figurantes. La pince \u00e0 ressort EVA ne sont pas nocives pour les lames de scie ou les couteaux en carbure en cas de contact accidentel.<\/li>\r\n \t<li><strong>POLYVALENT:<\/strong>Les ressorts sont r\u00e9versibles, rempla\u00e7ables et interchangeables. Essayez notre UltraFLEX Feather pour plus de commentaires sur la sensibilit\u00e9.<\/li>\r\n<\/ul>","standaard_uitrusting":"Par pi\u00e8ce","downloads":[{"bestand":""}],"out_of_stock_message":"","video":"https:\/\/www.youtube.com\/watch?v=41H-Fd1oDJQ"},"yoast_head":"<!-- This site is optimized with the Yoast SEO plugin v26.8 - https:\/\/yoast.com\/product\/yoast-seo-wordpress\/ -->\n<title>BOW Portable Saw Featherboard presseur peigne - Tendotools<\/title>\n<meta name=\"description\" content=\"La presseur peigne pour scie portative BOW se caract\u00e9rise par l&#039;utilisation innovante de mousse EVA haute densit\u00e9, de peignes en mousse et d&#039;un syst\u00e8me de serrage. A utiliser sur les fraiseuses.\" \/>\n<meta name=\"robots\" content=\"index, follow, max-snippet:-1, max-image-preview:large, max-video-preview:-1\" \/>\n<link rel=\"canonical\" href=\"https:\/\/tendotools.com\/fr\/produit\/bow-portable-saw-featherboard-presseur-peigne\/\" \/>\n<meta property=\"og:locale\" content=\"fr_FR\" \/>\n<meta property=\"og:type\" content=\"article\" \/>\n<meta property=\"og:title\" content=\"BOW Portable Saw Featherboard presseur peigne - Tendotools\" \/>\n<meta property=\"og:description\" content=\"La presseur peigne pour scie portative BOW se caract\u00e9rise par l&#039;utilisation innovante de mousse EVA haute densit\u00e9, de peignes en mousse et d&#039;un syst\u00e8me de serrage. A utiliser sur les fraiseuses.\" \/>\n<meta property=\"og:url\" content=\"https:\/\/tendotools.com\/fr\/produit\/bow-portable-saw-featherboard-presseur-peigne\/\" \/>\n<meta property=\"og:site_name\" content=\"Tendotools\" \/>\n<meta property=\"article:modified_time\" content=\"2023-07-10T14:56:25+00:00\" \/>\n<meta property=\"og:image\" content=\"https:\/\/tendotools.com\/wp-content\/uploads\/2023\/07\/63110_1.jpg\" \/>\n\t<meta property=\"og:image:width\" content=\"1000\" \/>\n\t<meta property=\"og:image:height\" content=\"720\" \/>\n\t<meta property=\"og:image:type\" content=\"image\/jpeg\" \/>\n<meta name=\"twitter:card\" content=\"summary_large_image\" \/>\n<meta name=\"twitter:label1\" content=\"Dur\u00e9e de lecture estim\u00e9e\" \/>\n\t<meta name=\"twitter:data1\" content=\"1 minute\" \/>\n<script type=\"application\/ld+json\" class=\"yoast-schema-graph\">{\"@context\":\"https:\/\/schema.org\",\"@graph\":[{\"@type\":\"WebPage\",\"@id\":\"https:\/\/tendotools.com\/fr\/produit\/bow-portable-saw-featherboard-presseur-peigne\/\",\"url\":\"https:\/\/tendotools.com\/fr\/produit\/bow-portable-saw-featherboard-presseur-peigne\/\",\"name\":\"BOW Portable Saw Featherboard presseur peigne - Tendotools\",\"isPartOf\":{\"@id\":\"https:\/\/tendotools.com\/fr\/#website\"},\"primaryImageOfPage\":{\"@id\":\"https:\/\/tendotools.com\/fr\/produit\/bow-portable-saw-featherboard-presseur-peigne\/#primaryimage\"},\"image\":{\"@id\":\"https:\/\/tendotools.com\/fr\/produit\/bow-portable-saw-featherboard-presseur-peigne\/#primaryimage\"},\"thumbnailUrl\":\"https:\/\/tendotools.com\/wp-content\/uploads\/2023\/07\/63110_1.jpg\",\"datePublished\":\"2023-07-10T14:38:32+00:00\",\"dateModified\":\"2023-07-10T14:56:25+00:00\",\"description\":\"La presseur peigne pour scie portative BOW se caract\u00e9rise par l'utilisation innovante de mousse EVA haute densit\u00e9, de peignes en mousse et d'un syst\u00e8me de serrage. A utiliser sur les fraiseuses.\",\"breadcrumb\":{\"@id\":\"https:\/\/tendotools.com\/fr\/produit\/bow-portable-saw-featherboard-presseur-peigne\/#breadcrumb\"},\"inLanguage\":\"fr-FR\",\"potentialAction\":[{\"@type\":\"ReadAction\",\"target\":[\"https:\/\/tendotools.com\/fr\/produit\/bow-portable-saw-featherboard-presseur-peigne\/\"]}]},{\"@type\":\"ImageObject\",\"inLanguage\":\"fr-FR\",\"@id\":\"https:\/\/tendotools.com\/fr\/produit\/bow-portable-saw-featherboard-presseur-peigne\/#primaryimage\",\"url\":\"https:\/\/tendotools.com\/wp-content\/uploads\/2023\/07\/63110_1.jpg\",\"contentUrl\":\"https:\/\/tendotools.com\/wp-content\/uploads\/2023\/07\/63110_1.jpg\",\"width\":1000,\"height\":720},{\"@type\":\"BreadcrumbList\",\"@id\":\"https:\/\/tendotools.com\/fr\/produit\/bow-portable-saw-featherboard-presseur-peigne\/#breadcrumb\",\"itemListElement\":[{\"@type\":\"ListItem\",\"position\":1,\"name\":\"Home\",\"item\":\"https:\/\/tendotools.com\/fr\/\"},{\"@type\":\"ListItem\",\"position\":2,\"name\":\"Shop\",\"item\":\"https:\/\/tendotools.com\/fr\/boutique\/\"},{\"@type\":\"ListItem\",\"position\":3,\"name\":\"BOW Portable Saw Featherboard presseur peigne\"}]},{\"@type\":\"WebSite\",\"@id\":\"https:\/\/tendotools.com\/fr\/#website\",\"url\":\"https:\/\/tendotools.com\/fr\/\",\"name\":\"Tendotools\",\"description\":\"\",\"publisher\":{\"@id\":\"https:\/\/tendotools.com\/fr\/#organization\"},\"potentialAction\":[{\"@type\":\"SearchAction\",\"target\":{\"@type\":\"EntryPoint\",\"urlTemplate\":\"https:\/\/tendotools.com\/fr\/?s={search_term_string}\"},\"query-input\":{\"@type\":\"PropertyValueSpecification\",\"valueRequired\":true,\"valueName\":\"search_term_string\"}}],\"inLanguage\":\"fr-FR\"},{\"@type\":\"Organization\",\"@id\":\"https:\/\/tendotools.com\/fr\/#organization\",\"name\":\"Tendotools\",\"url\":\"https:\/\/tendotools.com\/fr\/\",\"logo\":{\"@type\":\"ImageObject\",\"inLanguage\":\"fr-FR\",\"@id\":\"https:\/\/tendotools.com\/fr\/#\/schema\/logo\/image\/\",\"url\":\"https:\/\/tendotools.com\/wp-content\/uploads\/2019\/09\/logo-wit.png\",\"contentUrl\":\"https:\/\/tendotools.com\/wp-content\/uploads\/2019\/09\/logo-wit.png\",\"width\":350,\"height\":84,\"caption\":\"Tendotools\"},\"image\":{\"@id\":\"https:\/\/tendotools.com\/fr\/#\/schema\/logo\/image\/\"}}]}<\/script>\n<!-- \/ Yoast SEO plugin. -->","yoast_head_json":{"title":"BOW Portable Saw Featherboard presseur peigne - Tendotools","description":"La presseur peigne pour scie portative BOW se caract\u00e9rise par l'utilisation innovante de mousse EVA haute densit\u00e9, de peignes en mousse et d'un syst\u00e8me de serrage. A utiliser sur les fraiseuses.","robots":{"index":"index","follow":"follow","max-snippet":"max-snippet:-1","max-image-preview":"max-image-preview:large","max-video-preview":"max-video-preview:-1"},"canonical":"https:\/\/tendotools.com\/fr\/produit\/bow-portable-saw-featherboard-presseur-peigne\/","og_locale":"fr_FR","og_type":"article","og_title":"BOW Portable Saw Featherboard presseur peigne - Tendotools","og_description":"La presseur peigne pour scie portative BOW se caract\u00e9rise par l'utilisation innovante de mousse EVA haute densit\u00e9, de peignes en mousse et d'un syst\u00e8me de serrage. A utiliser sur les fraiseuses.","og_url":"https:\/\/tendotools.com\/fr\/produit\/bow-portable-saw-featherboard-presseur-peigne\/","og_site_name":"Tendotools","article_modified_time":"2023-07-10T14:56:25+00:00","og_image":[{"width":1000,"height":720,"url":"https:\/\/tendotools.com\/wp-content\/uploads\/2023\/07\/63110_1.jpg","type":"image\/jpeg"}],"twitter_card":"summary_large_image","twitter_misc":{"Dur\u00e9e de lecture estim\u00e9e":"1 minute"},"schema":{"@context":"https:\/\/schema.org","@graph":[{"@type":"WebPage","@id":"https:\/\/tendotools.com\/fr\/produit\/bow-portable-saw-featherboard-presseur-peigne\/","url":"https:\/\/tendotools.com\/fr\/produit\/bow-portable-saw-featherboard-presseur-peigne\/","name":"BOW Portable Saw Featherboard presseur peigne - Tendotools","isPartOf":{"@id":"https:\/\/tendotools.com\/fr\/#website"},"primaryImageOfPage":{"@id":"https:\/\/tendotools.com\/fr\/produit\/bow-portable-saw-featherboard-presseur-peigne\/#primaryimage"},"image":{"@id":"https:\/\/tendotools.com\/fr\/produit\/bow-portable-saw-featherboard-presseur-peigne\/#primaryimage"},"thumbnailUrl":"https:\/\/tendotools.com\/wp-content\/uploads\/2023\/07\/63110_1.jpg","datePublished":"2023-07-10T14:38:32+00:00","dateModified":"2023-07-10T14:56:25+00:00","description":"La presseur peigne pour scie portative BOW se caract\u00e9rise par l'utilisation innovante de mousse EVA haute densit\u00e9, de peignes en mousse et d'un syst\u00e8me de serrage. A utiliser sur les fraiseuses.","breadcrumb":{"@id":"https:\/\/tendotools.com\/fr\/produit\/bow-portable-saw-featherboard-presseur-peigne\/#breadcrumb"},"inLanguage":"fr-FR","potentialAction":[{"@type":"ReadAction","target":["https:\/\/tendotools.com\/fr\/produit\/bow-portable-saw-featherboard-presseur-peigne\/"]}]},{"@type":"ImageObject","inLanguage":"fr-FR","@id":"https:\/\/tendotools.com\/fr\/produit\/bow-portable-saw-featherboard-presseur-peigne\/#primaryimage","url":"https:\/\/tendotools.com\/wp-content\/uploads\/2023\/07\/63110_1.jpg","contentUrl":"https:\/\/tendotools.com\/wp-content\/uploads\/2023\/07\/63110_1.jpg","width":1000,"height":720},{"@type":"BreadcrumbList","@id":"https:\/\/tendotools.com\/fr\/produit\/bow-portable-saw-featherboard-presseur-peigne\/#breadcrumb","itemListElement":[{"@type":"ListItem","position":1,"name":"Home","item":"https:\/\/tendotools.com\/fr\/"},{"@type":"ListItem","position":2,"name":"Shop","item":"https:\/\/tendotools.com\/fr\/boutique\/"},{"@type":"ListItem","position":3,"name":"BOW Portable Saw Featherboard presseur peigne"}]},{"@type":"WebSite","@id":"https:\/\/tendotools.com\/fr\/#website","url":"https:\/\/tendotools.com\/fr\/","name":"Tendotools","description":"","publisher":{"@id":"https:\/\/tendotools.com\/fr\/#organization"},"potentialAction":[{"@type":"SearchAction","target":{"@type":"EntryPoint","urlTemplate":"https:\/\/tendotools.com\/fr\/?s={search_term_string}"},"query-input":{"@type":"PropertyValueSpecification","valueRequired":true,"valueName":"search_term_string"}}],"inLanguage":"fr-FR"},{"@type":"Organization","@id":"https:\/\/tendotools.com\/fr\/#organization","name":"Tendotools","url":"https:\/\/tendotools.com\/fr\/","logo":{"@type":"ImageObject","inLanguage":"fr-FR","@id":"https:\/\/tendotools.com\/fr\/#\/schema\/logo\/image\/","url":"https:\/\/tendotools.com\/wp-content\/uploads\/2019\/09\/logo-wit.png","contentUrl":"https:\/\/tendotools.com\/wp-content\/uploads\/2019\/09\/logo-wit.png","width":350,"height":84,"caption":"Tendotools"},"image":{"@id":"https:\/\/tendotools.com\/fr\/#\/schema\/logo\/image\/"}}]}},"brands":[{"id":3412,"name":"Piher","slug":"piher-fr"}],"_links":{"self":[{"href":"https:\/\/tendotools.com\/fr\/wp-json\/wp\/v2\/product\/51814","targetHints":{"allow":["GET"]}}],"collection":[{"href":"https:\/\/tendotools.com\/fr\/wp-json\/wp\/v2\/product"}],"about":[{"href":"https:\/\/tendotools.com\/fr\/wp-json\/wp\/v2\/types\/product"}],"replies":[{"embeddable":true,"href":"https:\/\/tendotools.com\/fr\/wp-json\/wp\/v2\/comments?post=51814"}],"wp:featuredmedia":[{"embeddable":true,"href":"https:\/\/tendotools.com\/fr\/wp-json\/wp\/v2\/media\/51817"}],"wp:attachment":[{"href":"https:\/\/tendotools.com\/fr\/wp-json\/wp\/v2\/media?parent=51814"}],"wp:term":[{"taxonomy":"pwb-brand","embeddable":true,"href":"https:\/\/tendotools.com\/fr\/wp-json\/wp\/v2\/pwb-brand?post=51814"},{"taxonomy":"product_brand","embeddable":true,"href":"https:\/\/tendotools.com\/fr\/wp-json\/wp\/v2\/product_brand?post=51814"},{"taxonomy":"product_cat","embeddable":true,"href":"https:\/\/tendotools.com\/fr\/wp-json\/wp\/v2\/product_cat?post=51814"},{"taxonomy":"product_tag","embeddable":true,"href":"https:\/\/tendotools.com\/fr\/wp-json\/wp\/v2\/product_tag?post=51814"}],"curies":[{"name":"wp","href":"https:\/\/api.w.org\/{rel}","templated":true}]}}