{"id":52685,"date":"2023-09-18T17:30:01","date_gmt":"2023-09-18T15:30:01","guid":{"rendered":"https:\/\/tendotools.com\/?post_type=product&#038;p=52685"},"modified":"2023-09-19T08:58:38","modified_gmt":"2023-09-19T06:58:38","slug":"outlet-adamik-table-a-vide-pneumatique-vc-5","status":"publish","type":"product","link":"https:\/\/tendotools.com\/fr\/produit\/outlet-adamik-table-a-vide-pneumatique-vc-5\/","title":{"rendered":"OUTLET | Adamik Table \u00e0 vide pneumatique VC-5"},"content":{"rendered":"<p>La ventouse ADAMIK VC-5 est une ventouse double face qui se fixe \u00e0 l&#8217;\u00e9tabli par simple pression. Gr\u00e2ce \u00e0 cette technologie, il est facile de modifier les dimensions de la surface usin\u00e9e. La ventouse VC-5 est con\u00e7ue pour serrer des pi\u00e8ces non poreuses pendant le banderolage, le fraisage, la coupe, le meulage, le per\u00e7age, etc.<\/p>\n<p>Le grand avantage de la ventouse VC-5 est la m\u00e9thode de cr\u00e9ation d&#8217;un vide \u00e0 l&#8217;aide du syst\u00e8me Venturi, qui comprime la pi\u00e8ce \u00e0 l&#8217;aide de l&#8217;air comprim\u00e9 d&#8217;un compresseur conventionnel.<\/p>\n<p>La ventouse peut \u00eatre utilis\u00e9e aussi bien horizontalement que verticalement.<\/p>\n","protected":false},"excerpt":{"rendered":"<p><strong>Derni\u00e8res pi\u00e8ces !<\/strong><\/p>\n<p>De ADAMIK VC-5 is een dubbelzijdige zuignap die je eenvoudig op de werkbank drukt. Gr\u00e2ce \u00e0 cette technologie, il est facile de modifier les dimensions de la surface usin\u00e9e. La ventouse VC-5 est con\u00e7ue pour serrer des pi\u00e8ces non poreuses pendant le banderolage, le fraisage, la coupe, le meulage, le per\u00e7age, etc.<\/p>\n<p>Le grand avantage de la ventouse VC-5 est la m\u00e9thode de cr\u00e9ation d&#8217;un vide \u00e0 l&#8217;aide du syst\u00e8me Venturi, qui comprime la pi\u00e8ce \u00e0 l&#8217;aide de l&#8217;air comprim\u00e9 d&#8217;un compresseur conventionnel.<\/p>\n<p>La ventouse peut \u00eatre utilis\u00e9e aussi bien horizontalement que verticalement.<\/p>\n","protected":false},"featured_media":52691,"comment_status":"open","ping_status":"closed","template":"","meta":{"_acf_changed":false,"_crsspst_to_pihertendotoolscom":false,"_crsspst_to_piherbe":false,"inline_featured_image":false},"pwb-brand":[],"product_brand":[],"product_cat":[377],"product_tag":[],"class_list":{"0":"post-52685","1":"product","2":"type-product","3":"status-publish","4":"has-post-thumbnail","6":"product_cat-outlet-fr","7":"product_shipping_class-regulier-desambiguation","9":"first","10":"instock","11":"sale","12":"taxable","13":"shipping-taxable","14":"purchasable","15":"product-type-simple"},"group_of_quantity":0,"min_quantity":0,"max_quantity":"","exclude_order_quantity_value_rules":"no","exclude_category_quantity_rules":"no","combine_variations":"no","acf":{"composite_product":null,"belangrijkste_eigenschappen":"<ul>\r\n \t<li>Table \u00e0 vide pneumatique<\/li>\r\n \t<li>Compresseur externe<\/li>\r\n \t<li>A la fois horizontalement et verticalement<\/li>\r\n \t<li>\u00c9vite d'endommager la pi\u00e8ce<\/li>\r\n<\/ul>","standaard_uitrusting":"Par pi\u00e8ce, tube transparent et raccord rapide 1\/4\", jeu de trois joints en caoutchouc, un joint en caoutchouc standard sur la table","downloads":null,"out_of_stock_message":"","video":"https:\/\/www.youtube.com\/watch?v=mcESErcq1no"},"yoast_head":"<!-- This site is optimized with the Yoast SEO plugin v26.8 - https:\/\/yoast.com\/product\/yoast-seo-wordpress\/ -->\n<title>OUTLET | Adamik Table \u00e0 vide pneumatique VC-5 - Tendotools<\/title>\n<meta name=\"description\" content=\"Cette table \u00e0 vide pneumatique est con\u00e7ue pour serrer des pi\u00e8ces lisses et non poreuses. Connexion \u00e0 un compresseur externe.\" \/>\n<meta name=\"robots\" content=\"index, follow, max-snippet:-1, max-image-preview:large, max-video-preview:-1\" \/>\n<link rel=\"canonical\" href=\"https:\/\/tendotools.com\/fr\/produit\/outlet-adamik-table-a-vide-pneumatique-vc-5\/\" \/>\n<meta property=\"og:locale\" content=\"fr_FR\" \/>\n<meta property=\"og:type\" content=\"article\" \/>\n<meta property=\"og:title\" content=\"OUTLET | Adamik Table \u00e0 vide pneumatique VC-5 - Tendotools\" \/>\n<meta property=\"og:description\" content=\"Cette table \u00e0 vide pneumatique est con\u00e7ue pour serrer des pi\u00e8ces lisses et non poreuses. Connexion \u00e0 un compresseur externe.\" \/>\n<meta property=\"og:url\" content=\"https:\/\/tendotools.com\/fr\/produit\/outlet-adamik-table-a-vide-pneumatique-vc-5\/\" \/>\n<meta property=\"og:site_name\" content=\"Tendotools\" \/>\n<meta property=\"article:modified_time\" content=\"2023-09-19T06:58:38+00:00\" \/>\n<meta property=\"og:image\" content=\"https:\/\/tendotools.com\/wp-content\/uploads\/2023\/09\/20230802_105543-scaled.jpg\" \/>\n\t<meta property=\"og:image:width\" content=\"2560\" \/>\n\t<meta property=\"og:image:height\" content=\"1920\" \/>\n\t<meta property=\"og:image:type\" content=\"image\/jpeg\" \/>\n<meta name=\"twitter:card\" content=\"summary_large_image\" \/>\n<meta name=\"twitter:label1\" content=\"Dur\u00e9e de lecture estim\u00e9e\" \/>\n\t<meta name=\"twitter:data1\" content=\"1 minute\" \/>\n<script type=\"application\/ld+json\" class=\"yoast-schema-graph\">{\"@context\":\"https:\/\/schema.org\",\"@graph\":[{\"@type\":\"WebPage\",\"@id\":\"https:\/\/tendotools.com\/fr\/produit\/outlet-adamik-table-a-vide-pneumatique-vc-5\/\",\"url\":\"https:\/\/tendotools.com\/fr\/produit\/outlet-adamik-table-a-vide-pneumatique-vc-5\/\",\"name\":\"OUTLET | Adamik Table \u00e0 vide pneumatique VC-5 - Tendotools\",\"isPartOf\":{\"@id\":\"https:\/\/tendotools.com\/fr\/#website\"},\"primaryImageOfPage\":{\"@id\":\"https:\/\/tendotools.com\/fr\/produit\/outlet-adamik-table-a-vide-pneumatique-vc-5\/#primaryimage\"},\"image\":{\"@id\":\"https:\/\/tendotools.com\/fr\/produit\/outlet-adamik-table-a-vide-pneumatique-vc-5\/#primaryimage\"},\"thumbnailUrl\":\"https:\/\/tendotools.com\/wp-content\/uploads\/2023\/09\/20230802_105543-scaled.jpg\",\"datePublished\":\"2023-09-18T15:30:01+00:00\",\"dateModified\":\"2023-09-19T06:58:38+00:00\",\"description\":\"Cette table \u00e0 vide pneumatique est con\u00e7ue pour serrer des pi\u00e8ces lisses et non poreuses. Connexion \u00e0 un compresseur externe.\",\"breadcrumb\":{\"@id\":\"https:\/\/tendotools.com\/fr\/produit\/outlet-adamik-table-a-vide-pneumatique-vc-5\/#breadcrumb\"},\"inLanguage\":\"fr-FR\",\"potentialAction\":[{\"@type\":\"ReadAction\",\"target\":[\"https:\/\/tendotools.com\/fr\/produit\/outlet-adamik-table-a-vide-pneumatique-vc-5\/\"]}]},{\"@type\":\"ImageObject\",\"inLanguage\":\"fr-FR\",\"@id\":\"https:\/\/tendotools.com\/fr\/produit\/outlet-adamik-table-a-vide-pneumatique-vc-5\/#primaryimage\",\"url\":\"https:\/\/tendotools.com\/wp-content\/uploads\/2023\/09\/20230802_105543-scaled.jpg\",\"contentUrl\":\"https:\/\/tendotools.com\/wp-content\/uploads\/2023\/09\/20230802_105543-scaled.jpg\",\"width\":2560,\"height\":1920},{\"@type\":\"BreadcrumbList\",\"@id\":\"https:\/\/tendotools.com\/fr\/produit\/outlet-adamik-table-a-vide-pneumatique-vc-5\/#breadcrumb\",\"itemListElement\":[{\"@type\":\"ListItem\",\"position\":1,\"name\":\"Home\",\"item\":\"https:\/\/tendotools.com\/fr\/\"},{\"@type\":\"ListItem\",\"position\":2,\"name\":\"Shop\",\"item\":\"https:\/\/tendotools.com\/fr\/boutique\/\"},{\"@type\":\"ListItem\",\"position\":3,\"name\":\"OUTLET | Adamik Table \u00e0 vide pneumatique VC-5\"}]},{\"@type\":\"WebSite\",\"@id\":\"https:\/\/tendotools.com\/fr\/#website\",\"url\":\"https:\/\/tendotools.com\/fr\/\",\"name\":\"Tendotools\",\"description\":\"\",\"publisher\":{\"@id\":\"https:\/\/tendotools.com\/fr\/#organization\"},\"potentialAction\":[{\"@type\":\"SearchAction\",\"target\":{\"@type\":\"EntryPoint\",\"urlTemplate\":\"https:\/\/tendotools.com\/fr\/?s={search_term_string}\"},\"query-input\":{\"@type\":\"PropertyValueSpecification\",\"valueRequired\":true,\"valueName\":\"search_term_string\"}}],\"inLanguage\":\"fr-FR\"},{\"@type\":\"Organization\",\"@id\":\"https:\/\/tendotools.com\/fr\/#organization\",\"name\":\"Tendotools\",\"url\":\"https:\/\/tendotools.com\/fr\/\",\"logo\":{\"@type\":\"ImageObject\",\"inLanguage\":\"fr-FR\",\"@id\":\"https:\/\/tendotools.com\/fr\/#\/schema\/logo\/image\/\",\"url\":\"https:\/\/tendotools.com\/wp-content\/uploads\/2019\/09\/logo-wit.png\",\"contentUrl\":\"https:\/\/tendotools.com\/wp-content\/uploads\/2019\/09\/logo-wit.png\",\"width\":350,\"height\":84,\"caption\":\"Tendotools\"},\"image\":{\"@id\":\"https:\/\/tendotools.com\/fr\/#\/schema\/logo\/image\/\"}}]}<\/script>\n<!-- \/ Yoast SEO plugin. -->","yoast_head_json":{"title":"OUTLET | Adamik Table \u00e0 vide pneumatique VC-5 - Tendotools","description":"Cette table \u00e0 vide pneumatique est con\u00e7ue pour serrer des pi\u00e8ces lisses et non poreuses. Connexion \u00e0 un compresseur externe.","robots":{"index":"index","follow":"follow","max-snippet":"max-snippet:-1","max-image-preview":"max-image-preview:large","max-video-preview":"max-video-preview:-1"},"canonical":"https:\/\/tendotools.com\/fr\/produit\/outlet-adamik-table-a-vide-pneumatique-vc-5\/","og_locale":"fr_FR","og_type":"article","og_title":"OUTLET | Adamik Table \u00e0 vide pneumatique VC-5 - Tendotools","og_description":"Cette table \u00e0 vide pneumatique est con\u00e7ue pour serrer des pi\u00e8ces lisses et non poreuses. Connexion \u00e0 un compresseur externe.","og_url":"https:\/\/tendotools.com\/fr\/produit\/outlet-adamik-table-a-vide-pneumatique-vc-5\/","og_site_name":"Tendotools","article_modified_time":"2023-09-19T06:58:38+00:00","og_image":[{"width":2560,"height":1920,"url":"https:\/\/tendotools.com\/wp-content\/uploads\/2023\/09\/20230802_105543-scaled.jpg","type":"image\/jpeg"}],"twitter_card":"summary_large_image","twitter_misc":{"Dur\u00e9e de lecture estim\u00e9e":"1 minute"},"schema":{"@context":"https:\/\/schema.org","@graph":[{"@type":"WebPage","@id":"https:\/\/tendotools.com\/fr\/produit\/outlet-adamik-table-a-vide-pneumatique-vc-5\/","url":"https:\/\/tendotools.com\/fr\/produit\/outlet-adamik-table-a-vide-pneumatique-vc-5\/","name":"OUTLET | Adamik Table \u00e0 vide pneumatique VC-5 - Tendotools","isPartOf":{"@id":"https:\/\/tendotools.com\/fr\/#website"},"primaryImageOfPage":{"@id":"https:\/\/tendotools.com\/fr\/produit\/outlet-adamik-table-a-vide-pneumatique-vc-5\/#primaryimage"},"image":{"@id":"https:\/\/tendotools.com\/fr\/produit\/outlet-adamik-table-a-vide-pneumatique-vc-5\/#primaryimage"},"thumbnailUrl":"https:\/\/tendotools.com\/wp-content\/uploads\/2023\/09\/20230802_105543-scaled.jpg","datePublished":"2023-09-18T15:30:01+00:00","dateModified":"2023-09-19T06:58:38+00:00","description":"Cette table \u00e0 vide pneumatique est con\u00e7ue pour serrer des pi\u00e8ces lisses et non poreuses. Connexion \u00e0 un compresseur externe.","breadcrumb":{"@id":"https:\/\/tendotools.com\/fr\/produit\/outlet-adamik-table-a-vide-pneumatique-vc-5\/#breadcrumb"},"inLanguage":"fr-FR","potentialAction":[{"@type":"ReadAction","target":["https:\/\/tendotools.com\/fr\/produit\/outlet-adamik-table-a-vide-pneumatique-vc-5\/"]}]},{"@type":"ImageObject","inLanguage":"fr-FR","@id":"https:\/\/tendotools.com\/fr\/produit\/outlet-adamik-table-a-vide-pneumatique-vc-5\/#primaryimage","url":"https:\/\/tendotools.com\/wp-content\/uploads\/2023\/09\/20230802_105543-scaled.jpg","contentUrl":"https:\/\/tendotools.com\/wp-content\/uploads\/2023\/09\/20230802_105543-scaled.jpg","width":2560,"height":1920},{"@type":"BreadcrumbList","@id":"https:\/\/tendotools.com\/fr\/produit\/outlet-adamik-table-a-vide-pneumatique-vc-5\/#breadcrumb","itemListElement":[{"@type":"ListItem","position":1,"name":"Home","item":"https:\/\/tendotools.com\/fr\/"},{"@type":"ListItem","position":2,"name":"Shop","item":"https:\/\/tendotools.com\/fr\/boutique\/"},{"@type":"ListItem","position":3,"name":"OUTLET | Adamik Table \u00e0 vide pneumatique VC-5"}]},{"@type":"WebSite","@id":"https:\/\/tendotools.com\/fr\/#website","url":"https:\/\/tendotools.com\/fr\/","name":"Tendotools","description":"","publisher":{"@id":"https:\/\/tendotools.com\/fr\/#organization"},"potentialAction":[{"@type":"SearchAction","target":{"@type":"EntryPoint","urlTemplate":"https:\/\/tendotools.com\/fr\/?s={search_term_string}"},"query-input":{"@type":"PropertyValueSpecification","valueRequired":true,"valueName":"search_term_string"}}],"inLanguage":"fr-FR"},{"@type":"Organization","@id":"https:\/\/tendotools.com\/fr\/#organization","name":"Tendotools","url":"https:\/\/tendotools.com\/fr\/","logo":{"@type":"ImageObject","inLanguage":"fr-FR","@id":"https:\/\/tendotools.com\/fr\/#\/schema\/logo\/image\/","url":"https:\/\/tendotools.com\/wp-content\/uploads\/2019\/09\/logo-wit.png","contentUrl":"https:\/\/tendotools.com\/wp-content\/uploads\/2019\/09\/logo-wit.png","width":350,"height":84,"caption":"Tendotools"},"image":{"@id":"https:\/\/tendotools.com\/fr\/#\/schema\/logo\/image\/"}}]}},"brands":[],"_links":{"self":[{"href":"https:\/\/tendotools.com\/fr\/wp-json\/wp\/v2\/product\/52685","targetHints":{"allow":["GET"]}}],"collection":[{"href":"https:\/\/tendotools.com\/fr\/wp-json\/wp\/v2\/product"}],"about":[{"href":"https:\/\/tendotools.com\/fr\/wp-json\/wp\/v2\/types\/product"}],"replies":[{"embeddable":true,"href":"https:\/\/tendotools.com\/fr\/wp-json\/wp\/v2\/comments?post=52685"}],"wp:featuredmedia":[{"embeddable":true,"href":"https:\/\/tendotools.com\/fr\/wp-json\/wp\/v2\/media\/52691"}],"wp:attachment":[{"href":"https:\/\/tendotools.com\/fr\/wp-json\/wp\/v2\/media?parent=52685"}],"wp:term":[{"taxonomy":"pwb-brand","embeddable":true,"href":"https:\/\/tendotools.com\/fr\/wp-json\/wp\/v2\/pwb-brand?post=52685"},{"taxonomy":"product_brand","embeddable":true,"href":"https:\/\/tendotools.com\/fr\/wp-json\/wp\/v2\/product_brand?post=52685"},{"taxonomy":"product_cat","embeddable":true,"href":"https:\/\/tendotools.com\/fr\/wp-json\/wp\/v2\/product_cat?post=52685"},{"taxonomy":"product_tag","embeddable":true,"href":"https:\/\/tendotools.com\/fr\/wp-json\/wp\/v2\/product_tag?post=52685"}],"curies":[{"name":"wp","href":"https:\/\/api.w.org\/{rel}","templated":true}]}}