{"id":52730,"date":"2023-09-19T11:42:50","date_gmt":"2023-09-19T09:42:50","guid":{"rendered":"https:\/\/tendotools.com\/?post_type=product&#038;p=52730"},"modified":"2023-09-19T11:47:50","modified_gmt":"2023-09-19T09:47:50","slug":"outlet-toupie-itamac-eagle-hw300e-sl","status":"publish","type":"product","link":"https:\/\/tendotools.com\/fr\/produit\/outlet-toupie-itamac-eagle-hw300e-sl\/","title":{"rendered":"OUTLET | Toupie ITAMAC Eagle HW300E SL"},"content":{"rendered":"<p>La s\u00e9rie Itamac Eagle est constitu\u00e9e de toupies de haute qualit\u00e9, sp\u00e9cialement con\u00e7ues pour les applications professionnelles de fraisage. Con\u00e7ue dans un souci de fonctionnalit\u00e9 et de confort, cette machine poss\u00e8de toutes les caract\u00e9ristiques possibles pour une fraiseuse de cette cat\u00e9gorie. \u00c9quip\u00e9 d&#8217;un ch\u00e2ssis tr\u00e8s r\u00e9sistant, d&#8217;un solide capot de protection en fonte avec des guides en aluminium et un r\u00e9glage fin. Le puissant moteur de 230V ou 400V fournit 3HP et permet \u00e0 cette table d&#8217;accomplir presque toutes les t\u00e2ches de fraisage. L&#8217;Itamac Eagle HW300E a un arbre de 30 mm. Gr\u00e2ce \u00e0 l&#8217;arbre de fraisage et aux pinces de serrage disponibles en option, la machine peut \u00e9galement \u00eatre utilis\u00e9e pour le profilage \u00e0 l&#8217;aide de fraises. La grande table en fonte garantit la stabilit\u00e9 n\u00e9cessaire pendant le travail. Peut \u00eatre utilis\u00e9 \u00e0 quatre vitesses, avec un panneau de contr\u00f4le centralis\u00e9 au-dessus de la machine.<\/p>\n<p>Ce mod\u00e8le est \u00e9quip\u00e9 d&#8217;un syst\u00e8me de guidage de haute qualit\u00e9 de 1400 mm avec flip-stop.<\/p>\n","protected":false},"excerpt":{"rendered":"<p><strong>Mod\u00e8le de salle d&#8217;expo<br \/>\n230V<\/strong><\/p>\n<p><strong>AVEC DES ACCESSOIRES GRATUITS:<\/strong><br \/>\n<strong>+ ARBRE POUR FRAISES D\u00c9FONCEUSES 8, 10 ET 12 MM<\/strong><br \/>\n<strong>+ ARBRE DE FRAISAGE SUPPL\u00c9MENTAIRE 20 MM<\/strong><br \/>\n<strong>+ BASE MOBILE<\/strong><br \/>\n<strong>+ GUIDE D&#8217;ONGLET<\/strong><\/p>\n<p>La s\u00e9rie Itamac Eagle est constitu\u00e9e de toupies de haute qualit\u00e9, sp\u00e9cialement con\u00e7ues pour les applications professionnelles de fraisage. Con\u00e7ue dans un souci de fonctionnalit\u00e9 et de confort, cette machine poss\u00e8de toutes les caract\u00e9ristiques possibles pour une fraiseuse de cette cat\u00e9gorie. \u00c9quip\u00e9 d&#8217;un ch\u00e2ssis tr\u00e8s r\u00e9sistant, d&#8217;un solide capot de protection en fonte avec des guides en aluminium et un r\u00e9glage fin. Le puissant moteur de 230V ou 400V fournit 3HP et permet \u00e0 cette table d&#8217;accomplir presque toutes les t\u00e2ches de fraisage. L&#8217;Itamac Eagle HW300E a un arbre de 30 mm. Gr\u00e2ce \u00e0 l&#8217;arbre de fraisage et aux pinces de serrage disponibles en option, la machine peut \u00e9galement \u00eatre utilis\u00e9e pour le profilage \u00e0 l&#8217;aide de fraises. La grande table en fonte garantit la stabilit\u00e9 n\u00e9cessaire pendant le travail. Peut \u00eatre utilis\u00e9 \u00e0 quatre vitesses, avec un panneau de contr\u00f4le centralis\u00e9 au-dessus de la machine.<\/p>\n<p>Ce mod\u00e8le est \u00e9quip\u00e9 d&#8217;un syst\u00e8me de guidage de haute qualit\u00e9 de 1400 mm avec flip-stop.<\/p>\n","protected":false},"featured_media":52735,"comment_status":"open","ping_status":"closed","template":"","meta":{"_acf_changed":false,"_crsspst_to_pihertendotoolscom":false,"_crsspst_to_piherbe":false,"inline_featured_image":false},"pwb-brand":[3420],"product_brand":[],"product_cat":[377],"product_tag":[],"class_list":{"0":"post-52730","1":"product","2":"type-product","3":"status-publish","4":"has-post-thumbnail","6":"pwb-brand-itamac-fr","7":"product_cat-outlet-fr","8":"product_shipping_class-regulier-desambiguation","10":"first","11":"instock","12":"sale","13":"taxable","14":"shipping-taxable","15":"purchasable","16":"product-type-simple"},"group_of_quantity":0,"min_quantity":0,"max_quantity":"","exclude_order_quantity_value_rules":"no","exclude_category_quantity_rules":"no","combine_variations":"no","acf":{"composite_product":null,"belangrijkste_eigenschappen":"<ul>\r\n \t<li>Toupie \u00e0 arbre 30mm<\/li>\r\n \t<li>Moteur \u00e0 induction 230 V ou 400 V, 3 CV<\/li>\r\n \t<li>Syst\u00e8me coulissant 1400 mm<\/li>\r\n \t<li>Quatre vitesses<\/li>\r\n \t<li>Fraisage universel<\/li>\r\n \t<li>Panneau de contr\u00f4le central<\/li>\r\n \t<li>Table de travail en fonte<\/li>\r\n \t<li>Conception robuste<\/li>\r\n \t<li>Ch\u00e2ssis lourd<\/li>\r\n \t<li>Option: broche suppl\u00e9mentaire pour le d\u00e9fon\u00e7age (profilage)<\/li>\r\n<\/ul>","standaard_uitrusting":"par pi\u00e8ce","downloads":null,"out_of_stock_message":"","video":""},"yoast_head":"<!-- This site is optimized with the Yoast SEO plugin v26.8 - https:\/\/yoast.com\/product\/yoast-seo-wordpress\/ -->\n<title>OUTLET | Toupie ITAMAC Eagle HW300E SL - Tendotools<\/title>\n<meta name=\"description\" content=\"Les s\u00e9ries ITAMAC Eagle sont des fraiseuses de haute qualit\u00e9, sp\u00e9cialement con\u00e7ues pour les applications professionnelles de fraisage.\" \/>\n<meta name=\"robots\" content=\"index, follow, max-snippet:-1, max-image-preview:large, max-video-preview:-1\" \/>\n<link rel=\"canonical\" href=\"https:\/\/tendotools.com\/fr\/produit\/outlet-toupie-itamac-eagle-hw300e-sl\/\" \/>\n<meta property=\"og:locale\" content=\"fr_FR\" \/>\n<meta property=\"og:type\" content=\"article\" \/>\n<meta property=\"og:title\" content=\"OUTLET | Toupie ITAMAC Eagle HW300E SL - Tendotools\" \/>\n<meta property=\"og:description\" content=\"Les s\u00e9ries ITAMAC Eagle sont des fraiseuses de haute qualit\u00e9, sp\u00e9cialement con\u00e7ues pour les applications professionnelles de fraisage.\" \/>\n<meta property=\"og:url\" content=\"https:\/\/tendotools.com\/fr\/produit\/outlet-toupie-itamac-eagle-hw300e-sl\/\" \/>\n<meta property=\"og:site_name\" content=\"Tendotools\" \/>\n<meta property=\"article:modified_time\" content=\"2023-09-19T09:47:50+00:00\" \/>\n<meta property=\"og:image\" content=\"https:\/\/tendotools.com\/wp-content\/uploads\/2023\/09\/4550-naar-3640.jpg\" \/>\n\t<meta property=\"og:image:width\" content=\"2016\" \/>\n\t<meta property=\"og:image:height\" content=\"1512\" \/>\n\t<meta property=\"og:image:type\" content=\"image\/jpeg\" \/>\n<meta name=\"twitter:card\" content=\"summary_large_image\" \/>\n<meta name=\"twitter:label1\" content=\"Dur\u00e9e de lecture estim\u00e9e\" \/>\n\t<meta name=\"twitter:data1\" content=\"1 minute\" \/>\n<script type=\"application\/ld+json\" class=\"yoast-schema-graph\">{\"@context\":\"https:\/\/schema.org\",\"@graph\":[{\"@type\":\"WebPage\",\"@id\":\"https:\/\/tendotools.com\/fr\/produit\/outlet-toupie-itamac-eagle-hw300e-sl\/\",\"url\":\"https:\/\/tendotools.com\/fr\/produit\/outlet-toupie-itamac-eagle-hw300e-sl\/\",\"name\":\"OUTLET | Toupie ITAMAC Eagle HW300E SL - Tendotools\",\"isPartOf\":{\"@id\":\"https:\/\/tendotools.com\/fr\/#website\"},\"primaryImageOfPage\":{\"@id\":\"https:\/\/tendotools.com\/fr\/produit\/outlet-toupie-itamac-eagle-hw300e-sl\/#primaryimage\"},\"image\":{\"@id\":\"https:\/\/tendotools.com\/fr\/produit\/outlet-toupie-itamac-eagle-hw300e-sl\/#primaryimage\"},\"thumbnailUrl\":\"https:\/\/tendotools.com\/wp-content\/uploads\/2023\/09\/4550-naar-3640.jpg\",\"datePublished\":\"2023-09-19T09:42:50+00:00\",\"dateModified\":\"2023-09-19T09:47:50+00:00\",\"description\":\"Les s\u00e9ries ITAMAC Eagle sont des fraiseuses de haute qualit\u00e9, sp\u00e9cialement con\u00e7ues pour les applications professionnelles de fraisage.\",\"breadcrumb\":{\"@id\":\"https:\/\/tendotools.com\/fr\/produit\/outlet-toupie-itamac-eagle-hw300e-sl\/#breadcrumb\"},\"inLanguage\":\"fr-FR\",\"potentialAction\":[{\"@type\":\"ReadAction\",\"target\":[\"https:\/\/tendotools.com\/fr\/produit\/outlet-toupie-itamac-eagle-hw300e-sl\/\"]}]},{\"@type\":\"ImageObject\",\"inLanguage\":\"fr-FR\",\"@id\":\"https:\/\/tendotools.com\/fr\/produit\/outlet-toupie-itamac-eagle-hw300e-sl\/#primaryimage\",\"url\":\"https:\/\/tendotools.com\/wp-content\/uploads\/2023\/09\/4550-naar-3640.jpg\",\"contentUrl\":\"https:\/\/tendotools.com\/wp-content\/uploads\/2023\/09\/4550-naar-3640.jpg\",\"width\":2016,\"height\":1512},{\"@type\":\"BreadcrumbList\",\"@id\":\"https:\/\/tendotools.com\/fr\/produit\/outlet-toupie-itamac-eagle-hw300e-sl\/#breadcrumb\",\"itemListElement\":[{\"@type\":\"ListItem\",\"position\":1,\"name\":\"Home\",\"item\":\"https:\/\/tendotools.com\/fr\/\"},{\"@type\":\"ListItem\",\"position\":2,\"name\":\"Shop\",\"item\":\"https:\/\/tendotools.com\/fr\/boutique\/\"},{\"@type\":\"ListItem\",\"position\":3,\"name\":\"OUTLET | Toupie ITAMAC Eagle HW300E SL\"}]},{\"@type\":\"WebSite\",\"@id\":\"https:\/\/tendotools.com\/fr\/#website\",\"url\":\"https:\/\/tendotools.com\/fr\/\",\"name\":\"Tendotools\",\"description\":\"\",\"publisher\":{\"@id\":\"https:\/\/tendotools.com\/fr\/#organization\"},\"potentialAction\":[{\"@type\":\"SearchAction\",\"target\":{\"@type\":\"EntryPoint\",\"urlTemplate\":\"https:\/\/tendotools.com\/fr\/?s={search_term_string}\"},\"query-input\":{\"@type\":\"PropertyValueSpecification\",\"valueRequired\":true,\"valueName\":\"search_term_string\"}}],\"inLanguage\":\"fr-FR\"},{\"@type\":\"Organization\",\"@id\":\"https:\/\/tendotools.com\/fr\/#organization\",\"name\":\"Tendotools\",\"url\":\"https:\/\/tendotools.com\/fr\/\",\"logo\":{\"@type\":\"ImageObject\",\"inLanguage\":\"fr-FR\",\"@id\":\"https:\/\/tendotools.com\/fr\/#\/schema\/logo\/image\/\",\"url\":\"https:\/\/tendotools.com\/wp-content\/uploads\/2019\/09\/logo-wit.png\",\"contentUrl\":\"https:\/\/tendotools.com\/wp-content\/uploads\/2019\/09\/logo-wit.png\",\"width\":350,\"height\":84,\"caption\":\"Tendotools\"},\"image\":{\"@id\":\"https:\/\/tendotools.com\/fr\/#\/schema\/logo\/image\/\"}}]}<\/script>\n<!-- \/ Yoast SEO plugin. -->","yoast_head_json":{"title":"OUTLET | Toupie ITAMAC Eagle HW300E SL - Tendotools","description":"Les s\u00e9ries ITAMAC Eagle sont des fraiseuses de haute qualit\u00e9, sp\u00e9cialement con\u00e7ues pour les applications professionnelles de fraisage.","robots":{"index":"index","follow":"follow","max-snippet":"max-snippet:-1","max-image-preview":"max-image-preview:large","max-video-preview":"max-video-preview:-1"},"canonical":"https:\/\/tendotools.com\/fr\/produit\/outlet-toupie-itamac-eagle-hw300e-sl\/","og_locale":"fr_FR","og_type":"article","og_title":"OUTLET | Toupie ITAMAC Eagle HW300E SL - Tendotools","og_description":"Les s\u00e9ries ITAMAC Eagle sont des fraiseuses de haute qualit\u00e9, sp\u00e9cialement con\u00e7ues pour les applications professionnelles de fraisage.","og_url":"https:\/\/tendotools.com\/fr\/produit\/outlet-toupie-itamac-eagle-hw300e-sl\/","og_site_name":"Tendotools","article_modified_time":"2023-09-19T09:47:50+00:00","og_image":[{"width":2016,"height":1512,"url":"https:\/\/tendotools.com\/wp-content\/uploads\/2023\/09\/4550-naar-3640.jpg","type":"image\/jpeg"}],"twitter_card":"summary_large_image","twitter_misc":{"Dur\u00e9e de lecture estim\u00e9e":"1 minute"},"schema":{"@context":"https:\/\/schema.org","@graph":[{"@type":"WebPage","@id":"https:\/\/tendotools.com\/fr\/produit\/outlet-toupie-itamac-eagle-hw300e-sl\/","url":"https:\/\/tendotools.com\/fr\/produit\/outlet-toupie-itamac-eagle-hw300e-sl\/","name":"OUTLET | Toupie ITAMAC Eagle HW300E SL - Tendotools","isPartOf":{"@id":"https:\/\/tendotools.com\/fr\/#website"},"primaryImageOfPage":{"@id":"https:\/\/tendotools.com\/fr\/produit\/outlet-toupie-itamac-eagle-hw300e-sl\/#primaryimage"},"image":{"@id":"https:\/\/tendotools.com\/fr\/produit\/outlet-toupie-itamac-eagle-hw300e-sl\/#primaryimage"},"thumbnailUrl":"https:\/\/tendotools.com\/wp-content\/uploads\/2023\/09\/4550-naar-3640.jpg","datePublished":"2023-09-19T09:42:50+00:00","dateModified":"2023-09-19T09:47:50+00:00","description":"Les s\u00e9ries ITAMAC Eagle sont des fraiseuses de haute qualit\u00e9, sp\u00e9cialement con\u00e7ues pour les applications professionnelles de fraisage.","breadcrumb":{"@id":"https:\/\/tendotools.com\/fr\/produit\/outlet-toupie-itamac-eagle-hw300e-sl\/#breadcrumb"},"inLanguage":"fr-FR","potentialAction":[{"@type":"ReadAction","target":["https:\/\/tendotools.com\/fr\/produit\/outlet-toupie-itamac-eagle-hw300e-sl\/"]}]},{"@type":"ImageObject","inLanguage":"fr-FR","@id":"https:\/\/tendotools.com\/fr\/produit\/outlet-toupie-itamac-eagle-hw300e-sl\/#primaryimage","url":"https:\/\/tendotools.com\/wp-content\/uploads\/2023\/09\/4550-naar-3640.jpg","contentUrl":"https:\/\/tendotools.com\/wp-content\/uploads\/2023\/09\/4550-naar-3640.jpg","width":2016,"height":1512},{"@type":"BreadcrumbList","@id":"https:\/\/tendotools.com\/fr\/produit\/outlet-toupie-itamac-eagle-hw300e-sl\/#breadcrumb","itemListElement":[{"@type":"ListItem","position":1,"name":"Home","item":"https:\/\/tendotools.com\/fr\/"},{"@type":"ListItem","position":2,"name":"Shop","item":"https:\/\/tendotools.com\/fr\/boutique\/"},{"@type":"ListItem","position":3,"name":"OUTLET | Toupie ITAMAC Eagle HW300E SL"}]},{"@type":"WebSite","@id":"https:\/\/tendotools.com\/fr\/#website","url":"https:\/\/tendotools.com\/fr\/","name":"Tendotools","description":"","publisher":{"@id":"https:\/\/tendotools.com\/fr\/#organization"},"potentialAction":[{"@type":"SearchAction","target":{"@type":"EntryPoint","urlTemplate":"https:\/\/tendotools.com\/fr\/?s={search_term_string}"},"query-input":{"@type":"PropertyValueSpecification","valueRequired":true,"valueName":"search_term_string"}}],"inLanguage":"fr-FR"},{"@type":"Organization","@id":"https:\/\/tendotools.com\/fr\/#organization","name":"Tendotools","url":"https:\/\/tendotools.com\/fr\/","logo":{"@type":"ImageObject","inLanguage":"fr-FR","@id":"https:\/\/tendotools.com\/fr\/#\/schema\/logo\/image\/","url":"https:\/\/tendotools.com\/wp-content\/uploads\/2019\/09\/logo-wit.png","contentUrl":"https:\/\/tendotools.com\/wp-content\/uploads\/2019\/09\/logo-wit.png","width":350,"height":84,"caption":"Tendotools"},"image":{"@id":"https:\/\/tendotools.com\/fr\/#\/schema\/logo\/image\/"}}]}},"brands":[{"id":3420,"name":"Itamac","slug":"itamac-fr"}],"_links":{"self":[{"href":"https:\/\/tendotools.com\/fr\/wp-json\/wp\/v2\/product\/52730","targetHints":{"allow":["GET"]}}],"collection":[{"href":"https:\/\/tendotools.com\/fr\/wp-json\/wp\/v2\/product"}],"about":[{"href":"https:\/\/tendotools.com\/fr\/wp-json\/wp\/v2\/types\/product"}],"replies":[{"embeddable":true,"href":"https:\/\/tendotools.com\/fr\/wp-json\/wp\/v2\/comments?post=52730"}],"wp:featuredmedia":[{"embeddable":true,"href":"https:\/\/tendotools.com\/fr\/wp-json\/wp\/v2\/media\/52735"}],"wp:attachment":[{"href":"https:\/\/tendotools.com\/fr\/wp-json\/wp\/v2\/media?parent=52730"}],"wp:term":[{"taxonomy":"pwb-brand","embeddable":true,"href":"https:\/\/tendotools.com\/fr\/wp-json\/wp\/v2\/pwb-brand?post=52730"},{"taxonomy":"product_brand","embeddable":true,"href":"https:\/\/tendotools.com\/fr\/wp-json\/wp\/v2\/product_brand?post=52730"},{"taxonomy":"product_cat","embeddable":true,"href":"https:\/\/tendotools.com\/fr\/wp-json\/wp\/v2\/product_cat?post=52730"},{"taxonomy":"product_tag","embeddable":true,"href":"https:\/\/tendotools.com\/fr\/wp-json\/wp\/v2\/product_tag?post=52730"}],"curies":[{"name":"wp","href":"https:\/\/api.w.org\/{rel}","templated":true}]}}