{"id":53978,"date":"2024-01-20T11:04:43","date_gmt":"2024-01-20T10:04:43","guid":{"rendered":"https:\/\/tendotools.com\/?post_type=product&#038;p=53978"},"modified":"2024-02-01T10:51:20","modified_gmt":"2024-02-01T09:51:20","slug":"durotec-manchons-de-poncage-duro-sleeve-5-pcs","status":"publish","type":"product","link":"https:\/\/tendotools.com\/fr\/produit\/durotec-manchons-de-poncage-duro-sleeve-5-pcs\/","title":{"rendered":"Durotec manchons de pon\u00e7age Duro-Sleeve (5 pcs)"},"content":{"rendered":"<p>Ce manchon abrasif est un choix polyvalent qui convient \u00e0 tous les m\u00e9taux ainsi qu&#8217;aux aciers inoxydables. Il est id\u00e9al pour \u00e9liminer les rayures et poncer les cordons de soudure. Pour utiliser les manchons de pon\u00e7age sur la brosseuse Durotec, les manchons de pon\u00e7age doivent \u00eatre utilis\u00e9s en combinaison avec le rouleau d&#8217;expansion DUROMASTER.<\/p>\n<p>Avec une vitesse de travail maximale de 30 m\/s et une vitesse recommand\u00e9e de 20 m\/s, vous pouvez travailler efficacement sans compromettre la qualit\u00e9. De plus, la bande abrasive est disponible en diff\u00e9rentes granulom\u00e9tries, ce qui vous permet de choisir celle qui r\u00e9pond le mieux \u00e0 vos besoins sp\u00e9cifiques en mati\u00e8re de pon\u00e7age. Cette bande abrasive polyvalente vous permet d&#8217;obtenir des r\u00e9sultats professionnels sur une vari\u00e9t\u00e9 de mat\u00e9riaux et d&#8217;applications.<\/p>\n","protected":false},"excerpt":{"rendered":"<p>Manchons de pon\u00e7age pour montage sur le Durotec <a href=\"https:\/\/tendotools.com\/product\/durotec-expansierol-duro-master\/\"><span style=\"text-decoration: underline;\"><strong>rouleau d&#8217;expansion Duro-Master<\/strong><\/span><\/a>. Id\u00e9al pour le pon\u00e7age de tous les types de m\u00e9taux.<\/p>\n<p>Disponible en diff\u00e9rentes tailles de grains, livr\u00e9 par 5 pi\u00e8ces.<\/p>\n","protected":false},"featured_media":54214,"comment_status":"open","ping_status":"closed","template":"","meta":{"_acf_changed":false,"_crsspst_to_pihertendotoolscom":false,"_crsspst_to_piherbe":false,"inline_featured_image":false},"pwb-brand":[4273],"product_brand":[],"product_cat":[4160,368],"product_tag":[],"class_list":{"0":"post-53978","1":"product","2":"type-product","3":"status-publish","4":"has-post-thumbnail","6":"pwb-brand-durotec-fr","7":"product_cat-ponceuses-et-brosseuses-portatives","8":"product_cat-poncage","9":"product_shipping_class-regulier-desambiguation","11":"first","12":"instock","13":"taxable","14":"shipping-taxable","15":"purchasable","16":"product-type-variable","17":"has-default-attributes"},"group_of_quantity":0,"min_quantity":0,"max_quantity":"","exclude_order_quantity_value_rules":"no","exclude_category_quantity_rules":"no","combine_variations":"no","acf":{"composite_product":null,"belangrijkste_eigenschappen":"<ul>\r\n \t<li>Manchon de pon\u00e7age polyvalent convenant \u00e0 tous les m\u00e9taux et aciers inoxydables.<\/li>\r\n \t<li>Id\u00e9al pour \u00e9liminer les rayures et poncer les cordons de soudure.<\/li>\r\n \t<li>Utiliser en combinaison avec le rouleau d'expansion DUROMASTER sur la machine \u00e0 brosser Durotec.<\/li>\r\n \t<li>Vitesse de travail maximale : 30 m\/s, vitesse recommand\u00e9e : 20 m\/s.<\/li>\r\n \t<li>Disponible en diff\u00e9rentes granulom\u00e9tries (k60, k80, k180) pour des besoins de pon\u00e7age sp\u00e9cifiques.<\/li>\r\n \t<li>R\u00e9sultats professionnels sur divers mat\u00e9riaux et applications.<\/li>\r\n<\/ul>","standaard_uitrusting":"Par 5 pi\u00e8ces","downloads":null,"out_of_stock_message":"","video":"https:\/\/www.youtube.com\/watch?v=ZZ4Vc_gnhvo"},"yoast_head":"<!-- This site is optimized with the Yoast SEO plugin v26.8 - https:\/\/yoast.com\/product\/yoast-seo-wordpress\/ -->\n<title>Durotec manchons de pon\u00e7age Duro-Sleeve (5 pcs) - Tendotools<\/title>\n<meta name=\"description\" content=\"manche de pon\u00e7age pour le pon\u00e7age de tous types de m\u00e9taux. A utiliser sur la machine Durotec en combinaison avec le rouleau d&#039;expansion Duro-Master.\" \/>\n<meta name=\"robots\" content=\"index, follow, max-snippet:-1, max-image-preview:large, max-video-preview:-1\" \/>\n<link rel=\"canonical\" href=\"https:\/\/tendotools.com\/fr\/produit\/durotec-manchons-de-poncage-duro-sleeve-5-pcs\/\" \/>\n<meta property=\"og:locale\" content=\"fr_FR\" \/>\n<meta property=\"og:type\" content=\"article\" \/>\n<meta property=\"og:title\" content=\"Durotec manchons de pon\u00e7age Duro-Sleeve (5 pcs) - Tendotools\" \/>\n<meta property=\"og:description\" content=\"manche de pon\u00e7age pour le pon\u00e7age de tous types de m\u00e9taux. A utiliser sur la machine Durotec en combinaison avec le rouleau d&#039;expansion Duro-Master.\" \/>\n<meta property=\"og:url\" content=\"https:\/\/tendotools.com\/fr\/produit\/durotec-manchons-de-poncage-duro-sleeve-5-pcs\/\" \/>\n<meta property=\"og:site_name\" content=\"Tendotools\" \/>\n<meta property=\"article:modified_time\" content=\"2024-02-01T09:51:20+00:00\" \/>\n<meta property=\"og:image\" content=\"https:\/\/tendotools.com\/wp-content\/uploads\/2024\/01\/Sleeve-5psc-K60.jpg\" \/>\n\t<meta property=\"og:image:width\" content=\"800\" \/>\n\t<meta property=\"og:image:height\" content=\"800\" \/>\n\t<meta property=\"og:image:type\" content=\"image\/jpeg\" \/>\n<meta name=\"twitter:card\" content=\"summary_large_image\" \/>\n<meta name=\"twitter:label1\" content=\"Dur\u00e9e de lecture estim\u00e9e\" \/>\n\t<meta name=\"twitter:data1\" content=\"1 minute\" \/>\n<script type=\"application\/ld+json\" class=\"yoast-schema-graph\">{\"@context\":\"https:\/\/schema.org\",\"@graph\":[{\"@type\":\"WebPage\",\"@id\":\"https:\/\/tendotools.com\/fr\/produit\/durotec-manchons-de-poncage-duro-sleeve-5-pcs\/\",\"url\":\"https:\/\/tendotools.com\/fr\/produit\/durotec-manchons-de-poncage-duro-sleeve-5-pcs\/\",\"name\":\"Durotec manchons de pon\u00e7age Duro-Sleeve (5 pcs) - Tendotools\",\"isPartOf\":{\"@id\":\"https:\/\/tendotools.com\/fr\/#website\"},\"primaryImageOfPage\":{\"@id\":\"https:\/\/tendotools.com\/fr\/produit\/durotec-manchons-de-poncage-duro-sleeve-5-pcs\/#primaryimage\"},\"image\":{\"@id\":\"https:\/\/tendotools.com\/fr\/produit\/durotec-manchons-de-poncage-duro-sleeve-5-pcs\/#primaryimage\"},\"thumbnailUrl\":\"https:\/\/tendotools.com\/wp-content\/uploads\/2024\/01\/Sleeve-5psc-K60.jpg\",\"datePublished\":\"2024-01-20T10:04:43+00:00\",\"dateModified\":\"2024-02-01T09:51:20+00:00\",\"description\":\"manche de pon\u00e7age pour le pon\u00e7age de tous types de m\u00e9taux. A utiliser sur la machine Durotec en combinaison avec le rouleau d'expansion Duro-Master.\",\"breadcrumb\":{\"@id\":\"https:\/\/tendotools.com\/fr\/produit\/durotec-manchons-de-poncage-duro-sleeve-5-pcs\/#breadcrumb\"},\"inLanguage\":\"fr-FR\",\"potentialAction\":[{\"@type\":\"ReadAction\",\"target\":[\"https:\/\/tendotools.com\/fr\/produit\/durotec-manchons-de-poncage-duro-sleeve-5-pcs\/\"]}]},{\"@type\":\"ImageObject\",\"inLanguage\":\"fr-FR\",\"@id\":\"https:\/\/tendotools.com\/fr\/produit\/durotec-manchons-de-poncage-duro-sleeve-5-pcs\/#primaryimage\",\"url\":\"https:\/\/tendotools.com\/wp-content\/uploads\/2024\/01\/Sleeve-5psc-K60.jpg\",\"contentUrl\":\"https:\/\/tendotools.com\/wp-content\/uploads\/2024\/01\/Sleeve-5psc-K60.jpg\",\"width\":800,\"height\":800},{\"@type\":\"BreadcrumbList\",\"@id\":\"https:\/\/tendotools.com\/fr\/produit\/durotec-manchons-de-poncage-duro-sleeve-5-pcs\/#breadcrumb\",\"itemListElement\":[{\"@type\":\"ListItem\",\"position\":1,\"name\":\"Home\",\"item\":\"https:\/\/tendotools.com\/fr\/\"},{\"@type\":\"ListItem\",\"position\":2,\"name\":\"Shop\",\"item\":\"https:\/\/tendotools.com\/fr\/boutique\/\"},{\"@type\":\"ListItem\",\"position\":3,\"name\":\"Durotec manchons de pon\u00e7age Duro-Sleeve (5 pcs)\"}]},{\"@type\":\"WebSite\",\"@id\":\"https:\/\/tendotools.com\/fr\/#website\",\"url\":\"https:\/\/tendotools.com\/fr\/\",\"name\":\"Tendotools\",\"description\":\"\",\"publisher\":{\"@id\":\"https:\/\/tendotools.com\/fr\/#organization\"},\"potentialAction\":[{\"@type\":\"SearchAction\",\"target\":{\"@type\":\"EntryPoint\",\"urlTemplate\":\"https:\/\/tendotools.com\/fr\/?s={search_term_string}\"},\"query-input\":{\"@type\":\"PropertyValueSpecification\",\"valueRequired\":true,\"valueName\":\"search_term_string\"}}],\"inLanguage\":\"fr-FR\"},{\"@type\":\"Organization\",\"@id\":\"https:\/\/tendotools.com\/fr\/#organization\",\"name\":\"Tendotools\",\"url\":\"https:\/\/tendotools.com\/fr\/\",\"logo\":{\"@type\":\"ImageObject\",\"inLanguage\":\"fr-FR\",\"@id\":\"https:\/\/tendotools.com\/fr\/#\/schema\/logo\/image\/\",\"url\":\"https:\/\/tendotools.com\/wp-content\/uploads\/2019\/09\/logo-wit.png\",\"contentUrl\":\"https:\/\/tendotools.com\/wp-content\/uploads\/2019\/09\/logo-wit.png\",\"width\":350,\"height\":84,\"caption\":\"Tendotools\"},\"image\":{\"@id\":\"https:\/\/tendotools.com\/fr\/#\/schema\/logo\/image\/\"}}]}<\/script>\n<!-- \/ Yoast SEO plugin. -->","yoast_head_json":{"title":"Durotec manchons de pon\u00e7age Duro-Sleeve (5 pcs) - Tendotools","description":"manche de pon\u00e7age pour le pon\u00e7age de tous types de m\u00e9taux. A utiliser sur la machine Durotec en combinaison avec le rouleau d'expansion Duro-Master.","robots":{"index":"index","follow":"follow","max-snippet":"max-snippet:-1","max-image-preview":"max-image-preview:large","max-video-preview":"max-video-preview:-1"},"canonical":"https:\/\/tendotools.com\/fr\/produit\/durotec-manchons-de-poncage-duro-sleeve-5-pcs\/","og_locale":"fr_FR","og_type":"article","og_title":"Durotec manchons de pon\u00e7age Duro-Sleeve (5 pcs) - Tendotools","og_description":"manche de pon\u00e7age pour le pon\u00e7age de tous types de m\u00e9taux. A utiliser sur la machine Durotec en combinaison avec le rouleau d'expansion Duro-Master.","og_url":"https:\/\/tendotools.com\/fr\/produit\/durotec-manchons-de-poncage-duro-sleeve-5-pcs\/","og_site_name":"Tendotools","article_modified_time":"2024-02-01T09:51:20+00:00","og_image":[{"width":800,"height":800,"url":"https:\/\/tendotools.com\/wp-content\/uploads\/2024\/01\/Sleeve-5psc-K60.jpg","type":"image\/jpeg"}],"twitter_card":"summary_large_image","twitter_misc":{"Dur\u00e9e de lecture estim\u00e9e":"1 minute"},"schema":{"@context":"https:\/\/schema.org","@graph":[{"@type":"WebPage","@id":"https:\/\/tendotools.com\/fr\/produit\/durotec-manchons-de-poncage-duro-sleeve-5-pcs\/","url":"https:\/\/tendotools.com\/fr\/produit\/durotec-manchons-de-poncage-duro-sleeve-5-pcs\/","name":"Durotec manchons de pon\u00e7age Duro-Sleeve (5 pcs) - Tendotools","isPartOf":{"@id":"https:\/\/tendotools.com\/fr\/#website"},"primaryImageOfPage":{"@id":"https:\/\/tendotools.com\/fr\/produit\/durotec-manchons-de-poncage-duro-sleeve-5-pcs\/#primaryimage"},"image":{"@id":"https:\/\/tendotools.com\/fr\/produit\/durotec-manchons-de-poncage-duro-sleeve-5-pcs\/#primaryimage"},"thumbnailUrl":"https:\/\/tendotools.com\/wp-content\/uploads\/2024\/01\/Sleeve-5psc-K60.jpg","datePublished":"2024-01-20T10:04:43+00:00","dateModified":"2024-02-01T09:51:20+00:00","description":"manche de pon\u00e7age pour le pon\u00e7age de tous types de m\u00e9taux. A utiliser sur la machine Durotec en combinaison avec le rouleau d'expansion Duro-Master.","breadcrumb":{"@id":"https:\/\/tendotools.com\/fr\/produit\/durotec-manchons-de-poncage-duro-sleeve-5-pcs\/#breadcrumb"},"inLanguage":"fr-FR","potentialAction":[{"@type":"ReadAction","target":["https:\/\/tendotools.com\/fr\/produit\/durotec-manchons-de-poncage-duro-sleeve-5-pcs\/"]}]},{"@type":"ImageObject","inLanguage":"fr-FR","@id":"https:\/\/tendotools.com\/fr\/produit\/durotec-manchons-de-poncage-duro-sleeve-5-pcs\/#primaryimage","url":"https:\/\/tendotools.com\/wp-content\/uploads\/2024\/01\/Sleeve-5psc-K60.jpg","contentUrl":"https:\/\/tendotools.com\/wp-content\/uploads\/2024\/01\/Sleeve-5psc-K60.jpg","width":800,"height":800},{"@type":"BreadcrumbList","@id":"https:\/\/tendotools.com\/fr\/produit\/durotec-manchons-de-poncage-duro-sleeve-5-pcs\/#breadcrumb","itemListElement":[{"@type":"ListItem","position":1,"name":"Home","item":"https:\/\/tendotools.com\/fr\/"},{"@type":"ListItem","position":2,"name":"Shop","item":"https:\/\/tendotools.com\/fr\/boutique\/"},{"@type":"ListItem","position":3,"name":"Durotec manchons de pon\u00e7age Duro-Sleeve (5 pcs)"}]},{"@type":"WebSite","@id":"https:\/\/tendotools.com\/fr\/#website","url":"https:\/\/tendotools.com\/fr\/","name":"Tendotools","description":"","publisher":{"@id":"https:\/\/tendotools.com\/fr\/#organization"},"potentialAction":[{"@type":"SearchAction","target":{"@type":"EntryPoint","urlTemplate":"https:\/\/tendotools.com\/fr\/?s={search_term_string}"},"query-input":{"@type":"PropertyValueSpecification","valueRequired":true,"valueName":"search_term_string"}}],"inLanguage":"fr-FR"},{"@type":"Organization","@id":"https:\/\/tendotools.com\/fr\/#organization","name":"Tendotools","url":"https:\/\/tendotools.com\/fr\/","logo":{"@type":"ImageObject","inLanguage":"fr-FR","@id":"https:\/\/tendotools.com\/fr\/#\/schema\/logo\/image\/","url":"https:\/\/tendotools.com\/wp-content\/uploads\/2019\/09\/logo-wit.png","contentUrl":"https:\/\/tendotools.com\/wp-content\/uploads\/2019\/09\/logo-wit.png","width":350,"height":84,"caption":"Tendotools"},"image":{"@id":"https:\/\/tendotools.com\/fr\/#\/schema\/logo\/image\/"}}]}},"brands":[{"id":4273,"name":"Durotec","slug":"durotec-fr"}],"_links":{"self":[{"href":"https:\/\/tendotools.com\/fr\/wp-json\/wp\/v2\/product\/53978","targetHints":{"allow":["GET"]}}],"collection":[{"href":"https:\/\/tendotools.com\/fr\/wp-json\/wp\/v2\/product"}],"about":[{"href":"https:\/\/tendotools.com\/fr\/wp-json\/wp\/v2\/types\/product"}],"replies":[{"embeddable":true,"href":"https:\/\/tendotools.com\/fr\/wp-json\/wp\/v2\/comments?post=53978"}],"wp:featuredmedia":[{"embeddable":true,"href":"https:\/\/tendotools.com\/fr\/wp-json\/wp\/v2\/media\/54214"}],"wp:attachment":[{"href":"https:\/\/tendotools.com\/fr\/wp-json\/wp\/v2\/media?parent=53978"}],"wp:term":[{"taxonomy":"pwb-brand","embeddable":true,"href":"https:\/\/tendotools.com\/fr\/wp-json\/wp\/v2\/pwb-brand?post=53978"},{"taxonomy":"product_brand","embeddable":true,"href":"https:\/\/tendotools.com\/fr\/wp-json\/wp\/v2\/product_brand?post=53978"},{"taxonomy":"product_cat","embeddable":true,"href":"https:\/\/tendotools.com\/fr\/wp-json\/wp\/v2\/product_cat?post=53978"},{"taxonomy":"product_tag","embeddable":true,"href":"https:\/\/tendotools.com\/fr\/wp-json\/wp\/v2\/product_tag?post=53978"}],"curies":[{"name":"wp","href":"https:\/\/api.w.org\/{rel}","templated":true}]}}