{"id":58052,"date":"2025-11-30T14:56:56","date_gmt":"2025-11-30T13:56:56","guid":{"rendered":"https:\/\/tendotools.com\/product\/wood-repair-kit-de-base-pour-reparation-du-bois\/"},"modified":"2025-11-30T14:56:56","modified_gmt":"2025-11-30T13:56:56","slug":"wood-repair-kit-de-base-pour-reparation-du-bois","status":"publish","type":"product","link":"https:\/\/tendotools.com\/fr\/produit\/wood-repair-kit-de-base-pour-reparation-du-bois\/","title":{"rendered":"Wood Repair Kit de base pour r\u00e9paration du bois"},"content":{"rendered":"<p><iframe title=\"Lecteur vid\u00e9o YouTube\" data-src=\"https:\/\/www.youtube.com\/embed\/XXl64yXN46Y?si=KiY4G0m0oSItkCgQ\" width=\"560\" height=\"315\" frameborder=\"0\" allowfullscreen=\"allowfullscreen\" src=\"data:image\/svg+xml;base64,PHN2ZyB3aWR0aD0iMSIgaGVpZ2h0PSIxIiB4bWxucz0iaHR0cDovL3d3dy53My5vcmcvMjAwMC9zdmciPjwvc3ZnPg==\" class=\"lazyload\" data-load-mode=\"1\"><\/iframe><\/p>\n<p data-start=\"177\" data-end=\"519\">R\u00e9parez rapidement et facilement les n\u0153uds, fissures, bords et coins du bois avec ce kit compact et efficace. Le coffret comprend un sac avec quatre couleurs de remplissage \u00e0 n\u0153uds qui correspondent parfaitement \u00e0 diff\u00e9rents types de bois. Parfait pour r\u00e9parer le bois plut\u00f4t que de le remplacer \u2014 donnant imm\u00e9diatement une seconde vie aux surfaces endommag\u00e9es ou vieillies.  <\/p>\n<hr data-start=\"521\" data-end=\"524\">\n<h2 data-start=\"526\" data-end=\"550\"><strong data-start=\"529\" data-end=\"550\">Contenu du kit<\/strong><\/h2>\n<ul data-start=\"551\" data-end=\"783\">\n<li data-start=\"551\" data-end=\"586\">\n<p data-start=\"553\" data-end=\"586\"><strong data-start=\"553\" data-end=\"584\">1\u00d7 Canon BCD 180 n\u0153uds<\/strong><\/p>\n<\/li>\n<li data-start=\"587\" data-end=\"691\">\n<p data-start=\"589\" data-end=\"691\"><strong data-start=\"589\" data-end=\"642\">1\u00d7 M\u00e9langer un remplissage de 1 n\u0153ud (8 tiges \u00d7 150 mm, \u00d812 mm)<\/strong> dans les couleurs : <em data-start=\"658\" data-end=\"676\">N\u0153ud, Pin, Ch\u00eane<\/em> et <em data-start=\"680\" data-end=\"689\">Acajou<\/em><\/p>\n<\/li>\n<li data-start=\"692\" data-end=\"783\">\n<p data-start=\"694\" data-end=\"783\"><strong data-start=\"694\" data-end=\"717\">Mat\u00e9riel p\u00e9dagogique<\/strong> : sp\u00e9cifications techniques + manuel \u00e9tape par \u00e9tape avec photos<\/p>\n<\/li>\n<\/ul>\n<hr data-start=\"785\" data-end=\"788\">\n<h2 data-start=\"790\" data-end=\"831\"><strong data-start=\"793\" data-end=\"831\">Caract\u00e9ristiques du pistolet de remplissage BCD 180 n\u0153uds<\/strong><\/h2>\n<ul data-start=\"832\" data-end=\"1442\">\n<li data-start=\"832\" data-end=\"976\">\n<p data-start=\"834\" data-end=\"976\"><strong data-start=\"834\" data-end=\"850\">Bouton d\u2019alimentation<\/strong><br data-start=\"850\" data-end=\"853\">S\u00fbr et facile \u00e0 utiliser. Le canon peut rester branch\u00e9 ; Il suffit de l\u2019\u00e9teindre quand tu ne l\u2019utilises pas pendant un moment. <\/p>\n<\/li>\n<li data-start=\"978\" data-end=\"1069\">\n<p data-start=\"980\" data-end=\"1069\"><strong data-start=\"980\" data-end=\"997\">LED indicateur<\/strong><br data-start=\"997\" data-end=\"1000\">C\u2019est clairement visible lorsque l\u2019appareil est allum\u00e9 et chauffe.<\/p>\n<\/li>\n<li data-start=\"1071\" data-end=\"1182\">\n<p data-start=\"1073\" data-end=\"1182\"><strong data-start=\"1073\" data-end=\"1094\">Temp\u00e9rature fixe<\/strong><br data-start=\"1094\" data-end=\"1097\">Temp\u00e9rature de travail constante de <strong data-start=\"1129\" data-end=\"1139\">190 \u00b0C<\/strong> pour un traitement rapide et r\u00e9gulier.<\/p>\n<\/li>\n<li data-start=\"1184\" data-end=\"1339\">\n<p data-start=\"1186\" data-end=\"1339\"><strong data-start=\"1186\" data-end=\"1208\">Bec interchangeable<\/strong><br data-start=\"1208\" data-end=\"1211\">La buse peut \u00eatre remplac\u00e9e ou remplac\u00e9e par un diam\u00e8tre diff\u00e9rent. Tailles standard disponibles : <strong data-start=\"1311\" data-end=\"1338\">\u00d81,5 mm \u2013 \u00d83 mm \u2013 \u00d84 mm<\/strong>. <\/p>\n<\/li>\n<li data-start=\"1341\" data-end=\"1442\">\n<p data-start=\"1343\" data-end=\"1442\"><strong data-start=\"1343\" data-end=\"1380\">Compatible avec un remplissage \u00e0 n\u0153uds de 12 mm<\/strong><br data-start=\"1380\" data-end=\"1383\">Adapt\u00e9 \u00e0 tous les b\u00e2tons de remplissage de 12 mm de n\u0153uds Wood Repair.<\/p>\n<\/li>\n<\/ul>\n<hr data-start=\"1444\" data-end=\"1447\">\n<h2 data-start=\"1449\" data-end=\"1475\"><strong data-start=\"1452\" data-end=\"1475\">Donn\u00e9es techniques<\/strong><\/h2>\n<ul data-start=\"1476\" data-end=\"1693\">\n<li data-start=\"1476\" data-end=\"1513\">\n<p data-start=\"1478\" data-end=\"1513\">Dimensions : <strong data-start=\"1490\" data-end=\"1511\">220 \u00d7 170 \u00d7 35 mm<\/strong><\/p>\n<\/li>\n<li data-start=\"1514\" data-end=\"1536\">\n<p data-start=\"1516\" data-end=\"1536\">Poids : <strong data-start=\"1525\" data-end=\"1534\">250 g<\/strong><\/p>\n<\/li>\n<li data-start=\"1537\" data-end=\"1570\">\n<p data-start=\"1539\" data-end=\"1570\">Temp\u00e9rature de r\u00e9glage : <strong data-start=\"1558\" data-end=\"1568\">190 \u00b0C<\/strong><\/p>\n<\/li>\n<li data-start=\"1571\" data-end=\"1613\">\n<p data-start=\"1573\" data-end=\"1613\">Tension secteur : <strong data-start=\"1586\" data-end=\"1611\">220\u2013240 VAC, 50\u201360 Hz<\/strong><\/p>\n<\/li>\n<li data-start=\"1614\" data-end=\"1636\">\n<p data-start=\"1616\" data-end=\"1636\">Puissance : <strong data-start=\"1626\" data-end=\"1634\">80 W<\/strong><\/p>\n<\/li>\n<li data-start=\"1637\" data-end=\"1670\">\n<p data-start=\"1639\" data-end=\"1670\">Temps d\u2019\u00e9chauffement : <strong data-start=\"1651\" data-end=\"1668\">environ 7 minutes<\/strong><\/p>\n<\/li>\n<li data-start=\"1671\" data-end=\"1693\">\n<p data-start=\"1673\" data-end=\"1693\">Buse rempla\u00e7able<\/p>\n<\/li>\n<\/ul>\n<hr data-start=\"1695\" data-end=\"1698\">\n<h2 data-start=\"1700\" data-end=\"1717\"><strong data-start=\"1703\" data-end=\"1717\">Important<\/strong><\/h2>\n<p data-start=\"1718\" data-end=\"1888\">Le <strong data-start=\"1721\" data-end=\"1746\">kit de base de r\u00e9paration du bois<\/strong> <strong data-start=\"1753\" data-end=\"1789\">ne comprend ni outil de coupe ni bloc de refroidissement<\/strong>. Vous pouvez utiliser votre propre ciseau pour cela ou acheter s\u00e9par\u00e9ment nos accessoires de r\u00e9paration du bois. <\/p>\n<hr data-start=\"1890\" data-end=\"1893\">\n<h2 data-start=\"1895\" data-end=\"1913\"><strong data-start=\"1898\" data-end=\"1913\">Recommandation<\/strong><\/h2>\n<p data-start=\"1914\" data-end=\"2286\">Nos produits de r\u00e9paration du bois sont compos\u00e9s de diff\u00e9rents mat\u00e9riaux qui peuvent r\u00e9agir diff\u00e9remment aux surfaces et aux finitions. Bien que nous fassions des tests r\u00e9guliers, nous ne pouvons garantir les r\u00e9sultats dans toutes les situations.<br data-start=\"2120\" data-end=\"2123\">Comme la qualit\u00e9 du bois, les traitements et les intemeurs peuvent beaucoup varier, nous recommandons toujours de r\u00e9aliser <strong data-start=\"2225\" data-end=\"2271\">un test d\u2019adh\u00e9rence et d\u2019adaptabilit\u00e9 \u00e0 l\u2019avance<\/strong> . <\/p>\n<p data-start=\"1914\" data-end=\"2286\"><img decoding=\"async\" class=\"alignnone size-full wp-image-58048 lazyload\" data-src=\"https:\/\/tendotools.com\/wp-content\/uploads\/2025\/11\/basic-kit-6.jpg\" alt=\"\" width=\"1458\" height=\"573\" data-srcset=\"https:\/\/tendotools.com\/wp-content\/uploads\/2025\/11\/basic-kit-6.jpg 1458w, https:\/\/tendotools.com\/wp-content\/uploads\/2025\/11\/basic-kit-6-300x118.jpg 300w, https:\/\/tendotools.com\/wp-content\/uploads\/2025\/11\/basic-kit-6-1024x402.jpg 1024w, https:\/\/tendotools.com\/wp-content\/uploads\/2025\/11\/basic-kit-6-768x302.jpg 768w, https:\/\/tendotools.com\/wp-content\/uploads\/2025\/11\/basic-kit-6-416x163.jpg 416w\" data-sizes=\"(max-width: 1458px) 100vw, 1458px\" src=\"data:image\/svg+xml;base64,PHN2ZyB3aWR0aD0iMSIgaGVpZ2h0PSIxIiB4bWxucz0iaHR0cDovL3d3dy53My5vcmcvMjAwMC9zdmciPjwvc3ZnPg==\" style=\"--smush-placeholder-width: 1458px; --smush-placeholder-aspect-ratio: 1458\/573;\" \/><\/p>\n","protected":false},"excerpt":{"rendered":"<p>R\u00e9parez rapidement et facilement les n\u0153uds, fissures, bords et coins du bois avec ce kit compact et efficace. Comprend un sac avec 4 couleurs assorties \u00e0 diff\u00e9rents types de bois. Id\u00e9al pour r\u00e9parer plut\u00f4t que remplacer, donnant une seconde vie aux surfaces endommag\u00e9es ou anciennes.  <\/p>\n","protected":false},"featured_media":58026,"comment_status":"open","ping_status":"closed","template":"","meta":{"_acf_changed":false,"_crsspst_to_pihertendotoolscom":false,"_crsspst_to_piherbe":false,"inline_featured_image":false},"pwb-brand":[5033],"product_brand":[],"product_cat":[375],"product_tag":[],"class_list":{"0":"post-58052","1":"product","2":"type-product","3":"status-publish","4":"has-post-thumbnail","6":"pwb-brand-reparation-du-bois","7":"product_cat-accessoires-pratiques","8":"product_shipping_class-regulier-desambiguation","10":"first","11":"instock","12":"taxable","13":"shipping-taxable","14":"purchasable","15":"product-type-simple"},"group_of_quantity":0,"min_quantity":0,"max_quantity":"","exclude_order_quantity_value_rules":"no","exclude_category_quantity_rules":"no","combine_variations":"no","acf":{"composite_product":"","belangrijkste_eigenschappen":"","standaard_uitrusting":"","downloads":null,"out_of_stock_message":"","video":"https:\/\/www.youtube.com\/watch?v=XXl64yXN46Y"},"yoast_head":"<!-- This site is optimized with the Yoast SEO plugin v26.8 - https:\/\/yoast.com\/product\/yoast-seo-wordpress\/ -->\n<title>Wood Repair Kit de base pour r\u00e9paration du bois - Tendotools<\/title>\n<meta name=\"robots\" content=\"index, follow, max-snippet:-1, max-image-preview:large, max-video-preview:-1\" \/>\n<link rel=\"canonical\" href=\"https:\/\/tendotools.com\/fr\/produit\/wood-repair-kit-de-base-pour-reparation-du-bois\/\" \/>\n<meta property=\"og:locale\" content=\"fr_FR\" \/>\n<meta property=\"og:type\" content=\"article\" \/>\n<meta property=\"og:title\" content=\"Wood Repair Kit de base pour r\u00e9paration du bois - Tendotools\" \/>\n<meta property=\"og:description\" content=\"R\u00e9parez rapidement et facilement les n\u0153uds, fissures, bords et coins du bois avec ce kit compact et efficace. Comprend un sac avec 4 couleurs assorties \u00e0 diff\u00e9rents types de bois. Id\u00e9al pour r\u00e9parer plut\u00f4t que remplacer, donnant une seconde vie aux surfaces endommag\u00e9es ou anciennes.\" \/>\n<meta property=\"og:url\" content=\"https:\/\/tendotools.com\/fr\/produit\/wood-repair-kit-de-base-pour-reparation-du-bois\/\" \/>\n<meta property=\"og:site_name\" content=\"Tendotools\" \/>\n<meta property=\"og:image\" content=\"https:\/\/tendotools.com\/wp-content\/uploads\/2025\/11\/basic-kit-product.png\" \/>\n\t<meta property=\"og:image:width\" content=\"1200\" \/>\n\t<meta property=\"og:image:height\" content=\"1200\" \/>\n\t<meta property=\"og:image:type\" content=\"image\/png\" \/>\n<meta name=\"twitter:card\" content=\"summary_large_image\" \/>\n<meta name=\"twitter:label1\" content=\"Dur\u00e9e de lecture estim\u00e9e\" \/>\n\t<meta name=\"twitter:data1\" content=\"2 minutes\" \/>\n<script type=\"application\/ld+json\" class=\"yoast-schema-graph\">{\"@context\":\"https:\/\/schema.org\",\"@graph\":[{\"@type\":\"WebPage\",\"@id\":\"https:\/\/tendotools.com\/fr\/produit\/wood-repair-kit-de-base-pour-reparation-du-bois\/\",\"url\":\"https:\/\/tendotools.com\/fr\/produit\/wood-repair-kit-de-base-pour-reparation-du-bois\/\",\"name\":\"Wood Repair Kit de base pour r\u00e9paration du bois - Tendotools\",\"isPartOf\":{\"@id\":\"https:\/\/tendotools.com\/fr\/#website\"},\"primaryImageOfPage\":{\"@id\":\"https:\/\/tendotools.com\/fr\/produit\/wood-repair-kit-de-base-pour-reparation-du-bois\/#primaryimage\"},\"image\":{\"@id\":\"https:\/\/tendotools.com\/fr\/produit\/wood-repair-kit-de-base-pour-reparation-du-bois\/#primaryimage\"},\"thumbnailUrl\":\"https:\/\/tendotools.com\/wp-content\/uploads\/2025\/11\/basic-kit-product.png\",\"datePublished\":\"2025-11-30T13:56:56+00:00\",\"breadcrumb\":{\"@id\":\"https:\/\/tendotools.com\/fr\/produit\/wood-repair-kit-de-base-pour-reparation-du-bois\/#breadcrumb\"},\"inLanguage\":\"fr-FR\",\"potentialAction\":[{\"@type\":\"ReadAction\",\"target\":[\"https:\/\/tendotools.com\/fr\/produit\/wood-repair-kit-de-base-pour-reparation-du-bois\/\"]}]},{\"@type\":\"ImageObject\",\"inLanguage\":\"fr-FR\",\"@id\":\"https:\/\/tendotools.com\/fr\/produit\/wood-repair-kit-de-base-pour-reparation-du-bois\/#primaryimage\",\"url\":\"https:\/\/tendotools.com\/wp-content\/uploads\/2025\/11\/basic-kit-product.png\",\"contentUrl\":\"https:\/\/tendotools.com\/wp-content\/uploads\/2025\/11\/basic-kit-product.png\",\"width\":1200,\"height\":1200},{\"@type\":\"BreadcrumbList\",\"@id\":\"https:\/\/tendotools.com\/fr\/produit\/wood-repair-kit-de-base-pour-reparation-du-bois\/#breadcrumb\",\"itemListElement\":[{\"@type\":\"ListItem\",\"position\":1,\"name\":\"Home\",\"item\":\"https:\/\/tendotools.com\/fr\/\"},{\"@type\":\"ListItem\",\"position\":2,\"name\":\"Shop\",\"item\":\"https:\/\/tendotools.com\/fr\/boutique\/\"},{\"@type\":\"ListItem\",\"position\":3,\"name\":\"Wood Repair Kit de base pour r\u00e9paration du bois\"}]},{\"@type\":\"WebSite\",\"@id\":\"https:\/\/tendotools.com\/fr\/#website\",\"url\":\"https:\/\/tendotools.com\/fr\/\",\"name\":\"Tendotools\",\"description\":\"\",\"publisher\":{\"@id\":\"https:\/\/tendotools.com\/fr\/#organization\"},\"potentialAction\":[{\"@type\":\"SearchAction\",\"target\":{\"@type\":\"EntryPoint\",\"urlTemplate\":\"https:\/\/tendotools.com\/fr\/?s={search_term_string}\"},\"query-input\":{\"@type\":\"PropertyValueSpecification\",\"valueRequired\":true,\"valueName\":\"search_term_string\"}}],\"inLanguage\":\"fr-FR\"},{\"@type\":\"Organization\",\"@id\":\"https:\/\/tendotools.com\/fr\/#organization\",\"name\":\"Tendotools\",\"url\":\"https:\/\/tendotools.com\/fr\/\",\"logo\":{\"@type\":\"ImageObject\",\"inLanguage\":\"fr-FR\",\"@id\":\"https:\/\/tendotools.com\/fr\/#\/schema\/logo\/image\/\",\"url\":\"https:\/\/tendotools.com\/wp-content\/uploads\/2019\/09\/logo-wit.png\",\"contentUrl\":\"https:\/\/tendotools.com\/wp-content\/uploads\/2019\/09\/logo-wit.png\",\"width\":350,\"height\":84,\"caption\":\"Tendotools\"},\"image\":{\"@id\":\"https:\/\/tendotools.com\/fr\/#\/schema\/logo\/image\/\"}}]}<\/script>\n<!-- \/ Yoast SEO plugin. -->","yoast_head_json":{"title":"Wood Repair Kit de base pour r\u00e9paration du bois - Tendotools","robots":{"index":"index","follow":"follow","max-snippet":"max-snippet:-1","max-image-preview":"max-image-preview:large","max-video-preview":"max-video-preview:-1"},"canonical":"https:\/\/tendotools.com\/fr\/produit\/wood-repair-kit-de-base-pour-reparation-du-bois\/","og_locale":"fr_FR","og_type":"article","og_title":"Wood Repair Kit de base pour r\u00e9paration du bois - Tendotools","og_description":"R\u00e9parez rapidement et facilement les n\u0153uds, fissures, bords et coins du bois avec ce kit compact et efficace. Comprend un sac avec 4 couleurs assorties \u00e0 diff\u00e9rents types de bois. Id\u00e9al pour r\u00e9parer plut\u00f4t que remplacer, donnant une seconde vie aux surfaces endommag\u00e9es ou anciennes.","og_url":"https:\/\/tendotools.com\/fr\/produit\/wood-repair-kit-de-base-pour-reparation-du-bois\/","og_site_name":"Tendotools","og_image":[{"width":1200,"height":1200,"url":"https:\/\/tendotools.com\/wp-content\/uploads\/2025\/11\/basic-kit-product.png","type":"image\/png"}],"twitter_card":"summary_large_image","twitter_misc":{"Dur\u00e9e de lecture estim\u00e9e":"2 minutes"},"schema":{"@context":"https:\/\/schema.org","@graph":[{"@type":"WebPage","@id":"https:\/\/tendotools.com\/fr\/produit\/wood-repair-kit-de-base-pour-reparation-du-bois\/","url":"https:\/\/tendotools.com\/fr\/produit\/wood-repair-kit-de-base-pour-reparation-du-bois\/","name":"Wood Repair Kit de base pour r\u00e9paration du bois - Tendotools","isPartOf":{"@id":"https:\/\/tendotools.com\/fr\/#website"},"primaryImageOfPage":{"@id":"https:\/\/tendotools.com\/fr\/produit\/wood-repair-kit-de-base-pour-reparation-du-bois\/#primaryimage"},"image":{"@id":"https:\/\/tendotools.com\/fr\/produit\/wood-repair-kit-de-base-pour-reparation-du-bois\/#primaryimage"},"thumbnailUrl":"https:\/\/tendotools.com\/wp-content\/uploads\/2025\/11\/basic-kit-product.png","datePublished":"2025-11-30T13:56:56+00:00","breadcrumb":{"@id":"https:\/\/tendotools.com\/fr\/produit\/wood-repair-kit-de-base-pour-reparation-du-bois\/#breadcrumb"},"inLanguage":"fr-FR","potentialAction":[{"@type":"ReadAction","target":["https:\/\/tendotools.com\/fr\/produit\/wood-repair-kit-de-base-pour-reparation-du-bois\/"]}]},{"@type":"ImageObject","inLanguage":"fr-FR","@id":"https:\/\/tendotools.com\/fr\/produit\/wood-repair-kit-de-base-pour-reparation-du-bois\/#primaryimage","url":"https:\/\/tendotools.com\/wp-content\/uploads\/2025\/11\/basic-kit-product.png","contentUrl":"https:\/\/tendotools.com\/wp-content\/uploads\/2025\/11\/basic-kit-product.png","width":1200,"height":1200},{"@type":"BreadcrumbList","@id":"https:\/\/tendotools.com\/fr\/produit\/wood-repair-kit-de-base-pour-reparation-du-bois\/#breadcrumb","itemListElement":[{"@type":"ListItem","position":1,"name":"Home","item":"https:\/\/tendotools.com\/fr\/"},{"@type":"ListItem","position":2,"name":"Shop","item":"https:\/\/tendotools.com\/fr\/boutique\/"},{"@type":"ListItem","position":3,"name":"Wood Repair Kit de base pour r\u00e9paration du bois"}]},{"@type":"WebSite","@id":"https:\/\/tendotools.com\/fr\/#website","url":"https:\/\/tendotools.com\/fr\/","name":"Tendotools","description":"","publisher":{"@id":"https:\/\/tendotools.com\/fr\/#organization"},"potentialAction":[{"@type":"SearchAction","target":{"@type":"EntryPoint","urlTemplate":"https:\/\/tendotools.com\/fr\/?s={search_term_string}"},"query-input":{"@type":"PropertyValueSpecification","valueRequired":true,"valueName":"search_term_string"}}],"inLanguage":"fr-FR"},{"@type":"Organization","@id":"https:\/\/tendotools.com\/fr\/#organization","name":"Tendotools","url":"https:\/\/tendotools.com\/fr\/","logo":{"@type":"ImageObject","inLanguage":"fr-FR","@id":"https:\/\/tendotools.com\/fr\/#\/schema\/logo\/image\/","url":"https:\/\/tendotools.com\/wp-content\/uploads\/2019\/09\/logo-wit.png","contentUrl":"https:\/\/tendotools.com\/wp-content\/uploads\/2019\/09\/logo-wit.png","width":350,"height":84,"caption":"Tendotools"},"image":{"@id":"https:\/\/tendotools.com\/fr\/#\/schema\/logo\/image\/"}}]}},"brands":[{"id":5033,"name":"R\u00e9paration du bois","slug":"reparation-du-bois"}],"_links":{"self":[{"href":"https:\/\/tendotools.com\/fr\/wp-json\/wp\/v2\/product\/58052","targetHints":{"allow":["GET"]}}],"collection":[{"href":"https:\/\/tendotools.com\/fr\/wp-json\/wp\/v2\/product"}],"about":[{"href":"https:\/\/tendotools.com\/fr\/wp-json\/wp\/v2\/types\/product"}],"replies":[{"embeddable":true,"href":"https:\/\/tendotools.com\/fr\/wp-json\/wp\/v2\/comments?post=58052"}],"wp:featuredmedia":[{"embeddable":true,"href":"https:\/\/tendotools.com\/fr\/wp-json\/wp\/v2\/media\/58026"}],"wp:attachment":[{"href":"https:\/\/tendotools.com\/fr\/wp-json\/wp\/v2\/media?parent=58052"}],"wp:term":[{"taxonomy":"pwb-brand","embeddable":true,"href":"https:\/\/tendotools.com\/fr\/wp-json\/wp\/v2\/pwb-brand?post=58052"},{"taxonomy":"product_brand","embeddable":true,"href":"https:\/\/tendotools.com\/fr\/wp-json\/wp\/v2\/product_brand?post=58052"},{"taxonomy":"product_cat","embeddable":true,"href":"https:\/\/tendotools.com\/fr\/wp-json\/wp\/v2\/product_cat?post=58052"},{"taxonomy":"product_tag","embeddable":true,"href":"https:\/\/tendotools.com\/fr\/wp-json\/wp\/v2\/product_tag?post=58052"}],"curies":[{"name":"wp","href":"https:\/\/api.w.org\/{rel}","templated":true}]}}