{"id":5997,"date":"2020-07-15T21:19:31","date_gmt":"2020-07-15T19:19:31","guid":{"rendered":"https:\/\/tendotools.com\/?post_type=product&#038;p=5997"},"modified":"2020-07-15T21:30:07","modified_gmt":"2020-07-15T19:30:07","slug":"piher-serre-joints-a-coins-en-aluminium","status":"publish","type":"product","link":"https:\/\/tendotools.com\/fr\/produit\/piher-serre-joints-a-coins-en-aluminium\/","title":{"rendered":"PIHER &#8211; Serre-joints \u00e0 coins en aluminium"},"content":{"rendered":"<p>Ces serre-joints \u00e0 coins ont un design moderne et sont de forme ergonomique. Ils sont pratique, l\u00e9gers et sont sp\u00e9cialement con\u00e7us pour un usage une main. Ils ont un corps en aluminium et une poign\u00e9e en bois. \u00c9paisseur maximale jusqu&#8217;\u00e0 4,5 cm ou 8 cm.<\/p>\n","protected":false},"excerpt":{"rendered":"<p>Ces serre-joints \u00e0 coins ont un design moderne et sont de forme ergonomique. Ils sont pratique, l\u00e9gers et sont sp\u00e9cialement con\u00e7us pour un usage une main. Ils ont un corps en aluminium et une poign\u00e9e en bois. \u00c9paisseur maximale jusqu&#8217;\u00e0 4,5 cm ou 8 cm.<\/p>\n","protected":false},"featured_media":6006,"comment_status":"open","ping_status":"closed","template":"","meta":{"_acf_changed":false,"_crsspst_to_pihertendotoolscom":false,"_crsspst_to_piherbe":false,"inline_featured_image":false},"pwb-brand":[3412],"product_brand":[],"product_cat":[434],"product_tag":[],"class_list":{"0":"post-5997","1":"product","2":"type-product","3":"status-publish","4":"has-post-thumbnail","6":"pwb-brand-piher-fr","7":"product_cat-serre-joints-a-coins","8":"product_shipping_class-regulier-desambiguation","10":"first","11":"instock","12":"taxable","13":"shipping-taxable","14":"purchasable","15":"product-type-variable","16":"has-default-attributes"},"group_of_quantity":0,"min_quantity":0,"max_quantity":"","exclude_order_quantity_value_rules":"no","exclude_category_quantity_rules":"no","combine_variations":"no","acf":{"composite_product":"","belangrijkste_eigenschappen":"<ul>\n \t<li>Design moderne, forme ergonomique<\/li>\n \t<li>Pratique et l\u00e9ger<\/li>\n \t<li>Sp\u00e9cialement con\u00e7u pour une utilisation \u00e0 une main<\/li>\n \t<li>Corps en aluminium<\/li>\n \t<li>\u00c9paisseur maximale 4,5 cm ou 8 cm<\/li>\n<\/ul>","standaard_uitrusting":"Par pi\u00e8ce","downloads":null,"out_of_stock_message":"","video":""},"yoast_head":"<!-- This site is optimized with the Yoast SEO plugin v26.8 - https:\/\/yoast.com\/product\/yoast-seo-wordpress\/ -->\n<title>PIHER - Serre-joints \u00e0 coins en aluminium - Tendotools<\/title>\n<meta name=\"description\" content=\"Ces serre-joints \u00e0 coins ont un design moderne et sont de forme ergonomique. Ils sont pratique, l\u00e9gers et sont sp\u00e9cialement con\u00e7us pour un usage une main.\" \/>\n<meta name=\"robots\" content=\"index, follow, max-snippet:-1, max-image-preview:large, max-video-preview:-1\" \/>\n<link rel=\"canonical\" href=\"https:\/\/tendotools.com\/fr\/produit\/piher-serre-joints-a-coins-en-aluminium\/\" \/>\n<meta property=\"og:locale\" content=\"fr_FR\" \/>\n<meta property=\"og:type\" content=\"article\" \/>\n<meta property=\"og:title\" content=\"PIHER - Serre-joints \u00e0 coins en aluminium - Tendotools\" \/>\n<meta property=\"og:description\" content=\"Ces serre-joints \u00e0 coins ont un design moderne et sont de forme ergonomique. Ils sont pratique, l\u00e9gers et sont sp\u00e9cialement con\u00e7us pour un usage une main.\" \/>\n<meta property=\"og:url\" content=\"https:\/\/tendotools.com\/fr\/produit\/piher-serre-joints-a-coins-en-aluminium\/\" \/>\n<meta property=\"og:site_name\" content=\"Tendotools\" \/>\n<meta property=\"article:modified_time\" content=\"2020-07-15T19:30:07+00:00\" \/>\n<meta property=\"og:image\" content=\"https:\/\/tendotools.com\/wp-content\/uploads\/2020\/07\/20-57101-2.jpg\" \/>\n\t<meta property=\"og:image:width\" content=\"800\" \/>\n\t<meta property=\"og:image:height\" content=\"800\" \/>\n\t<meta property=\"og:image:type\" content=\"image\/jpeg\" \/>\n<meta name=\"twitter:card\" content=\"summary_large_image\" \/>\n<script type=\"application\/ld+json\" class=\"yoast-schema-graph\">{\"@context\":\"https:\/\/schema.org\",\"@graph\":[{\"@type\":\"WebPage\",\"@id\":\"https:\/\/tendotools.com\/fr\/produit\/piher-serre-joints-a-coins-en-aluminium\/\",\"url\":\"https:\/\/tendotools.com\/fr\/produit\/piher-serre-joints-a-coins-en-aluminium\/\",\"name\":\"PIHER - Serre-joints \u00e0 coins en aluminium - Tendotools\",\"isPartOf\":{\"@id\":\"https:\/\/tendotools.com\/fr\/#website\"},\"primaryImageOfPage\":{\"@id\":\"https:\/\/tendotools.com\/fr\/produit\/piher-serre-joints-a-coins-en-aluminium\/#primaryimage\"},\"image\":{\"@id\":\"https:\/\/tendotools.com\/fr\/produit\/piher-serre-joints-a-coins-en-aluminium\/#primaryimage\"},\"thumbnailUrl\":\"https:\/\/tendotools.com\/wp-content\/uploads\/2020\/07\/20-57101-2.jpg\",\"datePublished\":\"2020-07-15T19:19:31+00:00\",\"dateModified\":\"2020-07-15T19:30:07+00:00\",\"description\":\"Ces serre-joints \u00e0 coins ont un design moderne et sont de forme ergonomique. Ils sont pratique, l\u00e9gers et sont sp\u00e9cialement con\u00e7us pour un usage une main.\",\"breadcrumb\":{\"@id\":\"https:\/\/tendotools.com\/fr\/produit\/piher-serre-joints-a-coins-en-aluminium\/#breadcrumb\"},\"inLanguage\":\"fr-FR\",\"potentialAction\":[{\"@type\":\"ReadAction\",\"target\":[\"https:\/\/tendotools.com\/fr\/produit\/piher-serre-joints-a-coins-en-aluminium\/\"]}]},{\"@type\":\"ImageObject\",\"inLanguage\":\"fr-FR\",\"@id\":\"https:\/\/tendotools.com\/fr\/produit\/piher-serre-joints-a-coins-en-aluminium\/#primaryimage\",\"url\":\"https:\/\/tendotools.com\/wp-content\/uploads\/2020\/07\/20-57101-2.jpg\",\"contentUrl\":\"https:\/\/tendotools.com\/wp-content\/uploads\/2020\/07\/20-57101-2.jpg\",\"width\":800,\"height\":800},{\"@type\":\"BreadcrumbList\",\"@id\":\"https:\/\/tendotools.com\/fr\/produit\/piher-serre-joints-a-coins-en-aluminium\/#breadcrumb\",\"itemListElement\":[{\"@type\":\"ListItem\",\"position\":1,\"name\":\"Home\",\"item\":\"https:\/\/tendotools.com\/fr\/\"},{\"@type\":\"ListItem\",\"position\":2,\"name\":\"Shop\",\"item\":\"https:\/\/tendotools.com\/fr\/boutique\/\"},{\"@type\":\"ListItem\",\"position\":3,\"name\":\"PIHER &#8211; Serre-joints \u00e0 coins en aluminium\"}]},{\"@type\":\"WebSite\",\"@id\":\"https:\/\/tendotools.com\/fr\/#website\",\"url\":\"https:\/\/tendotools.com\/fr\/\",\"name\":\"Tendotools\",\"description\":\"\",\"publisher\":{\"@id\":\"https:\/\/tendotools.com\/fr\/#organization\"},\"potentialAction\":[{\"@type\":\"SearchAction\",\"target\":{\"@type\":\"EntryPoint\",\"urlTemplate\":\"https:\/\/tendotools.com\/fr\/?s={search_term_string}\"},\"query-input\":{\"@type\":\"PropertyValueSpecification\",\"valueRequired\":true,\"valueName\":\"search_term_string\"}}],\"inLanguage\":\"fr-FR\"},{\"@type\":\"Organization\",\"@id\":\"https:\/\/tendotools.com\/fr\/#organization\",\"name\":\"Tendotools\",\"url\":\"https:\/\/tendotools.com\/fr\/\",\"logo\":{\"@type\":\"ImageObject\",\"inLanguage\":\"fr-FR\",\"@id\":\"https:\/\/tendotools.com\/fr\/#\/schema\/logo\/image\/\",\"url\":\"https:\/\/tendotools.com\/wp-content\/uploads\/2019\/09\/logo-wit.png\",\"contentUrl\":\"https:\/\/tendotools.com\/wp-content\/uploads\/2019\/09\/logo-wit.png\",\"width\":350,\"height\":84,\"caption\":\"Tendotools\"},\"image\":{\"@id\":\"https:\/\/tendotools.com\/fr\/#\/schema\/logo\/image\/\"}}]}<\/script>\n<!-- \/ Yoast SEO plugin. -->","yoast_head_json":{"title":"PIHER - Serre-joints \u00e0 coins en aluminium - Tendotools","description":"Ces serre-joints \u00e0 coins ont un design moderne et sont de forme ergonomique. Ils sont pratique, l\u00e9gers et sont sp\u00e9cialement con\u00e7us pour un usage une main.","robots":{"index":"index","follow":"follow","max-snippet":"max-snippet:-1","max-image-preview":"max-image-preview:large","max-video-preview":"max-video-preview:-1"},"canonical":"https:\/\/tendotools.com\/fr\/produit\/piher-serre-joints-a-coins-en-aluminium\/","og_locale":"fr_FR","og_type":"article","og_title":"PIHER - Serre-joints \u00e0 coins en aluminium - Tendotools","og_description":"Ces serre-joints \u00e0 coins ont un design moderne et sont de forme ergonomique. Ils sont pratique, l\u00e9gers et sont sp\u00e9cialement con\u00e7us pour un usage une main.","og_url":"https:\/\/tendotools.com\/fr\/produit\/piher-serre-joints-a-coins-en-aluminium\/","og_site_name":"Tendotools","article_modified_time":"2020-07-15T19:30:07+00:00","og_image":[{"width":800,"height":800,"url":"https:\/\/tendotools.com\/wp-content\/uploads\/2020\/07\/20-57101-2.jpg","type":"image\/jpeg"}],"twitter_card":"summary_large_image","schema":{"@context":"https:\/\/schema.org","@graph":[{"@type":"WebPage","@id":"https:\/\/tendotools.com\/fr\/produit\/piher-serre-joints-a-coins-en-aluminium\/","url":"https:\/\/tendotools.com\/fr\/produit\/piher-serre-joints-a-coins-en-aluminium\/","name":"PIHER - Serre-joints \u00e0 coins en aluminium - Tendotools","isPartOf":{"@id":"https:\/\/tendotools.com\/fr\/#website"},"primaryImageOfPage":{"@id":"https:\/\/tendotools.com\/fr\/produit\/piher-serre-joints-a-coins-en-aluminium\/#primaryimage"},"image":{"@id":"https:\/\/tendotools.com\/fr\/produit\/piher-serre-joints-a-coins-en-aluminium\/#primaryimage"},"thumbnailUrl":"https:\/\/tendotools.com\/wp-content\/uploads\/2020\/07\/20-57101-2.jpg","datePublished":"2020-07-15T19:19:31+00:00","dateModified":"2020-07-15T19:30:07+00:00","description":"Ces serre-joints \u00e0 coins ont un design moderne et sont de forme ergonomique. Ils sont pratique, l\u00e9gers et sont sp\u00e9cialement con\u00e7us pour un usage une main.","breadcrumb":{"@id":"https:\/\/tendotools.com\/fr\/produit\/piher-serre-joints-a-coins-en-aluminium\/#breadcrumb"},"inLanguage":"fr-FR","potentialAction":[{"@type":"ReadAction","target":["https:\/\/tendotools.com\/fr\/produit\/piher-serre-joints-a-coins-en-aluminium\/"]}]},{"@type":"ImageObject","inLanguage":"fr-FR","@id":"https:\/\/tendotools.com\/fr\/produit\/piher-serre-joints-a-coins-en-aluminium\/#primaryimage","url":"https:\/\/tendotools.com\/wp-content\/uploads\/2020\/07\/20-57101-2.jpg","contentUrl":"https:\/\/tendotools.com\/wp-content\/uploads\/2020\/07\/20-57101-2.jpg","width":800,"height":800},{"@type":"BreadcrumbList","@id":"https:\/\/tendotools.com\/fr\/produit\/piher-serre-joints-a-coins-en-aluminium\/#breadcrumb","itemListElement":[{"@type":"ListItem","position":1,"name":"Home","item":"https:\/\/tendotools.com\/fr\/"},{"@type":"ListItem","position":2,"name":"Shop","item":"https:\/\/tendotools.com\/fr\/boutique\/"},{"@type":"ListItem","position":3,"name":"PIHER &#8211; Serre-joints \u00e0 coins en aluminium"}]},{"@type":"WebSite","@id":"https:\/\/tendotools.com\/fr\/#website","url":"https:\/\/tendotools.com\/fr\/","name":"Tendotools","description":"","publisher":{"@id":"https:\/\/tendotools.com\/fr\/#organization"},"potentialAction":[{"@type":"SearchAction","target":{"@type":"EntryPoint","urlTemplate":"https:\/\/tendotools.com\/fr\/?s={search_term_string}"},"query-input":{"@type":"PropertyValueSpecification","valueRequired":true,"valueName":"search_term_string"}}],"inLanguage":"fr-FR"},{"@type":"Organization","@id":"https:\/\/tendotools.com\/fr\/#organization","name":"Tendotools","url":"https:\/\/tendotools.com\/fr\/","logo":{"@type":"ImageObject","inLanguage":"fr-FR","@id":"https:\/\/tendotools.com\/fr\/#\/schema\/logo\/image\/","url":"https:\/\/tendotools.com\/wp-content\/uploads\/2019\/09\/logo-wit.png","contentUrl":"https:\/\/tendotools.com\/wp-content\/uploads\/2019\/09\/logo-wit.png","width":350,"height":84,"caption":"Tendotools"},"image":{"@id":"https:\/\/tendotools.com\/fr\/#\/schema\/logo\/image\/"}}]}},"brands":[{"id":3412,"name":"Piher","slug":"piher-fr"}],"_links":{"self":[{"href":"https:\/\/tendotools.com\/fr\/wp-json\/wp\/v2\/product\/5997","targetHints":{"allow":["GET"]}}],"collection":[{"href":"https:\/\/tendotools.com\/fr\/wp-json\/wp\/v2\/product"}],"about":[{"href":"https:\/\/tendotools.com\/fr\/wp-json\/wp\/v2\/types\/product"}],"replies":[{"embeddable":true,"href":"https:\/\/tendotools.com\/fr\/wp-json\/wp\/v2\/comments?post=5997"}],"wp:featuredmedia":[{"embeddable":true,"href":"https:\/\/tendotools.com\/fr\/wp-json\/wp\/v2\/media\/6006"}],"wp:attachment":[{"href":"https:\/\/tendotools.com\/fr\/wp-json\/wp\/v2\/media?parent=5997"}],"wp:term":[{"taxonomy":"pwb-brand","embeddable":true,"href":"https:\/\/tendotools.com\/fr\/wp-json\/wp\/v2\/pwb-brand?post=5997"},{"taxonomy":"product_brand","embeddable":true,"href":"https:\/\/tendotools.com\/fr\/wp-json\/wp\/v2\/product_brand?post=5997"},{"taxonomy":"product_cat","embeddable":true,"href":"https:\/\/tendotools.com\/fr\/wp-json\/wp\/v2\/product_cat?post=5997"},{"taxonomy":"product_tag","embeddable":true,"href":"https:\/\/tendotools.com\/fr\/wp-json\/wp\/v2\/product_tag?post=5997"}],"curies":[{"name":"wp","href":"https:\/\/api.w.org\/{rel}","templated":true}]}}