{"id":6052,"date":"2020-07-16T14:49:06","date_gmt":"2020-07-16T12:49:06","guid":{"rendered":"https:\/\/tendotools.com\/?post_type=product&#038;p=6052"},"modified":"2020-07-16T15:22:06","modified_gmt":"2020-07-16T13:22:06","slug":"piher-presse-dangle-pour-metal","status":"publish","type":"product","link":"https:\/\/tendotools.com\/fr\/produit\/piher-presse-dangle-pour-metal\/","title":{"rendered":"PIHER &#8211; Presse d&#8217;angle pour m\u00e9tal"},"content":{"rendered":"<p>Presse d&#8217;angle solides pour soudeurs. Le montage \u00e0 90 \u00b0 n&#8217;est plus un probl\u00e8me. La hauteur de pression est 3,5 cm ou 6 cm et peut \u00e9tirer du mat\u00e9riel jusqu&#8217;\u00e0 8,5 cm ou 12 cm de largeur. Fabriqu\u00e9 en fonte nodulaire et \u00e9quip\u00e9 d&#8217;une vis antiadh\u00e9sive cuivr\u00e9e pour le soudage.<\/p>\n","protected":false},"excerpt":{"rendered":"<p>Presse d&#8217;angle solides pour soudeurs. Le montage \u00e0 90 \u00b0 n&#8217;est plus un probl\u00e8me. La hauteur de pression est 3,5 cm ou 6 cm et peut \u00e9tirer du mat\u00e9riel jusqu&#8217;\u00e0 8,5 cm ou 12 cm de largeur. Fabriqu\u00e9 en fonte nodulaire et \u00e9quip\u00e9 d&#8217;une vis antiadh\u00e9sive cuivr\u00e9e pour le soudage.<\/p>\n","protected":false},"featured_media":6061,"comment_status":"open","ping_status":"closed","template":"","meta":{"_acf_changed":false,"_crsspst_to_pihertendotoolscom":false,"_crsspst_to_piherbe":false,"inline_featured_image":false},"pwb-brand":[3412],"product_brand":[],"product_cat":[433],"product_tag":[],"class_list":{"0":"post-6052","1":"product","2":"type-product","3":"status-publish","4":"has-post-thumbnail","6":"pwb-brand-piher-fr","7":"product_cat-presses-dangle","8":"product_shipping_class-regulier-desambiguation","10":"first","11":"instock","12":"taxable","13":"shipping-taxable","14":"purchasable","15":"product-type-variable","16":"has-default-attributes"},"group_of_quantity":0,"min_quantity":0,"max_quantity":"","exclude_order_quantity_value_rules":"no","exclude_category_quantity_rules":"no","combine_variations":"no","acf":{"composite_product":null,"belangrijkste_eigenschappen":"<ul>\n \t<li>Presse d'angle en fonte ductile sp\u00e9cialement pour le soudage<\/li>\n \t<li>Hauteur de pression 3,5 cm ou 6 cm<\/li>\n \t<li>Largeur maximale 8,5 cm ou 12 cm<\/li>\n \t<li>Fourni avec une vis antiadh\u00e9sive cuivr\u00e9e; prot\u00e9g\u00e9 contre les projections de soudure<\/li>\n<\/ul>","standaard_uitrusting":"Par pi\u00e8ce","downloads":null,"out_of_stock_message":"","video":""},"yoast_head":"<!-- This site is optimized with the Yoast SEO plugin v26.8 - https:\/\/yoast.com\/product\/yoast-seo-wordpress\/ -->\n<title>PIHER - Presse d&#039;angle pour m\u00e9tal - Tendotools<\/title>\n<meta name=\"description\" content=\"Presse d&#039;angle solides pour soudeurs. Le montage \u00e0 90 \u00b0 n&#039;est plus un probl\u00e8me. La hauteur de pression est 3,5 cm ou 6 cm. Vis prot\u00e9g\u00e9e par bain de cuivre anti-adh\u00e9rent pour protection de soudure\" \/>\n<meta name=\"robots\" content=\"index, follow, max-snippet:-1, max-image-preview:large, max-video-preview:-1\" \/>\n<link rel=\"canonical\" href=\"https:\/\/tendotools.com\/fr\/produit\/piher-presse-dangle-pour-metal\/\" \/>\n<meta property=\"og:locale\" content=\"fr_FR\" \/>\n<meta property=\"og:type\" content=\"article\" \/>\n<meta property=\"og:title\" content=\"PIHER - Presse d&#039;angle pour m\u00e9tal - Tendotools\" \/>\n<meta property=\"og:description\" content=\"Presse d&#039;angle solides pour soudeurs. Le montage \u00e0 90 \u00b0 n&#039;est plus un probl\u00e8me. La hauteur de pression est 3,5 cm ou 6 cm. Vis prot\u00e9g\u00e9e par bain de cuivre anti-adh\u00e9rent pour protection de soudure\" \/>\n<meta property=\"og:url\" content=\"https:\/\/tendotools.com\/fr\/produit\/piher-presse-dangle-pour-metal\/\" \/>\n<meta property=\"og:site_name\" content=\"Tendotools\" \/>\n<meta property=\"article:modified_time\" content=\"2020-07-16T13:22:06+00:00\" \/>\n<meta property=\"og:image\" content=\"https:\/\/tendotools.com\/wp-content\/uploads\/2020\/07\/20-3000129999.jpg\" \/>\n\t<meta property=\"og:image:width\" content=\"800\" \/>\n\t<meta property=\"og:image:height\" content=\"800\" \/>\n\t<meta property=\"og:image:type\" content=\"image\/jpeg\" \/>\n<meta name=\"twitter:card\" content=\"summary_large_image\" \/>\n<script type=\"application\/ld+json\" class=\"yoast-schema-graph\">{\"@context\":\"https:\/\/schema.org\",\"@graph\":[{\"@type\":\"WebPage\",\"@id\":\"https:\/\/tendotools.com\/fr\/produit\/piher-presse-dangle-pour-metal\/\",\"url\":\"https:\/\/tendotools.com\/fr\/produit\/piher-presse-dangle-pour-metal\/\",\"name\":\"PIHER - Presse d'angle pour m\u00e9tal - Tendotools\",\"isPartOf\":{\"@id\":\"https:\/\/tendotools.com\/fr\/#website\"},\"primaryImageOfPage\":{\"@id\":\"https:\/\/tendotools.com\/fr\/produit\/piher-presse-dangle-pour-metal\/#primaryimage\"},\"image\":{\"@id\":\"https:\/\/tendotools.com\/fr\/produit\/piher-presse-dangle-pour-metal\/#primaryimage\"},\"thumbnailUrl\":\"https:\/\/tendotools.com\/wp-content\/uploads\/2020\/07\/20-3000129999.jpg\",\"datePublished\":\"2020-07-16T12:49:06+00:00\",\"dateModified\":\"2020-07-16T13:22:06+00:00\",\"description\":\"Presse d'angle solides pour soudeurs. Le montage \u00e0 90 \u00b0 n'est plus un probl\u00e8me. La hauteur de pression est 3,5 cm ou 6 cm. Vis prot\u00e9g\u00e9e par bain de cuivre anti-adh\u00e9rent pour protection de soudure\",\"breadcrumb\":{\"@id\":\"https:\/\/tendotools.com\/fr\/produit\/piher-presse-dangle-pour-metal\/#breadcrumb\"},\"inLanguage\":\"fr-FR\",\"potentialAction\":[{\"@type\":\"ReadAction\",\"target\":[\"https:\/\/tendotools.com\/fr\/produit\/piher-presse-dangle-pour-metal\/\"]}]},{\"@type\":\"ImageObject\",\"inLanguage\":\"fr-FR\",\"@id\":\"https:\/\/tendotools.com\/fr\/produit\/piher-presse-dangle-pour-metal\/#primaryimage\",\"url\":\"https:\/\/tendotools.com\/wp-content\/uploads\/2020\/07\/20-3000129999.jpg\",\"contentUrl\":\"https:\/\/tendotools.com\/wp-content\/uploads\/2020\/07\/20-3000129999.jpg\",\"width\":800,\"height\":800},{\"@type\":\"BreadcrumbList\",\"@id\":\"https:\/\/tendotools.com\/fr\/produit\/piher-presse-dangle-pour-metal\/#breadcrumb\",\"itemListElement\":[{\"@type\":\"ListItem\",\"position\":1,\"name\":\"Home\",\"item\":\"https:\/\/tendotools.com\/fr\/\"},{\"@type\":\"ListItem\",\"position\":2,\"name\":\"Shop\",\"item\":\"https:\/\/tendotools.com\/fr\/boutique\/\"},{\"@type\":\"ListItem\",\"position\":3,\"name\":\"PIHER &#8211; Presse d&#8217;angle pour m\u00e9tal\"}]},{\"@type\":\"WebSite\",\"@id\":\"https:\/\/tendotools.com\/fr\/#website\",\"url\":\"https:\/\/tendotools.com\/fr\/\",\"name\":\"Tendotools\",\"description\":\"\",\"publisher\":{\"@id\":\"https:\/\/tendotools.com\/fr\/#organization\"},\"potentialAction\":[{\"@type\":\"SearchAction\",\"target\":{\"@type\":\"EntryPoint\",\"urlTemplate\":\"https:\/\/tendotools.com\/fr\/?s={search_term_string}\"},\"query-input\":{\"@type\":\"PropertyValueSpecification\",\"valueRequired\":true,\"valueName\":\"search_term_string\"}}],\"inLanguage\":\"fr-FR\"},{\"@type\":\"Organization\",\"@id\":\"https:\/\/tendotools.com\/fr\/#organization\",\"name\":\"Tendotools\",\"url\":\"https:\/\/tendotools.com\/fr\/\",\"logo\":{\"@type\":\"ImageObject\",\"inLanguage\":\"fr-FR\",\"@id\":\"https:\/\/tendotools.com\/fr\/#\/schema\/logo\/image\/\",\"url\":\"https:\/\/tendotools.com\/wp-content\/uploads\/2019\/09\/logo-wit.png\",\"contentUrl\":\"https:\/\/tendotools.com\/wp-content\/uploads\/2019\/09\/logo-wit.png\",\"width\":350,\"height\":84,\"caption\":\"Tendotools\"},\"image\":{\"@id\":\"https:\/\/tendotools.com\/fr\/#\/schema\/logo\/image\/\"}}]}<\/script>\n<!-- \/ Yoast SEO plugin. -->","yoast_head_json":{"title":"PIHER - Presse d'angle pour m\u00e9tal - Tendotools","description":"Presse d'angle solides pour soudeurs. Le montage \u00e0 90 \u00b0 n'est plus un probl\u00e8me. La hauteur de pression est 3,5 cm ou 6 cm. Vis prot\u00e9g\u00e9e par bain de cuivre anti-adh\u00e9rent pour protection de soudure","robots":{"index":"index","follow":"follow","max-snippet":"max-snippet:-1","max-image-preview":"max-image-preview:large","max-video-preview":"max-video-preview:-1"},"canonical":"https:\/\/tendotools.com\/fr\/produit\/piher-presse-dangle-pour-metal\/","og_locale":"fr_FR","og_type":"article","og_title":"PIHER - Presse d'angle pour m\u00e9tal - Tendotools","og_description":"Presse d'angle solides pour soudeurs. Le montage \u00e0 90 \u00b0 n'est plus un probl\u00e8me. La hauteur de pression est 3,5 cm ou 6 cm. Vis prot\u00e9g\u00e9e par bain de cuivre anti-adh\u00e9rent pour protection de soudure","og_url":"https:\/\/tendotools.com\/fr\/produit\/piher-presse-dangle-pour-metal\/","og_site_name":"Tendotools","article_modified_time":"2020-07-16T13:22:06+00:00","og_image":[{"width":800,"height":800,"url":"https:\/\/tendotools.com\/wp-content\/uploads\/2020\/07\/20-3000129999.jpg","type":"image\/jpeg"}],"twitter_card":"summary_large_image","schema":{"@context":"https:\/\/schema.org","@graph":[{"@type":"WebPage","@id":"https:\/\/tendotools.com\/fr\/produit\/piher-presse-dangle-pour-metal\/","url":"https:\/\/tendotools.com\/fr\/produit\/piher-presse-dangle-pour-metal\/","name":"PIHER - Presse d'angle pour m\u00e9tal - Tendotools","isPartOf":{"@id":"https:\/\/tendotools.com\/fr\/#website"},"primaryImageOfPage":{"@id":"https:\/\/tendotools.com\/fr\/produit\/piher-presse-dangle-pour-metal\/#primaryimage"},"image":{"@id":"https:\/\/tendotools.com\/fr\/produit\/piher-presse-dangle-pour-metal\/#primaryimage"},"thumbnailUrl":"https:\/\/tendotools.com\/wp-content\/uploads\/2020\/07\/20-3000129999.jpg","datePublished":"2020-07-16T12:49:06+00:00","dateModified":"2020-07-16T13:22:06+00:00","description":"Presse d'angle solides pour soudeurs. Le montage \u00e0 90 \u00b0 n'est plus un probl\u00e8me. La hauteur de pression est 3,5 cm ou 6 cm. Vis prot\u00e9g\u00e9e par bain de cuivre anti-adh\u00e9rent pour protection de soudure","breadcrumb":{"@id":"https:\/\/tendotools.com\/fr\/produit\/piher-presse-dangle-pour-metal\/#breadcrumb"},"inLanguage":"fr-FR","potentialAction":[{"@type":"ReadAction","target":["https:\/\/tendotools.com\/fr\/produit\/piher-presse-dangle-pour-metal\/"]}]},{"@type":"ImageObject","inLanguage":"fr-FR","@id":"https:\/\/tendotools.com\/fr\/produit\/piher-presse-dangle-pour-metal\/#primaryimage","url":"https:\/\/tendotools.com\/wp-content\/uploads\/2020\/07\/20-3000129999.jpg","contentUrl":"https:\/\/tendotools.com\/wp-content\/uploads\/2020\/07\/20-3000129999.jpg","width":800,"height":800},{"@type":"BreadcrumbList","@id":"https:\/\/tendotools.com\/fr\/produit\/piher-presse-dangle-pour-metal\/#breadcrumb","itemListElement":[{"@type":"ListItem","position":1,"name":"Home","item":"https:\/\/tendotools.com\/fr\/"},{"@type":"ListItem","position":2,"name":"Shop","item":"https:\/\/tendotools.com\/fr\/boutique\/"},{"@type":"ListItem","position":3,"name":"PIHER &#8211; Presse d&#8217;angle pour m\u00e9tal"}]},{"@type":"WebSite","@id":"https:\/\/tendotools.com\/fr\/#website","url":"https:\/\/tendotools.com\/fr\/","name":"Tendotools","description":"","publisher":{"@id":"https:\/\/tendotools.com\/fr\/#organization"},"potentialAction":[{"@type":"SearchAction","target":{"@type":"EntryPoint","urlTemplate":"https:\/\/tendotools.com\/fr\/?s={search_term_string}"},"query-input":{"@type":"PropertyValueSpecification","valueRequired":true,"valueName":"search_term_string"}}],"inLanguage":"fr-FR"},{"@type":"Organization","@id":"https:\/\/tendotools.com\/fr\/#organization","name":"Tendotools","url":"https:\/\/tendotools.com\/fr\/","logo":{"@type":"ImageObject","inLanguage":"fr-FR","@id":"https:\/\/tendotools.com\/fr\/#\/schema\/logo\/image\/","url":"https:\/\/tendotools.com\/wp-content\/uploads\/2019\/09\/logo-wit.png","contentUrl":"https:\/\/tendotools.com\/wp-content\/uploads\/2019\/09\/logo-wit.png","width":350,"height":84,"caption":"Tendotools"},"image":{"@id":"https:\/\/tendotools.com\/fr\/#\/schema\/logo\/image\/"}}]}},"brands":[{"id":3412,"name":"Piher","slug":"piher-fr"}],"_links":{"self":[{"href":"https:\/\/tendotools.com\/fr\/wp-json\/wp\/v2\/product\/6052","targetHints":{"allow":["GET"]}}],"collection":[{"href":"https:\/\/tendotools.com\/fr\/wp-json\/wp\/v2\/product"}],"about":[{"href":"https:\/\/tendotools.com\/fr\/wp-json\/wp\/v2\/types\/product"}],"replies":[{"embeddable":true,"href":"https:\/\/tendotools.com\/fr\/wp-json\/wp\/v2\/comments?post=6052"}],"wp:featuredmedia":[{"embeddable":true,"href":"https:\/\/tendotools.com\/fr\/wp-json\/wp\/v2\/media\/6061"}],"wp:attachment":[{"href":"https:\/\/tendotools.com\/fr\/wp-json\/wp\/v2\/media?parent=6052"}],"wp:term":[{"taxonomy":"pwb-brand","embeddable":true,"href":"https:\/\/tendotools.com\/fr\/wp-json\/wp\/v2\/pwb-brand?post=6052"},{"taxonomy":"product_brand","embeddable":true,"href":"https:\/\/tendotools.com\/fr\/wp-json\/wp\/v2\/product_brand?post=6052"},{"taxonomy":"product_cat","embeddable":true,"href":"https:\/\/tendotools.com\/fr\/wp-json\/wp\/v2\/product_cat?post=6052"},{"taxonomy":"product_tag","embeddable":true,"href":"https:\/\/tendotools.com\/fr\/wp-json\/wp\/v2\/product_tag?post=6052"}],"curies":[{"name":"wp","href":"https:\/\/api.w.org\/{rel}","templated":true}]}}