{"id":7515,"date":"2020-09-22T10:06:21","date_gmt":"2020-09-22T08:06:21","guid":{"rendered":"https:\/\/tendotools.com\/?post_type=product&#038;p=7515"},"modified":"2020-09-22T10:14:25","modified_gmt":"2020-09-22T08:14:25","slug":"pair-de-couteaux-profiles-hauteur-50mm-nr-2073","status":"publish","type":"product","link":"https:\/\/tendotools.com\/fr\/produit\/pair-de-couteaux-profiles-hauteur-50mm-nr-2073\/","title":{"rendered":"Pair de couteaux profil\u00e9s hauteur 50mm Nr. 2073"},"content":{"rendered":"<p>Set de couteaux profil\u00e9s hauteur 50mm Nr. 2073 pour des porte-outils \u00e0 profiler universels. Appropri\u00e9 pour le fraisage de profil\u00e9s de chants en bois massif avec un faible co\u00fbt d&#8217;outillage. Acier \u00e0 outils alli\u00e9 avec 16% cobalt pour un qualit\u00e9 de coup tr\u00e8s haut et un fraisage confortable.<\/p>\n","protected":false},"excerpt":{"rendered":"<p>Set de couteaux profil\u00e9s hauteur 50mm Nr. 2073 pour des porte-outils \u00e0 profiler universels. Appropri\u00e9 pour le fraisage de profil\u00e9s de chants en bois massif avec un faible co\u00fbt d&#8217;outillage. Acier \u00e0 outils alli\u00e9 avec 16% cobalt pour un qualit\u00e9 de coup tr\u00e8s haut et un fraisage confortable.<\/p>\n","protected":false},"featured_media":7518,"comment_status":"open","ping_status":"closed","template":"","meta":{"_acf_changed":false,"_crsspst_to_pihertendotoolscom":false,"_crsspst_to_piherbe":false,"inline_featured_image":false},"pwb-brand":[3414],"product_brand":[],"product_cat":[939],"product_tag":[],"class_list":{"0":"post-7515","1":"product","2":"type-product","3":"status-publish","4":"has-post-thumbnail","6":"pwb-brand-sistemi-klein-fr","7":"product_cat-couteaux-profiles-50mm","8":"product_shipping_class-regulier-desambiguation","10":"first","11":"instock","12":"taxable","13":"shipping-taxable","14":"purchasable","15":"product-type-simple"},"group_of_quantity":0,"min_quantity":0,"max_quantity":"","exclude_order_quantity_value_rules":"no","exclude_category_quantity_rules":"no","combine_variations":"no","acf":{"composite_product":null,"belangrijkste_eigenschappen":"<ul>\n \t<li>Haute qualit\u00e9 de coupe<\/li>\n \t<li>Hauteur 40mm<\/li>\n \t<li>Fraisage confortable<\/li>\n \t<li>Acier \u00e0 outils alli\u00e9 avec 16% cobalt<\/li>\n<\/ul>","standaard_uitrusting":"Par set de deux couteaux","downloads":null,"out_of_stock_message":"","video":""},"yoast_head":"<!-- This site is optimized with the Yoast SEO plugin v26.8 - https:\/\/yoast.com\/product\/yoast-seo-wordpress\/ -->\n<title>Pair de couteaux profil\u00e9s hauteur 50mm Nr. 2073 - Tendotools<\/title>\n<meta name=\"description\" content=\"Couteaux profil\u00e9s pour des porte-outils \u00e0 profiler universels. Pour le fraisage de profil\u00e9s de chants en bois massif avec un faible co\u00fbt d&#039;outillage\" \/>\n<meta name=\"robots\" content=\"index, follow, max-snippet:-1, max-image-preview:large, max-video-preview:-1\" \/>\n<link rel=\"canonical\" href=\"https:\/\/tendotools.com\/fr\/produit\/pair-de-couteaux-profiles-hauteur-50mm-nr-2073\/\" \/>\n<meta property=\"og:locale\" content=\"fr_FR\" \/>\n<meta property=\"og:type\" content=\"article\" \/>\n<meta property=\"og:title\" content=\"Pair de couteaux profil\u00e9s hauteur 50mm Nr. 2073 - Tendotools\" \/>\n<meta property=\"og:description\" content=\"Couteaux profil\u00e9s pour des porte-outils \u00e0 profiler universels. Pour le fraisage de profil\u00e9s de chants en bois massif avec un faible co\u00fbt d&#039;outillage\" \/>\n<meta property=\"og:url\" content=\"https:\/\/tendotools.com\/fr\/produit\/pair-de-couteaux-profiles-hauteur-50mm-nr-2073\/\" \/>\n<meta property=\"og:site_name\" content=\"Tendotools\" \/>\n<meta property=\"article:modified_time\" content=\"2020-09-22T08:14:25+00:00\" \/>\n<meta property=\"og:image\" content=\"https:\/\/tendotools.com\/wp-content\/uploads\/2020\/09\/Klein-SA02073.jpg\" \/>\n\t<meta property=\"og:image:width\" content=\"800\" \/>\n\t<meta property=\"og:image:height\" content=\"800\" \/>\n\t<meta property=\"og:image:type\" content=\"image\/jpeg\" \/>\n<meta name=\"twitter:card\" content=\"summary_large_image\" \/>\n<script type=\"application\/ld+json\" class=\"yoast-schema-graph\">{\"@context\":\"https:\/\/schema.org\",\"@graph\":[{\"@type\":\"WebPage\",\"@id\":\"https:\/\/tendotools.com\/fr\/produit\/pair-de-couteaux-profiles-hauteur-50mm-nr-2073\/\",\"url\":\"https:\/\/tendotools.com\/fr\/produit\/pair-de-couteaux-profiles-hauteur-50mm-nr-2073\/\",\"name\":\"Pair de couteaux profil\u00e9s hauteur 50mm Nr. 2073 - Tendotools\",\"isPartOf\":{\"@id\":\"https:\/\/tendotools.com\/fr\/#website\"},\"primaryImageOfPage\":{\"@id\":\"https:\/\/tendotools.com\/fr\/produit\/pair-de-couteaux-profiles-hauteur-50mm-nr-2073\/#primaryimage\"},\"image\":{\"@id\":\"https:\/\/tendotools.com\/fr\/produit\/pair-de-couteaux-profiles-hauteur-50mm-nr-2073\/#primaryimage\"},\"thumbnailUrl\":\"https:\/\/tendotools.com\/wp-content\/uploads\/2020\/09\/Klein-SA02073.jpg\",\"datePublished\":\"2020-09-22T08:06:21+00:00\",\"dateModified\":\"2020-09-22T08:14:25+00:00\",\"description\":\"Couteaux profil\u00e9s pour des porte-outils \u00e0 profiler universels. Pour le fraisage de profil\u00e9s de chants en bois massif avec un faible co\u00fbt d'outillage\",\"breadcrumb\":{\"@id\":\"https:\/\/tendotools.com\/fr\/produit\/pair-de-couteaux-profiles-hauteur-50mm-nr-2073\/#breadcrumb\"},\"inLanguage\":\"fr-FR\",\"potentialAction\":[{\"@type\":\"ReadAction\",\"target\":[\"https:\/\/tendotools.com\/fr\/produit\/pair-de-couteaux-profiles-hauteur-50mm-nr-2073\/\"]}]},{\"@type\":\"ImageObject\",\"inLanguage\":\"fr-FR\",\"@id\":\"https:\/\/tendotools.com\/fr\/produit\/pair-de-couteaux-profiles-hauteur-50mm-nr-2073\/#primaryimage\",\"url\":\"https:\/\/tendotools.com\/wp-content\/uploads\/2020\/09\/Klein-SA02073.jpg\",\"contentUrl\":\"https:\/\/tendotools.com\/wp-content\/uploads\/2020\/09\/Klein-SA02073.jpg\",\"width\":800,\"height\":800},{\"@type\":\"BreadcrumbList\",\"@id\":\"https:\/\/tendotools.com\/fr\/produit\/pair-de-couteaux-profiles-hauteur-50mm-nr-2073\/#breadcrumb\",\"itemListElement\":[{\"@type\":\"ListItem\",\"position\":1,\"name\":\"Home\",\"item\":\"https:\/\/tendotools.com\/fr\/\"},{\"@type\":\"ListItem\",\"position\":2,\"name\":\"Shop\",\"item\":\"https:\/\/tendotools.com\/fr\/boutique\/\"},{\"@type\":\"ListItem\",\"position\":3,\"name\":\"Pair de couteaux profil\u00e9s hauteur 50mm Nr. 2073\"}]},{\"@type\":\"WebSite\",\"@id\":\"https:\/\/tendotools.com\/fr\/#website\",\"url\":\"https:\/\/tendotools.com\/fr\/\",\"name\":\"Tendotools\",\"description\":\"\",\"publisher\":{\"@id\":\"https:\/\/tendotools.com\/fr\/#organization\"},\"potentialAction\":[{\"@type\":\"SearchAction\",\"target\":{\"@type\":\"EntryPoint\",\"urlTemplate\":\"https:\/\/tendotools.com\/fr\/?s={search_term_string}\"},\"query-input\":{\"@type\":\"PropertyValueSpecification\",\"valueRequired\":true,\"valueName\":\"search_term_string\"}}],\"inLanguage\":\"fr-FR\"},{\"@type\":\"Organization\",\"@id\":\"https:\/\/tendotools.com\/fr\/#organization\",\"name\":\"Tendotools\",\"url\":\"https:\/\/tendotools.com\/fr\/\",\"logo\":{\"@type\":\"ImageObject\",\"inLanguage\":\"fr-FR\",\"@id\":\"https:\/\/tendotools.com\/fr\/#\/schema\/logo\/image\/\",\"url\":\"https:\/\/tendotools.com\/wp-content\/uploads\/2019\/09\/logo-wit.png\",\"contentUrl\":\"https:\/\/tendotools.com\/wp-content\/uploads\/2019\/09\/logo-wit.png\",\"width\":350,\"height\":84,\"caption\":\"Tendotools\"},\"image\":{\"@id\":\"https:\/\/tendotools.com\/fr\/#\/schema\/logo\/image\/\"}}]}<\/script>\n<!-- \/ Yoast SEO plugin. -->","yoast_head_json":{"title":"Pair de couteaux profil\u00e9s hauteur 50mm Nr. 2073 - Tendotools","description":"Couteaux profil\u00e9s pour des porte-outils \u00e0 profiler universels. Pour le fraisage de profil\u00e9s de chants en bois massif avec un faible co\u00fbt d'outillage","robots":{"index":"index","follow":"follow","max-snippet":"max-snippet:-1","max-image-preview":"max-image-preview:large","max-video-preview":"max-video-preview:-1"},"canonical":"https:\/\/tendotools.com\/fr\/produit\/pair-de-couteaux-profiles-hauteur-50mm-nr-2073\/","og_locale":"fr_FR","og_type":"article","og_title":"Pair de couteaux profil\u00e9s hauteur 50mm Nr. 2073 - Tendotools","og_description":"Couteaux profil\u00e9s pour des porte-outils \u00e0 profiler universels. Pour le fraisage de profil\u00e9s de chants en bois massif avec un faible co\u00fbt d'outillage","og_url":"https:\/\/tendotools.com\/fr\/produit\/pair-de-couteaux-profiles-hauteur-50mm-nr-2073\/","og_site_name":"Tendotools","article_modified_time":"2020-09-22T08:14:25+00:00","og_image":[{"width":800,"height":800,"url":"https:\/\/tendotools.com\/wp-content\/uploads\/2020\/09\/Klein-SA02073.jpg","type":"image\/jpeg"}],"twitter_card":"summary_large_image","schema":{"@context":"https:\/\/schema.org","@graph":[{"@type":"WebPage","@id":"https:\/\/tendotools.com\/fr\/produit\/pair-de-couteaux-profiles-hauteur-50mm-nr-2073\/","url":"https:\/\/tendotools.com\/fr\/produit\/pair-de-couteaux-profiles-hauteur-50mm-nr-2073\/","name":"Pair de couteaux profil\u00e9s hauteur 50mm Nr. 2073 - Tendotools","isPartOf":{"@id":"https:\/\/tendotools.com\/fr\/#website"},"primaryImageOfPage":{"@id":"https:\/\/tendotools.com\/fr\/produit\/pair-de-couteaux-profiles-hauteur-50mm-nr-2073\/#primaryimage"},"image":{"@id":"https:\/\/tendotools.com\/fr\/produit\/pair-de-couteaux-profiles-hauteur-50mm-nr-2073\/#primaryimage"},"thumbnailUrl":"https:\/\/tendotools.com\/wp-content\/uploads\/2020\/09\/Klein-SA02073.jpg","datePublished":"2020-09-22T08:06:21+00:00","dateModified":"2020-09-22T08:14:25+00:00","description":"Couteaux profil\u00e9s pour des porte-outils \u00e0 profiler universels. Pour le fraisage de profil\u00e9s de chants en bois massif avec un faible co\u00fbt d'outillage","breadcrumb":{"@id":"https:\/\/tendotools.com\/fr\/produit\/pair-de-couteaux-profiles-hauteur-50mm-nr-2073\/#breadcrumb"},"inLanguage":"fr-FR","potentialAction":[{"@type":"ReadAction","target":["https:\/\/tendotools.com\/fr\/produit\/pair-de-couteaux-profiles-hauteur-50mm-nr-2073\/"]}]},{"@type":"ImageObject","inLanguage":"fr-FR","@id":"https:\/\/tendotools.com\/fr\/produit\/pair-de-couteaux-profiles-hauteur-50mm-nr-2073\/#primaryimage","url":"https:\/\/tendotools.com\/wp-content\/uploads\/2020\/09\/Klein-SA02073.jpg","contentUrl":"https:\/\/tendotools.com\/wp-content\/uploads\/2020\/09\/Klein-SA02073.jpg","width":800,"height":800},{"@type":"BreadcrumbList","@id":"https:\/\/tendotools.com\/fr\/produit\/pair-de-couteaux-profiles-hauteur-50mm-nr-2073\/#breadcrumb","itemListElement":[{"@type":"ListItem","position":1,"name":"Home","item":"https:\/\/tendotools.com\/fr\/"},{"@type":"ListItem","position":2,"name":"Shop","item":"https:\/\/tendotools.com\/fr\/boutique\/"},{"@type":"ListItem","position":3,"name":"Pair de couteaux profil\u00e9s hauteur 50mm Nr. 2073"}]},{"@type":"WebSite","@id":"https:\/\/tendotools.com\/fr\/#website","url":"https:\/\/tendotools.com\/fr\/","name":"Tendotools","description":"","publisher":{"@id":"https:\/\/tendotools.com\/fr\/#organization"},"potentialAction":[{"@type":"SearchAction","target":{"@type":"EntryPoint","urlTemplate":"https:\/\/tendotools.com\/fr\/?s={search_term_string}"},"query-input":{"@type":"PropertyValueSpecification","valueRequired":true,"valueName":"search_term_string"}}],"inLanguage":"fr-FR"},{"@type":"Organization","@id":"https:\/\/tendotools.com\/fr\/#organization","name":"Tendotools","url":"https:\/\/tendotools.com\/fr\/","logo":{"@type":"ImageObject","inLanguage":"fr-FR","@id":"https:\/\/tendotools.com\/fr\/#\/schema\/logo\/image\/","url":"https:\/\/tendotools.com\/wp-content\/uploads\/2019\/09\/logo-wit.png","contentUrl":"https:\/\/tendotools.com\/wp-content\/uploads\/2019\/09\/logo-wit.png","width":350,"height":84,"caption":"Tendotools"},"image":{"@id":"https:\/\/tendotools.com\/fr\/#\/schema\/logo\/image\/"}}]}},"brands":[{"id":3414,"name":"Sistemi Klein","slug":"sistemi-klein-fr"}],"_links":{"self":[{"href":"https:\/\/tendotools.com\/fr\/wp-json\/wp\/v2\/product\/7515","targetHints":{"allow":["GET"]}}],"collection":[{"href":"https:\/\/tendotools.com\/fr\/wp-json\/wp\/v2\/product"}],"about":[{"href":"https:\/\/tendotools.com\/fr\/wp-json\/wp\/v2\/types\/product"}],"replies":[{"embeddable":true,"href":"https:\/\/tendotools.com\/fr\/wp-json\/wp\/v2\/comments?post=7515"}],"wp:featuredmedia":[{"embeddable":true,"href":"https:\/\/tendotools.com\/fr\/wp-json\/wp\/v2\/media\/7518"}],"wp:attachment":[{"href":"https:\/\/tendotools.com\/fr\/wp-json\/wp\/v2\/media?parent=7515"}],"wp:term":[{"taxonomy":"pwb-brand","embeddable":true,"href":"https:\/\/tendotools.com\/fr\/wp-json\/wp\/v2\/pwb-brand?post=7515"},{"taxonomy":"product_brand","embeddable":true,"href":"https:\/\/tendotools.com\/fr\/wp-json\/wp\/v2\/product_brand?post=7515"},{"taxonomy":"product_cat","embeddable":true,"href":"https:\/\/tendotools.com\/fr\/wp-json\/wp\/v2\/product_cat?post=7515"},{"taxonomy":"product_tag","embeddable":true,"href":"https:\/\/tendotools.com\/fr\/wp-json\/wp\/v2\/product_tag?post=7515"}],"curies":[{"name":"wp","href":"https:\/\/api.w.org\/{rel}","templated":true}]}}