{"id":7968,"date":"2020-09-23T17:06:14","date_gmt":"2020-09-23T15:06:14","guid":{"rendered":"https:\/\/tendotools.com\/?post_type=product&#038;p=7968"},"modified":"2020-09-23T17:29:13","modified_gmt":"2020-09-23T15:29:13","slug":"lame-de-scie-o184mm-alesage-16mm","status":"publish","type":"product","link":"https:\/\/tendotools.com\/fr\/produit\/lame-de-scie-o184mm-alesage-16mm\/","title":{"rendered":"Lame de scie \u00d8184mm &#8211; al\u00e9sage 16mm"},"content":{"rendered":"<p>Lame de scie universel avec des dents de coupe inclin\u00e9s alternes pour le sciage des bois durs, tendres et exotiques ou des panneaux en bois. Choisissez le bon nombre de dents pour un r\u00e9sultat optimal de votre projet. Un faible nombre de dents convient pour les travaux de sciage rapide et grossier dans le bois massif. Un nombre \u00e9lev\u00e9 de dents n\u00e9cessite une vitesse de coupe plus lente, mais assure une coupe fine et nette, tant dans le bois massif que dans les panneaux. Disponsible avec plusieurs nombres de dents.<\/p>\n","protected":false},"excerpt":{"rendered":"<p>Lame de scie universel avec des dents de coupe inclin\u00e9s alternes pour le sciage des bois durs, tendres et exotiques ou des panneaux en bois. Choisissez le bon nombre de dents pour un r\u00e9sultat optimal de votre projet. Un faible nombre de dents convient pour les travaux de sciage rapide et grossier dans le bois massif. Un nombre \u00e9lev\u00e9 de dents n\u00e9cessite une vitesse de coupe plus lente, mais assure une coupe fine et nette, tant dans le bois massif que dans les panneaux.<\/p>\n<p>Disponsible avec plusieurs nombres de dents.<\/p>\n","protected":false},"featured_media":7735,"comment_status":"open","ping_status":"closed","template":"","meta":{"_acf_changed":false,"_crsspst_to_pihertendotoolscom":false,"_crsspst_to_piherbe":false,"inline_featured_image":false},"pwb-brand":[3414],"product_brand":[],"product_cat":[948],"product_tag":[],"class_list":{"0":"post-7968","1":"product","2":"type-product","3":"status-publish","4":"has-post-thumbnail","6":"pwb-brand-sistemi-klein-fr","7":"product_cat-lames-de-scie-universelle-bois","8":"product_shipping_class-regulier-desambiguation","10":"first","11":"instock","12":"taxable","13":"shipping-taxable","14":"purchasable","15":"product-type-variable"},"group_of_quantity":0,"min_quantity":0,"max_quantity":"","exclude_order_quantity_value_rules":"no","exclude_category_quantity_rules":"no","combine_variations":"no","acf":{"composite_product":null,"belangrijkste_eigenschappen":"<ul>\n \t<li>Lame HW \u00e0 usage professionnel<\/li>\n \t<li>Denture altern\u00e9e<\/li>\n \t<li>Pour la coupe de long et travers<\/li>\n \t<li>Pour le coupe des bois durs et tendres<\/li>\n \t<li>Lame de scie avec 36 dents<\/li>\n<\/ul>","standaard_uitrusting":"Par pi\u00e8ce","downloads":null,"out_of_stock_message":"","video":""},"yoast_head":"<!-- This site is optimized with the Yoast SEO plugin v26.8 - https:\/\/yoast.com\/product\/yoast-seo-wordpress\/ -->\n<title>Lame de scie \u00d8184mm - al\u00e9sage 16mm - Tendotools<\/title>\n<meta name=\"description\" content=\"Lame de scie universel de Sistemi Klein pour des machines portables Appropri\u00e9 pour le sciage des bois durs et tendres\" \/>\n<meta name=\"robots\" content=\"index, follow, max-snippet:-1, max-image-preview:large, max-video-preview:-1\" \/>\n<link rel=\"canonical\" href=\"https:\/\/tendotools.com\/fr\/produit\/lame-de-scie-o184mm-alesage-16mm\/\" \/>\n<meta property=\"og:locale\" content=\"fr_FR\" \/>\n<meta property=\"og:type\" content=\"article\" \/>\n<meta property=\"og:title\" content=\"Lame de scie \u00d8184mm - al\u00e9sage 16mm - Tendotools\" \/>\n<meta property=\"og:description\" content=\"Lame de scie universel de Sistemi Klein pour des machines portables Appropri\u00e9 pour le sciage des bois durs et tendres\" \/>\n<meta property=\"og:url\" content=\"https:\/\/tendotools.com\/fr\/produit\/lame-de-scie-o184mm-alesage-16mm\/\" \/>\n<meta property=\"og:site_name\" content=\"Tendotools\" \/>\n<meta property=\"article:modified_time\" content=\"2020-09-23T15:29:13+00:00\" \/>\n<meta property=\"og:image\" content=\"https:\/\/tendotools.com\/wp-content\/uploads\/2020\/09\/Zaagblad-AA.jpg\" \/>\n\t<meta property=\"og:image:width\" content=\"800\" \/>\n\t<meta property=\"og:image:height\" content=\"800\" \/>\n\t<meta property=\"og:image:type\" content=\"image\/jpeg\" \/>\n<meta name=\"twitter:card\" content=\"summary_large_image\" \/>\n<script type=\"application\/ld+json\" class=\"yoast-schema-graph\">{\"@context\":\"https:\/\/schema.org\",\"@graph\":[{\"@type\":\"WebPage\",\"@id\":\"https:\/\/tendotools.com\/fr\/produit\/lame-de-scie-o184mm-alesage-16mm\/\",\"url\":\"https:\/\/tendotools.com\/fr\/produit\/lame-de-scie-o184mm-alesage-16mm\/\",\"name\":\"Lame de scie \u00d8184mm - al\u00e9sage 16mm - Tendotools\",\"isPartOf\":{\"@id\":\"https:\/\/tendotools.com\/fr\/#website\"},\"primaryImageOfPage\":{\"@id\":\"https:\/\/tendotools.com\/fr\/produit\/lame-de-scie-o184mm-alesage-16mm\/#primaryimage\"},\"image\":{\"@id\":\"https:\/\/tendotools.com\/fr\/produit\/lame-de-scie-o184mm-alesage-16mm\/#primaryimage\"},\"thumbnailUrl\":\"https:\/\/tendotools.com\/wp-content\/uploads\/2020\/09\/Zaagblad-AA.jpg\",\"datePublished\":\"2020-09-23T15:06:14+00:00\",\"dateModified\":\"2020-09-23T15:29:13+00:00\",\"description\":\"Lame de scie universel de Sistemi Klein pour des machines portables Appropri\u00e9 pour le sciage des bois durs et tendres\",\"breadcrumb\":{\"@id\":\"https:\/\/tendotools.com\/fr\/produit\/lame-de-scie-o184mm-alesage-16mm\/#breadcrumb\"},\"inLanguage\":\"fr-FR\",\"potentialAction\":[{\"@type\":\"ReadAction\",\"target\":[\"https:\/\/tendotools.com\/fr\/produit\/lame-de-scie-o184mm-alesage-16mm\/\"]}]},{\"@type\":\"ImageObject\",\"inLanguage\":\"fr-FR\",\"@id\":\"https:\/\/tendotools.com\/fr\/produit\/lame-de-scie-o184mm-alesage-16mm\/#primaryimage\",\"url\":\"https:\/\/tendotools.com\/wp-content\/uploads\/2020\/09\/Zaagblad-AA.jpg\",\"contentUrl\":\"https:\/\/tendotools.com\/wp-content\/uploads\/2020\/09\/Zaagblad-AA.jpg\",\"width\":800,\"height\":800},{\"@type\":\"BreadcrumbList\",\"@id\":\"https:\/\/tendotools.com\/fr\/produit\/lame-de-scie-o184mm-alesage-16mm\/#breadcrumb\",\"itemListElement\":[{\"@type\":\"ListItem\",\"position\":1,\"name\":\"Home\",\"item\":\"https:\/\/tendotools.com\/fr\/\"},{\"@type\":\"ListItem\",\"position\":2,\"name\":\"Shop\",\"item\":\"https:\/\/tendotools.com\/fr\/boutique\/\"},{\"@type\":\"ListItem\",\"position\":3,\"name\":\"Lame de scie \u00d8184mm &#8211; al\u00e9sage 16mm\"}]},{\"@type\":\"WebSite\",\"@id\":\"https:\/\/tendotools.com\/fr\/#website\",\"url\":\"https:\/\/tendotools.com\/fr\/\",\"name\":\"Tendotools\",\"description\":\"\",\"publisher\":{\"@id\":\"https:\/\/tendotools.com\/fr\/#organization\"},\"potentialAction\":[{\"@type\":\"SearchAction\",\"target\":{\"@type\":\"EntryPoint\",\"urlTemplate\":\"https:\/\/tendotools.com\/fr\/?s={search_term_string}\"},\"query-input\":{\"@type\":\"PropertyValueSpecification\",\"valueRequired\":true,\"valueName\":\"search_term_string\"}}],\"inLanguage\":\"fr-FR\"},{\"@type\":\"Organization\",\"@id\":\"https:\/\/tendotools.com\/fr\/#organization\",\"name\":\"Tendotools\",\"url\":\"https:\/\/tendotools.com\/fr\/\",\"logo\":{\"@type\":\"ImageObject\",\"inLanguage\":\"fr-FR\",\"@id\":\"https:\/\/tendotools.com\/fr\/#\/schema\/logo\/image\/\",\"url\":\"https:\/\/tendotools.com\/wp-content\/uploads\/2019\/09\/logo-wit.png\",\"contentUrl\":\"https:\/\/tendotools.com\/wp-content\/uploads\/2019\/09\/logo-wit.png\",\"width\":350,\"height\":84,\"caption\":\"Tendotools\"},\"image\":{\"@id\":\"https:\/\/tendotools.com\/fr\/#\/schema\/logo\/image\/\"}}]}<\/script>\n<!-- \/ Yoast SEO plugin. -->","yoast_head_json":{"title":"Lame de scie \u00d8184mm - al\u00e9sage 16mm - Tendotools","description":"Lame de scie universel de Sistemi Klein pour des machines portables Appropri\u00e9 pour le sciage des bois durs et tendres","robots":{"index":"index","follow":"follow","max-snippet":"max-snippet:-1","max-image-preview":"max-image-preview:large","max-video-preview":"max-video-preview:-1"},"canonical":"https:\/\/tendotools.com\/fr\/produit\/lame-de-scie-o184mm-alesage-16mm\/","og_locale":"fr_FR","og_type":"article","og_title":"Lame de scie \u00d8184mm - al\u00e9sage 16mm - Tendotools","og_description":"Lame de scie universel de Sistemi Klein pour des machines portables Appropri\u00e9 pour le sciage des bois durs et tendres","og_url":"https:\/\/tendotools.com\/fr\/produit\/lame-de-scie-o184mm-alesage-16mm\/","og_site_name":"Tendotools","article_modified_time":"2020-09-23T15:29:13+00:00","og_image":[{"width":800,"height":800,"url":"https:\/\/tendotools.com\/wp-content\/uploads\/2020\/09\/Zaagblad-AA.jpg","type":"image\/jpeg"}],"twitter_card":"summary_large_image","schema":{"@context":"https:\/\/schema.org","@graph":[{"@type":"WebPage","@id":"https:\/\/tendotools.com\/fr\/produit\/lame-de-scie-o184mm-alesage-16mm\/","url":"https:\/\/tendotools.com\/fr\/produit\/lame-de-scie-o184mm-alesage-16mm\/","name":"Lame de scie \u00d8184mm - al\u00e9sage 16mm - Tendotools","isPartOf":{"@id":"https:\/\/tendotools.com\/fr\/#website"},"primaryImageOfPage":{"@id":"https:\/\/tendotools.com\/fr\/produit\/lame-de-scie-o184mm-alesage-16mm\/#primaryimage"},"image":{"@id":"https:\/\/tendotools.com\/fr\/produit\/lame-de-scie-o184mm-alesage-16mm\/#primaryimage"},"thumbnailUrl":"https:\/\/tendotools.com\/wp-content\/uploads\/2020\/09\/Zaagblad-AA.jpg","datePublished":"2020-09-23T15:06:14+00:00","dateModified":"2020-09-23T15:29:13+00:00","description":"Lame de scie universel de Sistemi Klein pour des machines portables Appropri\u00e9 pour le sciage des bois durs et tendres","breadcrumb":{"@id":"https:\/\/tendotools.com\/fr\/produit\/lame-de-scie-o184mm-alesage-16mm\/#breadcrumb"},"inLanguage":"fr-FR","potentialAction":[{"@type":"ReadAction","target":["https:\/\/tendotools.com\/fr\/produit\/lame-de-scie-o184mm-alesage-16mm\/"]}]},{"@type":"ImageObject","inLanguage":"fr-FR","@id":"https:\/\/tendotools.com\/fr\/produit\/lame-de-scie-o184mm-alesage-16mm\/#primaryimage","url":"https:\/\/tendotools.com\/wp-content\/uploads\/2020\/09\/Zaagblad-AA.jpg","contentUrl":"https:\/\/tendotools.com\/wp-content\/uploads\/2020\/09\/Zaagblad-AA.jpg","width":800,"height":800},{"@type":"BreadcrumbList","@id":"https:\/\/tendotools.com\/fr\/produit\/lame-de-scie-o184mm-alesage-16mm\/#breadcrumb","itemListElement":[{"@type":"ListItem","position":1,"name":"Home","item":"https:\/\/tendotools.com\/fr\/"},{"@type":"ListItem","position":2,"name":"Shop","item":"https:\/\/tendotools.com\/fr\/boutique\/"},{"@type":"ListItem","position":3,"name":"Lame de scie \u00d8184mm &#8211; al\u00e9sage 16mm"}]},{"@type":"WebSite","@id":"https:\/\/tendotools.com\/fr\/#website","url":"https:\/\/tendotools.com\/fr\/","name":"Tendotools","description":"","publisher":{"@id":"https:\/\/tendotools.com\/fr\/#organization"},"potentialAction":[{"@type":"SearchAction","target":{"@type":"EntryPoint","urlTemplate":"https:\/\/tendotools.com\/fr\/?s={search_term_string}"},"query-input":{"@type":"PropertyValueSpecification","valueRequired":true,"valueName":"search_term_string"}}],"inLanguage":"fr-FR"},{"@type":"Organization","@id":"https:\/\/tendotools.com\/fr\/#organization","name":"Tendotools","url":"https:\/\/tendotools.com\/fr\/","logo":{"@type":"ImageObject","inLanguage":"fr-FR","@id":"https:\/\/tendotools.com\/fr\/#\/schema\/logo\/image\/","url":"https:\/\/tendotools.com\/wp-content\/uploads\/2019\/09\/logo-wit.png","contentUrl":"https:\/\/tendotools.com\/wp-content\/uploads\/2019\/09\/logo-wit.png","width":350,"height":84,"caption":"Tendotools"},"image":{"@id":"https:\/\/tendotools.com\/fr\/#\/schema\/logo\/image\/"}}]}},"brands":[{"id":3414,"name":"Sistemi Klein","slug":"sistemi-klein-fr"}],"_links":{"self":[{"href":"https:\/\/tendotools.com\/fr\/wp-json\/wp\/v2\/product\/7968","targetHints":{"allow":["GET"]}}],"collection":[{"href":"https:\/\/tendotools.com\/fr\/wp-json\/wp\/v2\/product"}],"about":[{"href":"https:\/\/tendotools.com\/fr\/wp-json\/wp\/v2\/types\/product"}],"replies":[{"embeddable":true,"href":"https:\/\/tendotools.com\/fr\/wp-json\/wp\/v2\/comments?post=7968"}],"wp:featuredmedia":[{"embeddable":true,"href":"https:\/\/tendotools.com\/fr\/wp-json\/wp\/v2\/media\/7735"}],"wp:attachment":[{"href":"https:\/\/tendotools.com\/fr\/wp-json\/wp\/v2\/media?parent=7968"}],"wp:term":[{"taxonomy":"pwb-brand","embeddable":true,"href":"https:\/\/tendotools.com\/fr\/wp-json\/wp\/v2\/pwb-brand?post=7968"},{"taxonomy":"product_brand","embeddable":true,"href":"https:\/\/tendotools.com\/fr\/wp-json\/wp\/v2\/product_brand?post=7968"},{"taxonomy":"product_cat","embeddable":true,"href":"https:\/\/tendotools.com\/fr\/wp-json\/wp\/v2\/product_cat?post=7968"},{"taxonomy":"product_tag","embeddable":true,"href":"https:\/\/tendotools.com\/fr\/wp-json\/wp\/v2\/product_tag?post=7968"}],"curies":[{"name":"wp","href":"https:\/\/api.w.org\/{rel}","templated":true}]}}