{"id":8253,"date":"2020-09-24T15:10:14","date_gmt":"2020-09-24T13:10:14","guid":{"rendered":"https:\/\/tendotools.com\/?post_type=product&#038;p=8253"},"modified":"2020-09-24T15:12:04","modified_gmt":"2020-09-24T13:12:04","slug":"lame-inciseur-conique-o125mm-alesage-45mm","status":"publish","type":"product","link":"https:\/\/tendotools.com\/fr\/produit\/lame-inciseur-conique-o125mm-alesage-45mm\/","title":{"rendered":"Lame inciseur conique \u00d8125mm &#8211; al\u00e9sage 45mm"},"content":{"rendered":"<p>Lame inciseur conique appropri\u00e9 pour le sciage des panneaux plaqu\u00e9s et stratifi\u00e9s sur deux c\u00f4t\u00e9s, MDF et agglom\u00e9r\u00e9s. \u00c0 utiliser sur scies \u00e0 panneaux horizontales avec l&#8217;arbre de l&#8217;inciseur r\u00e9glable en hauteur en consid\u00e9rant l&#8217;\u00e9paisseur de coupe de la lame de scie. Choisissez le bon nombre de dents pour un r\u00e9sultat optimal de votre projet. Un faible nombre de dents convient pour les travaux de sciage rapide et grossier. Un nombre \u00e9lev\u00e9 de dents n\u00e9cessite une vitesse de coupe plus lente, mais assure une coupe fine et nette.<\/p>\n","protected":false},"excerpt":{"rendered":"<p>Lame inciseur conique appropri\u00e9 pour le sciage des panneaux plaqu\u00e9s et stratifi\u00e9s sur deux c\u00f4t\u00e9s, MDF et agglom\u00e9r\u00e9s. \u00c0 utiliser sur scies \u00e0 panneaux horizontales avec l&#8217;arbre de l&#8217;inciseur r\u00e9glable en hauteur en consid\u00e9rant l&#8217;\u00e9paisseur de coupe de la lame de scie.<\/p>\n","protected":false},"featured_media":8208,"comment_status":"open","ping_status":"closed","template":"","meta":{"_acf_changed":false,"_crsspst_to_pihertendotoolscom":false,"_crsspst_to_piherbe":false,"inline_featured_image":false},"pwb-brand":[3414],"product_brand":[],"product_cat":[1163],"product_tag":[],"class_list":{"0":"post-8253","1":"product","2":"type-product","3":"status-publish","4":"has-post-thumbnail","6":"pwb-brand-sistemi-klein-fr","7":"product_cat-inciseurs-coniques","8":"product_shipping_class-regulier-desambiguation","10":"first","11":"instock","12":"taxable","13":"shipping-taxable","14":"purchasable","15":"product-type-variable","16":"has-default-attributes"},"group_of_quantity":0,"min_quantity":0,"max_quantity":"","exclude_order_quantity_value_rules":"no","exclude_category_quantity_rules":"no","combine_variations":"no","acf":{"composite_product":null,"belangrijkste_eigenschappen":"<ul>\n \t<li>KON\/FZ Denture conique<\/li>\n \t<li>Pour MDF et agglom\u00e9r\u00e9s<\/li>\n \t<li>Pour des panneaux plaqu\u00e9s et stratifi\u00e9s sur deux c\u00f4t\u00e9s<\/li>\n \t<li>Lame HW inciseur conique<\/li>\n<\/ul>","standaard_uitrusting":"Par pi\u00e8ce","downloads":null,"out_of_stock_message":"","video":""},"yoast_head":"<!-- This site is optimized with the Yoast SEO plugin v26.8 - https:\/\/yoast.com\/product\/yoast-seo-wordpress\/ -->\n<title>Lame inciseur conique \u00d8125mm - al\u00e9sage 45mm - Tendotools<\/title>\n<meta name=\"description\" content=\"Lame inciseur conique appropri\u00e9 pour le sciage des panneaux plaqu\u00e9s et stratifi\u00e9s sur deux c\u00f4t\u00e9s, MDF et agglom\u00e9r\u00e9s. \u00c0 utiliser sur scies \u00e0 panneaux.\" \/>\n<meta name=\"robots\" content=\"index, follow, max-snippet:-1, max-image-preview:large, max-video-preview:-1\" \/>\n<link rel=\"canonical\" href=\"https:\/\/tendotools.com\/fr\/produit\/lame-inciseur-conique-o125mm-alesage-45mm\/\" \/>\n<meta property=\"og:locale\" content=\"fr_FR\" \/>\n<meta property=\"og:type\" content=\"article\" \/>\n<meta property=\"og:title\" content=\"Lame inciseur conique \u00d8125mm - al\u00e9sage 45mm - Tendotools\" \/>\n<meta property=\"og:description\" content=\"Lame inciseur conique appropri\u00e9 pour le sciage des panneaux plaqu\u00e9s et stratifi\u00e9s sur deux c\u00f4t\u00e9s, MDF et agglom\u00e9r\u00e9s. \u00c0 utiliser sur scies \u00e0 panneaux.\" \/>\n<meta property=\"og:url\" content=\"https:\/\/tendotools.com\/fr\/produit\/lame-inciseur-conique-o125mm-alesage-45mm\/\" \/>\n<meta property=\"og:site_name\" content=\"Tendotools\" \/>\n<meta property=\"article:modified_time\" content=\"2020-09-24T13:12:04+00:00\" \/>\n<meta property=\"og:image\" content=\"https:\/\/tendotools.com\/wp-content\/uploads\/2020\/09\/voorritser_FI.jpg\" \/>\n\t<meta property=\"og:image:width\" content=\"800\" \/>\n\t<meta property=\"og:image:height\" content=\"800\" \/>\n\t<meta property=\"og:image:type\" content=\"image\/jpeg\" \/>\n<meta name=\"twitter:card\" content=\"summary_large_image\" \/>\n<script type=\"application\/ld+json\" class=\"yoast-schema-graph\">{\"@context\":\"https:\/\/schema.org\",\"@graph\":[{\"@type\":\"WebPage\",\"@id\":\"https:\/\/tendotools.com\/fr\/produit\/lame-inciseur-conique-o125mm-alesage-45mm\/\",\"url\":\"https:\/\/tendotools.com\/fr\/produit\/lame-inciseur-conique-o125mm-alesage-45mm\/\",\"name\":\"Lame inciseur conique \u00d8125mm - al\u00e9sage 45mm - Tendotools\",\"isPartOf\":{\"@id\":\"https:\/\/tendotools.com\/fr\/#website\"},\"primaryImageOfPage\":{\"@id\":\"https:\/\/tendotools.com\/fr\/produit\/lame-inciseur-conique-o125mm-alesage-45mm\/#primaryimage\"},\"image\":{\"@id\":\"https:\/\/tendotools.com\/fr\/produit\/lame-inciseur-conique-o125mm-alesage-45mm\/#primaryimage\"},\"thumbnailUrl\":\"https:\/\/tendotools.com\/wp-content\/uploads\/2020\/09\/voorritser_FI.jpg\",\"datePublished\":\"2020-09-24T13:10:14+00:00\",\"dateModified\":\"2020-09-24T13:12:04+00:00\",\"description\":\"Lame inciseur conique appropri\u00e9 pour le sciage des panneaux plaqu\u00e9s et stratifi\u00e9s sur deux c\u00f4t\u00e9s, MDF et agglom\u00e9r\u00e9s. \u00c0 utiliser sur scies \u00e0 panneaux.\",\"breadcrumb\":{\"@id\":\"https:\/\/tendotools.com\/fr\/produit\/lame-inciseur-conique-o125mm-alesage-45mm\/#breadcrumb\"},\"inLanguage\":\"fr-FR\",\"potentialAction\":[{\"@type\":\"ReadAction\",\"target\":[\"https:\/\/tendotools.com\/fr\/produit\/lame-inciseur-conique-o125mm-alesage-45mm\/\"]}]},{\"@type\":\"ImageObject\",\"inLanguage\":\"fr-FR\",\"@id\":\"https:\/\/tendotools.com\/fr\/produit\/lame-inciseur-conique-o125mm-alesage-45mm\/#primaryimage\",\"url\":\"https:\/\/tendotools.com\/wp-content\/uploads\/2020\/09\/voorritser_FI.jpg\",\"contentUrl\":\"https:\/\/tendotools.com\/wp-content\/uploads\/2020\/09\/voorritser_FI.jpg\",\"width\":800,\"height\":800},{\"@type\":\"BreadcrumbList\",\"@id\":\"https:\/\/tendotools.com\/fr\/produit\/lame-inciseur-conique-o125mm-alesage-45mm\/#breadcrumb\",\"itemListElement\":[{\"@type\":\"ListItem\",\"position\":1,\"name\":\"Home\",\"item\":\"https:\/\/tendotools.com\/fr\/\"},{\"@type\":\"ListItem\",\"position\":2,\"name\":\"Shop\",\"item\":\"https:\/\/tendotools.com\/fr\/boutique\/\"},{\"@type\":\"ListItem\",\"position\":3,\"name\":\"Lame inciseur conique \u00d8125mm &#8211; al\u00e9sage 45mm\"}]},{\"@type\":\"WebSite\",\"@id\":\"https:\/\/tendotools.com\/fr\/#website\",\"url\":\"https:\/\/tendotools.com\/fr\/\",\"name\":\"Tendotools\",\"description\":\"\",\"publisher\":{\"@id\":\"https:\/\/tendotools.com\/fr\/#organization\"},\"potentialAction\":[{\"@type\":\"SearchAction\",\"target\":{\"@type\":\"EntryPoint\",\"urlTemplate\":\"https:\/\/tendotools.com\/fr\/?s={search_term_string}\"},\"query-input\":{\"@type\":\"PropertyValueSpecification\",\"valueRequired\":true,\"valueName\":\"search_term_string\"}}],\"inLanguage\":\"fr-FR\"},{\"@type\":\"Organization\",\"@id\":\"https:\/\/tendotools.com\/fr\/#organization\",\"name\":\"Tendotools\",\"url\":\"https:\/\/tendotools.com\/fr\/\",\"logo\":{\"@type\":\"ImageObject\",\"inLanguage\":\"fr-FR\",\"@id\":\"https:\/\/tendotools.com\/fr\/#\/schema\/logo\/image\/\",\"url\":\"https:\/\/tendotools.com\/wp-content\/uploads\/2019\/09\/logo-wit.png\",\"contentUrl\":\"https:\/\/tendotools.com\/wp-content\/uploads\/2019\/09\/logo-wit.png\",\"width\":350,\"height\":84,\"caption\":\"Tendotools\"},\"image\":{\"@id\":\"https:\/\/tendotools.com\/fr\/#\/schema\/logo\/image\/\"}}]}<\/script>\n<!-- \/ Yoast SEO plugin. -->","yoast_head_json":{"title":"Lame inciseur conique \u00d8125mm - al\u00e9sage 45mm - Tendotools","description":"Lame inciseur conique appropri\u00e9 pour le sciage des panneaux plaqu\u00e9s et stratifi\u00e9s sur deux c\u00f4t\u00e9s, MDF et agglom\u00e9r\u00e9s. \u00c0 utiliser sur scies \u00e0 panneaux.","robots":{"index":"index","follow":"follow","max-snippet":"max-snippet:-1","max-image-preview":"max-image-preview:large","max-video-preview":"max-video-preview:-1"},"canonical":"https:\/\/tendotools.com\/fr\/produit\/lame-inciseur-conique-o125mm-alesage-45mm\/","og_locale":"fr_FR","og_type":"article","og_title":"Lame inciseur conique \u00d8125mm - al\u00e9sage 45mm - Tendotools","og_description":"Lame inciseur conique appropri\u00e9 pour le sciage des panneaux plaqu\u00e9s et stratifi\u00e9s sur deux c\u00f4t\u00e9s, MDF et agglom\u00e9r\u00e9s. \u00c0 utiliser sur scies \u00e0 panneaux.","og_url":"https:\/\/tendotools.com\/fr\/produit\/lame-inciseur-conique-o125mm-alesage-45mm\/","og_site_name":"Tendotools","article_modified_time":"2020-09-24T13:12:04+00:00","og_image":[{"width":800,"height":800,"url":"https:\/\/tendotools.com\/wp-content\/uploads\/2020\/09\/voorritser_FI.jpg","type":"image\/jpeg"}],"twitter_card":"summary_large_image","schema":{"@context":"https:\/\/schema.org","@graph":[{"@type":"WebPage","@id":"https:\/\/tendotools.com\/fr\/produit\/lame-inciseur-conique-o125mm-alesage-45mm\/","url":"https:\/\/tendotools.com\/fr\/produit\/lame-inciseur-conique-o125mm-alesage-45mm\/","name":"Lame inciseur conique \u00d8125mm - al\u00e9sage 45mm - Tendotools","isPartOf":{"@id":"https:\/\/tendotools.com\/fr\/#website"},"primaryImageOfPage":{"@id":"https:\/\/tendotools.com\/fr\/produit\/lame-inciseur-conique-o125mm-alesage-45mm\/#primaryimage"},"image":{"@id":"https:\/\/tendotools.com\/fr\/produit\/lame-inciseur-conique-o125mm-alesage-45mm\/#primaryimage"},"thumbnailUrl":"https:\/\/tendotools.com\/wp-content\/uploads\/2020\/09\/voorritser_FI.jpg","datePublished":"2020-09-24T13:10:14+00:00","dateModified":"2020-09-24T13:12:04+00:00","description":"Lame inciseur conique appropri\u00e9 pour le sciage des panneaux plaqu\u00e9s et stratifi\u00e9s sur deux c\u00f4t\u00e9s, MDF et agglom\u00e9r\u00e9s. \u00c0 utiliser sur scies \u00e0 panneaux.","breadcrumb":{"@id":"https:\/\/tendotools.com\/fr\/produit\/lame-inciseur-conique-o125mm-alesage-45mm\/#breadcrumb"},"inLanguage":"fr-FR","potentialAction":[{"@type":"ReadAction","target":["https:\/\/tendotools.com\/fr\/produit\/lame-inciseur-conique-o125mm-alesage-45mm\/"]}]},{"@type":"ImageObject","inLanguage":"fr-FR","@id":"https:\/\/tendotools.com\/fr\/produit\/lame-inciseur-conique-o125mm-alesage-45mm\/#primaryimage","url":"https:\/\/tendotools.com\/wp-content\/uploads\/2020\/09\/voorritser_FI.jpg","contentUrl":"https:\/\/tendotools.com\/wp-content\/uploads\/2020\/09\/voorritser_FI.jpg","width":800,"height":800},{"@type":"BreadcrumbList","@id":"https:\/\/tendotools.com\/fr\/produit\/lame-inciseur-conique-o125mm-alesage-45mm\/#breadcrumb","itemListElement":[{"@type":"ListItem","position":1,"name":"Home","item":"https:\/\/tendotools.com\/fr\/"},{"@type":"ListItem","position":2,"name":"Shop","item":"https:\/\/tendotools.com\/fr\/boutique\/"},{"@type":"ListItem","position":3,"name":"Lame inciseur conique \u00d8125mm &#8211; al\u00e9sage 45mm"}]},{"@type":"WebSite","@id":"https:\/\/tendotools.com\/fr\/#website","url":"https:\/\/tendotools.com\/fr\/","name":"Tendotools","description":"","publisher":{"@id":"https:\/\/tendotools.com\/fr\/#organization"},"potentialAction":[{"@type":"SearchAction","target":{"@type":"EntryPoint","urlTemplate":"https:\/\/tendotools.com\/fr\/?s={search_term_string}"},"query-input":{"@type":"PropertyValueSpecification","valueRequired":true,"valueName":"search_term_string"}}],"inLanguage":"fr-FR"},{"@type":"Organization","@id":"https:\/\/tendotools.com\/fr\/#organization","name":"Tendotools","url":"https:\/\/tendotools.com\/fr\/","logo":{"@type":"ImageObject","inLanguage":"fr-FR","@id":"https:\/\/tendotools.com\/fr\/#\/schema\/logo\/image\/","url":"https:\/\/tendotools.com\/wp-content\/uploads\/2019\/09\/logo-wit.png","contentUrl":"https:\/\/tendotools.com\/wp-content\/uploads\/2019\/09\/logo-wit.png","width":350,"height":84,"caption":"Tendotools"},"image":{"@id":"https:\/\/tendotools.com\/fr\/#\/schema\/logo\/image\/"}}]}},"brands":[{"id":3414,"name":"Sistemi Klein","slug":"sistemi-klein-fr"}],"_links":{"self":[{"href":"https:\/\/tendotools.com\/fr\/wp-json\/wp\/v2\/product\/8253","targetHints":{"allow":["GET"]}}],"collection":[{"href":"https:\/\/tendotools.com\/fr\/wp-json\/wp\/v2\/product"}],"about":[{"href":"https:\/\/tendotools.com\/fr\/wp-json\/wp\/v2\/types\/product"}],"replies":[{"embeddable":true,"href":"https:\/\/tendotools.com\/fr\/wp-json\/wp\/v2\/comments?post=8253"}],"wp:featuredmedia":[{"embeddable":true,"href":"https:\/\/tendotools.com\/fr\/wp-json\/wp\/v2\/media\/8208"}],"wp:attachment":[{"href":"https:\/\/tendotools.com\/fr\/wp-json\/wp\/v2\/media?parent=8253"}],"wp:term":[{"taxonomy":"pwb-brand","embeddable":true,"href":"https:\/\/tendotools.com\/fr\/wp-json\/wp\/v2\/pwb-brand?post=8253"},{"taxonomy":"product_brand","embeddable":true,"href":"https:\/\/tendotools.com\/fr\/wp-json\/wp\/v2\/product_brand?post=8253"},{"taxonomy":"product_cat","embeddable":true,"href":"https:\/\/tendotools.com\/fr\/wp-json\/wp\/v2\/product_cat?post=8253"},{"taxonomy":"product_tag","embeddable":true,"href":"https:\/\/tendotools.com\/fr\/wp-json\/wp\/v2\/product_tag?post=8253"}],"curies":[{"name":"wp","href":"https:\/\/api.w.org\/{rel}","templated":true}]}}