{"id":9000,"date":"2020-09-28T16:04:30","date_gmt":"2020-09-28T14:04:30","guid":{"rendered":"https:\/\/tendotools.com\/?post_type=product&#038;p=9000"},"modified":"2020-09-30T11:09:49","modified_gmt":"2020-09-30T09:09:49","slug":"lame-de-scie-pvc-plexiglas-o250mm-alesage-30mm","status":"publish","type":"product","link":"https:\/\/tendotools.com\/fr\/produit\/lame-de-scie-pvc-plexiglas-o250mm-alesage-30mm\/","title":{"rendered":"Lame de scie pour PVC et plexiglass \u00d8250mm \u2013 al\u00e9sage 30mm"},"content":{"rendered":"<p><strong>Lame de scie avec 80 dents<\/strong><\/p>\n<p>Lame de scie innovante avec une denture altern\u00e9e et biseaut\u00e9e (WZ\/FA) et avec un angle 3\u00b0 negatif. Cette lame de scie est id\u00e9ale pour la coupe de plexiglass, PVC et plastiques de petites \u00e9paisseurs. Silencieuses<\/p>\n<p>Choisissez le bon nombre de dents pour un r\u00e9sultat optimal de votre projet. Un faible nombre de dents convient pour les travaux de sciage rapide et grossier. Un nombre \u00e9lev\u00e9 de dents n\u00e9cessite une vitesse de coupe plus lente, mais assure une coupe fine et nette.<\/p>\n","protected":false},"excerpt":{"rendered":"<p><strong>Lame de scie avec 80 dents<\/strong><\/p>\n<p>Lame de scie innovante avec une denture altern\u00e9e et biseaut\u00e9e (WZ\/FA) et avec un angle 3\u00b0 negatif. Cette lame de scie est id\u00e9ale pour la coupe de plexiglass, PVC et plastiques de petites \u00e9paisseurs.<\/p>\n","protected":false},"featured_media":9003,"comment_status":"open","ping_status":"closed","template":"","meta":{"_acf_changed":false,"_crsspst_to_pihertendotoolscom":false,"_crsspst_to_piherbe":false,"inline_featured_image":false},"pwb-brand":[3414],"product_brand":[],"product_cat":[1147],"product_tag":[],"class_list":{"0":"post-9000","1":"product","2":"type-product","3":"status-publish","4":"has-post-thumbnail","6":"pwb-brand-sistemi-klein-fr","7":"product_cat-lames-de-scie-pour-pvc-et-acryl","8":"product_shipping_class-regulier-desambiguation","10":"first","11":"instock","12":"taxable","13":"shipping-taxable","14":"purchasable","15":"product-type-simple"},"group_of_quantity":0,"min_quantity":0,"max_quantity":"","exclude_order_quantity_value_rules":"no","exclude_category_quantity_rules":"no","combine_variations":"no","acf":{"composite_product":null,"belangrijkste_eigenschappen":"<ul>\n \t<li>Lame HW \u00e0 usage professionnel<\/li>\n \t<li>Denture altern\u00e9e et biseaut\u00e9e (WZ\/FA) innovante<\/li>\n \t<li>Pour l\u2019acrylate (plexiglas) ou d\u2019autres plastiques dures<\/li>\n \t<li>Silencieuses<\/li>\n<\/ul>","standaard_uitrusting":"Par pi\u00e8ce","downloads":null,"out_of_stock_message":"","video":""},"yoast_head":"<!-- This site is optimized with the Yoast SEO plugin v26.8 - https:\/\/yoast.com\/product\/yoast-seo-wordpress\/ -->\n<title>Lame de scie pour PVC et plexiglass \u00d8250mm \u2013 al\u00e9sage 30mm - Tendotools<\/title>\n<meta name=\"description\" content=\"Lame de scie innovante avec une denture altern\u00e9e et biseaut\u00e9e pour la coupe de plexiglass, PVC et plastiques de petites \u00e9paisseurs.\" \/>\n<meta name=\"robots\" content=\"index, follow, max-snippet:-1, max-image-preview:large, max-video-preview:-1\" \/>\n<link rel=\"canonical\" href=\"https:\/\/tendotools.com\/fr\/produit\/lame-de-scie-pvc-plexiglas-o250mm-alesage-30mm\/\" \/>\n<meta property=\"og:locale\" content=\"fr_FR\" \/>\n<meta property=\"og:type\" content=\"article\" \/>\n<meta property=\"og:title\" content=\"Lame de scie pour PVC et plexiglass \u00d8250mm \u2013 al\u00e9sage 30mm - Tendotools\" \/>\n<meta property=\"og:description\" content=\"Lame de scie innovante avec une denture altern\u00e9e et biseaut\u00e9e pour la coupe de plexiglass, PVC et plastiques de petites \u00e9paisseurs.\" \/>\n<meta property=\"og:url\" content=\"https:\/\/tendotools.com\/fr\/produit\/lame-de-scie-pvc-plexiglas-o250mm-alesage-30mm\/\" \/>\n<meta property=\"og:site_name\" content=\"Tendotools\" \/>\n<meta property=\"article:modified_time\" content=\"2020-09-30T09:09:49+00:00\" \/>\n<meta property=\"og:image\" content=\"https:\/\/tendotools.com\/wp-content\/uploads\/2020\/09\/Zaagblad-MGS.jpg\" \/>\n\t<meta property=\"og:image:width\" content=\"600\" \/>\n\t<meta property=\"og:image:height\" content=\"600\" \/>\n\t<meta property=\"og:image:type\" content=\"image\/jpeg\" \/>\n<meta name=\"twitter:card\" content=\"summary_large_image\" \/>\n<script type=\"application\/ld+json\" class=\"yoast-schema-graph\">{\"@context\":\"https:\/\/schema.org\",\"@graph\":[{\"@type\":\"WebPage\",\"@id\":\"https:\/\/tendotools.com\/fr\/produit\/lame-de-scie-pvc-plexiglas-o250mm-alesage-30mm\/\",\"url\":\"https:\/\/tendotools.com\/fr\/produit\/lame-de-scie-pvc-plexiglas-o250mm-alesage-30mm\/\",\"name\":\"Lame de scie pour PVC et plexiglass \u00d8250mm \u2013 al\u00e9sage 30mm - Tendotools\",\"isPartOf\":{\"@id\":\"https:\/\/tendotools.com\/fr\/#website\"},\"primaryImageOfPage\":{\"@id\":\"https:\/\/tendotools.com\/fr\/produit\/lame-de-scie-pvc-plexiglas-o250mm-alesage-30mm\/#primaryimage\"},\"image\":{\"@id\":\"https:\/\/tendotools.com\/fr\/produit\/lame-de-scie-pvc-plexiglas-o250mm-alesage-30mm\/#primaryimage\"},\"thumbnailUrl\":\"https:\/\/tendotools.com\/wp-content\/uploads\/2020\/09\/Zaagblad-MGS.jpg\",\"datePublished\":\"2020-09-28T14:04:30+00:00\",\"dateModified\":\"2020-09-30T09:09:49+00:00\",\"description\":\"Lame de scie innovante avec une denture altern\u00e9e et biseaut\u00e9e pour la coupe de plexiglass, PVC et plastiques de petites \u00e9paisseurs.\",\"breadcrumb\":{\"@id\":\"https:\/\/tendotools.com\/fr\/produit\/lame-de-scie-pvc-plexiglas-o250mm-alesage-30mm\/#breadcrumb\"},\"inLanguage\":\"fr-FR\",\"potentialAction\":[{\"@type\":\"ReadAction\",\"target\":[\"https:\/\/tendotools.com\/fr\/produit\/lame-de-scie-pvc-plexiglas-o250mm-alesage-30mm\/\"]}]},{\"@type\":\"ImageObject\",\"inLanguage\":\"fr-FR\",\"@id\":\"https:\/\/tendotools.com\/fr\/produit\/lame-de-scie-pvc-plexiglas-o250mm-alesage-30mm\/#primaryimage\",\"url\":\"https:\/\/tendotools.com\/wp-content\/uploads\/2020\/09\/Zaagblad-MGS.jpg\",\"contentUrl\":\"https:\/\/tendotools.com\/wp-content\/uploads\/2020\/09\/Zaagblad-MGS.jpg\",\"width\":600,\"height\":600},{\"@type\":\"BreadcrumbList\",\"@id\":\"https:\/\/tendotools.com\/fr\/produit\/lame-de-scie-pvc-plexiglas-o250mm-alesage-30mm\/#breadcrumb\",\"itemListElement\":[{\"@type\":\"ListItem\",\"position\":1,\"name\":\"Home\",\"item\":\"https:\/\/tendotools.com\/fr\/\"},{\"@type\":\"ListItem\",\"position\":2,\"name\":\"Shop\",\"item\":\"https:\/\/tendotools.com\/fr\/boutique\/\"},{\"@type\":\"ListItem\",\"position\":3,\"name\":\"Lame de scie pour PVC et plexiglass \u00d8250mm \u2013 al\u00e9sage 30mm\"}]},{\"@type\":\"WebSite\",\"@id\":\"https:\/\/tendotools.com\/fr\/#website\",\"url\":\"https:\/\/tendotools.com\/fr\/\",\"name\":\"Tendotools\",\"description\":\"\",\"publisher\":{\"@id\":\"https:\/\/tendotools.com\/fr\/#organization\"},\"potentialAction\":[{\"@type\":\"SearchAction\",\"target\":{\"@type\":\"EntryPoint\",\"urlTemplate\":\"https:\/\/tendotools.com\/fr\/?s={search_term_string}\"},\"query-input\":{\"@type\":\"PropertyValueSpecification\",\"valueRequired\":true,\"valueName\":\"search_term_string\"}}],\"inLanguage\":\"fr-FR\"},{\"@type\":\"Organization\",\"@id\":\"https:\/\/tendotools.com\/fr\/#organization\",\"name\":\"Tendotools\",\"url\":\"https:\/\/tendotools.com\/fr\/\",\"logo\":{\"@type\":\"ImageObject\",\"inLanguage\":\"fr-FR\",\"@id\":\"https:\/\/tendotools.com\/fr\/#\/schema\/logo\/image\/\",\"url\":\"https:\/\/tendotools.com\/wp-content\/uploads\/2019\/09\/logo-wit.png\",\"contentUrl\":\"https:\/\/tendotools.com\/wp-content\/uploads\/2019\/09\/logo-wit.png\",\"width\":350,\"height\":84,\"caption\":\"Tendotools\"},\"image\":{\"@id\":\"https:\/\/tendotools.com\/fr\/#\/schema\/logo\/image\/\"}}]}<\/script>\n<!-- \/ Yoast SEO plugin. -->","yoast_head_json":{"title":"Lame de scie pour PVC et plexiglass \u00d8250mm \u2013 al\u00e9sage 30mm - Tendotools","description":"Lame de scie innovante avec une denture altern\u00e9e et biseaut\u00e9e pour la coupe de plexiglass, PVC et plastiques de petites \u00e9paisseurs.","robots":{"index":"index","follow":"follow","max-snippet":"max-snippet:-1","max-image-preview":"max-image-preview:large","max-video-preview":"max-video-preview:-1"},"canonical":"https:\/\/tendotools.com\/fr\/produit\/lame-de-scie-pvc-plexiglas-o250mm-alesage-30mm\/","og_locale":"fr_FR","og_type":"article","og_title":"Lame de scie pour PVC et plexiglass \u00d8250mm \u2013 al\u00e9sage 30mm - Tendotools","og_description":"Lame de scie innovante avec une denture altern\u00e9e et biseaut\u00e9e pour la coupe de plexiglass, PVC et plastiques de petites \u00e9paisseurs.","og_url":"https:\/\/tendotools.com\/fr\/produit\/lame-de-scie-pvc-plexiglas-o250mm-alesage-30mm\/","og_site_name":"Tendotools","article_modified_time":"2020-09-30T09:09:49+00:00","og_image":[{"width":600,"height":600,"url":"https:\/\/tendotools.com\/wp-content\/uploads\/2020\/09\/Zaagblad-MGS.jpg","type":"image\/jpeg"}],"twitter_card":"summary_large_image","schema":{"@context":"https:\/\/schema.org","@graph":[{"@type":"WebPage","@id":"https:\/\/tendotools.com\/fr\/produit\/lame-de-scie-pvc-plexiglas-o250mm-alesage-30mm\/","url":"https:\/\/tendotools.com\/fr\/produit\/lame-de-scie-pvc-plexiglas-o250mm-alesage-30mm\/","name":"Lame de scie pour PVC et plexiglass \u00d8250mm \u2013 al\u00e9sage 30mm - Tendotools","isPartOf":{"@id":"https:\/\/tendotools.com\/fr\/#website"},"primaryImageOfPage":{"@id":"https:\/\/tendotools.com\/fr\/produit\/lame-de-scie-pvc-plexiglas-o250mm-alesage-30mm\/#primaryimage"},"image":{"@id":"https:\/\/tendotools.com\/fr\/produit\/lame-de-scie-pvc-plexiglas-o250mm-alesage-30mm\/#primaryimage"},"thumbnailUrl":"https:\/\/tendotools.com\/wp-content\/uploads\/2020\/09\/Zaagblad-MGS.jpg","datePublished":"2020-09-28T14:04:30+00:00","dateModified":"2020-09-30T09:09:49+00:00","description":"Lame de scie innovante avec une denture altern\u00e9e et biseaut\u00e9e pour la coupe de plexiglass, PVC et plastiques de petites \u00e9paisseurs.","breadcrumb":{"@id":"https:\/\/tendotools.com\/fr\/produit\/lame-de-scie-pvc-plexiglas-o250mm-alesage-30mm\/#breadcrumb"},"inLanguage":"fr-FR","potentialAction":[{"@type":"ReadAction","target":["https:\/\/tendotools.com\/fr\/produit\/lame-de-scie-pvc-plexiglas-o250mm-alesage-30mm\/"]}]},{"@type":"ImageObject","inLanguage":"fr-FR","@id":"https:\/\/tendotools.com\/fr\/produit\/lame-de-scie-pvc-plexiglas-o250mm-alesage-30mm\/#primaryimage","url":"https:\/\/tendotools.com\/wp-content\/uploads\/2020\/09\/Zaagblad-MGS.jpg","contentUrl":"https:\/\/tendotools.com\/wp-content\/uploads\/2020\/09\/Zaagblad-MGS.jpg","width":600,"height":600},{"@type":"BreadcrumbList","@id":"https:\/\/tendotools.com\/fr\/produit\/lame-de-scie-pvc-plexiglas-o250mm-alesage-30mm\/#breadcrumb","itemListElement":[{"@type":"ListItem","position":1,"name":"Home","item":"https:\/\/tendotools.com\/fr\/"},{"@type":"ListItem","position":2,"name":"Shop","item":"https:\/\/tendotools.com\/fr\/boutique\/"},{"@type":"ListItem","position":3,"name":"Lame de scie pour PVC et plexiglass \u00d8250mm \u2013 al\u00e9sage 30mm"}]},{"@type":"WebSite","@id":"https:\/\/tendotools.com\/fr\/#website","url":"https:\/\/tendotools.com\/fr\/","name":"Tendotools","description":"","publisher":{"@id":"https:\/\/tendotools.com\/fr\/#organization"},"potentialAction":[{"@type":"SearchAction","target":{"@type":"EntryPoint","urlTemplate":"https:\/\/tendotools.com\/fr\/?s={search_term_string}"},"query-input":{"@type":"PropertyValueSpecification","valueRequired":true,"valueName":"search_term_string"}}],"inLanguage":"fr-FR"},{"@type":"Organization","@id":"https:\/\/tendotools.com\/fr\/#organization","name":"Tendotools","url":"https:\/\/tendotools.com\/fr\/","logo":{"@type":"ImageObject","inLanguage":"fr-FR","@id":"https:\/\/tendotools.com\/fr\/#\/schema\/logo\/image\/","url":"https:\/\/tendotools.com\/wp-content\/uploads\/2019\/09\/logo-wit.png","contentUrl":"https:\/\/tendotools.com\/wp-content\/uploads\/2019\/09\/logo-wit.png","width":350,"height":84,"caption":"Tendotools"},"image":{"@id":"https:\/\/tendotools.com\/fr\/#\/schema\/logo\/image\/"}}]}},"brands":[{"id":3414,"name":"Sistemi Klein","slug":"sistemi-klein-fr"}],"_links":{"self":[{"href":"https:\/\/tendotools.com\/fr\/wp-json\/wp\/v2\/product\/9000","targetHints":{"allow":["GET"]}}],"collection":[{"href":"https:\/\/tendotools.com\/fr\/wp-json\/wp\/v2\/product"}],"about":[{"href":"https:\/\/tendotools.com\/fr\/wp-json\/wp\/v2\/types\/product"}],"replies":[{"embeddable":true,"href":"https:\/\/tendotools.com\/fr\/wp-json\/wp\/v2\/comments?post=9000"}],"wp:featuredmedia":[{"embeddable":true,"href":"https:\/\/tendotools.com\/fr\/wp-json\/wp\/v2\/media\/9003"}],"wp:attachment":[{"href":"https:\/\/tendotools.com\/fr\/wp-json\/wp\/v2\/media?parent=9000"}],"wp:term":[{"taxonomy":"pwb-brand","embeddable":true,"href":"https:\/\/tendotools.com\/fr\/wp-json\/wp\/v2\/pwb-brand?post=9000"},{"taxonomy":"product_brand","embeddable":true,"href":"https:\/\/tendotools.com\/fr\/wp-json\/wp\/v2\/product_brand?post=9000"},{"taxonomy":"product_cat","embeddable":true,"href":"https:\/\/tendotools.com\/fr\/wp-json\/wp\/v2\/product_cat?post=9000"},{"taxonomy":"product_tag","embeddable":true,"href":"https:\/\/tendotools.com\/fr\/wp-json\/wp\/v2\/product_tag?post=9000"}],"curies":[{"name":"wp","href":"https:\/\/api.w.org\/{rel}","templated":true}]}}