{"id":9335,"date":"2020-09-29T13:32:13","date_gmt":"2020-09-29T11:32:13","guid":{"rendered":"https:\/\/tendotools.com\/?post_type=product&#038;p=9335"},"modified":"2020-09-29T13:45:05","modified_gmt":"2020-09-29T11:45:05","slug":"lame-de-scie-xtra-cut-pour-aluminium-creux-o550mm-alesage-30mm","status":"publish","type":"product","link":"https:\/\/tendotools.com\/fr\/produit\/lame-de-scie-xtra-cut-pour-aluminium-creux-o550mm-alesage-30mm\/","title":{"rendered":"Lame de scie \u2018Xtra Cut\u2019 pour aluminium CREUX \u00d8550mm \u2013 al\u00e9sage 30mm"},"content":{"rendered":"<p><strong>Lame de scie avec 140 dents<\/strong><\/p>\n<p>Lame de scie &#8216;Xtra Cut&#8217; avec denture FZ\/TR plate\/trap\u00e9zo\u00efdale 5\u00b0 positive. Cette lame de scie est pour usage avec aluminium creux, PVC et des m\u00e9taux non ferreux, c\u2019est excellent pour la d\u00e9coupe des profil\u00e9s et des sections tubulaires qui ont une \u00e9paisseur entre 2 et 5mm. \u00c0 utiliser sur scie \u00e0 table. Ce lame vous offre une bonne finition et longue dur\u00e9e de coupe. Silencieuses, antibruit avec une r\u00e9sine sp\u00e9ciale ins\u00e9r\u00e9e dans les fentes de silence pour une plus grande stabilit\u00e9 et une consid\u00e9rable r\u00e9duction des vibrations pendant l&#8217;usinage. Silencieuses<\/p>\n<p>Choisissez le bon nombre de dents pour un r\u00e9sultat optimal de votre projet. Un faible nombre de dents convient pour les travaux de sciage rapide et grossier. Un nombre \u00e9lev\u00e9 de dents n\u00e9cessite une vitesse de coupe plus lente, mais assure une coupe fine et nette.<\/p>\n","protected":false},"excerpt":{"rendered":"<p><strong>Lame de scie avec 140 dents<\/strong><\/p>\n<p>Lame de scie &#8216;Xtra Cut&#8217; avec denture FZ\/TR plate\/trap\u00e9zo\u00efdale 5\u00b0 positive. Cette lame de scie est pour usage avec aluminium creux, PVC et des m\u00e9taux non ferreux, c\u2019est excellent pour la d\u00e9coupe des profil\u00e9s et des sections tubulaires qui ont une \u00e9paisseur entre 2 et 5mm. Silencieuses, antibruit avec une r\u00e9sine sp\u00e9ciale ins\u00e9r\u00e9e dans les fentes de silence pour une plus grande stabilit\u00e9 et une consid\u00e9rable r\u00e9duction des vibrations pendant l&#8217;usinage. Silencieuses<\/p>\n","protected":false},"featured_media":9122,"comment_status":"open","ping_status":"closed","template":"","meta":{"_acf_changed":false,"_crsspst_to_pihertendotoolscom":false,"_crsspst_to_piherbe":false,"inline_featured_image":false},"pwb-brand":[3414],"product_brand":[],"product_cat":[1149],"product_tag":[],"class_list":{"0":"post-9335","1":"product","2":"type-product","3":"status-publish","4":"has-post-thumbnail","6":"pwb-brand-sistemi-klein-fr","7":"product_cat-lames-de-scie-pour-aluminium","8":"product_shipping_class-regulier-desambiguation","10":"first","11":"onbackorder","12":"taxable","13":"shipping-taxable","14":"purchasable","15":"product-type-simple"},"group_of_quantity":0,"min_quantity":0,"max_quantity":"","exclude_order_quantity_value_rules":"no","exclude_category_quantity_rules":"no","combine_variations":"no","acf":{"composite_product":null,"belangrijkste_eigenschappen":"<ul>\n \t<li>Lame HW \u00e0 usage professionnel<\/li>\n \t<li>FZ\/TR 'triple chip' dents<\/li>\n \t<li>Pour des profil\u00e9s aluminium<\/li>\n \t<li>Pour PVC et des m\u00e9taux non ferreux<\/li>\n \t<li>Silencieuses<\/li>\n \t<li>Grande stabilit\u00e9, moins de vibrations<\/li>\n \t<li>Denture 5\u00b0 positive<\/li>\n<\/ul>","standaard_uitrusting":"Par pi\u00e8ce","downloads":null,"out_of_stock_message":"","video":""},"yoast_head":"<!-- This site is optimized with the Yoast SEO plugin v26.8 - https:\/\/yoast.com\/product\/yoast-seo-wordpress\/ -->\n<title>Lame de scie \u2018Xtra Cut\u2019 pour aluminium CREUX \u00d8550mm \u2013 al\u00e9sage 30mm - Tendotools<\/title>\n<meta name=\"description\" content=\"Lame de scie excellent pour la d\u00e9coupe des profil\u00e9s et des sections tubulaires qui ont une \u00e9paisseur entre 2 et 5mm.\" \/>\n<meta name=\"robots\" content=\"index, follow, max-snippet:-1, max-image-preview:large, max-video-preview:-1\" \/>\n<link rel=\"canonical\" href=\"https:\/\/tendotools.com\/fr\/produit\/lame-de-scie-xtra-cut-pour-aluminium-creux-o550mm-alesage-30mm\/\" \/>\n<meta property=\"og:locale\" content=\"fr_FR\" \/>\n<meta property=\"og:type\" content=\"article\" \/>\n<meta property=\"og:title\" content=\"Lame de scie \u2018Xtra Cut\u2019 pour aluminium CREUX \u00d8550mm \u2013 al\u00e9sage 30mm - Tendotools\" \/>\n<meta property=\"og:description\" content=\"Lame de scie excellent pour la d\u00e9coupe des profil\u00e9s et des sections tubulaires qui ont une \u00e9paisseur entre 2 et 5mm.\" \/>\n<meta property=\"og:url\" content=\"https:\/\/tendotools.com\/fr\/produit\/lame-de-scie-xtra-cut-pour-aluminium-creux-o550mm-alesage-30mm\/\" \/>\n<meta property=\"og:site_name\" content=\"Tendotools\" \/>\n<meta property=\"article:modified_time\" content=\"2020-09-29T11:45:05+00:00\" \/>\n<meta property=\"og:image\" content=\"https:\/\/tendotools.com\/wp-content\/uploads\/2020\/09\/Zaagblad-LA.jpg\" \/>\n\t<meta property=\"og:image:width\" content=\"800\" \/>\n\t<meta property=\"og:image:height\" content=\"800\" \/>\n\t<meta property=\"og:image:type\" content=\"image\/jpeg\" \/>\n<meta name=\"twitter:card\" content=\"summary_large_image\" \/>\n<meta name=\"twitter:label1\" content=\"Dur\u00e9e de lecture estim\u00e9e\" \/>\n\t<meta name=\"twitter:data1\" content=\"1 minute\" \/>\n<script type=\"application\/ld+json\" class=\"yoast-schema-graph\">{\"@context\":\"https:\/\/schema.org\",\"@graph\":[{\"@type\":\"WebPage\",\"@id\":\"https:\/\/tendotools.com\/fr\/produit\/lame-de-scie-xtra-cut-pour-aluminium-creux-o550mm-alesage-30mm\/\",\"url\":\"https:\/\/tendotools.com\/fr\/produit\/lame-de-scie-xtra-cut-pour-aluminium-creux-o550mm-alesage-30mm\/\",\"name\":\"Lame de scie \u2018Xtra Cut\u2019 pour aluminium CREUX \u00d8550mm \u2013 al\u00e9sage 30mm - Tendotools\",\"isPartOf\":{\"@id\":\"https:\/\/tendotools.com\/fr\/#website\"},\"primaryImageOfPage\":{\"@id\":\"https:\/\/tendotools.com\/fr\/produit\/lame-de-scie-xtra-cut-pour-aluminium-creux-o550mm-alesage-30mm\/#primaryimage\"},\"image\":{\"@id\":\"https:\/\/tendotools.com\/fr\/produit\/lame-de-scie-xtra-cut-pour-aluminium-creux-o550mm-alesage-30mm\/#primaryimage\"},\"thumbnailUrl\":\"https:\/\/tendotools.com\/wp-content\/uploads\/2020\/09\/Zaagblad-LA.jpg\",\"datePublished\":\"2020-09-29T11:32:13+00:00\",\"dateModified\":\"2020-09-29T11:45:05+00:00\",\"description\":\"Lame de scie excellent pour la d\u00e9coupe des profil\u00e9s et des sections tubulaires qui ont une \u00e9paisseur entre 2 et 5mm.\",\"breadcrumb\":{\"@id\":\"https:\/\/tendotools.com\/fr\/produit\/lame-de-scie-xtra-cut-pour-aluminium-creux-o550mm-alesage-30mm\/#breadcrumb\"},\"inLanguage\":\"fr-FR\",\"potentialAction\":[{\"@type\":\"ReadAction\",\"target\":[\"https:\/\/tendotools.com\/fr\/produit\/lame-de-scie-xtra-cut-pour-aluminium-creux-o550mm-alesage-30mm\/\"]}]},{\"@type\":\"ImageObject\",\"inLanguage\":\"fr-FR\",\"@id\":\"https:\/\/tendotools.com\/fr\/produit\/lame-de-scie-xtra-cut-pour-aluminium-creux-o550mm-alesage-30mm\/#primaryimage\",\"url\":\"https:\/\/tendotools.com\/wp-content\/uploads\/2020\/09\/Zaagblad-LA.jpg\",\"contentUrl\":\"https:\/\/tendotools.com\/wp-content\/uploads\/2020\/09\/Zaagblad-LA.jpg\",\"width\":800,\"height\":800},{\"@type\":\"BreadcrumbList\",\"@id\":\"https:\/\/tendotools.com\/fr\/produit\/lame-de-scie-xtra-cut-pour-aluminium-creux-o550mm-alesage-30mm\/#breadcrumb\",\"itemListElement\":[{\"@type\":\"ListItem\",\"position\":1,\"name\":\"Home\",\"item\":\"https:\/\/tendotools.com\/fr\/\"},{\"@type\":\"ListItem\",\"position\":2,\"name\":\"Shop\",\"item\":\"https:\/\/tendotools.com\/fr\/boutique\/\"},{\"@type\":\"ListItem\",\"position\":3,\"name\":\"Lame de scie \u2018Xtra Cut\u2019 pour aluminium CREUX \u00d8550mm \u2013 al\u00e9sage 30mm\"}]},{\"@type\":\"WebSite\",\"@id\":\"https:\/\/tendotools.com\/fr\/#website\",\"url\":\"https:\/\/tendotools.com\/fr\/\",\"name\":\"Tendotools\",\"description\":\"\",\"publisher\":{\"@id\":\"https:\/\/tendotools.com\/fr\/#organization\"},\"potentialAction\":[{\"@type\":\"SearchAction\",\"target\":{\"@type\":\"EntryPoint\",\"urlTemplate\":\"https:\/\/tendotools.com\/fr\/?s={search_term_string}\"},\"query-input\":{\"@type\":\"PropertyValueSpecification\",\"valueRequired\":true,\"valueName\":\"search_term_string\"}}],\"inLanguage\":\"fr-FR\"},{\"@type\":\"Organization\",\"@id\":\"https:\/\/tendotools.com\/fr\/#organization\",\"name\":\"Tendotools\",\"url\":\"https:\/\/tendotools.com\/fr\/\",\"logo\":{\"@type\":\"ImageObject\",\"inLanguage\":\"fr-FR\",\"@id\":\"https:\/\/tendotools.com\/fr\/#\/schema\/logo\/image\/\",\"url\":\"https:\/\/tendotools.com\/wp-content\/uploads\/2019\/09\/logo-wit.png\",\"contentUrl\":\"https:\/\/tendotools.com\/wp-content\/uploads\/2019\/09\/logo-wit.png\",\"width\":350,\"height\":84,\"caption\":\"Tendotools\"},\"image\":{\"@id\":\"https:\/\/tendotools.com\/fr\/#\/schema\/logo\/image\/\"}}]}<\/script>\n<!-- \/ Yoast SEO plugin. -->","yoast_head_json":{"title":"Lame de scie \u2018Xtra Cut\u2019 pour aluminium CREUX \u00d8550mm \u2013 al\u00e9sage 30mm - Tendotools","description":"Lame de scie excellent pour la d\u00e9coupe des profil\u00e9s et des sections tubulaires qui ont une \u00e9paisseur entre 2 et 5mm.","robots":{"index":"index","follow":"follow","max-snippet":"max-snippet:-1","max-image-preview":"max-image-preview:large","max-video-preview":"max-video-preview:-1"},"canonical":"https:\/\/tendotools.com\/fr\/produit\/lame-de-scie-xtra-cut-pour-aluminium-creux-o550mm-alesage-30mm\/","og_locale":"fr_FR","og_type":"article","og_title":"Lame de scie \u2018Xtra Cut\u2019 pour aluminium CREUX \u00d8550mm \u2013 al\u00e9sage 30mm - Tendotools","og_description":"Lame de scie excellent pour la d\u00e9coupe des profil\u00e9s et des sections tubulaires qui ont une \u00e9paisseur entre 2 et 5mm.","og_url":"https:\/\/tendotools.com\/fr\/produit\/lame-de-scie-xtra-cut-pour-aluminium-creux-o550mm-alesage-30mm\/","og_site_name":"Tendotools","article_modified_time":"2020-09-29T11:45:05+00:00","og_image":[{"width":800,"height":800,"url":"https:\/\/tendotools.com\/wp-content\/uploads\/2020\/09\/Zaagblad-LA.jpg","type":"image\/jpeg"}],"twitter_card":"summary_large_image","twitter_misc":{"Dur\u00e9e de lecture estim\u00e9e":"1 minute"},"schema":{"@context":"https:\/\/schema.org","@graph":[{"@type":"WebPage","@id":"https:\/\/tendotools.com\/fr\/produit\/lame-de-scie-xtra-cut-pour-aluminium-creux-o550mm-alesage-30mm\/","url":"https:\/\/tendotools.com\/fr\/produit\/lame-de-scie-xtra-cut-pour-aluminium-creux-o550mm-alesage-30mm\/","name":"Lame de scie \u2018Xtra Cut\u2019 pour aluminium CREUX \u00d8550mm \u2013 al\u00e9sage 30mm - Tendotools","isPartOf":{"@id":"https:\/\/tendotools.com\/fr\/#website"},"primaryImageOfPage":{"@id":"https:\/\/tendotools.com\/fr\/produit\/lame-de-scie-xtra-cut-pour-aluminium-creux-o550mm-alesage-30mm\/#primaryimage"},"image":{"@id":"https:\/\/tendotools.com\/fr\/produit\/lame-de-scie-xtra-cut-pour-aluminium-creux-o550mm-alesage-30mm\/#primaryimage"},"thumbnailUrl":"https:\/\/tendotools.com\/wp-content\/uploads\/2020\/09\/Zaagblad-LA.jpg","datePublished":"2020-09-29T11:32:13+00:00","dateModified":"2020-09-29T11:45:05+00:00","description":"Lame de scie excellent pour la d\u00e9coupe des profil\u00e9s et des sections tubulaires qui ont une \u00e9paisseur entre 2 et 5mm.","breadcrumb":{"@id":"https:\/\/tendotools.com\/fr\/produit\/lame-de-scie-xtra-cut-pour-aluminium-creux-o550mm-alesage-30mm\/#breadcrumb"},"inLanguage":"fr-FR","potentialAction":[{"@type":"ReadAction","target":["https:\/\/tendotools.com\/fr\/produit\/lame-de-scie-xtra-cut-pour-aluminium-creux-o550mm-alesage-30mm\/"]}]},{"@type":"ImageObject","inLanguage":"fr-FR","@id":"https:\/\/tendotools.com\/fr\/produit\/lame-de-scie-xtra-cut-pour-aluminium-creux-o550mm-alesage-30mm\/#primaryimage","url":"https:\/\/tendotools.com\/wp-content\/uploads\/2020\/09\/Zaagblad-LA.jpg","contentUrl":"https:\/\/tendotools.com\/wp-content\/uploads\/2020\/09\/Zaagblad-LA.jpg","width":800,"height":800},{"@type":"BreadcrumbList","@id":"https:\/\/tendotools.com\/fr\/produit\/lame-de-scie-xtra-cut-pour-aluminium-creux-o550mm-alesage-30mm\/#breadcrumb","itemListElement":[{"@type":"ListItem","position":1,"name":"Home","item":"https:\/\/tendotools.com\/fr\/"},{"@type":"ListItem","position":2,"name":"Shop","item":"https:\/\/tendotools.com\/fr\/boutique\/"},{"@type":"ListItem","position":3,"name":"Lame de scie \u2018Xtra Cut\u2019 pour aluminium CREUX \u00d8550mm \u2013 al\u00e9sage 30mm"}]},{"@type":"WebSite","@id":"https:\/\/tendotools.com\/fr\/#website","url":"https:\/\/tendotools.com\/fr\/","name":"Tendotools","description":"","publisher":{"@id":"https:\/\/tendotools.com\/fr\/#organization"},"potentialAction":[{"@type":"SearchAction","target":{"@type":"EntryPoint","urlTemplate":"https:\/\/tendotools.com\/fr\/?s={search_term_string}"},"query-input":{"@type":"PropertyValueSpecification","valueRequired":true,"valueName":"search_term_string"}}],"inLanguage":"fr-FR"},{"@type":"Organization","@id":"https:\/\/tendotools.com\/fr\/#organization","name":"Tendotools","url":"https:\/\/tendotools.com\/fr\/","logo":{"@type":"ImageObject","inLanguage":"fr-FR","@id":"https:\/\/tendotools.com\/fr\/#\/schema\/logo\/image\/","url":"https:\/\/tendotools.com\/wp-content\/uploads\/2019\/09\/logo-wit.png","contentUrl":"https:\/\/tendotools.com\/wp-content\/uploads\/2019\/09\/logo-wit.png","width":350,"height":84,"caption":"Tendotools"},"image":{"@id":"https:\/\/tendotools.com\/fr\/#\/schema\/logo\/image\/"}}]}},"brands":[{"id":3414,"name":"Sistemi Klein","slug":"sistemi-klein-fr"}],"_links":{"self":[{"href":"https:\/\/tendotools.com\/fr\/wp-json\/wp\/v2\/product\/9335","targetHints":{"allow":["GET"]}}],"collection":[{"href":"https:\/\/tendotools.com\/fr\/wp-json\/wp\/v2\/product"}],"about":[{"href":"https:\/\/tendotools.com\/fr\/wp-json\/wp\/v2\/types\/product"}],"replies":[{"embeddable":true,"href":"https:\/\/tendotools.com\/fr\/wp-json\/wp\/v2\/comments?post=9335"}],"wp:featuredmedia":[{"embeddable":true,"href":"https:\/\/tendotools.com\/fr\/wp-json\/wp\/v2\/media\/9122"}],"wp:attachment":[{"href":"https:\/\/tendotools.com\/fr\/wp-json\/wp\/v2\/media?parent=9335"}],"wp:term":[{"taxonomy":"pwb-brand","embeddable":true,"href":"https:\/\/tendotools.com\/fr\/wp-json\/wp\/v2\/pwb-brand?post=9335"},{"taxonomy":"product_brand","embeddable":true,"href":"https:\/\/tendotools.com\/fr\/wp-json\/wp\/v2\/product_brand?post=9335"},{"taxonomy":"product_cat","embeddable":true,"href":"https:\/\/tendotools.com\/fr\/wp-json\/wp\/v2\/product_cat?post=9335"},{"taxonomy":"product_tag","embeddable":true,"href":"https:\/\/tendotools.com\/fr\/wp-json\/wp\/v2\/product_tag?post=9335"}],"curies":[{"name":"wp","href":"https:\/\/api.w.org\/{rel}","templated":true}]}}